{"id":29999,"date":"2025-12-12T05:34:56","date_gmt":"2025-12-12T03:34:56","guid":{"rendered":"https:\/\/vinilozona.lt\/?post_type=product&#038;p=29999"},"modified":"2025-12-12T12:10:46","modified_gmt":"2025-12-12T10:10:46","slug":"africa-djole-ne-ne-percussion-music-from-africa","status":"publish","type":"product","link":"https:\/\/vinilozona.lt\/en\/parduotuve\/rock-pop\/africa-djole-ne-ne-percussion-music-from-africa\/","title":{"rendered":"Africa Djol\u00e9 \u2013 N\u00e9 N\u00e9 &#8211; Percussion Music From Africa"},"content":{"rendered":"<p>A1\t\tSalamalekum\t3:46<br \/>\nA2\t\tForokoroba\t6:40<br \/>\nA3\t\tLalaba\t8:38<br \/>\nB1\t\tKowadji\t8:14<br \/>\nB2\t\tKala\t9:29<\/p>","protected":false},"excerpt":{"rendered":"<p>FMP \u2013 SAJ-50<br \/>\nFormat:<br \/>\nVinyl, LP, Album<br \/>\nCountry: Germany<br \/>\nReleased: 1984<br \/>\nGenre:<br \/>\nFolk, World, &#038; Country, Jazz<br \/>\nStyle:<br \/>\nHighlife, Free Improvisation<\/p>","protected":false},"featured_media":30000,"template":"","meta":[],"product_cat":[15],"product_tag":[44],"yoast_head":"<!-- This site is optimized with the Yoast SEO plugin v23.5 - https:\/\/yoast.com\/wordpress\/plugins\/seo\/ -->\n<title>Africa Djol\u00e9 \u2013 N\u00e9 N\u00e9 - Percussion Music From Africa Vinilin\u0117 Plok\u0161tel\u0117 | Vinilozona.lt<\/title>\n<meta name=\"robots\" content=\"index, follow, max-snippet:-1, max-image-preview:large, max-video-preview:-1\" \/>\n<link rel=\"canonical\" href=\"https:\/\/vinilozona.lt\/en\/parduotuve\/rock-pop\/africa-djole-ne-ne-percussion-music-from-africa\/\" \/>\n<meta property=\"og:locale\" content=\"en_GB\" \/>\n<meta property=\"og:type\" content=\"article\" \/>\n<meta property=\"og:title\" content=\"Africa Djol\u00e9 \u2013 N\u00e9 N\u00e9 - Percussion Music From Africa Vinilin\u0117 Plok\u0161tel\u0117 | Vinilozona.lt\" \/>\n<meta property=\"og:description\" content=\"FMP \u2013 SAJ-50 Format: Vinyl, LP, Album Country: Germany Released: 1984 Genre: Folk, World, &amp; Country, Jazz Style: Highlife, Free Improvisation\" \/>\n<meta property=\"og:url\" content=\"https:\/\/vinilozona.lt\/en\/parduotuve\/rock-pop\/africa-djole-ne-ne-percussion-music-from-africa\/\" \/>\n<meta property=\"og:site_name\" content=\"Vinilo Zona\" \/>\n<meta property=\"article:modified_time\" content=\"2025-12-12T10:10:46+00:00\" \/>\n<meta property=\"og:image\" content=\"https:\/\/vinilozona.lt\/wp-content\/uploads\/2025\/12\/R-2085478-1295124696.jpg\" \/>\n\t<meta property=\"og:image:width\" content=\"251\" \/>\n\t<meta property=\"og:image:height\" content=\"251\" \/>\n\t<meta property=\"og:image:type\" content=\"image\/jpeg\" \/>\n<meta name=\"twitter:card\" content=\"summary_large_image\" \/>\n<meta name=\"twitter:label1\" content=\"Estimated reading time\" \/>\n\t<meta name=\"twitter:data1\" content=\"1 minute\" \/>\n<script type=\"application\/ld+json\" class=\"yoast-schema-graph\">{\"@context\":\"https:\/\/schema.org\",\"@graph\":[{\"@type\":\"WebPage\",\"@id\":\"https:\/\/vinilozona.lt\/parduotuve\/rock-pop\/africa-djole-ne-ne-percussion-music-from-africa\/\",\"url\":\"https:\/\/vinilozona.lt\/parduotuve\/rock-pop\/africa-djole-ne-ne-percussion-music-from-africa\/\",\"name\":\"Africa Djol\u00e9 \u2013 N\u00e9 N\u00e9 - Percussion Music From Africa Vinilin\u0117 Plok\u0161tel\u0117 | Vinilozona.lt\",\"isPartOf\":{\"@id\":\"https:\/\/vinilozona.lt\/#website\"},\"primaryImageOfPage\":{\"@id\":\"https:\/\/vinilozona.lt\/parduotuve\/rock-pop\/africa-djole-ne-ne-percussion-music-from-africa\/#primaryimage\"},\"image\":{\"@id\":\"https:\/\/vinilozona.lt\/parduotuve\/rock-pop\/africa-djole-ne-ne-percussion-music-from-africa\/#primaryimage\"},\"thumbnailUrl\":\"https:\/\/vinilozona.lt\/wp-content\/uploads\/2025\/12\/R-2085478-1295124696.jpg\",\"datePublished\":\"2025-12-12T03:34:56+00:00\",\"dateModified\":\"2025-12-12T10:10:46+00:00\",\"breadcrumb\":{\"@id\":\"https:\/\/vinilozona.lt\/parduotuve\/rock-pop\/africa-djole-ne-ne-percussion-music-from-africa\/#breadcrumb\"},\"inLanguage\":\"en-GB\",\"potentialAction\":[{\"@type\":\"ReadAction\",\"target\":[\"https:\/\/vinilozona.lt\/parduotuve\/rock-pop\/africa-djole-ne-ne-percussion-music-from-africa\/\"]}]},{\"@type\":\"ImageObject\",\"inLanguage\":\"en-GB\",\"@id\":\"https:\/\/vinilozona.lt\/parduotuve\/rock-pop\/africa-djole-ne-ne-percussion-music-from-africa\/#primaryimage\",\"url\":\"https:\/\/vinilozona.lt\/wp-content\/uploads\/2025\/12\/R-2085478-1295124696.jpg\",\"contentUrl\":\"https:\/\/vinilozona.lt\/wp-content\/uploads\/2025\/12\/R-2085478-1295124696.jpg\",\"width\":251,\"height\":251},{\"@type\":\"BreadcrumbList\",\"@id\":\"https:\/\/vinilozona.lt\/parduotuve\/rock-pop\/africa-djole-ne-ne-percussion-music-from-africa\/#breadcrumb\",\"itemListElement\":[{\"@type\":\"ListItem\",\"position\":1,\"name\":\"Home\",\"item\":\"https:\/\/vinilozona.lt\/\"},{\"@type\":\"ListItem\",\"position\":2,\"name\":\"Parduotuv\u0117\",\"item\":\"https:\/\/vinilozona.lt\/parduotuve\/\"},{\"@type\":\"ListItem\",\"position\":3,\"name\":\"Africa Djol\u00e9 \u2013 N\u00e9 N\u00e9 &#8211; Percussion Music From Africa\"}]},{\"@type\":\"WebSite\",\"@id\":\"https:\/\/vinilozona.lt\/#website\",\"url\":\"https:\/\/vinilozona.lt\/\",\"name\":\"Vinilo Zona\",\"description\":\"Nup\u016bsk dulkes ir klausyk LP\",\"potentialAction\":[{\"@type\":\"SearchAction\",\"target\":{\"@type\":\"EntryPoint\",\"urlTemplate\":\"https:\/\/vinilozona.lt\/?s={search_term_string}\"},\"query-input\":{\"@type\":\"PropertyValueSpecification\",\"valueRequired\":true,\"valueName\":\"search_term_string\"}}],\"inLanguage\":\"en-GB\"}]}<\/script>\n<!-- \/ Yoast SEO plugin. -->","yoast_head_json":{"title":"Africa Djol\u00e9 \u2013 N\u00e9 N\u00e9 - Percussion Music From Africa Vinilin\u0117 Plok\u0161tel\u0117 | Vinilozona.lt","robots":{"index":"index","follow":"follow","max-snippet":"max-snippet:-1","max-image-preview":"max-image-preview:large","max-video-preview":"max-video-preview:-1"},"canonical":"https:\/\/vinilozona.lt\/en\/parduotuve\/rock-pop\/africa-djole-ne-ne-percussion-music-from-africa\/","og_locale":"en_GB","og_type":"article","og_title":"Africa Djol\u00e9 \u2013 N\u00e9 N\u00e9 - Percussion Music From Africa Vinilin\u0117 Plok\u0161tel\u0117 | Vinilozona.lt","og_description":"FMP \u2013 SAJ-50 Format: Vinyl, LP, Album Country: Germany Released: 1984 Genre: Folk, World, & Country, Jazz Style: Highlife, Free Improvisation","og_url":"https:\/\/vinilozona.lt\/en\/parduotuve\/rock-pop\/africa-djole-ne-ne-percussion-music-from-africa\/","og_site_name":"Vinilo Zona","article_modified_time":"2025-12-12T10:10:46+00:00","og_image":[{"width":251,"height":251,"url":"https:\/\/vinilozona.lt\/wp-content\/uploads\/2025\/12\/R-2085478-1295124696.jpg","type":"image\/jpeg"}],"twitter_card":"summary_large_image","twitter_misc":{"Estimated reading time":"1 minute"},"schema":{"@context":"https:\/\/schema.org","@graph":[{"@type":"WebPage","@id":"https:\/\/vinilozona.lt\/parduotuve\/rock-pop\/africa-djole-ne-ne-percussion-music-from-africa\/","url":"https:\/\/vinilozona.lt\/parduotuve\/rock-pop\/africa-djole-ne-ne-percussion-music-from-africa\/","name":"Africa Djol\u00e9 \u2013 N\u00e9 N\u00e9 - Percussion Music From Africa Vinilin\u0117 Plok\u0161tel\u0117 | Vinilozona.lt","isPartOf":{"@id":"https:\/\/vinilozona.lt\/#website"},"primaryImageOfPage":{"@id":"https:\/\/vinilozona.lt\/parduotuve\/rock-pop\/africa-djole-ne-ne-percussion-music-from-africa\/#primaryimage"},"image":{"@id":"https:\/\/vinilozona.lt\/parduotuve\/rock-pop\/africa-djole-ne-ne-percussion-music-from-africa\/#primaryimage"},"thumbnailUrl":"https:\/\/vinilozona.lt\/wp-content\/uploads\/2025\/12\/R-2085478-1295124696.jpg","datePublished":"2025-12-12T03:34:56+00:00","dateModified":"2025-12-12T10:10:46+00:00","breadcrumb":{"@id":"https:\/\/vinilozona.lt\/parduotuve\/rock-pop\/africa-djole-ne-ne-percussion-music-from-africa\/#breadcrumb"},"inLanguage":"en-GB","potentialAction":[{"@type":"ReadAction","target":["https:\/\/vinilozona.lt\/parduotuve\/rock-pop\/africa-djole-ne-ne-percussion-music-from-africa\/"]}]},{"@type":"ImageObject","inLanguage":"en-GB","@id":"https:\/\/vinilozona.lt\/parduotuve\/rock-pop\/africa-djole-ne-ne-percussion-music-from-africa\/#primaryimage","url":"https:\/\/vinilozona.lt\/wp-content\/uploads\/2025\/12\/R-2085478-1295124696.jpg","contentUrl":"https:\/\/vinilozona.lt\/wp-content\/uploads\/2025\/12\/R-2085478-1295124696.jpg","width":251,"height":251},{"@type":"BreadcrumbList","@id":"https:\/\/vinilozona.lt\/parduotuve\/rock-pop\/africa-djole-ne-ne-percussion-music-from-africa\/#breadcrumb","itemListElement":[{"@type":"ListItem","position":1,"name":"Home","item":"https:\/\/vinilozona.lt\/"},{"@type":"ListItem","position":2,"name":"Parduotuv\u0117","item":"https:\/\/vinilozona.lt\/parduotuve\/"},{"@type":"ListItem","position":3,"name":"Africa Djol\u00e9 \u2013 N\u00e9 N\u00e9 &#8211; Percussion Music From Africa"}]},{"@type":"WebSite","@id":"https:\/\/vinilozona.lt\/#website","url":"https:\/\/vinilozona.lt\/","name":"Vinilo Zona","description":"Nup\u016bsk dulkes ir klausyk LP","potentialAction":[{"@type":"SearchAction","target":{"@type":"EntryPoint","urlTemplate":"https:\/\/vinilozona.lt\/?s={search_term_string}"},"query-input":{"@type":"PropertyValueSpecification","valueRequired":true,"valueName":"search_term_string"}}],"inLanguage":"en-GB"}]}},"_links":{"self":[{"href":"https:\/\/vinilozona.lt\/en\/wp-json\/wp\/v2\/product\/29999"}],"collection":[{"href":"https:\/\/vinilozona.lt\/en\/wp-json\/wp\/v2\/product"}],"about":[{"href":"https:\/\/vinilozona.lt\/en\/wp-json\/wp\/v2\/types\/product"}],"wp:featuredmedia":[{"embeddable":true,"href":"https:\/\/vinilozona.lt\/en\/wp-json\/wp\/v2\/media\/30000"}],"wp:attachment":[{"href":"https:\/\/vinilozona.lt\/en\/wp-json\/wp\/v2\/media?parent=29999"}],"wp:term":[{"taxonomy":"product_cat","embeddable":true,"href":"https:\/\/vinilozona.lt\/en\/wp-json\/wp\/v2\/product_cat?post=29999"},{"taxonomy":"product_tag","embeddable":true,"href":"https:\/\/vinilozona.lt\/en\/wp-json\/wp\/v2\/product_tag?post=29999"}],"curies":[{"name":"wp","href":"https:\/\/api.w.org\/{rel}","templated":true}]}}