{"id":29981,"date":"2026-03-01T05:30:17","date_gmt":"2026-03-01T03:30:17","guid":{"rendered":"https:\/\/vinilozona.lt\/?post_type=product&#038;p=29981"},"modified":"2026-03-02T12:22:29","modified_gmt":"2026-03-02T10:22:29","slug":"thundertale-vakaras-tylus-lp","status":"publish","type":"product","link":"https:\/\/vinilozona.lt\/en\/parduotuve\/lietuviska\/thundertale-vakaras-tylus-lp\/","title":{"rendered":"Thundertale &#8211; VAKARAS TYLUS LP"},"content":{"rendered":"<p>Akustinis grup\u0117s Thundertale koncertas, \u012fra\u0161ytas 2023 m. Kauno valstybin\u0117je filharmonijoje, kartu su VDU stygini\u0173 kvartetu \u201cMagnus\u201d. Vakaro \u012fam\u017einimui vinilo formate atrinkome 10 dain\u0173 &#8211; kvie\u010diame pasinerti \u012f akustin\u0119 \u201cThundertale\u201d lyrik\u0105!<\/p>\n<p>A pus\u0117:<\/p>\n<p>\u0160e\u0161\u0117li\u0173 aky<br \/>\nKulkom prilijo<br \/>\nVakaras tylus<br \/>\nSapnas<br \/>\nKol viltis gyva<br \/>\nB pus\u0117:<\/p>\n<p>Kam, tau, juodasai?<br \/>\nAr besugr\u012f\u0161?<br \/>\nKilkim, broliai, sakalais!<br \/>\nDebesys<br \/>\nVienyb\u0117s dvasia<\/p>","protected":false},"excerpt":{"rendered":"<p>Lietuva, 2025<\/p>\n<p>_______________________<\/p>\n<p>12 coli\u0173 juoda (standard) vinilin\u0117 plok\u0161tel\u0117, 33 rpm<br \/>\nVienpusis d\u0117klas<br \/>\nJuodas plok\u0161tel\u0117s vokas su antistatiniu vidiniu pavir\u0161iumi<br \/>\n2 lap\u0173 spaudos knygel\u0117<\/p>","protected":false},"featured_media":29982,"template":"","meta":[],"product_cat":[19,23],"product_tag":[74],"yoast_head":"<!-- This site is optimized with the Yoast SEO plugin v23.5 - https:\/\/yoast.com\/wordpress\/plugins\/seo\/ -->\n<title>Thundertale - VAKARAS TYLUS LP Vinilin\u0117 Plok\u0161tel\u0117 | Vinilozona.lt<\/title>\n<meta name=\"robots\" content=\"index, follow, max-snippet:-1, max-image-preview:large, max-video-preview:-1\" \/>\n<link rel=\"canonical\" href=\"https:\/\/vinilozona.lt\/en\/parduotuve\/lietuviska\/thundertale-vakaras-tylus-lp\/\" \/>\n<meta property=\"og:locale\" content=\"en_GB\" \/>\n<meta property=\"og:type\" content=\"article\" \/>\n<meta property=\"og:title\" content=\"Thundertale - VAKARAS TYLUS LP Vinilin\u0117 Plok\u0161tel\u0117 | Vinilozona.lt\" \/>\n<meta property=\"og:description\" content=\"Lietuva, 2025  _______________________  12 coli\u0173 juoda (standard) vinilin\u0117 plok\u0161tel\u0117, 33 rpm Vienpusis d\u0117klas Juodas plok\u0161tel\u0117s vokas su antistatiniu vidiniu pavir\u0161iumi 2 lap\u0173 spaudos knygel\u0117\" \/>\n<meta property=\"og:url\" content=\"https:\/\/vinilozona.lt\/en\/parduotuve\/lietuviska\/thundertale-vakaras-tylus-lp\/\" \/>\n<meta property=\"og:site_name\" content=\"Vinilo Zona\" \/>\n<meta property=\"article:modified_time\" content=\"2026-03-02T10:22:29+00:00\" \/>\n<meta property=\"og:image\" content=\"https:\/\/vinilozona.lt\/wp-content\/uploads\/2025\/12\/thudertale_vkaras_tylus.png\" \/>\n\t<meta property=\"og:image:width\" content=\"557\" \/>\n\t<meta property=\"og:image:height\" content=\"545\" \/>\n\t<meta property=\"og:image:type\" content=\"image\/png\" \/>\n<meta name=\"twitter:card\" content=\"summary_large_image\" \/>\n<meta name=\"twitter:label1\" content=\"Estimated reading time\" \/>\n\t<meta name=\"twitter:data1\" content=\"1 minute\" \/>\n<script type=\"application\/ld+json\" class=\"yoast-schema-graph\">{\"@context\":\"https:\/\/schema.org\",\"@graph\":[{\"@type\":\"WebPage\",\"@id\":\"https:\/\/vinilozona.lt\/parduotuve\/lietuviska\/thundertale-vakaras-tylus-lp\/\",\"url\":\"https:\/\/vinilozona.lt\/parduotuve\/lietuviska\/thundertale-vakaras-tylus-lp\/\",\"name\":\"Thundertale - VAKARAS TYLUS LP Vinilin\u0117 Plok\u0161tel\u0117 | Vinilozona.lt\",\"isPartOf\":{\"@id\":\"https:\/\/vinilozona.lt\/#website\"},\"primaryImageOfPage\":{\"@id\":\"https:\/\/vinilozona.lt\/parduotuve\/lietuviska\/thundertale-vakaras-tylus-lp\/#primaryimage\"},\"image\":{\"@id\":\"https:\/\/vinilozona.lt\/parduotuve\/lietuviska\/thundertale-vakaras-tylus-lp\/#primaryimage\"},\"thumbnailUrl\":\"https:\/\/vinilozona.lt\/wp-content\/uploads\/2025\/12\/thudertale_vkaras_tylus.png\",\"datePublished\":\"2026-03-01T03:30:17+00:00\",\"dateModified\":\"2026-03-02T10:22:29+00:00\",\"breadcrumb\":{\"@id\":\"https:\/\/vinilozona.lt\/parduotuve\/lietuviska\/thundertale-vakaras-tylus-lp\/#breadcrumb\"},\"inLanguage\":\"en-GB\",\"potentialAction\":[{\"@type\":\"ReadAction\",\"target\":[\"https:\/\/vinilozona.lt\/parduotuve\/lietuviska\/thundertale-vakaras-tylus-lp\/\"]}]},{\"@type\":\"ImageObject\",\"inLanguage\":\"en-GB\",\"@id\":\"https:\/\/vinilozona.lt\/parduotuve\/lietuviska\/thundertale-vakaras-tylus-lp\/#primaryimage\",\"url\":\"https:\/\/vinilozona.lt\/wp-content\/uploads\/2025\/12\/thudertale_vkaras_tylus.png\",\"contentUrl\":\"https:\/\/vinilozona.lt\/wp-content\/uploads\/2025\/12\/thudertale_vkaras_tylus.png\",\"width\":557,\"height\":545},{\"@type\":\"BreadcrumbList\",\"@id\":\"https:\/\/vinilozona.lt\/parduotuve\/lietuviska\/thundertale-vakaras-tylus-lp\/#breadcrumb\",\"itemListElement\":[{\"@type\":\"ListItem\",\"position\":1,\"name\":\"Home\",\"item\":\"https:\/\/vinilozona.lt\/\"},{\"@type\":\"ListItem\",\"position\":2,\"name\":\"Parduotuv\u0117\",\"item\":\"https:\/\/vinilozona.lt\/parduotuve\/\"},{\"@type\":\"ListItem\",\"position\":3,\"name\":\"Thundertale &#8211; VAKARAS TYLUS LP\"}]},{\"@type\":\"WebSite\",\"@id\":\"https:\/\/vinilozona.lt\/#website\",\"url\":\"https:\/\/vinilozona.lt\/\",\"name\":\"Vinilo Zona\",\"description\":\"Nup\u016bsk dulkes ir klausyk LP\",\"potentialAction\":[{\"@type\":\"SearchAction\",\"target\":{\"@type\":\"EntryPoint\",\"urlTemplate\":\"https:\/\/vinilozona.lt\/?s={search_term_string}\"},\"query-input\":{\"@type\":\"PropertyValueSpecification\",\"valueRequired\":true,\"valueName\":\"search_term_string\"}}],\"inLanguage\":\"en-GB\"}]}<\/script>\n<!-- \/ Yoast SEO plugin. -->","yoast_head_json":{"title":"Thundertale - VAKARAS TYLUS LP Vinilin\u0117 Plok\u0161tel\u0117 | Vinilozona.lt","robots":{"index":"index","follow":"follow","max-snippet":"max-snippet:-1","max-image-preview":"max-image-preview:large","max-video-preview":"max-video-preview:-1"},"canonical":"https:\/\/vinilozona.lt\/en\/parduotuve\/lietuviska\/thundertale-vakaras-tylus-lp\/","og_locale":"en_GB","og_type":"article","og_title":"Thundertale - VAKARAS TYLUS LP Vinilin\u0117 Plok\u0161tel\u0117 | Vinilozona.lt","og_description":"Lietuva, 2025  _______________________  12 coli\u0173 juoda (standard) vinilin\u0117 plok\u0161tel\u0117, 33 rpm Vienpusis d\u0117klas Juodas plok\u0161tel\u0117s vokas su antistatiniu vidiniu pavir\u0161iumi 2 lap\u0173 spaudos knygel\u0117","og_url":"https:\/\/vinilozona.lt\/en\/parduotuve\/lietuviska\/thundertale-vakaras-tylus-lp\/","og_site_name":"Vinilo Zona","article_modified_time":"2026-03-02T10:22:29+00:00","og_image":[{"width":557,"height":545,"url":"https:\/\/vinilozona.lt\/wp-content\/uploads\/2025\/12\/thudertale_vkaras_tylus.png","type":"image\/png"}],"twitter_card":"summary_large_image","twitter_misc":{"Estimated reading time":"1 minute"},"schema":{"@context":"https:\/\/schema.org","@graph":[{"@type":"WebPage","@id":"https:\/\/vinilozona.lt\/parduotuve\/lietuviska\/thundertale-vakaras-tylus-lp\/","url":"https:\/\/vinilozona.lt\/parduotuve\/lietuviska\/thundertale-vakaras-tylus-lp\/","name":"Thundertale - VAKARAS TYLUS LP Vinilin\u0117 Plok\u0161tel\u0117 | Vinilozona.lt","isPartOf":{"@id":"https:\/\/vinilozona.lt\/#website"},"primaryImageOfPage":{"@id":"https:\/\/vinilozona.lt\/parduotuve\/lietuviska\/thundertale-vakaras-tylus-lp\/#primaryimage"},"image":{"@id":"https:\/\/vinilozona.lt\/parduotuve\/lietuviska\/thundertale-vakaras-tylus-lp\/#primaryimage"},"thumbnailUrl":"https:\/\/vinilozona.lt\/wp-content\/uploads\/2025\/12\/thudertale_vkaras_tylus.png","datePublished":"2026-03-01T03:30:17+00:00","dateModified":"2026-03-02T10:22:29+00:00","breadcrumb":{"@id":"https:\/\/vinilozona.lt\/parduotuve\/lietuviska\/thundertale-vakaras-tylus-lp\/#breadcrumb"},"inLanguage":"en-GB","potentialAction":[{"@type":"ReadAction","target":["https:\/\/vinilozona.lt\/parduotuve\/lietuviska\/thundertale-vakaras-tylus-lp\/"]}]},{"@type":"ImageObject","inLanguage":"en-GB","@id":"https:\/\/vinilozona.lt\/parduotuve\/lietuviska\/thundertale-vakaras-tylus-lp\/#primaryimage","url":"https:\/\/vinilozona.lt\/wp-content\/uploads\/2025\/12\/thudertale_vkaras_tylus.png","contentUrl":"https:\/\/vinilozona.lt\/wp-content\/uploads\/2025\/12\/thudertale_vkaras_tylus.png","width":557,"height":545},{"@type":"BreadcrumbList","@id":"https:\/\/vinilozona.lt\/parduotuve\/lietuviska\/thundertale-vakaras-tylus-lp\/#breadcrumb","itemListElement":[{"@type":"ListItem","position":1,"name":"Home","item":"https:\/\/vinilozona.lt\/"},{"@type":"ListItem","position":2,"name":"Parduotuv\u0117","item":"https:\/\/vinilozona.lt\/parduotuve\/"},{"@type":"ListItem","position":3,"name":"Thundertale &#8211; VAKARAS TYLUS LP"}]},{"@type":"WebSite","@id":"https:\/\/vinilozona.lt\/#website","url":"https:\/\/vinilozona.lt\/","name":"Vinilo Zona","description":"Nup\u016bsk dulkes ir klausyk LP","potentialAction":[{"@type":"SearchAction","target":{"@type":"EntryPoint","urlTemplate":"https:\/\/vinilozona.lt\/?s={search_term_string}"},"query-input":{"@type":"PropertyValueSpecification","valueRequired":true,"valueName":"search_term_string"}}],"inLanguage":"en-GB"}]}},"_links":{"self":[{"href":"https:\/\/vinilozona.lt\/en\/wp-json\/wp\/v2\/product\/29981"}],"collection":[{"href":"https:\/\/vinilozona.lt\/en\/wp-json\/wp\/v2\/product"}],"about":[{"href":"https:\/\/vinilozona.lt\/en\/wp-json\/wp\/v2\/types\/product"}],"wp:featuredmedia":[{"embeddable":true,"href":"https:\/\/vinilozona.lt\/en\/wp-json\/wp\/v2\/media\/29982"}],"wp:attachment":[{"href":"https:\/\/vinilozona.lt\/en\/wp-json\/wp\/v2\/media?parent=29981"}],"wp:term":[{"taxonomy":"product_cat","embeddable":true,"href":"https:\/\/vinilozona.lt\/en\/wp-json\/wp\/v2\/product_cat?post=29981"},{"taxonomy":"product_tag","embeddable":true,"href":"https:\/\/vinilozona.lt\/en\/wp-json\/wp\/v2\/product_tag?post=29981"}],"curies":[{"name":"wp","href":"https:\/\/api.w.org\/{rel}","templated":true}]}}