{"id":29927,"date":"2025-12-04T19:35:31","date_gmt":"2025-12-04T17:35:31","guid":{"rendered":"https:\/\/vinilozona.lt\/?post_type=product&#038;p=29927"},"modified":"2026-04-07T18:33:25","modified_gmt":"2026-04-07T15:33:25","slug":"biplan-viskas-kaip-patinka-tau-lp-2025","status":"publish","type":"product","link":"https:\/\/vinilozona.lt\/en\/parduotuve\/lietuviska\/biplan-viskas-kaip-patinka-tau-lp-2025\/","title":{"rendered":"Biplan  &#8211; \u201eViskas kaip patinka tau\u201c LP, 2025"},"content":{"rendered":"<p>A side:<br \/>\n1. Viskas kaip patinka tau<br \/>\n2. M\u0117lynos akys<br \/>\n3. Be penki\u0173 vidurnakt\u012f<br \/>\n4. Kada kada (su Gamka)<br \/>\n5. Vasara nesibaigs<\/p>\n<p>B side:<br \/>\n6. Sveikas sugr\u012f\u017e\u0119s namo<br \/>\n7. Nepamir\u0161k man\u0119s<br \/>\n8. Kal\u0117dos<br \/>\n9. Labas rytas 2025<br \/>\nBonus: Kino filmai (Radvis ft. Alas)<\/p>","protected":false},"excerpt":{"rendered":"<p>M.P.3<br \/>\nFormat:Vinyl, LP, Album,<br \/>\nCountry:<br \/>\nLithuania<br \/>\nReleased:<br \/>\n2025<br \/>\nGenre:<br \/>\nJazz, Stage &#038; Screen<br \/>\nStyle:<br \/>\nEasy Listening<\/p>","protected":false},"featured_media":29928,"template":"","meta":[],"product_cat":[19,23],"product_tag":[291],"yoast_head":"<!-- This site is optimized with the Yoast SEO plugin v23.5 - https:\/\/yoast.com\/wordpress\/plugins\/seo\/ -->\n<title>Biplan - \u201eViskas kaip patinka tau\u201c LP, 2025 Vinilin\u0117 Plok\u0161tel\u0117 | Vinilozona.lt<\/title>\n<meta name=\"robots\" content=\"index, follow, max-snippet:-1, max-image-preview:large, max-video-preview:-1\" \/>\n<link rel=\"canonical\" href=\"https:\/\/vinilozona.lt\/en\/parduotuve\/lietuviska\/biplan-viskas-kaip-patinka-tau-lp-2025\/\" \/>\n<meta property=\"og:locale\" content=\"en_GB\" \/>\n<meta property=\"og:type\" content=\"article\" \/>\n<meta property=\"og:title\" content=\"Biplan - \u201eViskas kaip patinka tau\u201c LP, 2025 Vinilin\u0117 Plok\u0161tel\u0117 | Vinilozona.lt\" \/>\n<meta property=\"og:description\" content=\"M.P.3  Format:Vinyl, LP, Album, Country: Lithuania Released: 2025 Genre: Jazz, Stage &amp; Screen Style: Easy Listening\" \/>\n<meta property=\"og:url\" content=\"https:\/\/vinilozona.lt\/en\/parduotuve\/lietuviska\/biplan-viskas-kaip-patinka-tau-lp-2025\/\" \/>\n<meta property=\"og:site_name\" content=\"Vinilo Zona\" \/>\n<meta property=\"article:modified_time\" content=\"2026-04-07T15:33:25+00:00\" \/>\n<meta property=\"og:image\" content=\"https:\/\/vinilozona.lt\/wp-content\/uploads\/2025\/12\/biplan-viskas-kaip-patinka-tau-cdlp-2025-1.png\" \/>\n\t<meta property=\"og:image:width\" content=\"600\" \/>\n\t<meta property=\"og:image:height\" content=\"600\" \/>\n\t<meta property=\"og:image:type\" content=\"image\/png\" \/>\n<meta name=\"twitter:card\" content=\"summary_large_image\" \/>\n<meta name=\"twitter:label1\" content=\"Estimated reading time\" \/>\n\t<meta name=\"twitter:data1\" content=\"1 minute\" \/>\n<script type=\"application\/ld+json\" class=\"yoast-schema-graph\">{\"@context\":\"https:\/\/schema.org\",\"@graph\":[{\"@type\":\"WebPage\",\"@id\":\"https:\/\/vinilozona.lt\/parduotuve\/lietuviska\/biplan-viskas-kaip-patinka-tau-lp-2025\/\",\"url\":\"https:\/\/vinilozona.lt\/parduotuve\/lietuviska\/biplan-viskas-kaip-patinka-tau-lp-2025\/\",\"name\":\"Biplan - \u201eViskas kaip patinka tau\u201c LP, 2025 Vinilin\u0117 Plok\u0161tel\u0117 | Vinilozona.lt\",\"isPartOf\":{\"@id\":\"https:\/\/vinilozona.lt\/#website\"},\"primaryImageOfPage\":{\"@id\":\"https:\/\/vinilozona.lt\/parduotuve\/lietuviska\/biplan-viskas-kaip-patinka-tau-lp-2025\/#primaryimage\"},\"image\":{\"@id\":\"https:\/\/vinilozona.lt\/parduotuve\/lietuviska\/biplan-viskas-kaip-patinka-tau-lp-2025\/#primaryimage\"},\"thumbnailUrl\":\"https:\/\/vinilozona.lt\/wp-content\/uploads\/2025\/12\/biplan-viskas-kaip-patinka-tau-cdlp-2025-1.png\",\"datePublished\":\"2025-12-04T17:35:31+00:00\",\"dateModified\":\"2026-04-07T15:33:25+00:00\",\"breadcrumb\":{\"@id\":\"https:\/\/vinilozona.lt\/parduotuve\/lietuviska\/biplan-viskas-kaip-patinka-tau-lp-2025\/#breadcrumb\"},\"inLanguage\":\"en-GB\",\"potentialAction\":[{\"@type\":\"ReadAction\",\"target\":[\"https:\/\/vinilozona.lt\/parduotuve\/lietuviska\/biplan-viskas-kaip-patinka-tau-lp-2025\/\"]}]},{\"@type\":\"ImageObject\",\"inLanguage\":\"en-GB\",\"@id\":\"https:\/\/vinilozona.lt\/parduotuve\/lietuviska\/biplan-viskas-kaip-patinka-tau-lp-2025\/#primaryimage\",\"url\":\"https:\/\/vinilozona.lt\/wp-content\/uploads\/2025\/12\/biplan-viskas-kaip-patinka-tau-cdlp-2025-1.png\",\"contentUrl\":\"https:\/\/vinilozona.lt\/wp-content\/uploads\/2025\/12\/biplan-viskas-kaip-patinka-tau-cdlp-2025-1.png\",\"width\":600,\"height\":600},{\"@type\":\"BreadcrumbList\",\"@id\":\"https:\/\/vinilozona.lt\/parduotuve\/lietuviska\/biplan-viskas-kaip-patinka-tau-lp-2025\/#breadcrumb\",\"itemListElement\":[{\"@type\":\"ListItem\",\"position\":1,\"name\":\"Home\",\"item\":\"https:\/\/vinilozona.lt\/\"},{\"@type\":\"ListItem\",\"position\":2,\"name\":\"Parduotuv\u0117\",\"item\":\"https:\/\/vinilozona.lt\/parduotuve\/\"},{\"@type\":\"ListItem\",\"position\":3,\"name\":\"Biplan &#8211; \u201eViskas kaip patinka tau\u201c LP, 2025\"}]},{\"@type\":\"WebSite\",\"@id\":\"https:\/\/vinilozona.lt\/#website\",\"url\":\"https:\/\/vinilozona.lt\/\",\"name\":\"Vinilo Zona\",\"description\":\"Nup\u016bsk dulkes ir klausyk LP\",\"potentialAction\":[{\"@type\":\"SearchAction\",\"target\":{\"@type\":\"EntryPoint\",\"urlTemplate\":\"https:\/\/vinilozona.lt\/?s={search_term_string}\"},\"query-input\":{\"@type\":\"PropertyValueSpecification\",\"valueRequired\":true,\"valueName\":\"search_term_string\"}}],\"inLanguage\":\"en-GB\"}]}<\/script>\n<!-- \/ Yoast SEO plugin. -->","yoast_head_json":{"title":"Biplan - \u201eViskas kaip patinka tau\u201c LP, 2025 Vinilin\u0117 Plok\u0161tel\u0117 | Vinilozona.lt","robots":{"index":"index","follow":"follow","max-snippet":"max-snippet:-1","max-image-preview":"max-image-preview:large","max-video-preview":"max-video-preview:-1"},"canonical":"https:\/\/vinilozona.lt\/en\/parduotuve\/lietuviska\/biplan-viskas-kaip-patinka-tau-lp-2025\/","og_locale":"en_GB","og_type":"article","og_title":"Biplan - \u201eViskas kaip patinka tau\u201c LP, 2025 Vinilin\u0117 Plok\u0161tel\u0117 | Vinilozona.lt","og_description":"M.P.3  Format:Vinyl, LP, Album, Country: Lithuania Released: 2025 Genre: Jazz, Stage & Screen Style: Easy Listening","og_url":"https:\/\/vinilozona.lt\/en\/parduotuve\/lietuviska\/biplan-viskas-kaip-patinka-tau-lp-2025\/","og_site_name":"Vinilo Zona","article_modified_time":"2026-04-07T15:33:25+00:00","og_image":[{"width":600,"height":600,"url":"https:\/\/vinilozona.lt\/wp-content\/uploads\/2025\/12\/biplan-viskas-kaip-patinka-tau-cdlp-2025-1.png","type":"image\/png"}],"twitter_card":"summary_large_image","twitter_misc":{"Estimated reading time":"1 minute"},"schema":{"@context":"https:\/\/schema.org","@graph":[{"@type":"WebPage","@id":"https:\/\/vinilozona.lt\/parduotuve\/lietuviska\/biplan-viskas-kaip-patinka-tau-lp-2025\/","url":"https:\/\/vinilozona.lt\/parduotuve\/lietuviska\/biplan-viskas-kaip-patinka-tau-lp-2025\/","name":"Biplan - \u201eViskas kaip patinka tau\u201c LP, 2025 Vinilin\u0117 Plok\u0161tel\u0117 | Vinilozona.lt","isPartOf":{"@id":"https:\/\/vinilozona.lt\/#website"},"primaryImageOfPage":{"@id":"https:\/\/vinilozona.lt\/parduotuve\/lietuviska\/biplan-viskas-kaip-patinka-tau-lp-2025\/#primaryimage"},"image":{"@id":"https:\/\/vinilozona.lt\/parduotuve\/lietuviska\/biplan-viskas-kaip-patinka-tau-lp-2025\/#primaryimage"},"thumbnailUrl":"https:\/\/vinilozona.lt\/wp-content\/uploads\/2025\/12\/biplan-viskas-kaip-patinka-tau-cdlp-2025-1.png","datePublished":"2025-12-04T17:35:31+00:00","dateModified":"2026-04-07T15:33:25+00:00","breadcrumb":{"@id":"https:\/\/vinilozona.lt\/parduotuve\/lietuviska\/biplan-viskas-kaip-patinka-tau-lp-2025\/#breadcrumb"},"inLanguage":"en-GB","potentialAction":[{"@type":"ReadAction","target":["https:\/\/vinilozona.lt\/parduotuve\/lietuviska\/biplan-viskas-kaip-patinka-tau-lp-2025\/"]}]},{"@type":"ImageObject","inLanguage":"en-GB","@id":"https:\/\/vinilozona.lt\/parduotuve\/lietuviska\/biplan-viskas-kaip-patinka-tau-lp-2025\/#primaryimage","url":"https:\/\/vinilozona.lt\/wp-content\/uploads\/2025\/12\/biplan-viskas-kaip-patinka-tau-cdlp-2025-1.png","contentUrl":"https:\/\/vinilozona.lt\/wp-content\/uploads\/2025\/12\/biplan-viskas-kaip-patinka-tau-cdlp-2025-1.png","width":600,"height":600},{"@type":"BreadcrumbList","@id":"https:\/\/vinilozona.lt\/parduotuve\/lietuviska\/biplan-viskas-kaip-patinka-tau-lp-2025\/#breadcrumb","itemListElement":[{"@type":"ListItem","position":1,"name":"Home","item":"https:\/\/vinilozona.lt\/"},{"@type":"ListItem","position":2,"name":"Parduotuv\u0117","item":"https:\/\/vinilozona.lt\/parduotuve\/"},{"@type":"ListItem","position":3,"name":"Biplan &#8211; \u201eViskas kaip patinka tau\u201c LP, 2025"}]},{"@type":"WebSite","@id":"https:\/\/vinilozona.lt\/#website","url":"https:\/\/vinilozona.lt\/","name":"Vinilo Zona","description":"Nup\u016bsk dulkes ir klausyk LP","potentialAction":[{"@type":"SearchAction","target":{"@type":"EntryPoint","urlTemplate":"https:\/\/vinilozona.lt\/?s={search_term_string}"},"query-input":{"@type":"PropertyValueSpecification","valueRequired":true,"valueName":"search_term_string"}}],"inLanguage":"en-GB"}]}},"_links":{"self":[{"href":"https:\/\/vinilozona.lt\/en\/wp-json\/wp\/v2\/product\/29927"}],"collection":[{"href":"https:\/\/vinilozona.lt\/en\/wp-json\/wp\/v2\/product"}],"about":[{"href":"https:\/\/vinilozona.lt\/en\/wp-json\/wp\/v2\/types\/product"}],"wp:featuredmedia":[{"embeddable":true,"href":"https:\/\/vinilozona.lt\/en\/wp-json\/wp\/v2\/media\/29928"}],"wp:attachment":[{"href":"https:\/\/vinilozona.lt\/en\/wp-json\/wp\/v2\/media?parent=29927"}],"wp:term":[{"taxonomy":"product_cat","embeddable":true,"href":"https:\/\/vinilozona.lt\/en\/wp-json\/wp\/v2\/product_cat?post=29927"},{"taxonomy":"product_tag","embeddable":true,"href":"https:\/\/vinilozona.lt\/en\/wp-json\/wp\/v2\/product_tag?post=29927"}],"curies":[{"name":"wp","href":"https:\/\/api.w.org\/{rel}","templated":true}]}}