{"id":29882,"date":"2025-12-03T05:41:57","date_gmt":"2025-12-03T03:41:57","guid":{"rendered":"https:\/\/vinilozona.lt\/?post_type=product&#038;p=29882"},"modified":"2025-12-03T12:34:30","modified_gmt":"2025-12-03T10:34:30","slug":"nirvana-sliver-the-best-of-the-box-cd","status":"publish","type":"product","link":"https:\/\/vinilozona.lt\/en\/parduotuve\/cd\/naudoti-cd\/nirvana-sliver-the-best-of-the-box-cd\/","title":{"rendered":"Nirvana \u2013 Sliver (The Best Of The Box)   CD"},"content":{"rendered":"<p>Fecal Matter\u2013\tSpank Thru (1985 Demo)\t3:45<br \/>\nSkid Row (6)\u2013\tHeartbreaker (Live)\t2:59<br \/>\nBliss (108)\u2013\tMrs. Butterworth (Rehearsal Demo)\t4:04<br \/>\nTed Ed Fred\u2013\tFloyd The Barber (Live)\t2:33<br \/>\nKurt Cobain\u2013\tClean Up Before She Comes (Home Demo)\t3:12<br \/>\nKurt Cobain\u2013\tAbout A Girl (Home Demo)\t2:44<br \/>\nNirvana\u2013\tBlandest (Studio Demo)\t3:56<br \/>\nThe Jury (7)\u2013\tAin&#8217;t It A Shame (Studio Demo)\t2:03<br \/>\nNirvana\u2013\tSappy (1990 Studio Demo)\t3:33<br \/>\nKurt Cobain\u2013\tOpinion (Solo Acoustic Radio Appearance)\t1:35<br \/>\nKurt Cobain\u2013\tLithium (Solo Acoustic Radio Appearance)\t1:49<br \/>\nKurt Cobain\u2013\tSliver (Home Demo)\t2:10<br \/>\nNirvana\u2013\tSmells Like Teen Spirit (Boom Box Version)\t5:40<br \/>\nNirvana\u2013\tCome As You Are (Boom Box Version)\t4:10<br \/>\nNirvana\u2013\tOld Age (Nevermind Outtake)\t4:21<br \/>\nNirvana\u2013\tOh The Guilt\t3:25<br \/>\nKurt Cobain\u2013\tRape Me (Home Demo)\t3:23<br \/>\nNirvana\u2013\tRape Me (Band Demo)\t3:03<br \/>\nNirvana\u2013\tHeart Shaped Box (Band Demo)\t5:33<br \/>\nKurt Cobain\u2013\tDo Re Mi (Home Demo)\t4:24<br \/>\nKurt Cobain\u2013\tYou Know You&#8217;re Right (Home Demo)\t2:30<br \/>\nKurt Cobain\u2013\tAll Apologies (Home Demo)\t3:33<\/p>","protected":false},"excerpt":{"rendered":"<p>DGC \u2013 602498867181, Sub Pop \u2013 602498867181<br \/>\nFormat:<br \/>\nCD, Compilation<br \/>\nCountry:<br \/>\nEurope<br \/>\nReleased:<br \/>\n2005<\/p>","protected":false},"featured_media":29885,"template":"","meta":[],"product_cat":[24,946],"product_tag":[44],"yoast_head":"<!-- This site is optimized with the Yoast SEO plugin v23.5 - https:\/\/yoast.com\/wordpress\/plugins\/seo\/ -->\n<title>Nirvana \u2013 Sliver (The Best Of The Box)  CD Vinilin\u0117 Plok\u0161tel\u0117 | Vinilozona.lt<\/title>\n<meta name=\"robots\" content=\"index, follow, max-snippet:-1, max-image-preview:large, max-video-preview:-1\" \/>\n<link rel=\"canonical\" href=\"https:\/\/vinilozona.lt\/en\/parduotuve\/cd\/naudoti-cd\/nirvana-sliver-the-best-of-the-box-cd\/\" \/>\n<meta property=\"og:locale\" content=\"en_GB\" \/>\n<meta property=\"og:type\" content=\"article\" \/>\n<meta property=\"og:title\" content=\"Nirvana \u2013 Sliver (The Best Of The Box)  CD Vinilin\u0117 Plok\u0161tel\u0117 | Vinilozona.lt\" \/>\n<meta property=\"og:description\" content=\"DGC \u2013 602498867181, Sub Pop \u2013 602498867181 Format: CD, Compilation Country: Europe Released: 2005\" \/>\n<meta property=\"og:url\" content=\"https:\/\/vinilozona.lt\/en\/parduotuve\/cd\/naudoti-cd\/nirvana-sliver-the-best-of-the-box-cd\/\" \/>\n<meta property=\"og:site_name\" content=\"Vinilo Zona\" \/>\n<meta property=\"article:modified_time\" content=\"2025-12-03T10:34:30+00:00\" \/>\n<meta property=\"og:image\" content=\"https:\/\/vinilozona.lt\/wp-content\/uploads\/2025\/12\/R-590533-1453411212-2094.jpg\" \/>\n\t<meta property=\"og:image:width\" content=\"600\" \/>\n\t<meta property=\"og:image:height\" content=\"600\" \/>\n\t<meta property=\"og:image:type\" content=\"image\/jpeg\" \/>\n<meta name=\"twitter:card\" content=\"summary_large_image\" \/>\n<meta name=\"twitter:label1\" content=\"Estimated reading time\" \/>\n\t<meta name=\"twitter:data1\" content=\"1 minute\" \/>\n<script type=\"application\/ld+json\" class=\"yoast-schema-graph\">{\"@context\":\"https:\/\/schema.org\",\"@graph\":[{\"@type\":\"WebPage\",\"@id\":\"https:\/\/vinilozona.lt\/parduotuve\/cd\/naudoti-cd\/nirvana-sliver-the-best-of-the-box-cd\/\",\"url\":\"https:\/\/vinilozona.lt\/parduotuve\/cd\/naudoti-cd\/nirvana-sliver-the-best-of-the-box-cd\/\",\"name\":\"Nirvana \u2013 Sliver (The Best Of The Box) CD Vinilin\u0117 Plok\u0161tel\u0117 | Vinilozona.lt\",\"isPartOf\":{\"@id\":\"https:\/\/vinilozona.lt\/#website\"},\"primaryImageOfPage\":{\"@id\":\"https:\/\/vinilozona.lt\/parduotuve\/cd\/naudoti-cd\/nirvana-sliver-the-best-of-the-box-cd\/#primaryimage\"},\"image\":{\"@id\":\"https:\/\/vinilozona.lt\/parduotuve\/cd\/naudoti-cd\/nirvana-sliver-the-best-of-the-box-cd\/#primaryimage\"},\"thumbnailUrl\":\"https:\/\/vinilozona.lt\/wp-content\/uploads\/2025\/12\/R-590533-1453411212-2094.jpg\",\"datePublished\":\"2025-12-03T03:41:57+00:00\",\"dateModified\":\"2025-12-03T10:34:30+00:00\",\"breadcrumb\":{\"@id\":\"https:\/\/vinilozona.lt\/parduotuve\/cd\/naudoti-cd\/nirvana-sliver-the-best-of-the-box-cd\/#breadcrumb\"},\"inLanguage\":\"en-GB\",\"potentialAction\":[{\"@type\":\"ReadAction\",\"target\":[\"https:\/\/vinilozona.lt\/parduotuve\/cd\/naudoti-cd\/nirvana-sliver-the-best-of-the-box-cd\/\"]}]},{\"@type\":\"ImageObject\",\"inLanguage\":\"en-GB\",\"@id\":\"https:\/\/vinilozona.lt\/parduotuve\/cd\/naudoti-cd\/nirvana-sliver-the-best-of-the-box-cd\/#primaryimage\",\"url\":\"https:\/\/vinilozona.lt\/wp-content\/uploads\/2025\/12\/R-590533-1453411212-2094.jpg\",\"contentUrl\":\"https:\/\/vinilozona.lt\/wp-content\/uploads\/2025\/12\/R-590533-1453411212-2094.jpg\",\"width\":600,\"height\":600},{\"@type\":\"BreadcrumbList\",\"@id\":\"https:\/\/vinilozona.lt\/parduotuve\/cd\/naudoti-cd\/nirvana-sliver-the-best-of-the-box-cd\/#breadcrumb\",\"itemListElement\":[{\"@type\":\"ListItem\",\"position\":1,\"name\":\"Home\",\"item\":\"https:\/\/vinilozona.lt\/\"},{\"@type\":\"ListItem\",\"position\":2,\"name\":\"Parduotuv\u0117\",\"item\":\"https:\/\/vinilozona.lt\/parduotuve\/\"},{\"@type\":\"ListItem\",\"position\":3,\"name\":\"Nirvana \u2013 Sliver (The Best Of The Box) CD\"}]},{\"@type\":\"WebSite\",\"@id\":\"https:\/\/vinilozona.lt\/#website\",\"url\":\"https:\/\/vinilozona.lt\/\",\"name\":\"Vinilo Zona\",\"description\":\"Nup\u016bsk dulkes ir klausyk LP\",\"potentialAction\":[{\"@type\":\"SearchAction\",\"target\":{\"@type\":\"EntryPoint\",\"urlTemplate\":\"https:\/\/vinilozona.lt\/?s={search_term_string}\"},\"query-input\":{\"@type\":\"PropertyValueSpecification\",\"valueRequired\":true,\"valueName\":\"search_term_string\"}}],\"inLanguage\":\"en-GB\"}]}<\/script>\n<!-- \/ Yoast SEO plugin. -->","yoast_head_json":{"title":"Nirvana \u2013 Sliver (The Best Of The Box)  CD Vinilin\u0117 Plok\u0161tel\u0117 | Vinilozona.lt","robots":{"index":"index","follow":"follow","max-snippet":"max-snippet:-1","max-image-preview":"max-image-preview:large","max-video-preview":"max-video-preview:-1"},"canonical":"https:\/\/vinilozona.lt\/en\/parduotuve\/cd\/naudoti-cd\/nirvana-sliver-the-best-of-the-box-cd\/","og_locale":"en_GB","og_type":"article","og_title":"Nirvana \u2013 Sliver (The Best Of The Box)  CD Vinilin\u0117 Plok\u0161tel\u0117 | Vinilozona.lt","og_description":"DGC \u2013 602498867181, Sub Pop \u2013 602498867181 Format: CD, Compilation Country: Europe Released: 2005","og_url":"https:\/\/vinilozona.lt\/en\/parduotuve\/cd\/naudoti-cd\/nirvana-sliver-the-best-of-the-box-cd\/","og_site_name":"Vinilo Zona","article_modified_time":"2025-12-03T10:34:30+00:00","og_image":[{"width":600,"height":600,"url":"https:\/\/vinilozona.lt\/wp-content\/uploads\/2025\/12\/R-590533-1453411212-2094.jpg","type":"image\/jpeg"}],"twitter_card":"summary_large_image","twitter_misc":{"Estimated reading time":"1 minute"},"schema":{"@context":"https:\/\/schema.org","@graph":[{"@type":"WebPage","@id":"https:\/\/vinilozona.lt\/parduotuve\/cd\/naudoti-cd\/nirvana-sliver-the-best-of-the-box-cd\/","url":"https:\/\/vinilozona.lt\/parduotuve\/cd\/naudoti-cd\/nirvana-sliver-the-best-of-the-box-cd\/","name":"Nirvana \u2013 Sliver (The Best Of The Box) CD Vinilin\u0117 Plok\u0161tel\u0117 | Vinilozona.lt","isPartOf":{"@id":"https:\/\/vinilozona.lt\/#website"},"primaryImageOfPage":{"@id":"https:\/\/vinilozona.lt\/parduotuve\/cd\/naudoti-cd\/nirvana-sliver-the-best-of-the-box-cd\/#primaryimage"},"image":{"@id":"https:\/\/vinilozona.lt\/parduotuve\/cd\/naudoti-cd\/nirvana-sliver-the-best-of-the-box-cd\/#primaryimage"},"thumbnailUrl":"https:\/\/vinilozona.lt\/wp-content\/uploads\/2025\/12\/R-590533-1453411212-2094.jpg","datePublished":"2025-12-03T03:41:57+00:00","dateModified":"2025-12-03T10:34:30+00:00","breadcrumb":{"@id":"https:\/\/vinilozona.lt\/parduotuve\/cd\/naudoti-cd\/nirvana-sliver-the-best-of-the-box-cd\/#breadcrumb"},"inLanguage":"en-GB","potentialAction":[{"@type":"ReadAction","target":["https:\/\/vinilozona.lt\/parduotuve\/cd\/naudoti-cd\/nirvana-sliver-the-best-of-the-box-cd\/"]}]},{"@type":"ImageObject","inLanguage":"en-GB","@id":"https:\/\/vinilozona.lt\/parduotuve\/cd\/naudoti-cd\/nirvana-sliver-the-best-of-the-box-cd\/#primaryimage","url":"https:\/\/vinilozona.lt\/wp-content\/uploads\/2025\/12\/R-590533-1453411212-2094.jpg","contentUrl":"https:\/\/vinilozona.lt\/wp-content\/uploads\/2025\/12\/R-590533-1453411212-2094.jpg","width":600,"height":600},{"@type":"BreadcrumbList","@id":"https:\/\/vinilozona.lt\/parduotuve\/cd\/naudoti-cd\/nirvana-sliver-the-best-of-the-box-cd\/#breadcrumb","itemListElement":[{"@type":"ListItem","position":1,"name":"Home","item":"https:\/\/vinilozona.lt\/"},{"@type":"ListItem","position":2,"name":"Parduotuv\u0117","item":"https:\/\/vinilozona.lt\/parduotuve\/"},{"@type":"ListItem","position":3,"name":"Nirvana \u2013 Sliver (The Best Of The Box) CD"}]},{"@type":"WebSite","@id":"https:\/\/vinilozona.lt\/#website","url":"https:\/\/vinilozona.lt\/","name":"Vinilo Zona","description":"Nup\u016bsk dulkes ir klausyk LP","potentialAction":[{"@type":"SearchAction","target":{"@type":"EntryPoint","urlTemplate":"https:\/\/vinilozona.lt\/?s={search_term_string}"},"query-input":{"@type":"PropertyValueSpecification","valueRequired":true,"valueName":"search_term_string"}}],"inLanguage":"en-GB"}]}},"_links":{"self":[{"href":"https:\/\/vinilozona.lt\/en\/wp-json\/wp\/v2\/product\/29882"}],"collection":[{"href":"https:\/\/vinilozona.lt\/en\/wp-json\/wp\/v2\/product"}],"about":[{"href":"https:\/\/vinilozona.lt\/en\/wp-json\/wp\/v2\/types\/product"}],"wp:featuredmedia":[{"embeddable":true,"href":"https:\/\/vinilozona.lt\/en\/wp-json\/wp\/v2\/media\/29885"}],"wp:attachment":[{"href":"https:\/\/vinilozona.lt\/en\/wp-json\/wp\/v2\/media?parent=29882"}],"wp:term":[{"taxonomy":"product_cat","embeddable":true,"href":"https:\/\/vinilozona.lt\/en\/wp-json\/wp\/v2\/product_cat?post=29882"},{"taxonomy":"product_tag","embeddable":true,"href":"https:\/\/vinilozona.lt\/en\/wp-json\/wp\/v2\/product_tag?post=29882"}],"curies":[{"name":"wp","href":"https:\/\/api.w.org\/{rel}","templated":true}]}}