{"id":29865,"date":"2025-12-03T05:50:24","date_gmt":"2025-12-03T03:50:24","guid":{"rendered":"https:\/\/vinilozona.lt\/?post_type=product&#038;p=29865"},"modified":"2025-12-03T16:02:54","modified_gmt":"2025-12-03T14:02:54","slug":"mark-knopfler-the-ragpickers-dream-2cd","status":"publish","type":"product","link":"https:\/\/vinilozona.lt\/en\/parduotuve\/cd\/naudoti-cd\/mark-knopfler-the-ragpickers-dream-2cd\/","title":{"rendered":"Mark Knopfler \u2013 The Ragpicker&#8217;s Dream  2CD"},"content":{"rendered":"<p>1-1\t\tWhy Aye Man  6:14<br \/>\n1-2\t\tDevil Baby\t4:05<br \/>\n1-3\t\tHill Farmer&#8217;s Blues  3:45<br \/>\n1-4\t\tA Place Where We Used To Live\t4:34<br \/>\n1-5\t\tQuality Shoe  3:56<br \/>\n1-6\t\tFare Thee Well Northumberland 6:29<br \/>\n1-7\t\tMarbletown\t3:33<br \/>\n1-8\t\tYou Don&#8217;t Know You&#8217;re Born  5:20<br \/>\n1-9\t\tCoyote\t5:56<br \/>\n1-10\t\tThe Ragpicker&#8217;s Dream  4:20<br \/>\n1-11\t\tDaddy&#8217;s Gone To Knoxville   2:48<br \/>\n1-12\t\tOld Pigweed\t4:34<br \/>\n2-1\t\tWhy Aye Man\t6:48<br \/>\n2-2\t\tQuality Shoe\t4:01<br \/>\n2-3\t\tSailing To Philadelphia\t7:18<br \/>\n2-4\t\tBrothers In Arms\t9:03<br \/>\n2-5\t\tWhy Aye Man (Enhanced Video)\t7:03<\/p>","protected":false},"excerpt":{"rendered":"<p>Mercury \u2013 063 293-2<br \/>\nFormat:<br \/>\nCD, Album<br \/>\nCD, Enhanced, Special Edition<br \/>\nAll Media, Limited Edition<br \/>\nCountry:<br \/>\nEurope<br \/>\nReleased:<br \/>\n2002<\/p>","protected":false},"featured_media":23057,"template":"","meta":[],"product_cat":[24,946],"product_tag":[44],"yoast_head":"<!-- This site is optimized with the Yoast SEO plugin v23.5 - https:\/\/yoast.com\/wordpress\/plugins\/seo\/ -->\n<title>Mark Knopfler \u2013 The Ragpicker&#039;s Dream 2CD Vinilin\u0117 Plok\u0161tel\u0117 | Vinilozona.lt<\/title>\n<meta name=\"robots\" content=\"index, follow, max-snippet:-1, max-image-preview:large, max-video-preview:-1\" \/>\n<link rel=\"canonical\" href=\"https:\/\/vinilozona.lt\/en\/parduotuve\/cd\/naudoti-cd\/mark-knopfler-the-ragpickers-dream-2cd\/\" \/>\n<meta property=\"og:locale\" content=\"en_GB\" \/>\n<meta property=\"og:type\" content=\"article\" \/>\n<meta property=\"og:title\" content=\"Mark Knopfler \u2013 The Ragpicker&#039;s Dream 2CD Vinilin\u0117 Plok\u0161tel\u0117 | Vinilozona.lt\" \/>\n<meta property=\"og:description\" content=\"Mercury \u2013 063 293-2 Format: CD, Album CD, Enhanced, Special Edition All Media, Limited Edition Country: Europe Released: 2002\" \/>\n<meta property=\"og:url\" content=\"https:\/\/vinilozona.lt\/en\/parduotuve\/cd\/naudoti-cd\/mark-knopfler-the-ragpickers-dream-2cd\/\" \/>\n<meta property=\"og:site_name\" content=\"Vinilo Zona\" \/>\n<meta property=\"article:modified_time\" content=\"2025-12-03T14:02:54+00:00\" \/>\n<meta property=\"og:image\" content=\"https:\/\/vinilozona.lt\/wp-content\/uploads\/2022\/07\/R-1288760-1333729485.jpg\" \/>\n\t<meta property=\"og:image:width\" content=\"600\" \/>\n\t<meta property=\"og:image:height\" content=\"596\" \/>\n\t<meta property=\"og:image:type\" content=\"image\/jpeg\" \/>\n<meta name=\"twitter:card\" content=\"summary_large_image\" \/>\n<meta name=\"twitter:label1\" content=\"Estimated reading time\" \/>\n\t<meta name=\"twitter:data1\" content=\"1 minute\" \/>\n<script type=\"application\/ld+json\" class=\"yoast-schema-graph\">{\"@context\":\"https:\/\/schema.org\",\"@graph\":[{\"@type\":\"WebPage\",\"@id\":\"https:\/\/vinilozona.lt\/parduotuve\/cd\/naudoti-cd\/mark-knopfler-the-ragpickers-dream-2cd\/\",\"url\":\"https:\/\/vinilozona.lt\/parduotuve\/cd\/naudoti-cd\/mark-knopfler-the-ragpickers-dream-2cd\/\",\"name\":\"Mark Knopfler \u2013 The Ragpicker's Dream 2CD Vinilin\u0117 Plok\u0161tel\u0117 | Vinilozona.lt\",\"isPartOf\":{\"@id\":\"https:\/\/vinilozona.lt\/#website\"},\"primaryImageOfPage\":{\"@id\":\"https:\/\/vinilozona.lt\/parduotuve\/cd\/naudoti-cd\/mark-knopfler-the-ragpickers-dream-2cd\/#primaryimage\"},\"image\":{\"@id\":\"https:\/\/vinilozona.lt\/parduotuve\/cd\/naudoti-cd\/mark-knopfler-the-ragpickers-dream-2cd\/#primaryimage\"},\"thumbnailUrl\":\"https:\/\/vinilozona.lt\/wp-content\/uploads\/2022\/07\/R-1288760-1333729485.jpg\",\"datePublished\":\"2025-12-03T03:50:24+00:00\",\"dateModified\":\"2025-12-03T14:02:54+00:00\",\"breadcrumb\":{\"@id\":\"https:\/\/vinilozona.lt\/parduotuve\/cd\/naudoti-cd\/mark-knopfler-the-ragpickers-dream-2cd\/#breadcrumb\"},\"inLanguage\":\"en-GB\",\"potentialAction\":[{\"@type\":\"ReadAction\",\"target\":[\"https:\/\/vinilozona.lt\/parduotuve\/cd\/naudoti-cd\/mark-knopfler-the-ragpickers-dream-2cd\/\"]}]},{\"@type\":\"ImageObject\",\"inLanguage\":\"en-GB\",\"@id\":\"https:\/\/vinilozona.lt\/parduotuve\/cd\/naudoti-cd\/mark-knopfler-the-ragpickers-dream-2cd\/#primaryimage\",\"url\":\"https:\/\/vinilozona.lt\/wp-content\/uploads\/2022\/07\/R-1288760-1333729485.jpg\",\"contentUrl\":\"https:\/\/vinilozona.lt\/wp-content\/uploads\/2022\/07\/R-1288760-1333729485.jpg\",\"width\":600,\"height\":596},{\"@type\":\"BreadcrumbList\",\"@id\":\"https:\/\/vinilozona.lt\/parduotuve\/cd\/naudoti-cd\/mark-knopfler-the-ragpickers-dream-2cd\/#breadcrumb\",\"itemListElement\":[{\"@type\":\"ListItem\",\"position\":1,\"name\":\"Home\",\"item\":\"https:\/\/vinilozona.lt\/\"},{\"@type\":\"ListItem\",\"position\":2,\"name\":\"Parduotuv\u0117\",\"item\":\"https:\/\/vinilozona.lt\/parduotuve\/\"},{\"@type\":\"ListItem\",\"position\":3,\"name\":\"Mark Knopfler \u2013 The Ragpicker&#8217;s Dream 2CD\"}]},{\"@type\":\"WebSite\",\"@id\":\"https:\/\/vinilozona.lt\/#website\",\"url\":\"https:\/\/vinilozona.lt\/\",\"name\":\"Vinilo Zona\",\"description\":\"Nup\u016bsk dulkes ir klausyk LP\",\"potentialAction\":[{\"@type\":\"SearchAction\",\"target\":{\"@type\":\"EntryPoint\",\"urlTemplate\":\"https:\/\/vinilozona.lt\/?s={search_term_string}\"},\"query-input\":{\"@type\":\"PropertyValueSpecification\",\"valueRequired\":true,\"valueName\":\"search_term_string\"}}],\"inLanguage\":\"en-GB\"}]}<\/script>\n<!-- \/ Yoast SEO plugin. -->","yoast_head_json":{"title":"Mark Knopfler \u2013 The Ragpicker's Dream 2CD Vinilin\u0117 Plok\u0161tel\u0117 | Vinilozona.lt","robots":{"index":"index","follow":"follow","max-snippet":"max-snippet:-1","max-image-preview":"max-image-preview:large","max-video-preview":"max-video-preview:-1"},"canonical":"https:\/\/vinilozona.lt\/en\/parduotuve\/cd\/naudoti-cd\/mark-knopfler-the-ragpickers-dream-2cd\/","og_locale":"en_GB","og_type":"article","og_title":"Mark Knopfler \u2013 The Ragpicker's Dream 2CD Vinilin\u0117 Plok\u0161tel\u0117 | Vinilozona.lt","og_description":"Mercury \u2013 063 293-2 Format: CD, Album CD, Enhanced, Special Edition All Media, Limited Edition Country: Europe Released: 2002","og_url":"https:\/\/vinilozona.lt\/en\/parduotuve\/cd\/naudoti-cd\/mark-knopfler-the-ragpickers-dream-2cd\/","og_site_name":"Vinilo Zona","article_modified_time":"2025-12-03T14:02:54+00:00","og_image":[{"width":600,"height":596,"url":"https:\/\/vinilozona.lt\/wp-content\/uploads\/2022\/07\/R-1288760-1333729485.jpg","type":"image\/jpeg"}],"twitter_card":"summary_large_image","twitter_misc":{"Estimated reading time":"1 minute"},"schema":{"@context":"https:\/\/schema.org","@graph":[{"@type":"WebPage","@id":"https:\/\/vinilozona.lt\/parduotuve\/cd\/naudoti-cd\/mark-knopfler-the-ragpickers-dream-2cd\/","url":"https:\/\/vinilozona.lt\/parduotuve\/cd\/naudoti-cd\/mark-knopfler-the-ragpickers-dream-2cd\/","name":"Mark Knopfler \u2013 The Ragpicker's Dream 2CD Vinilin\u0117 Plok\u0161tel\u0117 | Vinilozona.lt","isPartOf":{"@id":"https:\/\/vinilozona.lt\/#website"},"primaryImageOfPage":{"@id":"https:\/\/vinilozona.lt\/parduotuve\/cd\/naudoti-cd\/mark-knopfler-the-ragpickers-dream-2cd\/#primaryimage"},"image":{"@id":"https:\/\/vinilozona.lt\/parduotuve\/cd\/naudoti-cd\/mark-knopfler-the-ragpickers-dream-2cd\/#primaryimage"},"thumbnailUrl":"https:\/\/vinilozona.lt\/wp-content\/uploads\/2022\/07\/R-1288760-1333729485.jpg","datePublished":"2025-12-03T03:50:24+00:00","dateModified":"2025-12-03T14:02:54+00:00","breadcrumb":{"@id":"https:\/\/vinilozona.lt\/parduotuve\/cd\/naudoti-cd\/mark-knopfler-the-ragpickers-dream-2cd\/#breadcrumb"},"inLanguage":"en-GB","potentialAction":[{"@type":"ReadAction","target":["https:\/\/vinilozona.lt\/parduotuve\/cd\/naudoti-cd\/mark-knopfler-the-ragpickers-dream-2cd\/"]}]},{"@type":"ImageObject","inLanguage":"en-GB","@id":"https:\/\/vinilozona.lt\/parduotuve\/cd\/naudoti-cd\/mark-knopfler-the-ragpickers-dream-2cd\/#primaryimage","url":"https:\/\/vinilozona.lt\/wp-content\/uploads\/2022\/07\/R-1288760-1333729485.jpg","contentUrl":"https:\/\/vinilozona.lt\/wp-content\/uploads\/2022\/07\/R-1288760-1333729485.jpg","width":600,"height":596},{"@type":"BreadcrumbList","@id":"https:\/\/vinilozona.lt\/parduotuve\/cd\/naudoti-cd\/mark-knopfler-the-ragpickers-dream-2cd\/#breadcrumb","itemListElement":[{"@type":"ListItem","position":1,"name":"Home","item":"https:\/\/vinilozona.lt\/"},{"@type":"ListItem","position":2,"name":"Parduotuv\u0117","item":"https:\/\/vinilozona.lt\/parduotuve\/"},{"@type":"ListItem","position":3,"name":"Mark Knopfler \u2013 The Ragpicker&#8217;s Dream 2CD"}]},{"@type":"WebSite","@id":"https:\/\/vinilozona.lt\/#website","url":"https:\/\/vinilozona.lt\/","name":"Vinilo Zona","description":"Nup\u016bsk dulkes ir klausyk LP","potentialAction":[{"@type":"SearchAction","target":{"@type":"EntryPoint","urlTemplate":"https:\/\/vinilozona.lt\/?s={search_term_string}"},"query-input":{"@type":"PropertyValueSpecification","valueRequired":true,"valueName":"search_term_string"}}],"inLanguage":"en-GB"}]}},"_links":{"self":[{"href":"https:\/\/vinilozona.lt\/en\/wp-json\/wp\/v2\/product\/29865"}],"collection":[{"href":"https:\/\/vinilozona.lt\/en\/wp-json\/wp\/v2\/product"}],"about":[{"href":"https:\/\/vinilozona.lt\/en\/wp-json\/wp\/v2\/types\/product"}],"wp:featuredmedia":[{"embeddable":true,"href":"https:\/\/vinilozona.lt\/en\/wp-json\/wp\/v2\/media\/23057"}],"wp:attachment":[{"href":"https:\/\/vinilozona.lt\/en\/wp-json\/wp\/v2\/media?parent=29865"}],"wp:term":[{"taxonomy":"product_cat","embeddable":true,"href":"https:\/\/vinilozona.lt\/en\/wp-json\/wp\/v2\/product_cat?post=29865"},{"taxonomy":"product_tag","embeddable":true,"href":"https:\/\/vinilozona.lt\/en\/wp-json\/wp\/v2\/product_tag?post=29865"}],"curies":[{"name":"wp","href":"https:\/\/api.w.org\/{rel}","templated":true}]}}