{"id":29850,"date":"2026-03-04T05:00:23","date_gmt":"2026-03-04T03:00:23","guid":{"rendered":"https:\/\/vinilozona.lt\/?post_type=product&#038;p=29850"},"modified":"2026-03-04T07:49:57","modified_gmt":"2026-03-04T05:49:57","slug":"various-now-thats-what-i-call-christmas-3lp","status":"publish","type":"product","link":"https:\/\/vinilozona.lt\/en\/parduotuve\/naujos-lp\/various-now-thats-what-i-call-christmas-3lp\/","title":{"rendered":"Boney M. \u2013 Boney M. &#038; Friends &#8211; Their Ultimate Collection"},"content":{"rendered":"<p>A1\tBoney M.\u2013\tRivers Of Babylon<br \/>\nA2\tBoney M.\u2013\tSunny<br \/>\nA3\tLa Bouche\u2013\tBe My Lover<br \/>\nA4\tBoney M.\u2013\tDaddy Cool<br \/>\nA5\tMilli Vanilli\u2013\tGirl You Know It\u2019s True<br \/>\nA6\tBoney M.\u2013\tRasputin<br \/>\nA7\tNo Mercy\u2013\tWhere Do You Go<br \/>\nB1\tBoney M.\u2013\tMa Baker<br \/>\nB2\tBoney M.\u2013\tBelfast<br \/>\nB3\tBoney M.\u2013\tEl Lute<br \/>\nB4\tEruption (4)\u2013\tOne Way Ticket<br \/>\nB5\tBoney M.\u2013\tHooray! Hooray! It&#8217;s A Holi-Holiday<br \/>\nB6\tBoney M.\u2013\tKalimba De Luna<br \/>\nB7\tLa Bouche\u2013\tSweet Dreams (Ola Ola E)<\/p>","protected":false},"excerpt":{"rendered":"<p>Sony Music \u2013 19439714661<br \/>\nSeries:<br \/>\nThe Ultimate Collection<br \/>\nFormat:<br \/>\nVinyl, LP, Compilation<br \/>\nCountry:<br \/>\nEurope<br \/>\nReleased:<br \/>\nJan 29, 2021<\/p>","protected":false},"featured_media":30591,"template":"","meta":[],"product_cat":[23],"product_tag":[74],"yoast_head":"<!-- This site is optimized with the Yoast SEO plugin v23.5 - https:\/\/yoast.com\/wordpress\/plugins\/seo\/ -->\n<title>Boney M. \u2013 Boney M. &amp; Friends - Their Ultimate Collection Vinilin\u0117 Plok\u0161tel\u0117 | Vinilozona.lt<\/title>\n<meta name=\"robots\" content=\"index, follow, max-snippet:-1, max-image-preview:large, max-video-preview:-1\" \/>\n<link rel=\"canonical\" href=\"https:\/\/vinilozona.lt\/en\/parduotuve\/naujos-lp\/various-now-thats-what-i-call-christmas-3lp\/\" \/>\n<meta property=\"og:locale\" content=\"en_GB\" \/>\n<meta property=\"og:type\" content=\"article\" \/>\n<meta property=\"og:title\" content=\"Boney M. \u2013 Boney M. &amp; Friends - Their Ultimate Collection Vinilin\u0117 Plok\u0161tel\u0117 | Vinilozona.lt\" \/>\n<meta property=\"og:description\" content=\"Sony Music \u2013 19439714661 Series: The Ultimate Collection Format: Vinyl, LP, Compilation Country: Europe Released: Jan 29, 2021\" \/>\n<meta property=\"og:url\" content=\"https:\/\/vinilozona.lt\/en\/parduotuve\/naujos-lp\/various-now-thats-what-i-call-christmas-3lp\/\" \/>\n<meta property=\"og:site_name\" content=\"Vinilo Zona\" \/>\n<meta property=\"article:modified_time\" content=\"2026-03-04T05:49:57+00:00\" \/>\n<meta property=\"og:image\" content=\"https:\/\/vinilozona.lt\/wp-content\/uploads\/2025\/12\/R-17590309-1614323531-1406.jpg\" \/>\n\t<meta property=\"og:image:width\" content=\"600\" \/>\n\t<meta property=\"og:image:height\" content=\"586\" \/>\n\t<meta property=\"og:image:type\" content=\"image\/jpeg\" \/>\n<meta name=\"twitter:card\" content=\"summary_large_image\" \/>\n<meta name=\"twitter:label1\" content=\"Estimated reading time\" \/>\n\t<meta name=\"twitter:data1\" content=\"3 minutes\" \/>\n<script type=\"application\/ld+json\" class=\"yoast-schema-graph\">{\"@context\":\"https:\/\/schema.org\",\"@graph\":[{\"@type\":\"WebPage\",\"@id\":\"https:\/\/vinilozona.lt\/parduotuve\/naujos-lp\/various-now-thats-what-i-call-christmas-3lp\/\",\"url\":\"https:\/\/vinilozona.lt\/parduotuve\/naujos-lp\/various-now-thats-what-i-call-christmas-3lp\/\",\"name\":\"Boney M. \u2013 Boney M. & Friends - Their Ultimate Collection Vinilin\u0117 Plok\u0161tel\u0117 | Vinilozona.lt\",\"isPartOf\":{\"@id\":\"https:\/\/vinilozona.lt\/#website\"},\"primaryImageOfPage\":{\"@id\":\"https:\/\/vinilozona.lt\/parduotuve\/naujos-lp\/various-now-thats-what-i-call-christmas-3lp\/#primaryimage\"},\"image\":{\"@id\":\"https:\/\/vinilozona.lt\/parduotuve\/naujos-lp\/various-now-thats-what-i-call-christmas-3lp\/#primaryimage\"},\"thumbnailUrl\":\"https:\/\/vinilozona.lt\/wp-content\/uploads\/2025\/12\/R-17590309-1614323531-1406.jpg\",\"datePublished\":\"2026-03-04T03:00:23+00:00\",\"dateModified\":\"2026-03-04T05:49:57+00:00\",\"breadcrumb\":{\"@id\":\"https:\/\/vinilozona.lt\/parduotuve\/naujos-lp\/various-now-thats-what-i-call-christmas-3lp\/#breadcrumb\"},\"inLanguage\":\"en-GB\",\"potentialAction\":[{\"@type\":\"ReadAction\",\"target\":[\"https:\/\/vinilozona.lt\/parduotuve\/naujos-lp\/various-now-thats-what-i-call-christmas-3lp\/\"]}]},{\"@type\":\"ImageObject\",\"inLanguage\":\"en-GB\",\"@id\":\"https:\/\/vinilozona.lt\/parduotuve\/naujos-lp\/various-now-thats-what-i-call-christmas-3lp\/#primaryimage\",\"url\":\"https:\/\/vinilozona.lt\/wp-content\/uploads\/2025\/12\/R-17590309-1614323531-1406.jpg\",\"contentUrl\":\"https:\/\/vinilozona.lt\/wp-content\/uploads\/2025\/12\/R-17590309-1614323531-1406.jpg\",\"width\":600,\"height\":586},{\"@type\":\"BreadcrumbList\",\"@id\":\"https:\/\/vinilozona.lt\/parduotuve\/naujos-lp\/various-now-thats-what-i-call-christmas-3lp\/#breadcrumb\",\"itemListElement\":[{\"@type\":\"ListItem\",\"position\":1,\"name\":\"Home\",\"item\":\"https:\/\/vinilozona.lt\/\"},{\"@type\":\"ListItem\",\"position\":2,\"name\":\"Parduotuv\u0117\",\"item\":\"https:\/\/vinilozona.lt\/parduotuve\/\"},{\"@type\":\"ListItem\",\"position\":3,\"name\":\"Boney M. \u2013 Boney M. &#038; Friends &#8211; Their Ultimate Collection\"}]},{\"@type\":\"WebSite\",\"@id\":\"https:\/\/vinilozona.lt\/#website\",\"url\":\"https:\/\/vinilozona.lt\/\",\"name\":\"Vinilo Zona\",\"description\":\"Nup\u016bsk dulkes ir klausyk LP\",\"potentialAction\":[{\"@type\":\"SearchAction\",\"target\":{\"@type\":\"EntryPoint\",\"urlTemplate\":\"https:\/\/vinilozona.lt\/?s={search_term_string}\"},\"query-input\":{\"@type\":\"PropertyValueSpecification\",\"valueRequired\":true,\"valueName\":\"search_term_string\"}}],\"inLanguage\":\"en-GB\"}]}<\/script>\n<!-- \/ Yoast SEO plugin. -->","yoast_head_json":{"title":"Boney M. \u2013 Boney M. & Friends - Their Ultimate Collection Vinilin\u0117 Plok\u0161tel\u0117 | Vinilozona.lt","robots":{"index":"index","follow":"follow","max-snippet":"max-snippet:-1","max-image-preview":"max-image-preview:large","max-video-preview":"max-video-preview:-1"},"canonical":"https:\/\/vinilozona.lt\/en\/parduotuve\/naujos-lp\/various-now-thats-what-i-call-christmas-3lp\/","og_locale":"en_GB","og_type":"article","og_title":"Boney M. \u2013 Boney M. & Friends - Their Ultimate Collection Vinilin\u0117 Plok\u0161tel\u0117 | Vinilozona.lt","og_description":"Sony Music \u2013 19439714661 Series: The Ultimate Collection Format: Vinyl, LP, Compilation Country: Europe Released: Jan 29, 2021","og_url":"https:\/\/vinilozona.lt\/en\/parduotuve\/naujos-lp\/various-now-thats-what-i-call-christmas-3lp\/","og_site_name":"Vinilo Zona","article_modified_time":"2026-03-04T05:49:57+00:00","og_image":[{"width":600,"height":586,"url":"https:\/\/vinilozona.lt\/wp-content\/uploads\/2025\/12\/R-17590309-1614323531-1406.jpg","type":"image\/jpeg"}],"twitter_card":"summary_large_image","twitter_misc":{"Estimated reading time":"3 minutes"},"schema":{"@context":"https:\/\/schema.org","@graph":[{"@type":"WebPage","@id":"https:\/\/vinilozona.lt\/parduotuve\/naujos-lp\/various-now-thats-what-i-call-christmas-3lp\/","url":"https:\/\/vinilozona.lt\/parduotuve\/naujos-lp\/various-now-thats-what-i-call-christmas-3lp\/","name":"Boney M. \u2013 Boney M. & Friends - Their Ultimate Collection Vinilin\u0117 Plok\u0161tel\u0117 | Vinilozona.lt","isPartOf":{"@id":"https:\/\/vinilozona.lt\/#website"},"primaryImageOfPage":{"@id":"https:\/\/vinilozona.lt\/parduotuve\/naujos-lp\/various-now-thats-what-i-call-christmas-3lp\/#primaryimage"},"image":{"@id":"https:\/\/vinilozona.lt\/parduotuve\/naujos-lp\/various-now-thats-what-i-call-christmas-3lp\/#primaryimage"},"thumbnailUrl":"https:\/\/vinilozona.lt\/wp-content\/uploads\/2025\/12\/R-17590309-1614323531-1406.jpg","datePublished":"2026-03-04T03:00:23+00:00","dateModified":"2026-03-04T05:49:57+00:00","breadcrumb":{"@id":"https:\/\/vinilozona.lt\/parduotuve\/naujos-lp\/various-now-thats-what-i-call-christmas-3lp\/#breadcrumb"},"inLanguage":"en-GB","potentialAction":[{"@type":"ReadAction","target":["https:\/\/vinilozona.lt\/parduotuve\/naujos-lp\/various-now-thats-what-i-call-christmas-3lp\/"]}]},{"@type":"ImageObject","inLanguage":"en-GB","@id":"https:\/\/vinilozona.lt\/parduotuve\/naujos-lp\/various-now-thats-what-i-call-christmas-3lp\/#primaryimage","url":"https:\/\/vinilozona.lt\/wp-content\/uploads\/2025\/12\/R-17590309-1614323531-1406.jpg","contentUrl":"https:\/\/vinilozona.lt\/wp-content\/uploads\/2025\/12\/R-17590309-1614323531-1406.jpg","width":600,"height":586},{"@type":"BreadcrumbList","@id":"https:\/\/vinilozona.lt\/parduotuve\/naujos-lp\/various-now-thats-what-i-call-christmas-3lp\/#breadcrumb","itemListElement":[{"@type":"ListItem","position":1,"name":"Home","item":"https:\/\/vinilozona.lt\/"},{"@type":"ListItem","position":2,"name":"Parduotuv\u0117","item":"https:\/\/vinilozona.lt\/parduotuve\/"},{"@type":"ListItem","position":3,"name":"Boney M. \u2013 Boney M. &#038; Friends &#8211; Their Ultimate Collection"}]},{"@type":"WebSite","@id":"https:\/\/vinilozona.lt\/#website","url":"https:\/\/vinilozona.lt\/","name":"Vinilo Zona","description":"Nup\u016bsk dulkes ir klausyk LP","potentialAction":[{"@type":"SearchAction","target":{"@type":"EntryPoint","urlTemplate":"https:\/\/vinilozona.lt\/?s={search_term_string}"},"query-input":{"@type":"PropertyValueSpecification","valueRequired":true,"valueName":"search_term_string"}}],"inLanguage":"en-GB"}]}},"_links":{"self":[{"href":"https:\/\/vinilozona.lt\/en\/wp-json\/wp\/v2\/product\/29850"}],"collection":[{"href":"https:\/\/vinilozona.lt\/en\/wp-json\/wp\/v2\/product"}],"about":[{"href":"https:\/\/vinilozona.lt\/en\/wp-json\/wp\/v2\/types\/product"}],"wp:featuredmedia":[{"embeddable":true,"href":"https:\/\/vinilozona.lt\/en\/wp-json\/wp\/v2\/media\/30591"}],"wp:attachment":[{"href":"https:\/\/vinilozona.lt\/en\/wp-json\/wp\/v2\/media?parent=29850"}],"wp:term":[{"taxonomy":"product_cat","embeddable":true,"href":"https:\/\/vinilozona.lt\/en\/wp-json\/wp\/v2\/product_cat?post=29850"},{"taxonomy":"product_tag","embeddable":true,"href":"https:\/\/vinilozona.lt\/en\/wp-json\/wp\/v2\/product_tag?post=29850"}],"curies":[{"name":"wp","href":"https:\/\/api.w.org\/{rel}","templated":true}]}}