{"id":29841,"date":"2026-01-22T12:39:25","date_gmt":"2026-01-22T10:39:25","guid":{"rendered":"https:\/\/vinilozona.lt\/?post_type=product&#038;p=29841"},"modified":"2026-01-10T17:34:44","modified_gmt":"2026-01-10T15:34:44","slug":"hans-zimmer-the-world-of-hans-zimmer-part-ii-a-new-dimension-3lp","status":"publish","type":"product","link":"https:\/\/vinilozona.lt\/en\/parduotuve\/classic\/hans-zimmer-the-world-of-hans-zimmer-part-ii-a-new-dimension-3lp\/","title":{"rendered":"Hans Zimmer \u2013 The World Of Hans Zimmer (Part II) (A New Dimension) 3LP"},"content":{"rendered":"<p>A1\t\tMan Of Steel: What Are You Going To Do When You Are Not Saving The World?\t4:31<br \/>\nA2\t\tDriving Miss Daisy\t3:33<br \/>\nA3\t\tThe Rock Suite\t5:11<br \/>\nA4\t\tNo Time To Die Suite: Part I\t3:06<br \/>\nA5\t\tNo Time To Die Suite: Part II: Final Ascent\t2:49<br \/>\nB1\t\tInterstellar Suite: Part I\t3:03<br \/>\nB2\t\tInterstellar Suite: Part II\t4:06<br \/>\nB3\t\tDune II Suite: Part I: Intro\t1:10<br \/>\nB4\t\tDune II Suite: Part II: A Time Of Quiet Between The Storms\t4:27<br \/>\nB5\t\tThe Prince Of Egypt: Part I\t1:46<br \/>\nB6\t\tThe Prince Of Egypt: Part II\t3:42<br \/>\nB7\t\tThe Prince Of Egypt: Part III\t6:20<br \/>\nC1\t\tWonder Woman Suite\t4:57<br \/>\nC2\t\tSherlock Holmes Suite: Part I\t2:02<br \/>\nC3\t\tSherlock Holmes Suite: Part II\t5:57<br \/>\nC4\t\tInception Suite: Part I: Dream Is Collapsing\t3:50<br \/>\nC5\t\tInception Suite: Part II: Time\t4:48<br \/>\nD1\t\tThe Dark Knight: Why Do We Fall?\t4:19<br \/>\nD2\t\tGladiator Suite: Part I\t2:40<br \/>\nD3\t\tGladiator Suite: Part II\t6:48<br \/>\nD4\t\tGladiator Suite: Part III: Now We Are Free\t3:57<br \/>\nE1\t\tPearl Harbor Suite\t6:27<br \/>\nE2\t\tKung Fu Panda Suite: Part I\t2:01<br \/>\nE3\t\tKung Fu Panda Suite: Part II\t4:02<br \/>\nE4\t\tPower Of One: Mother Africa\t5:21<br \/>\nF1\t\tThe Lion King Suite: Part I\t5:18<br \/>\nF2\t\tThe Lion King Suite: Part II\t4:49<br \/>\nF3\t\tPirates Of The Caribbean Suite: Part I\t3:19<br \/>\nF4\t\tPirates Of The Caribbean Suite: Part II\t2:44<\/p>","protected":false},"excerpt":{"rendered":"<p>LLabel:<br \/>\nSony Classical \u2013 19802826151, Sony Music \u2013 19802826151<br \/>\nFormat:<br \/>\nVinyl, LP, Orange<br \/>\nVinyl, LP, Red<br \/>\nVinyl, LP, Blue<br \/>\nAll Media, Album, Limited Edition, Stereo, 180g<br \/>\nCountry:<br \/>\nEurope<br \/>\nReleased:<br \/>\nJan 31, 2025<\/p>","protected":false},"featured_media":29842,"template":"","meta":[],"product_cat":[22,23],"product_tag":[55],"yoast_head":"<!-- This site is optimized with the Yoast SEO plugin v23.5 - https:\/\/yoast.com\/wordpress\/plugins\/seo\/ -->\n<title>Hans Zimmer \u2013 The World Of Hans Zimmer (Part II) (A New Dimension) 3LP Vinilin\u0117 Plok\u0161tel\u0117 | Vinilozona.lt<\/title>\n<meta name=\"robots\" content=\"index, follow, max-snippet:-1, max-image-preview:large, max-video-preview:-1\" \/>\n<link rel=\"canonical\" href=\"https:\/\/vinilozona.lt\/en\/parduotuve\/classic\/hans-zimmer-the-world-of-hans-zimmer-part-ii-a-new-dimension-3lp\/\" \/>\n<meta property=\"og:locale\" content=\"en_GB\" \/>\n<meta property=\"og:type\" content=\"article\" \/>\n<meta property=\"og:title\" content=\"Hans Zimmer \u2013 The World Of Hans Zimmer (Part II) (A New Dimension) 3LP Vinilin\u0117 Plok\u0161tel\u0117 | Vinilozona.lt\" \/>\n<meta property=\"og:description\" content=\"LLabel: Sony Classical \u2013 19802826151, Sony Music \u2013 19802826151 Format: Vinyl, LP, Orange Vinyl, LP, Red Vinyl, LP, Blue All Media, Album, Limited Edition, Stereo, 180g Country: Europe Released: Jan 31, 2025\" \/>\n<meta property=\"og:url\" content=\"https:\/\/vinilozona.lt\/en\/parduotuve\/classic\/hans-zimmer-the-world-of-hans-zimmer-part-ii-a-new-dimension-3lp\/\" \/>\n<meta property=\"og:site_name\" content=\"Vinilo Zona\" \/>\n<meta property=\"article:modified_time\" content=\"2026-01-10T15:34:44+00:00\" \/>\n<meta property=\"og:image\" content=\"https:\/\/vinilozona.lt\/wp-content\/uploads\/2025\/11\/R-33034989-1738763314-3849.jpg\" \/>\n\t<meta property=\"og:image:width\" content=\"595\" \/>\n\t<meta property=\"og:image:height\" content=\"600\" \/>\n\t<meta property=\"og:image:type\" content=\"image\/jpeg\" \/>\n<meta name=\"twitter:card\" content=\"summary_large_image\" \/>\n<meta name=\"twitter:label1\" content=\"Estimated reading time\" \/>\n\t<meta name=\"twitter:data1\" content=\"2 minutes\" \/>\n<script type=\"application\/ld+json\" class=\"yoast-schema-graph\">{\"@context\":\"https:\/\/schema.org\",\"@graph\":[{\"@type\":\"WebPage\",\"@id\":\"https:\/\/vinilozona.lt\/parduotuve\/classic\/hans-zimmer-the-world-of-hans-zimmer-part-ii-a-new-dimension-3lp\/\",\"url\":\"https:\/\/vinilozona.lt\/parduotuve\/classic\/hans-zimmer-the-world-of-hans-zimmer-part-ii-a-new-dimension-3lp\/\",\"name\":\"Hans Zimmer \u2013 The World Of Hans Zimmer (Part II) (A New Dimension) 3LP Vinilin\u0117 Plok\u0161tel\u0117 | Vinilozona.lt\",\"isPartOf\":{\"@id\":\"https:\/\/vinilozona.lt\/#website\"},\"primaryImageOfPage\":{\"@id\":\"https:\/\/vinilozona.lt\/parduotuve\/classic\/hans-zimmer-the-world-of-hans-zimmer-part-ii-a-new-dimension-3lp\/#primaryimage\"},\"image\":{\"@id\":\"https:\/\/vinilozona.lt\/parduotuve\/classic\/hans-zimmer-the-world-of-hans-zimmer-part-ii-a-new-dimension-3lp\/#primaryimage\"},\"thumbnailUrl\":\"https:\/\/vinilozona.lt\/wp-content\/uploads\/2025\/11\/R-33034989-1738763314-3849.jpg\",\"datePublished\":\"2026-01-22T10:39:25+00:00\",\"dateModified\":\"2026-01-10T15:34:44+00:00\",\"breadcrumb\":{\"@id\":\"https:\/\/vinilozona.lt\/parduotuve\/classic\/hans-zimmer-the-world-of-hans-zimmer-part-ii-a-new-dimension-3lp\/#breadcrumb\"},\"inLanguage\":\"en-GB\",\"potentialAction\":[{\"@type\":\"ReadAction\",\"target\":[\"https:\/\/vinilozona.lt\/parduotuve\/classic\/hans-zimmer-the-world-of-hans-zimmer-part-ii-a-new-dimension-3lp\/\"]}]},{\"@type\":\"ImageObject\",\"inLanguage\":\"en-GB\",\"@id\":\"https:\/\/vinilozona.lt\/parduotuve\/classic\/hans-zimmer-the-world-of-hans-zimmer-part-ii-a-new-dimension-3lp\/#primaryimage\",\"url\":\"https:\/\/vinilozona.lt\/wp-content\/uploads\/2025\/11\/R-33034989-1738763314-3849.jpg\",\"contentUrl\":\"https:\/\/vinilozona.lt\/wp-content\/uploads\/2025\/11\/R-33034989-1738763314-3849.jpg\",\"width\":595,\"height\":600},{\"@type\":\"BreadcrumbList\",\"@id\":\"https:\/\/vinilozona.lt\/parduotuve\/classic\/hans-zimmer-the-world-of-hans-zimmer-part-ii-a-new-dimension-3lp\/#breadcrumb\",\"itemListElement\":[{\"@type\":\"ListItem\",\"position\":1,\"name\":\"Home\",\"item\":\"https:\/\/vinilozona.lt\/\"},{\"@type\":\"ListItem\",\"position\":2,\"name\":\"Parduotuv\u0117\",\"item\":\"https:\/\/vinilozona.lt\/parduotuve\/\"},{\"@type\":\"ListItem\",\"position\":3,\"name\":\"Hans Zimmer \u2013 The World Of Hans Zimmer (Part II) (A New Dimension) 3LP\"}]},{\"@type\":\"WebSite\",\"@id\":\"https:\/\/vinilozona.lt\/#website\",\"url\":\"https:\/\/vinilozona.lt\/\",\"name\":\"Vinilo Zona\",\"description\":\"Nup\u016bsk dulkes ir klausyk LP\",\"potentialAction\":[{\"@type\":\"SearchAction\",\"target\":{\"@type\":\"EntryPoint\",\"urlTemplate\":\"https:\/\/vinilozona.lt\/?s={search_term_string}\"},\"query-input\":{\"@type\":\"PropertyValueSpecification\",\"valueRequired\":true,\"valueName\":\"search_term_string\"}}],\"inLanguage\":\"en-GB\"}]}<\/script>\n<!-- \/ Yoast SEO plugin. -->","yoast_head_json":{"title":"Hans Zimmer \u2013 The World Of Hans Zimmer (Part II) (A New Dimension) 3LP Vinilin\u0117 Plok\u0161tel\u0117 | Vinilozona.lt","robots":{"index":"index","follow":"follow","max-snippet":"max-snippet:-1","max-image-preview":"max-image-preview:large","max-video-preview":"max-video-preview:-1"},"canonical":"https:\/\/vinilozona.lt\/en\/parduotuve\/classic\/hans-zimmer-the-world-of-hans-zimmer-part-ii-a-new-dimension-3lp\/","og_locale":"en_GB","og_type":"article","og_title":"Hans Zimmer \u2013 The World Of Hans Zimmer (Part II) (A New Dimension) 3LP Vinilin\u0117 Plok\u0161tel\u0117 | Vinilozona.lt","og_description":"LLabel: Sony Classical \u2013 19802826151, Sony Music \u2013 19802826151 Format: Vinyl, LP, Orange Vinyl, LP, Red Vinyl, LP, Blue All Media, Album, Limited Edition, Stereo, 180g Country: Europe Released: Jan 31, 2025","og_url":"https:\/\/vinilozona.lt\/en\/parduotuve\/classic\/hans-zimmer-the-world-of-hans-zimmer-part-ii-a-new-dimension-3lp\/","og_site_name":"Vinilo Zona","article_modified_time":"2026-01-10T15:34:44+00:00","og_image":[{"width":595,"height":600,"url":"https:\/\/vinilozona.lt\/wp-content\/uploads\/2025\/11\/R-33034989-1738763314-3849.jpg","type":"image\/jpeg"}],"twitter_card":"summary_large_image","twitter_misc":{"Estimated reading time":"2 minutes"},"schema":{"@context":"https:\/\/schema.org","@graph":[{"@type":"WebPage","@id":"https:\/\/vinilozona.lt\/parduotuve\/classic\/hans-zimmer-the-world-of-hans-zimmer-part-ii-a-new-dimension-3lp\/","url":"https:\/\/vinilozona.lt\/parduotuve\/classic\/hans-zimmer-the-world-of-hans-zimmer-part-ii-a-new-dimension-3lp\/","name":"Hans Zimmer \u2013 The World Of Hans Zimmer (Part II) (A New Dimension) 3LP Vinilin\u0117 Plok\u0161tel\u0117 | Vinilozona.lt","isPartOf":{"@id":"https:\/\/vinilozona.lt\/#website"},"primaryImageOfPage":{"@id":"https:\/\/vinilozona.lt\/parduotuve\/classic\/hans-zimmer-the-world-of-hans-zimmer-part-ii-a-new-dimension-3lp\/#primaryimage"},"image":{"@id":"https:\/\/vinilozona.lt\/parduotuve\/classic\/hans-zimmer-the-world-of-hans-zimmer-part-ii-a-new-dimension-3lp\/#primaryimage"},"thumbnailUrl":"https:\/\/vinilozona.lt\/wp-content\/uploads\/2025\/11\/R-33034989-1738763314-3849.jpg","datePublished":"2026-01-22T10:39:25+00:00","dateModified":"2026-01-10T15:34:44+00:00","breadcrumb":{"@id":"https:\/\/vinilozona.lt\/parduotuve\/classic\/hans-zimmer-the-world-of-hans-zimmer-part-ii-a-new-dimension-3lp\/#breadcrumb"},"inLanguage":"en-GB","potentialAction":[{"@type":"ReadAction","target":["https:\/\/vinilozona.lt\/parduotuve\/classic\/hans-zimmer-the-world-of-hans-zimmer-part-ii-a-new-dimension-3lp\/"]}]},{"@type":"ImageObject","inLanguage":"en-GB","@id":"https:\/\/vinilozona.lt\/parduotuve\/classic\/hans-zimmer-the-world-of-hans-zimmer-part-ii-a-new-dimension-3lp\/#primaryimage","url":"https:\/\/vinilozona.lt\/wp-content\/uploads\/2025\/11\/R-33034989-1738763314-3849.jpg","contentUrl":"https:\/\/vinilozona.lt\/wp-content\/uploads\/2025\/11\/R-33034989-1738763314-3849.jpg","width":595,"height":600},{"@type":"BreadcrumbList","@id":"https:\/\/vinilozona.lt\/parduotuve\/classic\/hans-zimmer-the-world-of-hans-zimmer-part-ii-a-new-dimension-3lp\/#breadcrumb","itemListElement":[{"@type":"ListItem","position":1,"name":"Home","item":"https:\/\/vinilozona.lt\/"},{"@type":"ListItem","position":2,"name":"Parduotuv\u0117","item":"https:\/\/vinilozona.lt\/parduotuve\/"},{"@type":"ListItem","position":3,"name":"Hans Zimmer \u2013 The World Of Hans Zimmer (Part II) (A New Dimension) 3LP"}]},{"@type":"WebSite","@id":"https:\/\/vinilozona.lt\/#website","url":"https:\/\/vinilozona.lt\/","name":"Vinilo Zona","description":"Nup\u016bsk dulkes ir klausyk LP","potentialAction":[{"@type":"SearchAction","target":{"@type":"EntryPoint","urlTemplate":"https:\/\/vinilozona.lt\/?s={search_term_string}"},"query-input":{"@type":"PropertyValueSpecification","valueRequired":true,"valueName":"search_term_string"}}],"inLanguage":"en-GB"}]}},"_links":{"self":[{"href":"https:\/\/vinilozona.lt\/en\/wp-json\/wp\/v2\/product\/29841"}],"collection":[{"href":"https:\/\/vinilozona.lt\/en\/wp-json\/wp\/v2\/product"}],"about":[{"href":"https:\/\/vinilozona.lt\/en\/wp-json\/wp\/v2\/types\/product"}],"wp:featuredmedia":[{"embeddable":true,"href":"https:\/\/vinilozona.lt\/en\/wp-json\/wp\/v2\/media\/29842"}],"wp:attachment":[{"href":"https:\/\/vinilozona.lt\/en\/wp-json\/wp\/v2\/media?parent=29841"}],"wp:term":[{"taxonomy":"product_cat","embeddable":true,"href":"https:\/\/vinilozona.lt\/en\/wp-json\/wp\/v2\/product_cat?post=29841"},{"taxonomy":"product_tag","embeddable":true,"href":"https:\/\/vinilozona.lt\/en\/wp-json\/wp\/v2\/product_tag?post=29841"}],"curies":[{"name":"wp","href":"https:\/\/api.w.org\/{rel}","templated":true}]}}