{"id":29837,"date":"2025-11-29T20:07:06","date_gmt":"2025-11-29T18:07:06","guid":{"rendered":"https:\/\/vinilozona.lt\/?post_type=product&#038;p=29837"},"modified":"2026-03-04T18:44:18","modified_gmt":"2026-03-04T16:44:18","slug":"kostas-kubilinskas-pasakos","status":"publish","type":"product","link":"https:\/\/vinilozona.lt\/en\/parduotuve\/kita\/kostas-kubilinskas-pasakos\/","title":{"rendered":"\u0426\u0438\u0441\u043f\u0435\u0440\u0438 \u0422\u0440\u0438\u043e = Tsisperi Trio \u2013 \u0413\u0440\u0443\u0437\u0438\u043d\u0441\u043a\u0438\u0435 \u0413\u043e\u0440\u043e\u0434\u0441\u043a\u0438\u0435 \u041f\u0435\u0441\u043d\u0438 = Georgian Urban Songs"},"content":{"rendered":"<p>A1\t\tA Colour Of The Sky\t3:19<br \/>\nA2\t\tThe Wind Of Imereti\t2:49<br \/>\nA3\t\tSuliko\t2:49<br \/>\nA4\t\tGeorgia\t3:23<br \/>\nA5\t\tSong About Kutaisi-town\t2:22<br \/>\nA6\t\tNatiya\t3:03<br \/>\nA7\t\tThe Eyes, Dear To Me\t1:57<br \/>\nB1\t\tA Leaf\t3:26<br \/>\nB2\t\tRecollection\t2:06<br \/>\nB3\t\tWinter\t3:25<br \/>\nB4\t\tI Need Your Smile\t2:45<br \/>\nB5\t\tThe Midnight Sun\t1:53<br \/>\nB6\t\tLove Chant\t3:09<br \/>\nB7\t\tA Blue April\t3:10<\/p>","protected":false},"excerpt":{"rendered":"<p>\u041c\u0435\u043b\u043e\u0434\u0438\u044f \u2013 \u042160\u201415731-32<br \/>\nFormat:<br \/>\nVinyl, LP, Album, Red Labels<br \/>\nCountry:<br \/>\nUSSR<br \/>\nReleased:<br \/>\n1981<\/p>","protected":false},"featured_media":30602,"template":"","meta":[],"product_cat":[21],"product_tag":[44],"yoast_head":"<!-- This site is optimized with the Yoast SEO plugin v23.5 - https:\/\/yoast.com\/wordpress\/plugins\/seo\/ -->\n<title>\u0426\u0438\u0441\u043f\u0435\u0440\u0438 \u0422\u0440\u0438\u043e = Tsisperi Trio \u2013 \u0413\u0440\u0443\u0437\u0438\u043d\u0441\u043a\u0438\u0435 \u0413\u043e\u0440\u043e\u0434\u0441\u043a\u0438\u0435 \u041f\u0435\u0441\u043d\u0438 = Georgian Urban Songs Vinilin\u0117 Plok\u0161tel\u0117 | Vinilozona.lt<\/title>\n<meta name=\"robots\" content=\"index, follow, max-snippet:-1, max-image-preview:large, max-video-preview:-1\" \/>\n<link rel=\"canonical\" href=\"https:\/\/vinilozona.lt\/en\/parduotuve\/kita\/kostas-kubilinskas-pasakos\/\" \/>\n<meta property=\"og:locale\" content=\"en_GB\" \/>\n<meta property=\"og:type\" content=\"article\" \/>\n<meta property=\"og:title\" content=\"\u0426\u0438\u0441\u043f\u0435\u0440\u0438 \u0422\u0440\u0438\u043e = Tsisperi Trio \u2013 \u0413\u0440\u0443\u0437\u0438\u043d\u0441\u043a\u0438\u0435 \u0413\u043e\u0440\u043e\u0434\u0441\u043a\u0438\u0435 \u041f\u0435\u0441\u043d\u0438 = Georgian Urban Songs Vinilin\u0117 Plok\u0161tel\u0117 | Vinilozona.lt\" \/>\n<meta property=\"og:description\" content=\"\u041c\u0435\u043b\u043e\u0434\u0438\u044f \u2013 \u042160\u201415731-32 Format: Vinyl, LP, Album, Red Labels Country: USSR Released: 1981\" \/>\n<meta property=\"og:url\" content=\"https:\/\/vinilozona.lt\/en\/parduotuve\/kita\/kostas-kubilinskas-pasakos\/\" \/>\n<meta property=\"og:site_name\" content=\"Vinilo Zona\" \/>\n<meta property=\"article:modified_time\" content=\"2026-03-04T16:44:18+00:00\" \/>\n<meta property=\"og:image\" content=\"https:\/\/vinilozona.lt\/wp-content\/uploads\/2025\/11\/R-30726047-1716153362-7762.jpg\" \/>\n\t<meta property=\"og:image:width\" content=\"598\" \/>\n\t<meta property=\"og:image:height\" content=\"600\" \/>\n\t<meta property=\"og:image:type\" content=\"image\/jpeg\" \/>\n<meta name=\"twitter:card\" content=\"summary_large_image\" \/>\n<meta name=\"twitter:label1\" content=\"Estimated reading time\" \/>\n\t<meta name=\"twitter:data1\" content=\"1 minute\" \/>\n<script type=\"application\/ld+json\" class=\"yoast-schema-graph\">{\"@context\":\"https:\/\/schema.org\",\"@graph\":[{\"@type\":\"WebPage\",\"@id\":\"https:\/\/vinilozona.lt\/parduotuve\/kita\/kostas-kubilinskas-pasakos\/\",\"url\":\"https:\/\/vinilozona.lt\/parduotuve\/kita\/kostas-kubilinskas-pasakos\/\",\"name\":\"\u0426\u0438\u0441\u043f\u0435\u0440\u0438 \u0422\u0440\u0438\u043e = Tsisperi Trio \u2013 \u0413\u0440\u0443\u0437\u0438\u043d\u0441\u043a\u0438\u0435 \u0413\u043e\u0440\u043e\u0434\u0441\u043a\u0438\u0435 \u041f\u0435\u0441\u043d\u0438 = Georgian Urban Songs Vinilin\u0117 Plok\u0161tel\u0117 | Vinilozona.lt\",\"isPartOf\":{\"@id\":\"https:\/\/vinilozona.lt\/#website\"},\"primaryImageOfPage\":{\"@id\":\"https:\/\/vinilozona.lt\/parduotuve\/kita\/kostas-kubilinskas-pasakos\/#primaryimage\"},\"image\":{\"@id\":\"https:\/\/vinilozona.lt\/parduotuve\/kita\/kostas-kubilinskas-pasakos\/#primaryimage\"},\"thumbnailUrl\":\"https:\/\/vinilozona.lt\/wp-content\/uploads\/2025\/11\/R-30726047-1716153362-7762.jpg\",\"datePublished\":\"2025-11-29T18:07:06+00:00\",\"dateModified\":\"2026-03-04T16:44:18+00:00\",\"breadcrumb\":{\"@id\":\"https:\/\/vinilozona.lt\/parduotuve\/kita\/kostas-kubilinskas-pasakos\/#breadcrumb\"},\"inLanguage\":\"en-GB\",\"potentialAction\":[{\"@type\":\"ReadAction\",\"target\":[\"https:\/\/vinilozona.lt\/parduotuve\/kita\/kostas-kubilinskas-pasakos\/\"]}]},{\"@type\":\"ImageObject\",\"inLanguage\":\"en-GB\",\"@id\":\"https:\/\/vinilozona.lt\/parduotuve\/kita\/kostas-kubilinskas-pasakos\/#primaryimage\",\"url\":\"https:\/\/vinilozona.lt\/wp-content\/uploads\/2025\/11\/R-30726047-1716153362-7762.jpg\",\"contentUrl\":\"https:\/\/vinilozona.lt\/wp-content\/uploads\/2025\/11\/R-30726047-1716153362-7762.jpg\",\"width\":598,\"height\":600},{\"@type\":\"BreadcrumbList\",\"@id\":\"https:\/\/vinilozona.lt\/parduotuve\/kita\/kostas-kubilinskas-pasakos\/#breadcrumb\",\"itemListElement\":[{\"@type\":\"ListItem\",\"position\":1,\"name\":\"Home\",\"item\":\"https:\/\/vinilozona.lt\/\"},{\"@type\":\"ListItem\",\"position\":2,\"name\":\"Parduotuv\u0117\",\"item\":\"https:\/\/vinilozona.lt\/parduotuve\/\"},{\"@type\":\"ListItem\",\"position\":3,\"name\":\"\u0426\u0438\u0441\u043f\u0435\u0440\u0438 \u0422\u0440\u0438\u043e = Tsisperi Trio \u2013 \u0413\u0440\u0443\u0437\u0438\u043d\u0441\u043a\u0438\u0435 \u0413\u043e\u0440\u043e\u0434\u0441\u043a\u0438\u0435 \u041f\u0435\u0441\u043d\u0438 = Georgian Urban Songs\"}]},{\"@type\":\"WebSite\",\"@id\":\"https:\/\/vinilozona.lt\/#website\",\"url\":\"https:\/\/vinilozona.lt\/\",\"name\":\"Vinilo Zona\",\"description\":\"Nup\u016bsk dulkes ir klausyk LP\",\"potentialAction\":[{\"@type\":\"SearchAction\",\"target\":{\"@type\":\"EntryPoint\",\"urlTemplate\":\"https:\/\/vinilozona.lt\/?s={search_term_string}\"},\"query-input\":{\"@type\":\"PropertyValueSpecification\",\"valueRequired\":true,\"valueName\":\"search_term_string\"}}],\"inLanguage\":\"en-GB\"}]}<\/script>\n<!-- \/ Yoast SEO plugin. -->","yoast_head_json":{"title":"\u0426\u0438\u0441\u043f\u0435\u0440\u0438 \u0422\u0440\u0438\u043e = Tsisperi Trio \u2013 \u0413\u0440\u0443\u0437\u0438\u043d\u0441\u043a\u0438\u0435 \u0413\u043e\u0440\u043e\u0434\u0441\u043a\u0438\u0435 \u041f\u0435\u0441\u043d\u0438 = Georgian Urban Songs Vinilin\u0117 Plok\u0161tel\u0117 | Vinilozona.lt","robots":{"index":"index","follow":"follow","max-snippet":"max-snippet:-1","max-image-preview":"max-image-preview:large","max-video-preview":"max-video-preview:-1"},"canonical":"https:\/\/vinilozona.lt\/en\/parduotuve\/kita\/kostas-kubilinskas-pasakos\/","og_locale":"en_GB","og_type":"article","og_title":"\u0426\u0438\u0441\u043f\u0435\u0440\u0438 \u0422\u0440\u0438\u043e = Tsisperi Trio \u2013 \u0413\u0440\u0443\u0437\u0438\u043d\u0441\u043a\u0438\u0435 \u0413\u043e\u0440\u043e\u0434\u0441\u043a\u0438\u0435 \u041f\u0435\u0441\u043d\u0438 = Georgian Urban Songs Vinilin\u0117 Plok\u0161tel\u0117 | Vinilozona.lt","og_description":"\u041c\u0435\u043b\u043e\u0434\u0438\u044f \u2013 \u042160\u201415731-32 Format: Vinyl, LP, Album, Red Labels Country: USSR Released: 1981","og_url":"https:\/\/vinilozona.lt\/en\/parduotuve\/kita\/kostas-kubilinskas-pasakos\/","og_site_name":"Vinilo Zona","article_modified_time":"2026-03-04T16:44:18+00:00","og_image":[{"width":598,"height":600,"url":"https:\/\/vinilozona.lt\/wp-content\/uploads\/2025\/11\/R-30726047-1716153362-7762.jpg","type":"image\/jpeg"}],"twitter_card":"summary_large_image","twitter_misc":{"Estimated reading time":"1 minute"},"schema":{"@context":"https:\/\/schema.org","@graph":[{"@type":"WebPage","@id":"https:\/\/vinilozona.lt\/parduotuve\/kita\/kostas-kubilinskas-pasakos\/","url":"https:\/\/vinilozona.lt\/parduotuve\/kita\/kostas-kubilinskas-pasakos\/","name":"\u0426\u0438\u0441\u043f\u0435\u0440\u0438 \u0422\u0440\u0438\u043e = Tsisperi Trio \u2013 \u0413\u0440\u0443\u0437\u0438\u043d\u0441\u043a\u0438\u0435 \u0413\u043e\u0440\u043e\u0434\u0441\u043a\u0438\u0435 \u041f\u0435\u0441\u043d\u0438 = Georgian Urban Songs Vinilin\u0117 Plok\u0161tel\u0117 | Vinilozona.lt","isPartOf":{"@id":"https:\/\/vinilozona.lt\/#website"},"primaryImageOfPage":{"@id":"https:\/\/vinilozona.lt\/parduotuve\/kita\/kostas-kubilinskas-pasakos\/#primaryimage"},"image":{"@id":"https:\/\/vinilozona.lt\/parduotuve\/kita\/kostas-kubilinskas-pasakos\/#primaryimage"},"thumbnailUrl":"https:\/\/vinilozona.lt\/wp-content\/uploads\/2025\/11\/R-30726047-1716153362-7762.jpg","datePublished":"2025-11-29T18:07:06+00:00","dateModified":"2026-03-04T16:44:18+00:00","breadcrumb":{"@id":"https:\/\/vinilozona.lt\/parduotuve\/kita\/kostas-kubilinskas-pasakos\/#breadcrumb"},"inLanguage":"en-GB","potentialAction":[{"@type":"ReadAction","target":["https:\/\/vinilozona.lt\/parduotuve\/kita\/kostas-kubilinskas-pasakos\/"]}]},{"@type":"ImageObject","inLanguage":"en-GB","@id":"https:\/\/vinilozona.lt\/parduotuve\/kita\/kostas-kubilinskas-pasakos\/#primaryimage","url":"https:\/\/vinilozona.lt\/wp-content\/uploads\/2025\/11\/R-30726047-1716153362-7762.jpg","contentUrl":"https:\/\/vinilozona.lt\/wp-content\/uploads\/2025\/11\/R-30726047-1716153362-7762.jpg","width":598,"height":600},{"@type":"BreadcrumbList","@id":"https:\/\/vinilozona.lt\/parduotuve\/kita\/kostas-kubilinskas-pasakos\/#breadcrumb","itemListElement":[{"@type":"ListItem","position":1,"name":"Home","item":"https:\/\/vinilozona.lt\/"},{"@type":"ListItem","position":2,"name":"Parduotuv\u0117","item":"https:\/\/vinilozona.lt\/parduotuve\/"},{"@type":"ListItem","position":3,"name":"\u0426\u0438\u0441\u043f\u0435\u0440\u0438 \u0422\u0440\u0438\u043e = Tsisperi Trio \u2013 \u0413\u0440\u0443\u0437\u0438\u043d\u0441\u043a\u0438\u0435 \u0413\u043e\u0440\u043e\u0434\u0441\u043a\u0438\u0435 \u041f\u0435\u0441\u043d\u0438 = Georgian Urban Songs"}]},{"@type":"WebSite","@id":"https:\/\/vinilozona.lt\/#website","url":"https:\/\/vinilozona.lt\/","name":"Vinilo Zona","description":"Nup\u016bsk dulkes ir klausyk LP","potentialAction":[{"@type":"SearchAction","target":{"@type":"EntryPoint","urlTemplate":"https:\/\/vinilozona.lt\/?s={search_term_string}"},"query-input":{"@type":"PropertyValueSpecification","valueRequired":true,"valueName":"search_term_string"}}],"inLanguage":"en-GB"}]}},"_links":{"self":[{"href":"https:\/\/vinilozona.lt\/en\/wp-json\/wp\/v2\/product\/29837"}],"collection":[{"href":"https:\/\/vinilozona.lt\/en\/wp-json\/wp\/v2\/product"}],"about":[{"href":"https:\/\/vinilozona.lt\/en\/wp-json\/wp\/v2\/types\/product"}],"wp:featuredmedia":[{"embeddable":true,"href":"https:\/\/vinilozona.lt\/en\/wp-json\/wp\/v2\/media\/30602"}],"wp:attachment":[{"href":"https:\/\/vinilozona.lt\/en\/wp-json\/wp\/v2\/media?parent=29837"}],"wp:term":[{"taxonomy":"product_cat","embeddable":true,"href":"https:\/\/vinilozona.lt\/en\/wp-json\/wp\/v2\/product_cat?post=29837"},{"taxonomy":"product_tag","embeddable":true,"href":"https:\/\/vinilozona.lt\/en\/wp-json\/wp\/v2\/product_tag?post=29837"}],"curies":[{"name":"wp","href":"https:\/\/api.w.org\/{rel}","templated":true}]}}