{"id":29829,"date":"2025-11-28T05:06:16","date_gmt":"2025-11-28T03:06:16","guid":{"rendered":"https:\/\/vinilozona.lt\/?post_type=product&#038;p=29829"},"modified":"2026-03-01T11:47:01","modified_gmt":"2026-03-01T09:47:01","slug":"jean-michel-jarre-the-essential-1976-1986","status":"publish","type":"product","link":"https:\/\/vinilozona.lt\/en\/parduotuve\/rock-pop\/jean-michel-jarre-the-essential-1976-1986\/","title":{"rendered":"Jean Michel Jarre \u2013 The Essential (1976 &#8211; 1986)"},"content":{"rendered":"<p>A1\t\tOxyg\u00e8ne 4\t3:50<br \/>\nA2\t\tEquinoxe 5\t3:50<br \/>\nA3\t\tOxyg\u00e8ne 2\t3:14<br \/>\nA4\t\tLes Chants Magn\u00e9tiques 2\t3:57<br \/>\nA5\t\tOrient Express\t4:12<br \/>\nA6\t\tLes Chants Magn\u00e9tiques 1\t3:04<br \/>\nA7\t\tJonques De P\u00eacheurs Au Cr\u00e9puscule\t3:22<br \/>\nB1\t\tSouvenir De Chine\t3:59<br \/>\nB2\t\tEquinoxe 4\t3:39<br \/>\nB3\t\tOxyg\u00e8ne 6\t4:28<br \/>\nB4\t\tLes Chants Magn\u00e9tiques 4\t3:05<br \/>\nB5\t\tEquinoxe 3\t2:43<br \/>\nB6\t\tZoolookologie\t3:40<br \/>\nB7\t\tLes Chants Magn\u00e9tiques 5\t3:30<\/p>","protected":false},"excerpt":{"rendered":"<p>Disques Dreyfus \u2013 DLP 2004<br \/>\nFormat:<br \/>\nVinyl, LP, Compilation<br \/>\nCountry:<br \/>\nFrance<br \/>\nReleased:<br \/>\n1986<\/p>","protected":false},"featured_media":29830,"template":"","meta":[],"product_cat":[15],"product_tag":[44],"yoast_head":"<!-- This site is optimized with the Yoast SEO plugin v23.5 - https:\/\/yoast.com\/wordpress\/plugins\/seo\/ -->\n<title>Jean Michel Jarre \u2013 The Essential (1976 - 1986) Vinilin\u0117 Plok\u0161tel\u0117 | Vinilozona.lt<\/title>\n<meta name=\"robots\" content=\"index, follow, max-snippet:-1, max-image-preview:large, max-video-preview:-1\" \/>\n<link rel=\"canonical\" href=\"https:\/\/vinilozona.lt\/en\/parduotuve\/rock-pop\/jean-michel-jarre-the-essential-1976-1986\/\" \/>\n<meta property=\"og:locale\" content=\"en_GB\" \/>\n<meta property=\"og:type\" content=\"article\" \/>\n<meta property=\"og:title\" content=\"Jean Michel Jarre \u2013 The Essential (1976 - 1986) Vinilin\u0117 Plok\u0161tel\u0117 | Vinilozona.lt\" \/>\n<meta property=\"og:description\" content=\"Disques Dreyfus \u2013 DLP 2004 Format: Vinyl, LP, Compilation Country: France Released: 1986\" \/>\n<meta property=\"og:url\" content=\"https:\/\/vinilozona.lt\/en\/parduotuve\/rock-pop\/jean-michel-jarre-the-essential-1976-1986\/\" \/>\n<meta property=\"og:site_name\" content=\"Vinilo Zona\" \/>\n<meta property=\"article:modified_time\" content=\"2026-03-01T09:47:01+00:00\" \/>\n<meta property=\"og:image\" content=\"https:\/\/vinilozona.lt\/wp-content\/uploads\/2025\/11\/R-3071903-1689625554-4436.jpg\" \/>\n\t<meta property=\"og:image:width\" content=\"600\" \/>\n\t<meta property=\"og:image:height\" content=\"600\" \/>\n\t<meta property=\"og:image:type\" content=\"image\/jpeg\" \/>\n<meta name=\"twitter:card\" content=\"summary_large_image\" \/>\n<meta name=\"twitter:label1\" content=\"Estimated reading time\" \/>\n\t<meta name=\"twitter:data1\" content=\"1 minute\" \/>\n<script type=\"application\/ld+json\" class=\"yoast-schema-graph\">{\"@context\":\"https:\/\/schema.org\",\"@graph\":[{\"@type\":\"WebPage\",\"@id\":\"https:\/\/vinilozona.lt\/parduotuve\/rock-pop\/jean-michel-jarre-the-essential-1976-1986\/\",\"url\":\"https:\/\/vinilozona.lt\/parduotuve\/rock-pop\/jean-michel-jarre-the-essential-1976-1986\/\",\"name\":\"Jean Michel Jarre \u2013 The Essential (1976 - 1986) Vinilin\u0117 Plok\u0161tel\u0117 | Vinilozona.lt\",\"isPartOf\":{\"@id\":\"https:\/\/vinilozona.lt\/#website\"},\"primaryImageOfPage\":{\"@id\":\"https:\/\/vinilozona.lt\/parduotuve\/rock-pop\/jean-michel-jarre-the-essential-1976-1986\/#primaryimage\"},\"image\":{\"@id\":\"https:\/\/vinilozona.lt\/parduotuve\/rock-pop\/jean-michel-jarre-the-essential-1976-1986\/#primaryimage\"},\"thumbnailUrl\":\"https:\/\/vinilozona.lt\/wp-content\/uploads\/2025\/11\/R-3071903-1689625554-4436.jpg\",\"datePublished\":\"2025-11-28T03:06:16+00:00\",\"dateModified\":\"2026-03-01T09:47:01+00:00\",\"breadcrumb\":{\"@id\":\"https:\/\/vinilozona.lt\/parduotuve\/rock-pop\/jean-michel-jarre-the-essential-1976-1986\/#breadcrumb\"},\"inLanguage\":\"en-GB\",\"potentialAction\":[{\"@type\":\"ReadAction\",\"target\":[\"https:\/\/vinilozona.lt\/parduotuve\/rock-pop\/jean-michel-jarre-the-essential-1976-1986\/\"]}]},{\"@type\":\"ImageObject\",\"inLanguage\":\"en-GB\",\"@id\":\"https:\/\/vinilozona.lt\/parduotuve\/rock-pop\/jean-michel-jarre-the-essential-1976-1986\/#primaryimage\",\"url\":\"https:\/\/vinilozona.lt\/wp-content\/uploads\/2025\/11\/R-3071903-1689625554-4436.jpg\",\"contentUrl\":\"https:\/\/vinilozona.lt\/wp-content\/uploads\/2025\/11\/R-3071903-1689625554-4436.jpg\",\"width\":600,\"height\":600},{\"@type\":\"BreadcrumbList\",\"@id\":\"https:\/\/vinilozona.lt\/parduotuve\/rock-pop\/jean-michel-jarre-the-essential-1976-1986\/#breadcrumb\",\"itemListElement\":[{\"@type\":\"ListItem\",\"position\":1,\"name\":\"Home\",\"item\":\"https:\/\/vinilozona.lt\/\"},{\"@type\":\"ListItem\",\"position\":2,\"name\":\"Parduotuv\u0117\",\"item\":\"https:\/\/vinilozona.lt\/parduotuve\/\"},{\"@type\":\"ListItem\",\"position\":3,\"name\":\"Jean Michel Jarre \u2013 The Essential (1976 &#8211; 1986)\"}]},{\"@type\":\"WebSite\",\"@id\":\"https:\/\/vinilozona.lt\/#website\",\"url\":\"https:\/\/vinilozona.lt\/\",\"name\":\"Vinilo Zona\",\"description\":\"Nup\u016bsk dulkes ir klausyk LP\",\"potentialAction\":[{\"@type\":\"SearchAction\",\"target\":{\"@type\":\"EntryPoint\",\"urlTemplate\":\"https:\/\/vinilozona.lt\/?s={search_term_string}\"},\"query-input\":{\"@type\":\"PropertyValueSpecification\",\"valueRequired\":true,\"valueName\":\"search_term_string\"}}],\"inLanguage\":\"en-GB\"}]}<\/script>\n<!-- \/ Yoast SEO plugin. -->","yoast_head_json":{"title":"Jean Michel Jarre \u2013 The Essential (1976 - 1986) Vinilin\u0117 Plok\u0161tel\u0117 | Vinilozona.lt","robots":{"index":"index","follow":"follow","max-snippet":"max-snippet:-1","max-image-preview":"max-image-preview:large","max-video-preview":"max-video-preview:-1"},"canonical":"https:\/\/vinilozona.lt\/en\/parduotuve\/rock-pop\/jean-michel-jarre-the-essential-1976-1986\/","og_locale":"en_GB","og_type":"article","og_title":"Jean Michel Jarre \u2013 The Essential (1976 - 1986) Vinilin\u0117 Plok\u0161tel\u0117 | Vinilozona.lt","og_description":"Disques Dreyfus \u2013 DLP 2004 Format: Vinyl, LP, Compilation Country: France Released: 1986","og_url":"https:\/\/vinilozona.lt\/en\/parduotuve\/rock-pop\/jean-michel-jarre-the-essential-1976-1986\/","og_site_name":"Vinilo Zona","article_modified_time":"2026-03-01T09:47:01+00:00","og_image":[{"width":600,"height":600,"url":"https:\/\/vinilozona.lt\/wp-content\/uploads\/2025\/11\/R-3071903-1689625554-4436.jpg","type":"image\/jpeg"}],"twitter_card":"summary_large_image","twitter_misc":{"Estimated reading time":"1 minute"},"schema":{"@context":"https:\/\/schema.org","@graph":[{"@type":"WebPage","@id":"https:\/\/vinilozona.lt\/parduotuve\/rock-pop\/jean-michel-jarre-the-essential-1976-1986\/","url":"https:\/\/vinilozona.lt\/parduotuve\/rock-pop\/jean-michel-jarre-the-essential-1976-1986\/","name":"Jean Michel Jarre \u2013 The Essential (1976 - 1986) Vinilin\u0117 Plok\u0161tel\u0117 | Vinilozona.lt","isPartOf":{"@id":"https:\/\/vinilozona.lt\/#website"},"primaryImageOfPage":{"@id":"https:\/\/vinilozona.lt\/parduotuve\/rock-pop\/jean-michel-jarre-the-essential-1976-1986\/#primaryimage"},"image":{"@id":"https:\/\/vinilozona.lt\/parduotuve\/rock-pop\/jean-michel-jarre-the-essential-1976-1986\/#primaryimage"},"thumbnailUrl":"https:\/\/vinilozona.lt\/wp-content\/uploads\/2025\/11\/R-3071903-1689625554-4436.jpg","datePublished":"2025-11-28T03:06:16+00:00","dateModified":"2026-03-01T09:47:01+00:00","breadcrumb":{"@id":"https:\/\/vinilozona.lt\/parduotuve\/rock-pop\/jean-michel-jarre-the-essential-1976-1986\/#breadcrumb"},"inLanguage":"en-GB","potentialAction":[{"@type":"ReadAction","target":["https:\/\/vinilozona.lt\/parduotuve\/rock-pop\/jean-michel-jarre-the-essential-1976-1986\/"]}]},{"@type":"ImageObject","inLanguage":"en-GB","@id":"https:\/\/vinilozona.lt\/parduotuve\/rock-pop\/jean-michel-jarre-the-essential-1976-1986\/#primaryimage","url":"https:\/\/vinilozona.lt\/wp-content\/uploads\/2025\/11\/R-3071903-1689625554-4436.jpg","contentUrl":"https:\/\/vinilozona.lt\/wp-content\/uploads\/2025\/11\/R-3071903-1689625554-4436.jpg","width":600,"height":600},{"@type":"BreadcrumbList","@id":"https:\/\/vinilozona.lt\/parduotuve\/rock-pop\/jean-michel-jarre-the-essential-1976-1986\/#breadcrumb","itemListElement":[{"@type":"ListItem","position":1,"name":"Home","item":"https:\/\/vinilozona.lt\/"},{"@type":"ListItem","position":2,"name":"Parduotuv\u0117","item":"https:\/\/vinilozona.lt\/parduotuve\/"},{"@type":"ListItem","position":3,"name":"Jean Michel Jarre \u2013 The Essential (1976 &#8211; 1986)"}]},{"@type":"WebSite","@id":"https:\/\/vinilozona.lt\/#website","url":"https:\/\/vinilozona.lt\/","name":"Vinilo Zona","description":"Nup\u016bsk dulkes ir klausyk LP","potentialAction":[{"@type":"SearchAction","target":{"@type":"EntryPoint","urlTemplate":"https:\/\/vinilozona.lt\/?s={search_term_string}"},"query-input":{"@type":"PropertyValueSpecification","valueRequired":true,"valueName":"search_term_string"}}],"inLanguage":"en-GB"}]}},"_links":{"self":[{"href":"https:\/\/vinilozona.lt\/en\/wp-json\/wp\/v2\/product\/29829"}],"collection":[{"href":"https:\/\/vinilozona.lt\/en\/wp-json\/wp\/v2\/product"}],"about":[{"href":"https:\/\/vinilozona.lt\/en\/wp-json\/wp\/v2\/types\/product"}],"wp:featuredmedia":[{"embeddable":true,"href":"https:\/\/vinilozona.lt\/en\/wp-json\/wp\/v2\/media\/29830"}],"wp:attachment":[{"href":"https:\/\/vinilozona.lt\/en\/wp-json\/wp\/v2\/media?parent=29829"}],"wp:term":[{"taxonomy":"product_cat","embeddable":true,"href":"https:\/\/vinilozona.lt\/en\/wp-json\/wp\/v2\/product_cat?post=29829"},{"taxonomy":"product_tag","embeddable":true,"href":"https:\/\/vinilozona.lt\/en\/wp-json\/wp\/v2\/product_tag?post=29829"}],"curies":[{"name":"wp","href":"https:\/\/api.w.org\/{rel}","templated":true}]}}