{"id":2982,"date":"2025-05-19T05:04:47","date_gmt":"2025-05-19T02:04:47","guid":{"rendered":"https:\/\/vinylhome.lt\/?post_type=product&#038;p=2982"},"modified":"2026-03-06T12:21:03","modified_gmt":"2026-03-06T10:21:03","slug":"leo-sayer-leo-sayer","status":"publish","type":"product","link":"https:\/\/vinilozona.lt\/en\/parduotuve\/kita\/leo-sayer-leo-sayer\/","title":{"rendered":"Leo Sayer \u2013 \u041f\u043e\u0435\u0442 \u041b\u0435\u043e \u0421\u0435\u0439\u0435\u0440"},"content":{"rendered":"<p>A1\t\t\u041a\u043e\u0433\u0434\u0430 \u0422\u044b \u041d\u0443\u0436\u043d\u0430 \u041c\u043d\u0435 \u2022 When I Need You\t4:08<br \/>\nA2\t\t\u042f \u0427\u0443\u0432\u0441\u0442\u0432\u0443\u044e, \u0427\u0442\u043e \u041d\u0435 \u041c\u043e\u0433\u0443 \u0421 \u0422\u043e\u0431\u043e\u0439 \u041d\u0435 \u0422\u0430\u043d\u0446\u0435\u0432\u0430\u0442\u044c \u2022 You Make Me Feel Like Dancing\t3:40<br \/>\nA3\t\t\u0414\u043e\u0436\u0434\u044c \u0412 \u041c\u043e\u0435\u043c \u0421\u0435\u0440\u0434\u0446\u0435 \u2022 Raining In My Heart\t3:16<br \/>\nA4\t\t\u041e\u0433\u0440\u043e\u043c\u043d\u0430\u044f \u041b\u044e\u0431\u043e\u0432\u044c \u2022 How Much Love\t3:35<br \/>\nA5\t\t\u0422\u0430\u043d\u0446\u044b \u0412\u0441\u044e \u041d\u043e\u0447\u044c \u041d\u0430\u043f\u0440\u043e\u043b\u0435\u0442 \u2022 Dancing The Night\t4:05<br \/>\nA6\t\t\u0411\u0443\u0440\u044f \u0412 \u041c\u043e\u0435\u043c \u0421\u0435\u0440\u0434\u0446\u0435 \u2022 Thunder In My Heart\t3:35<br \/>\nA7\t\t\u042f \u041d\u0435 \u041c\u043e\u0433\u0443 \u0422\u0435\u0431\u044f \u0420\u0430\u0437\u043b\u044e\u0431\u0438\u0442\u044c \u2022 I Can&#8217;t Stop Loving You\t3:29<br \/>\nB1\t\t\u0412\u0435\u0440\u044c \u041c\u043e\u0435\u0439 \u041b\u044e\u0431\u0432\u0438 \u2022 Hold On To My Love\t3:08<br \/>\nB2\t\t\u041b\u0435\u0433\u043a\u043e \u041b\u044e\u0431\u0438\u0442\u044c \u2022 Easy To Love\t3:44<br \/>\nB3\t\t\u041f\u043e\u0435\u0437\u0434 \u2022 Train\t3:44<br \/>\nB4\t\t\u041f\u0443\u0441\u0442\u044c \u0422\u0430\u043a \u0418 \u0411\u0443\u0434\u0435\u0442 \u2022 Let It Be\t3:37<br \/>\nB5\t\t\u0423\u0437\u043a\u0438\u0435 \u0412\u044b\u0441\u043e\u043a\u0438\u0435 \u0421\u0442\u0430\u043a\u0430\u043d\u044b \u2022 Long Tall Glasses\t3:19<br \/>\nB6\t\t\u041d\u0438\u0447\u0435\u0433\u043e \u041d\u0435\u0442 \u2022 There Isn&#8217;t Anything\t3:12<\/p>","protected":false},"excerpt":{"rendered":"<p>\u041c\u0435\u043b\u043e\u0434\u0438\u044f \u2013 33 \u0421 60\u201413007-08<br \/>\nFormat:<br \/>\nVinyl, LP, Compilation, Pink Labels<br \/>\nCountry:<br \/>\nUSSR<br \/>\nReleased:<br \/>\n1980<\/p>","protected":false},"featured_media":30617,"template":"","meta":[],"product_cat":[21],"product_tag":[44],"yoast_head":"<!-- This site is optimized with the Yoast SEO plugin v23.5 - https:\/\/yoast.com\/wordpress\/plugins\/seo\/ -->\n<title>Leo Sayer \u2013 \u041f\u043e\u0435\u0442 \u041b\u0435\u043e \u0421\u0435\u0439\u0435\u0440 Vinilin\u0117 Plok\u0161tel\u0117 | Vinilozona.lt<\/title>\n<meta name=\"robots\" content=\"index, follow, max-snippet:-1, max-image-preview:large, max-video-preview:-1\" \/>\n<link rel=\"canonical\" href=\"https:\/\/vinilozona.lt\/en\/parduotuve\/kita\/leo-sayer-leo-sayer\/\" \/>\n<meta property=\"og:locale\" content=\"en_GB\" \/>\n<meta property=\"og:type\" content=\"article\" \/>\n<meta property=\"og:title\" content=\"Leo Sayer \u2013 \u041f\u043e\u0435\u0442 \u041b\u0435\u043e \u0421\u0435\u0439\u0435\u0440 Vinilin\u0117 Plok\u0161tel\u0117 | Vinilozona.lt\" \/>\n<meta property=\"og:description\" content=\"\u041c\u0435\u043b\u043e\u0434\u0438\u044f \u2013 33 \u0421 60\u201413007-08 Format: Vinyl, LP, Compilation, Pink Labels Country: USSR Released: 1980\" \/>\n<meta property=\"og:url\" content=\"https:\/\/vinilozona.lt\/en\/parduotuve\/kita\/leo-sayer-leo-sayer\/\" \/>\n<meta property=\"og:site_name\" content=\"Vinilo Zona\" \/>\n<meta property=\"article:modified_time\" content=\"2026-03-06T10:21:03+00:00\" \/>\n<meta property=\"og:image\" content=\"https:\/\/vinilozona.lt\/wp-content\/uploads\/2025\/05\/R-4559144-1610393227-8501.jpg\" \/>\n\t<meta property=\"og:image:width\" content=\"600\" \/>\n\t<meta property=\"og:image:height\" content=\"585\" \/>\n\t<meta property=\"og:image:type\" content=\"image\/jpeg\" \/>\n<meta name=\"twitter:card\" content=\"summary_large_image\" \/>\n<meta name=\"twitter:label1\" content=\"Estimated reading time\" \/>\n\t<meta name=\"twitter:data1\" content=\"1 minute\" \/>\n<script type=\"application\/ld+json\" class=\"yoast-schema-graph\">{\"@context\":\"https:\/\/schema.org\",\"@graph\":[{\"@type\":\"WebPage\",\"@id\":\"https:\/\/vinilozona.lt\/parduotuve\/kita\/leo-sayer-leo-sayer\/\",\"url\":\"https:\/\/vinilozona.lt\/parduotuve\/kita\/leo-sayer-leo-sayer\/\",\"name\":\"Leo Sayer \u2013 \u041f\u043e\u0435\u0442 \u041b\u0435\u043e \u0421\u0435\u0439\u0435\u0440 Vinilin\u0117 Plok\u0161tel\u0117 | Vinilozona.lt\",\"isPartOf\":{\"@id\":\"https:\/\/vinilozona.lt\/#website\"},\"primaryImageOfPage\":{\"@id\":\"https:\/\/vinilozona.lt\/parduotuve\/kita\/leo-sayer-leo-sayer\/#primaryimage\"},\"image\":{\"@id\":\"https:\/\/vinilozona.lt\/parduotuve\/kita\/leo-sayer-leo-sayer\/#primaryimage\"},\"thumbnailUrl\":\"https:\/\/vinilozona.lt\/wp-content\/uploads\/2025\/05\/R-4559144-1610393227-8501.jpg\",\"datePublished\":\"2025-05-19T02:04:47+00:00\",\"dateModified\":\"2026-03-06T10:21:03+00:00\",\"breadcrumb\":{\"@id\":\"https:\/\/vinilozona.lt\/parduotuve\/kita\/leo-sayer-leo-sayer\/#breadcrumb\"},\"inLanguage\":\"en-GB\",\"potentialAction\":[{\"@type\":\"ReadAction\",\"target\":[\"https:\/\/vinilozona.lt\/parduotuve\/kita\/leo-sayer-leo-sayer\/\"]}]},{\"@type\":\"ImageObject\",\"inLanguage\":\"en-GB\",\"@id\":\"https:\/\/vinilozona.lt\/parduotuve\/kita\/leo-sayer-leo-sayer\/#primaryimage\",\"url\":\"https:\/\/vinilozona.lt\/wp-content\/uploads\/2025\/05\/R-4559144-1610393227-8501.jpg\",\"contentUrl\":\"https:\/\/vinilozona.lt\/wp-content\/uploads\/2025\/05\/R-4559144-1610393227-8501.jpg\",\"width\":600,\"height\":585},{\"@type\":\"BreadcrumbList\",\"@id\":\"https:\/\/vinilozona.lt\/parduotuve\/kita\/leo-sayer-leo-sayer\/#breadcrumb\",\"itemListElement\":[{\"@type\":\"ListItem\",\"position\":1,\"name\":\"Home\",\"item\":\"https:\/\/vinilozona.lt\/\"},{\"@type\":\"ListItem\",\"position\":2,\"name\":\"Parduotuv\u0117\",\"item\":\"https:\/\/vinilozona.lt\/parduotuve\/\"},{\"@type\":\"ListItem\",\"position\":3,\"name\":\"Leo Sayer \u2013 \u041f\u043e\u0435\u0442 \u041b\u0435\u043e \u0421\u0435\u0439\u0435\u0440\"}]},{\"@type\":\"WebSite\",\"@id\":\"https:\/\/vinilozona.lt\/#website\",\"url\":\"https:\/\/vinilozona.lt\/\",\"name\":\"Vinilo Zona\",\"description\":\"Nup\u016bsk dulkes ir klausyk LP\",\"potentialAction\":[{\"@type\":\"SearchAction\",\"target\":{\"@type\":\"EntryPoint\",\"urlTemplate\":\"https:\/\/vinilozona.lt\/?s={search_term_string}\"},\"query-input\":{\"@type\":\"PropertyValueSpecification\",\"valueRequired\":true,\"valueName\":\"search_term_string\"}}],\"inLanguage\":\"en-GB\"}]}<\/script>\n<!-- \/ Yoast SEO plugin. -->","yoast_head_json":{"title":"Leo Sayer \u2013 \u041f\u043e\u0435\u0442 \u041b\u0435\u043e \u0421\u0435\u0439\u0435\u0440 Vinilin\u0117 Plok\u0161tel\u0117 | Vinilozona.lt","robots":{"index":"index","follow":"follow","max-snippet":"max-snippet:-1","max-image-preview":"max-image-preview:large","max-video-preview":"max-video-preview:-1"},"canonical":"https:\/\/vinilozona.lt\/en\/parduotuve\/kita\/leo-sayer-leo-sayer\/","og_locale":"en_GB","og_type":"article","og_title":"Leo Sayer \u2013 \u041f\u043e\u0435\u0442 \u041b\u0435\u043e \u0421\u0435\u0439\u0435\u0440 Vinilin\u0117 Plok\u0161tel\u0117 | Vinilozona.lt","og_description":"\u041c\u0435\u043b\u043e\u0434\u0438\u044f \u2013 33 \u0421 60\u201413007-08 Format: Vinyl, LP, Compilation, Pink Labels Country: USSR Released: 1980","og_url":"https:\/\/vinilozona.lt\/en\/parduotuve\/kita\/leo-sayer-leo-sayer\/","og_site_name":"Vinilo Zona","article_modified_time":"2026-03-06T10:21:03+00:00","og_image":[{"width":600,"height":585,"url":"https:\/\/vinilozona.lt\/wp-content\/uploads\/2025\/05\/R-4559144-1610393227-8501.jpg","type":"image\/jpeg"}],"twitter_card":"summary_large_image","twitter_misc":{"Estimated reading time":"1 minute"},"schema":{"@context":"https:\/\/schema.org","@graph":[{"@type":"WebPage","@id":"https:\/\/vinilozona.lt\/parduotuve\/kita\/leo-sayer-leo-sayer\/","url":"https:\/\/vinilozona.lt\/parduotuve\/kita\/leo-sayer-leo-sayer\/","name":"Leo Sayer \u2013 \u041f\u043e\u0435\u0442 \u041b\u0435\u043e \u0421\u0435\u0439\u0435\u0440 Vinilin\u0117 Plok\u0161tel\u0117 | Vinilozona.lt","isPartOf":{"@id":"https:\/\/vinilozona.lt\/#website"},"primaryImageOfPage":{"@id":"https:\/\/vinilozona.lt\/parduotuve\/kita\/leo-sayer-leo-sayer\/#primaryimage"},"image":{"@id":"https:\/\/vinilozona.lt\/parduotuve\/kita\/leo-sayer-leo-sayer\/#primaryimage"},"thumbnailUrl":"https:\/\/vinilozona.lt\/wp-content\/uploads\/2025\/05\/R-4559144-1610393227-8501.jpg","datePublished":"2025-05-19T02:04:47+00:00","dateModified":"2026-03-06T10:21:03+00:00","breadcrumb":{"@id":"https:\/\/vinilozona.lt\/parduotuve\/kita\/leo-sayer-leo-sayer\/#breadcrumb"},"inLanguage":"en-GB","potentialAction":[{"@type":"ReadAction","target":["https:\/\/vinilozona.lt\/parduotuve\/kita\/leo-sayer-leo-sayer\/"]}]},{"@type":"ImageObject","inLanguage":"en-GB","@id":"https:\/\/vinilozona.lt\/parduotuve\/kita\/leo-sayer-leo-sayer\/#primaryimage","url":"https:\/\/vinilozona.lt\/wp-content\/uploads\/2025\/05\/R-4559144-1610393227-8501.jpg","contentUrl":"https:\/\/vinilozona.lt\/wp-content\/uploads\/2025\/05\/R-4559144-1610393227-8501.jpg","width":600,"height":585},{"@type":"BreadcrumbList","@id":"https:\/\/vinilozona.lt\/parduotuve\/kita\/leo-sayer-leo-sayer\/#breadcrumb","itemListElement":[{"@type":"ListItem","position":1,"name":"Home","item":"https:\/\/vinilozona.lt\/"},{"@type":"ListItem","position":2,"name":"Parduotuv\u0117","item":"https:\/\/vinilozona.lt\/parduotuve\/"},{"@type":"ListItem","position":3,"name":"Leo Sayer \u2013 \u041f\u043e\u0435\u0442 \u041b\u0435\u043e \u0421\u0435\u0439\u0435\u0440"}]},{"@type":"WebSite","@id":"https:\/\/vinilozona.lt\/#website","url":"https:\/\/vinilozona.lt\/","name":"Vinilo Zona","description":"Nup\u016bsk dulkes ir klausyk LP","potentialAction":[{"@type":"SearchAction","target":{"@type":"EntryPoint","urlTemplate":"https:\/\/vinilozona.lt\/?s={search_term_string}"},"query-input":{"@type":"PropertyValueSpecification","valueRequired":true,"valueName":"search_term_string"}}],"inLanguage":"en-GB"}]}},"_links":{"self":[{"href":"https:\/\/vinilozona.lt\/en\/wp-json\/wp\/v2\/product\/2982"}],"collection":[{"href":"https:\/\/vinilozona.lt\/en\/wp-json\/wp\/v2\/product"}],"about":[{"href":"https:\/\/vinilozona.lt\/en\/wp-json\/wp\/v2\/types\/product"}],"wp:featuredmedia":[{"embeddable":true,"href":"https:\/\/vinilozona.lt\/en\/wp-json\/wp\/v2\/media\/30617"}],"wp:attachment":[{"href":"https:\/\/vinilozona.lt\/en\/wp-json\/wp\/v2\/media?parent=2982"}],"wp:term":[{"taxonomy":"product_cat","embeddable":true,"href":"https:\/\/vinilozona.lt\/en\/wp-json\/wp\/v2\/product_cat?post=2982"},{"taxonomy":"product_tag","embeddable":true,"href":"https:\/\/vinilozona.lt\/en\/wp-json\/wp\/v2\/product_tag?post=2982"}],"curies":[{"name":"wp","href":"https:\/\/api.w.org\/{rel}","templated":true}]}}