{"id":29803,"date":"2025-11-25T05:32:57","date_gmt":"2025-11-25T03:32:57","guid":{"rendered":"https:\/\/vinilozona.lt\/?post_type=product&#038;p=29803"},"modified":"2025-12-05T12:41:09","modified_gmt":"2025-12-05T10:41:09","slug":"motorhead-ace-of-spades-cd","status":"publish","type":"product","link":"https:\/\/vinilozona.lt\/en\/parduotuve\/cd\/naudoti-cd\/motorhead-ace-of-spades-cd\/","title":{"rendered":"Mot\u00f6rhead \u2013 Ace Of Spades  CD"},"content":{"rendered":"<p>1\tMot\u00f6rhead\u2013\tAce Of Spades\t2:46<br \/>\n2\tMot\u00f6rhead\u2013\tLove Me Like A Reptile\t3:19<br \/>\n3\tMot\u00f6rhead\u2013\tShoot You In The Back\t2:37<br \/>\n4\tMot\u00f6rhead\u2013\tLive To Win\t3:33<br \/>\n5\tMot\u00f6rhead\u2013\tFast And Loose\t3:18<br \/>\n6\tMot\u00f6rhead\u2013\t(We Are) The Road Crew\t3:08<br \/>\n7\tMot\u00f6rhead\u2013\tFire, Fire\t2:40<br \/>\n8\tMot\u00f6rhead\u2013\tJailbait\t3:30<br \/>\n9\tMot\u00f6rhead\u2013\tDance\t2:33<br \/>\n10\tMot\u00f6rhead\u2013\tBite The Bullet\t1:38<br \/>\n11\tMot\u00f6rhead\u2013\tThe Chase Is Better Than The Catch\t4:14<br \/>\n12\tMot\u00f6rhead\u2013\tThe Hammer\t2:45<br \/>\nBonus Tracks<br \/>\n13\tMot\u00f6rhead\u2013\tDirty Love\t2:52<br \/>\nFrom The St. Valentines Day Massacre EP With Girlschool<br \/>\n14\tMot\u00f6rhead With Girlschool\u2013\tPlease Don&#8217;t Touch<br \/>\nWritten-By \u2013 Heath*, Robinson*<br \/>\n2:46<br \/>\n15\tMot\u00f6rhead With Girlschool\u2013\tEmergency<br \/>\nWritten-By \u2013 Dufort*, Williams*, Johnson*, McAuliffe*<br \/>\n2:59<\/p>","protected":false},"excerpt":{"rendered":"<p>Disky \u2013 SI 648372<br \/>\nFormat:<br \/>\nCD, Album, Reissue, Diskkopie AG<br \/>\nCountry:<br \/>\nEurope<br \/>\nReleased:<br \/>\n2001<\/p>","protected":false},"featured_media":29804,"template":"","meta":[],"product_cat":[24,946],"product_tag":[44],"yoast_head":"<!-- This site is optimized with the Yoast SEO plugin v23.5 - https:\/\/yoast.com\/wordpress\/plugins\/seo\/ -->\n<title>Mot\u00f6rhead \u2013 Ace Of Spades CD Vinilin\u0117 Plok\u0161tel\u0117 | Vinilozona.lt<\/title>\n<meta name=\"robots\" content=\"index, follow, max-snippet:-1, max-image-preview:large, max-video-preview:-1\" \/>\n<link rel=\"canonical\" href=\"https:\/\/vinilozona.lt\/en\/parduotuve\/cd\/naudoti-cd\/motorhead-ace-of-spades-cd\/\" \/>\n<meta property=\"og:locale\" content=\"en_GB\" \/>\n<meta property=\"og:type\" content=\"article\" \/>\n<meta property=\"og:title\" content=\"Mot\u00f6rhead \u2013 Ace Of Spades CD Vinilin\u0117 Plok\u0161tel\u0117 | Vinilozona.lt\" \/>\n<meta property=\"og:description\" content=\"Disky \u2013 SI 648372 Format: CD, Album, Reissue, Diskkopie AG Country: Europe Released: 2001\" \/>\n<meta property=\"og:url\" content=\"https:\/\/vinilozona.lt\/en\/parduotuve\/cd\/naudoti-cd\/motorhead-ace-of-spades-cd\/\" \/>\n<meta property=\"og:site_name\" content=\"Vinilo Zona\" \/>\n<meta property=\"article:modified_time\" content=\"2025-12-05T10:41:09+00:00\" \/>\n<meta property=\"og:image\" content=\"https:\/\/vinilozona.lt\/wp-content\/uploads\/2025\/11\/R-5914748-1406205254-8248.jpg\" \/>\n\t<meta property=\"og:image:width\" content=\"300\" \/>\n\t<meta property=\"og:image:height\" content=\"295\" \/>\n\t<meta property=\"og:image:type\" content=\"image\/jpeg\" \/>\n<meta name=\"twitter:card\" content=\"summary_large_image\" \/>\n<meta name=\"twitter:label1\" content=\"Estimated reading time\" \/>\n\t<meta name=\"twitter:data1\" content=\"1 minute\" \/>\n<script type=\"application\/ld+json\" class=\"yoast-schema-graph\">{\"@context\":\"https:\/\/schema.org\",\"@graph\":[{\"@type\":\"WebPage\",\"@id\":\"https:\/\/vinilozona.lt\/parduotuve\/cd\/naudoti-cd\/motorhead-ace-of-spades-cd\/\",\"url\":\"https:\/\/vinilozona.lt\/parduotuve\/cd\/naudoti-cd\/motorhead-ace-of-spades-cd\/\",\"name\":\"Mot\u00f6rhead \u2013 Ace Of Spades CD Vinilin\u0117 Plok\u0161tel\u0117 | Vinilozona.lt\",\"isPartOf\":{\"@id\":\"https:\/\/vinilozona.lt\/#website\"},\"primaryImageOfPage\":{\"@id\":\"https:\/\/vinilozona.lt\/parduotuve\/cd\/naudoti-cd\/motorhead-ace-of-spades-cd\/#primaryimage\"},\"image\":{\"@id\":\"https:\/\/vinilozona.lt\/parduotuve\/cd\/naudoti-cd\/motorhead-ace-of-spades-cd\/#primaryimage\"},\"thumbnailUrl\":\"https:\/\/vinilozona.lt\/wp-content\/uploads\/2025\/11\/R-5914748-1406205254-8248.jpg\",\"datePublished\":\"2025-11-25T03:32:57+00:00\",\"dateModified\":\"2025-12-05T10:41:09+00:00\",\"breadcrumb\":{\"@id\":\"https:\/\/vinilozona.lt\/parduotuve\/cd\/naudoti-cd\/motorhead-ace-of-spades-cd\/#breadcrumb\"},\"inLanguage\":\"en-GB\",\"potentialAction\":[{\"@type\":\"ReadAction\",\"target\":[\"https:\/\/vinilozona.lt\/parduotuve\/cd\/naudoti-cd\/motorhead-ace-of-spades-cd\/\"]}]},{\"@type\":\"ImageObject\",\"inLanguage\":\"en-GB\",\"@id\":\"https:\/\/vinilozona.lt\/parduotuve\/cd\/naudoti-cd\/motorhead-ace-of-spades-cd\/#primaryimage\",\"url\":\"https:\/\/vinilozona.lt\/wp-content\/uploads\/2025\/11\/R-5914748-1406205254-8248.jpg\",\"contentUrl\":\"https:\/\/vinilozona.lt\/wp-content\/uploads\/2025\/11\/R-5914748-1406205254-8248.jpg\",\"width\":300,\"height\":295},{\"@type\":\"BreadcrumbList\",\"@id\":\"https:\/\/vinilozona.lt\/parduotuve\/cd\/naudoti-cd\/motorhead-ace-of-spades-cd\/#breadcrumb\",\"itemListElement\":[{\"@type\":\"ListItem\",\"position\":1,\"name\":\"Home\",\"item\":\"https:\/\/vinilozona.lt\/\"},{\"@type\":\"ListItem\",\"position\":2,\"name\":\"Parduotuv\u0117\",\"item\":\"https:\/\/vinilozona.lt\/parduotuve\/\"},{\"@type\":\"ListItem\",\"position\":3,\"name\":\"Mot\u00f6rhead \u2013 Ace Of Spades CD\"}]},{\"@type\":\"WebSite\",\"@id\":\"https:\/\/vinilozona.lt\/#website\",\"url\":\"https:\/\/vinilozona.lt\/\",\"name\":\"Vinilo Zona\",\"description\":\"Nup\u016bsk dulkes ir klausyk LP\",\"potentialAction\":[{\"@type\":\"SearchAction\",\"target\":{\"@type\":\"EntryPoint\",\"urlTemplate\":\"https:\/\/vinilozona.lt\/?s={search_term_string}\"},\"query-input\":{\"@type\":\"PropertyValueSpecification\",\"valueRequired\":true,\"valueName\":\"search_term_string\"}}],\"inLanguage\":\"en-GB\"}]}<\/script>\n<!-- \/ Yoast SEO plugin. -->","yoast_head_json":{"title":"Mot\u00f6rhead \u2013 Ace Of Spades CD Vinilin\u0117 Plok\u0161tel\u0117 | Vinilozona.lt","robots":{"index":"index","follow":"follow","max-snippet":"max-snippet:-1","max-image-preview":"max-image-preview:large","max-video-preview":"max-video-preview:-1"},"canonical":"https:\/\/vinilozona.lt\/en\/parduotuve\/cd\/naudoti-cd\/motorhead-ace-of-spades-cd\/","og_locale":"en_GB","og_type":"article","og_title":"Mot\u00f6rhead \u2013 Ace Of Spades CD Vinilin\u0117 Plok\u0161tel\u0117 | Vinilozona.lt","og_description":"Disky \u2013 SI 648372 Format: CD, Album, Reissue, Diskkopie AG Country: Europe Released: 2001","og_url":"https:\/\/vinilozona.lt\/en\/parduotuve\/cd\/naudoti-cd\/motorhead-ace-of-spades-cd\/","og_site_name":"Vinilo Zona","article_modified_time":"2025-12-05T10:41:09+00:00","og_image":[{"width":300,"height":295,"url":"https:\/\/vinilozona.lt\/wp-content\/uploads\/2025\/11\/R-5914748-1406205254-8248.jpg","type":"image\/jpeg"}],"twitter_card":"summary_large_image","twitter_misc":{"Estimated reading time":"1 minute"},"schema":{"@context":"https:\/\/schema.org","@graph":[{"@type":"WebPage","@id":"https:\/\/vinilozona.lt\/parduotuve\/cd\/naudoti-cd\/motorhead-ace-of-spades-cd\/","url":"https:\/\/vinilozona.lt\/parduotuve\/cd\/naudoti-cd\/motorhead-ace-of-spades-cd\/","name":"Mot\u00f6rhead \u2013 Ace Of Spades CD Vinilin\u0117 Plok\u0161tel\u0117 | Vinilozona.lt","isPartOf":{"@id":"https:\/\/vinilozona.lt\/#website"},"primaryImageOfPage":{"@id":"https:\/\/vinilozona.lt\/parduotuve\/cd\/naudoti-cd\/motorhead-ace-of-spades-cd\/#primaryimage"},"image":{"@id":"https:\/\/vinilozona.lt\/parduotuve\/cd\/naudoti-cd\/motorhead-ace-of-spades-cd\/#primaryimage"},"thumbnailUrl":"https:\/\/vinilozona.lt\/wp-content\/uploads\/2025\/11\/R-5914748-1406205254-8248.jpg","datePublished":"2025-11-25T03:32:57+00:00","dateModified":"2025-12-05T10:41:09+00:00","breadcrumb":{"@id":"https:\/\/vinilozona.lt\/parduotuve\/cd\/naudoti-cd\/motorhead-ace-of-spades-cd\/#breadcrumb"},"inLanguage":"en-GB","potentialAction":[{"@type":"ReadAction","target":["https:\/\/vinilozona.lt\/parduotuve\/cd\/naudoti-cd\/motorhead-ace-of-spades-cd\/"]}]},{"@type":"ImageObject","inLanguage":"en-GB","@id":"https:\/\/vinilozona.lt\/parduotuve\/cd\/naudoti-cd\/motorhead-ace-of-spades-cd\/#primaryimage","url":"https:\/\/vinilozona.lt\/wp-content\/uploads\/2025\/11\/R-5914748-1406205254-8248.jpg","contentUrl":"https:\/\/vinilozona.lt\/wp-content\/uploads\/2025\/11\/R-5914748-1406205254-8248.jpg","width":300,"height":295},{"@type":"BreadcrumbList","@id":"https:\/\/vinilozona.lt\/parduotuve\/cd\/naudoti-cd\/motorhead-ace-of-spades-cd\/#breadcrumb","itemListElement":[{"@type":"ListItem","position":1,"name":"Home","item":"https:\/\/vinilozona.lt\/"},{"@type":"ListItem","position":2,"name":"Parduotuv\u0117","item":"https:\/\/vinilozona.lt\/parduotuve\/"},{"@type":"ListItem","position":3,"name":"Mot\u00f6rhead \u2013 Ace Of Spades CD"}]},{"@type":"WebSite","@id":"https:\/\/vinilozona.lt\/#website","url":"https:\/\/vinilozona.lt\/","name":"Vinilo Zona","description":"Nup\u016bsk dulkes ir klausyk LP","potentialAction":[{"@type":"SearchAction","target":{"@type":"EntryPoint","urlTemplate":"https:\/\/vinilozona.lt\/?s={search_term_string}"},"query-input":{"@type":"PropertyValueSpecification","valueRequired":true,"valueName":"search_term_string"}}],"inLanguage":"en-GB"}]}},"_links":{"self":[{"href":"https:\/\/vinilozona.lt\/en\/wp-json\/wp\/v2\/product\/29803"}],"collection":[{"href":"https:\/\/vinilozona.lt\/en\/wp-json\/wp\/v2\/product"}],"about":[{"href":"https:\/\/vinilozona.lt\/en\/wp-json\/wp\/v2\/types\/product"}],"wp:featuredmedia":[{"embeddable":true,"href":"https:\/\/vinilozona.lt\/en\/wp-json\/wp\/v2\/media\/29804"}],"wp:attachment":[{"href":"https:\/\/vinilozona.lt\/en\/wp-json\/wp\/v2\/media?parent=29803"}],"wp:term":[{"taxonomy":"product_cat","embeddable":true,"href":"https:\/\/vinilozona.lt\/en\/wp-json\/wp\/v2\/product_cat?post=29803"},{"taxonomy":"product_tag","embeddable":true,"href":"https:\/\/vinilozona.lt\/en\/wp-json\/wp\/v2\/product_tag?post=29803"}],"curies":[{"name":"wp","href":"https:\/\/api.w.org\/{rel}","templated":true}]}}