{"id":29776,"date":"2025-11-25T05:05:53","date_gmt":"2025-11-25T03:05:53","guid":{"rendered":"https:\/\/vinilozona.lt\/?post_type=product&#038;p=29776"},"modified":"2025-11-24T20:38:34","modified_gmt":"2025-11-24T18:38:34","slug":"eric-clapton-the-cream-of-clapton-cd","status":"publish","type":"product","link":"https:\/\/vinilozona.lt\/en\/parduotuve\/cd\/naudoti-cd\/eric-clapton-the-cream-of-clapton-cd\/","title":{"rendered":"Eric Clapton \u2013 The Cream Of Clapton  CD"},"content":{"rendered":"<p>1\tDerek &#038; The Dominos\u2013\tLayla\t7:10<br \/>\n2\tCream \u2013\tBadge\t2:42<br \/>\n3\tCream \u2013\tI Feel Free\t2:54<br \/>\n4\tCream \u2013\tSunshine Of Your Love\t4:10<br \/>\n5\tCream \u2013\tCrossroads\t4:13<br \/>\n6\tCream \u2013\tStrange Brew\t2:45<br \/>\n7\tCream \u2013\tWhite Room\t4:57<br \/>\n8\tDerek &#038; The Dominos\u2013\tBell Bottom Blues\t5:06<br \/>\n9\tEric Clapton\u2013\tCocaine\t3:35<br \/>\n10\tEric Clapton\u2013\tI Shot The Sheriff\t4:22<br \/>\n11\tEric Clapton\u2013\tAfter Midnight\t3:11<br \/>\n12\tEric Clapton\u2013\tSwing Low Sweet Chariot\t3:27<br \/>\n13\tEric Clapton\u2013\tLay Down Sally\t3:50<br \/>\n14\tEric Clapton\u2013\tKnockin&#8217; On Heavens Door\t4:23<br \/>\n15\tEric Clapton\u2013\tWonderful Tonight\t3:41<br \/>\n16\tEric Clapton\u2013\tLet It Grow\t4:56<br \/>\n17\tEric Clapton\u2013\tPromises\t3:01<br \/>\n18\tEric Clapton\u2013\tI Can&#8217;t Stand It\t4:07<\/p>","protected":false},"excerpt":{"rendered":"<p>Polydor \u2013 521 881-2<br \/>\nFormat:<br \/>\nCD, Compilation<br \/>\nCountry:<br \/>\nEurope<br \/>\nReleased:<br \/>\n1994<\/p>","protected":false},"featured_media":29777,"template":"","meta":[],"product_cat":[24,946],"product_tag":[44],"yoast_head":"<!-- This site is optimized with the Yoast SEO plugin v23.5 - https:\/\/yoast.com\/wordpress\/plugins\/seo\/ -->\n<title>Eric Clapton \u2013 The Cream Of Clapton CD Vinilin\u0117 Plok\u0161tel\u0117 | Vinilozona.lt<\/title>\n<meta name=\"robots\" content=\"index, follow, max-snippet:-1, max-image-preview:large, max-video-preview:-1\" \/>\n<link rel=\"canonical\" href=\"https:\/\/vinilozona.lt\/en\/parduotuve\/cd\/naudoti-cd\/eric-clapton-the-cream-of-clapton-cd\/\" \/>\n<meta property=\"og:locale\" content=\"en_GB\" \/>\n<meta property=\"og:type\" content=\"article\" \/>\n<meta property=\"og:title\" content=\"Eric Clapton \u2013 The Cream Of Clapton CD Vinilin\u0117 Plok\u0161tel\u0117 | Vinilozona.lt\" \/>\n<meta property=\"og:description\" content=\"Polydor \u2013 521 881-2 Format: CD, Compilation Country: Europe Released: 1994\" \/>\n<meta property=\"og:url\" content=\"https:\/\/vinilozona.lt\/en\/parduotuve\/cd\/naudoti-cd\/eric-clapton-the-cream-of-clapton-cd\/\" \/>\n<meta property=\"og:site_name\" content=\"Vinilo Zona\" \/>\n<meta property=\"article:modified_time\" content=\"2025-11-24T18:38:34+00:00\" \/>\n<meta property=\"og:image\" content=\"https:\/\/vinilozona.lt\/wp-content\/uploads\/2025\/11\/R-5083329-1458554651-8822.jpg\" \/>\n\t<meta property=\"og:image:width\" content=\"556\" \/>\n\t<meta property=\"og:image:height\" content=\"557\" \/>\n\t<meta property=\"og:image:type\" content=\"image\/jpeg\" \/>\n<meta name=\"twitter:card\" content=\"summary_large_image\" \/>\n<meta name=\"twitter:label1\" content=\"Estimated reading time\" \/>\n\t<meta name=\"twitter:data1\" content=\"1 minute\" \/>\n<script type=\"application\/ld+json\" class=\"yoast-schema-graph\">{\"@context\":\"https:\/\/schema.org\",\"@graph\":[{\"@type\":\"WebPage\",\"@id\":\"https:\/\/vinilozona.lt\/parduotuve\/cd\/naudoti-cd\/eric-clapton-the-cream-of-clapton-cd\/\",\"url\":\"https:\/\/vinilozona.lt\/parduotuve\/cd\/naudoti-cd\/eric-clapton-the-cream-of-clapton-cd\/\",\"name\":\"Eric Clapton \u2013 The Cream Of Clapton CD Vinilin\u0117 Plok\u0161tel\u0117 | Vinilozona.lt\",\"isPartOf\":{\"@id\":\"https:\/\/vinilozona.lt\/#website\"},\"primaryImageOfPage\":{\"@id\":\"https:\/\/vinilozona.lt\/parduotuve\/cd\/naudoti-cd\/eric-clapton-the-cream-of-clapton-cd\/#primaryimage\"},\"image\":{\"@id\":\"https:\/\/vinilozona.lt\/parduotuve\/cd\/naudoti-cd\/eric-clapton-the-cream-of-clapton-cd\/#primaryimage\"},\"thumbnailUrl\":\"https:\/\/vinilozona.lt\/wp-content\/uploads\/2025\/11\/R-5083329-1458554651-8822.jpg\",\"datePublished\":\"2025-11-25T03:05:53+00:00\",\"dateModified\":\"2025-11-24T18:38:34+00:00\",\"breadcrumb\":{\"@id\":\"https:\/\/vinilozona.lt\/parduotuve\/cd\/naudoti-cd\/eric-clapton-the-cream-of-clapton-cd\/#breadcrumb\"},\"inLanguage\":\"en-GB\",\"potentialAction\":[{\"@type\":\"ReadAction\",\"target\":[\"https:\/\/vinilozona.lt\/parduotuve\/cd\/naudoti-cd\/eric-clapton-the-cream-of-clapton-cd\/\"]}]},{\"@type\":\"ImageObject\",\"inLanguage\":\"en-GB\",\"@id\":\"https:\/\/vinilozona.lt\/parduotuve\/cd\/naudoti-cd\/eric-clapton-the-cream-of-clapton-cd\/#primaryimage\",\"url\":\"https:\/\/vinilozona.lt\/wp-content\/uploads\/2025\/11\/R-5083329-1458554651-8822.jpg\",\"contentUrl\":\"https:\/\/vinilozona.lt\/wp-content\/uploads\/2025\/11\/R-5083329-1458554651-8822.jpg\",\"width\":556,\"height\":557},{\"@type\":\"BreadcrumbList\",\"@id\":\"https:\/\/vinilozona.lt\/parduotuve\/cd\/naudoti-cd\/eric-clapton-the-cream-of-clapton-cd\/#breadcrumb\",\"itemListElement\":[{\"@type\":\"ListItem\",\"position\":1,\"name\":\"Home\",\"item\":\"https:\/\/vinilozona.lt\/\"},{\"@type\":\"ListItem\",\"position\":2,\"name\":\"Parduotuv\u0117\",\"item\":\"https:\/\/vinilozona.lt\/parduotuve\/\"},{\"@type\":\"ListItem\",\"position\":3,\"name\":\"Eric Clapton \u2013 The Cream Of Clapton CD\"}]},{\"@type\":\"WebSite\",\"@id\":\"https:\/\/vinilozona.lt\/#website\",\"url\":\"https:\/\/vinilozona.lt\/\",\"name\":\"Vinilo Zona\",\"description\":\"Nup\u016bsk dulkes ir klausyk LP\",\"potentialAction\":[{\"@type\":\"SearchAction\",\"target\":{\"@type\":\"EntryPoint\",\"urlTemplate\":\"https:\/\/vinilozona.lt\/?s={search_term_string}\"},\"query-input\":{\"@type\":\"PropertyValueSpecification\",\"valueRequired\":true,\"valueName\":\"search_term_string\"}}],\"inLanguage\":\"en-GB\"}]}<\/script>\n<!-- \/ Yoast SEO plugin. -->","yoast_head_json":{"title":"Eric Clapton \u2013 The Cream Of Clapton CD Vinilin\u0117 Plok\u0161tel\u0117 | Vinilozona.lt","robots":{"index":"index","follow":"follow","max-snippet":"max-snippet:-1","max-image-preview":"max-image-preview:large","max-video-preview":"max-video-preview:-1"},"canonical":"https:\/\/vinilozona.lt\/en\/parduotuve\/cd\/naudoti-cd\/eric-clapton-the-cream-of-clapton-cd\/","og_locale":"en_GB","og_type":"article","og_title":"Eric Clapton \u2013 The Cream Of Clapton CD Vinilin\u0117 Plok\u0161tel\u0117 | Vinilozona.lt","og_description":"Polydor \u2013 521 881-2 Format: CD, Compilation Country: Europe Released: 1994","og_url":"https:\/\/vinilozona.lt\/en\/parduotuve\/cd\/naudoti-cd\/eric-clapton-the-cream-of-clapton-cd\/","og_site_name":"Vinilo Zona","article_modified_time":"2025-11-24T18:38:34+00:00","og_image":[{"width":556,"height":557,"url":"https:\/\/vinilozona.lt\/wp-content\/uploads\/2025\/11\/R-5083329-1458554651-8822.jpg","type":"image\/jpeg"}],"twitter_card":"summary_large_image","twitter_misc":{"Estimated reading time":"1 minute"},"schema":{"@context":"https:\/\/schema.org","@graph":[{"@type":"WebPage","@id":"https:\/\/vinilozona.lt\/parduotuve\/cd\/naudoti-cd\/eric-clapton-the-cream-of-clapton-cd\/","url":"https:\/\/vinilozona.lt\/parduotuve\/cd\/naudoti-cd\/eric-clapton-the-cream-of-clapton-cd\/","name":"Eric Clapton \u2013 The Cream Of Clapton CD Vinilin\u0117 Plok\u0161tel\u0117 | Vinilozona.lt","isPartOf":{"@id":"https:\/\/vinilozona.lt\/#website"},"primaryImageOfPage":{"@id":"https:\/\/vinilozona.lt\/parduotuve\/cd\/naudoti-cd\/eric-clapton-the-cream-of-clapton-cd\/#primaryimage"},"image":{"@id":"https:\/\/vinilozona.lt\/parduotuve\/cd\/naudoti-cd\/eric-clapton-the-cream-of-clapton-cd\/#primaryimage"},"thumbnailUrl":"https:\/\/vinilozona.lt\/wp-content\/uploads\/2025\/11\/R-5083329-1458554651-8822.jpg","datePublished":"2025-11-25T03:05:53+00:00","dateModified":"2025-11-24T18:38:34+00:00","breadcrumb":{"@id":"https:\/\/vinilozona.lt\/parduotuve\/cd\/naudoti-cd\/eric-clapton-the-cream-of-clapton-cd\/#breadcrumb"},"inLanguage":"en-GB","potentialAction":[{"@type":"ReadAction","target":["https:\/\/vinilozona.lt\/parduotuve\/cd\/naudoti-cd\/eric-clapton-the-cream-of-clapton-cd\/"]}]},{"@type":"ImageObject","inLanguage":"en-GB","@id":"https:\/\/vinilozona.lt\/parduotuve\/cd\/naudoti-cd\/eric-clapton-the-cream-of-clapton-cd\/#primaryimage","url":"https:\/\/vinilozona.lt\/wp-content\/uploads\/2025\/11\/R-5083329-1458554651-8822.jpg","contentUrl":"https:\/\/vinilozona.lt\/wp-content\/uploads\/2025\/11\/R-5083329-1458554651-8822.jpg","width":556,"height":557},{"@type":"BreadcrumbList","@id":"https:\/\/vinilozona.lt\/parduotuve\/cd\/naudoti-cd\/eric-clapton-the-cream-of-clapton-cd\/#breadcrumb","itemListElement":[{"@type":"ListItem","position":1,"name":"Home","item":"https:\/\/vinilozona.lt\/"},{"@type":"ListItem","position":2,"name":"Parduotuv\u0117","item":"https:\/\/vinilozona.lt\/parduotuve\/"},{"@type":"ListItem","position":3,"name":"Eric Clapton \u2013 The Cream Of Clapton CD"}]},{"@type":"WebSite","@id":"https:\/\/vinilozona.lt\/#website","url":"https:\/\/vinilozona.lt\/","name":"Vinilo Zona","description":"Nup\u016bsk dulkes ir klausyk LP","potentialAction":[{"@type":"SearchAction","target":{"@type":"EntryPoint","urlTemplate":"https:\/\/vinilozona.lt\/?s={search_term_string}"},"query-input":{"@type":"PropertyValueSpecification","valueRequired":true,"valueName":"search_term_string"}}],"inLanguage":"en-GB"}]}},"_links":{"self":[{"href":"https:\/\/vinilozona.lt\/en\/wp-json\/wp\/v2\/product\/29776"}],"collection":[{"href":"https:\/\/vinilozona.lt\/en\/wp-json\/wp\/v2\/product"}],"about":[{"href":"https:\/\/vinilozona.lt\/en\/wp-json\/wp\/v2\/types\/product"}],"wp:featuredmedia":[{"embeddable":true,"href":"https:\/\/vinilozona.lt\/en\/wp-json\/wp\/v2\/media\/29777"}],"wp:attachment":[{"href":"https:\/\/vinilozona.lt\/en\/wp-json\/wp\/v2\/media?parent=29776"}],"wp:term":[{"taxonomy":"product_cat","embeddable":true,"href":"https:\/\/vinilozona.lt\/en\/wp-json\/wp\/v2\/product_cat?post=29776"},{"taxonomy":"product_tag","embeddable":true,"href":"https:\/\/vinilozona.lt\/en\/wp-json\/wp\/v2\/product_tag?post=29776"}],"curies":[{"name":"wp","href":"https:\/\/api.w.org\/{rel}","templated":true}]}}