{"id":29730,"date":"2025-11-21T05:27:35","date_gmt":"2025-11-21T03:27:35","guid":{"rendered":"https:\/\/vinilozona.lt\/?post_type=product&#038;p=29730"},"modified":"2025-11-21T20:37:39","modified_gmt":"2025-11-21T18:37:39","slug":"danish-national-symphony-orchestra-hollywood-gala","status":"publish","type":"product","link":"https:\/\/vinilozona.lt\/en\/parduotuve\/naujos-lp\/danish-national-symphony-orchestra-hollywood-gala\/","title":{"rendered":"Danish National Symphony Orchestra \u2013 Hollywood Gala"},"content":{"rendered":"<p>The Danish National Symphony Orchestra*, Andrea Lykke Oehlenschl\u00e6ger\u2013\tThe Bodyguard: I Will Always Love You\t5:12<br \/>\nThe Danish National Symphony Orchestra*, Diluckshan Jeyaratnam\u2013\tMoulin Rouge: Nature Boy\t3:13<br \/>\nThe Umbrellas of Cherbourg &#8211; I will wait for you   4:45<br \/>\nGladiator &#8211;  Now we are free   4:12<\/p>\n<p>Harriet  &#8211; Stand up   5:28<br \/>\nA Star is born  &#8211;  Shallow   3:55<br \/>\nAlfie  &#8211;  Main theme   4:00<br \/>\nMoulin rouge  &#8211;  4:28<\/p>","protected":false},"excerpt":{"rendered":"<p>EuroArts \u2013 2069227<br \/>\nFormat:  LP<br \/>\nCountry:  Germany<br \/>\nReleased:  2022<br \/>\nGenre:<br \/>\nStage &#038; Screen<br \/>\nStyle:<br \/>\nSoundtrack<\/p>","protected":false},"featured_media":29731,"template":"","meta":[],"product_cat":[906,23],"product_tag":[74],"yoast_head":"<!-- This site is optimized with the Yoast SEO plugin v23.5 - https:\/\/yoast.com\/wordpress\/plugins\/seo\/ -->\n<title>Danish National Symphony Orchestra \u2013 Hollywood Gala Vinilin\u0117 Plok\u0161tel\u0117 | Vinilozona.lt<\/title>\n<meta name=\"robots\" content=\"index, follow, max-snippet:-1, max-image-preview:large, max-video-preview:-1\" \/>\n<link rel=\"canonical\" href=\"https:\/\/vinilozona.lt\/en\/parduotuve\/naujos-lp\/danish-national-symphony-orchestra-hollywood-gala\/\" \/>\n<meta property=\"og:locale\" content=\"en_GB\" \/>\n<meta property=\"og:type\" content=\"article\" \/>\n<meta property=\"og:title\" content=\"Danish National Symphony Orchestra \u2013 Hollywood Gala Vinilin\u0117 Plok\u0161tel\u0117 | Vinilozona.lt\" \/>\n<meta property=\"og:description\" content=\"EuroArts \u2013 2069227 Format: LP Country: Germany Released: 2022 Genre: Stage &amp; Screen Style: Soundtrack\" \/>\n<meta property=\"og:url\" content=\"https:\/\/vinilozona.lt\/en\/parduotuve\/naujos-lp\/danish-national-symphony-orchestra-hollywood-gala\/\" \/>\n<meta property=\"og:site_name\" content=\"Vinilo Zona\" \/>\n<meta property=\"article:modified_time\" content=\"2025-11-21T18:37:39+00:00\" \/>\n<meta property=\"og:image\" content=\"https:\/\/vinilozona.lt\/wp-content\/uploads\/2025\/11\/R-25735885-1673589780-3152.jpg\" \/>\n\t<meta property=\"og:image:width\" content=\"600\" \/>\n\t<meta property=\"og:image:height\" content=\"595\" \/>\n\t<meta property=\"og:image:type\" content=\"image\/jpeg\" \/>\n<meta name=\"twitter:card\" content=\"summary_large_image\" \/>\n<meta name=\"twitter:label1\" content=\"Estimated reading time\" \/>\n\t<meta name=\"twitter:data1\" content=\"2 minutes\" \/>\n<script type=\"application\/ld+json\" class=\"yoast-schema-graph\">{\"@context\":\"https:\/\/schema.org\",\"@graph\":[{\"@type\":\"WebPage\",\"@id\":\"https:\/\/vinilozona.lt\/parduotuve\/naujos-lp\/danish-national-symphony-orchestra-hollywood-gala\/\",\"url\":\"https:\/\/vinilozona.lt\/parduotuve\/naujos-lp\/danish-national-symphony-orchestra-hollywood-gala\/\",\"name\":\"Danish National Symphony Orchestra \u2013 Hollywood Gala Vinilin\u0117 Plok\u0161tel\u0117 | Vinilozona.lt\",\"isPartOf\":{\"@id\":\"https:\/\/vinilozona.lt\/#website\"},\"primaryImageOfPage\":{\"@id\":\"https:\/\/vinilozona.lt\/parduotuve\/naujos-lp\/danish-national-symphony-orchestra-hollywood-gala\/#primaryimage\"},\"image\":{\"@id\":\"https:\/\/vinilozona.lt\/parduotuve\/naujos-lp\/danish-national-symphony-orchestra-hollywood-gala\/#primaryimage\"},\"thumbnailUrl\":\"https:\/\/vinilozona.lt\/wp-content\/uploads\/2025\/11\/R-25735885-1673589780-3152.jpg\",\"datePublished\":\"2025-11-21T03:27:35+00:00\",\"dateModified\":\"2025-11-21T18:37:39+00:00\",\"breadcrumb\":{\"@id\":\"https:\/\/vinilozona.lt\/parduotuve\/naujos-lp\/danish-national-symphony-orchestra-hollywood-gala\/#breadcrumb\"},\"inLanguage\":\"en-GB\",\"potentialAction\":[{\"@type\":\"ReadAction\",\"target\":[\"https:\/\/vinilozona.lt\/parduotuve\/naujos-lp\/danish-national-symphony-orchestra-hollywood-gala\/\"]}]},{\"@type\":\"ImageObject\",\"inLanguage\":\"en-GB\",\"@id\":\"https:\/\/vinilozona.lt\/parduotuve\/naujos-lp\/danish-national-symphony-orchestra-hollywood-gala\/#primaryimage\",\"url\":\"https:\/\/vinilozona.lt\/wp-content\/uploads\/2025\/11\/R-25735885-1673589780-3152.jpg\",\"contentUrl\":\"https:\/\/vinilozona.lt\/wp-content\/uploads\/2025\/11\/R-25735885-1673589780-3152.jpg\",\"width\":600,\"height\":595},{\"@type\":\"BreadcrumbList\",\"@id\":\"https:\/\/vinilozona.lt\/parduotuve\/naujos-lp\/danish-national-symphony-orchestra-hollywood-gala\/#breadcrumb\",\"itemListElement\":[{\"@type\":\"ListItem\",\"position\":1,\"name\":\"Home\",\"item\":\"https:\/\/vinilozona.lt\/\"},{\"@type\":\"ListItem\",\"position\":2,\"name\":\"Parduotuv\u0117\",\"item\":\"https:\/\/vinilozona.lt\/parduotuve\/\"},{\"@type\":\"ListItem\",\"position\":3,\"name\":\"Danish National Symphony Orchestra \u2013 Hollywood Gala\"}]},{\"@type\":\"WebSite\",\"@id\":\"https:\/\/vinilozona.lt\/#website\",\"url\":\"https:\/\/vinilozona.lt\/\",\"name\":\"Vinilo Zona\",\"description\":\"Nup\u016bsk dulkes ir klausyk LP\",\"potentialAction\":[{\"@type\":\"SearchAction\",\"target\":{\"@type\":\"EntryPoint\",\"urlTemplate\":\"https:\/\/vinilozona.lt\/?s={search_term_string}\"},\"query-input\":{\"@type\":\"PropertyValueSpecification\",\"valueRequired\":true,\"valueName\":\"search_term_string\"}}],\"inLanguage\":\"en-GB\"}]}<\/script>\n<!-- \/ Yoast SEO plugin. -->","yoast_head_json":{"title":"Danish National Symphony Orchestra \u2013 Hollywood Gala Vinilin\u0117 Plok\u0161tel\u0117 | Vinilozona.lt","robots":{"index":"index","follow":"follow","max-snippet":"max-snippet:-1","max-image-preview":"max-image-preview:large","max-video-preview":"max-video-preview:-1"},"canonical":"https:\/\/vinilozona.lt\/en\/parduotuve\/naujos-lp\/danish-national-symphony-orchestra-hollywood-gala\/","og_locale":"en_GB","og_type":"article","og_title":"Danish National Symphony Orchestra \u2013 Hollywood Gala Vinilin\u0117 Plok\u0161tel\u0117 | Vinilozona.lt","og_description":"EuroArts \u2013 2069227 Format: LP Country: Germany Released: 2022 Genre: Stage & Screen Style: Soundtrack","og_url":"https:\/\/vinilozona.lt\/en\/parduotuve\/naujos-lp\/danish-national-symphony-orchestra-hollywood-gala\/","og_site_name":"Vinilo Zona","article_modified_time":"2025-11-21T18:37:39+00:00","og_image":[{"width":600,"height":595,"url":"https:\/\/vinilozona.lt\/wp-content\/uploads\/2025\/11\/R-25735885-1673589780-3152.jpg","type":"image\/jpeg"}],"twitter_card":"summary_large_image","twitter_misc":{"Estimated reading time":"2 minutes"},"schema":{"@context":"https:\/\/schema.org","@graph":[{"@type":"WebPage","@id":"https:\/\/vinilozona.lt\/parduotuve\/naujos-lp\/danish-national-symphony-orchestra-hollywood-gala\/","url":"https:\/\/vinilozona.lt\/parduotuve\/naujos-lp\/danish-national-symphony-orchestra-hollywood-gala\/","name":"Danish National Symphony Orchestra \u2013 Hollywood Gala Vinilin\u0117 Plok\u0161tel\u0117 | Vinilozona.lt","isPartOf":{"@id":"https:\/\/vinilozona.lt\/#website"},"primaryImageOfPage":{"@id":"https:\/\/vinilozona.lt\/parduotuve\/naujos-lp\/danish-national-symphony-orchestra-hollywood-gala\/#primaryimage"},"image":{"@id":"https:\/\/vinilozona.lt\/parduotuve\/naujos-lp\/danish-national-symphony-orchestra-hollywood-gala\/#primaryimage"},"thumbnailUrl":"https:\/\/vinilozona.lt\/wp-content\/uploads\/2025\/11\/R-25735885-1673589780-3152.jpg","datePublished":"2025-11-21T03:27:35+00:00","dateModified":"2025-11-21T18:37:39+00:00","breadcrumb":{"@id":"https:\/\/vinilozona.lt\/parduotuve\/naujos-lp\/danish-national-symphony-orchestra-hollywood-gala\/#breadcrumb"},"inLanguage":"en-GB","potentialAction":[{"@type":"ReadAction","target":["https:\/\/vinilozona.lt\/parduotuve\/naujos-lp\/danish-national-symphony-orchestra-hollywood-gala\/"]}]},{"@type":"ImageObject","inLanguage":"en-GB","@id":"https:\/\/vinilozona.lt\/parduotuve\/naujos-lp\/danish-national-symphony-orchestra-hollywood-gala\/#primaryimage","url":"https:\/\/vinilozona.lt\/wp-content\/uploads\/2025\/11\/R-25735885-1673589780-3152.jpg","contentUrl":"https:\/\/vinilozona.lt\/wp-content\/uploads\/2025\/11\/R-25735885-1673589780-3152.jpg","width":600,"height":595},{"@type":"BreadcrumbList","@id":"https:\/\/vinilozona.lt\/parduotuve\/naujos-lp\/danish-national-symphony-orchestra-hollywood-gala\/#breadcrumb","itemListElement":[{"@type":"ListItem","position":1,"name":"Home","item":"https:\/\/vinilozona.lt\/"},{"@type":"ListItem","position":2,"name":"Parduotuv\u0117","item":"https:\/\/vinilozona.lt\/parduotuve\/"},{"@type":"ListItem","position":3,"name":"Danish National Symphony Orchestra \u2013 Hollywood Gala"}]},{"@type":"WebSite","@id":"https:\/\/vinilozona.lt\/#website","url":"https:\/\/vinilozona.lt\/","name":"Vinilo Zona","description":"Nup\u016bsk dulkes ir klausyk LP","potentialAction":[{"@type":"SearchAction","target":{"@type":"EntryPoint","urlTemplate":"https:\/\/vinilozona.lt\/?s={search_term_string}"},"query-input":{"@type":"PropertyValueSpecification","valueRequired":true,"valueName":"search_term_string"}}],"inLanguage":"en-GB"}]}},"_links":{"self":[{"href":"https:\/\/vinilozona.lt\/en\/wp-json\/wp\/v2\/product\/29730"}],"collection":[{"href":"https:\/\/vinilozona.lt\/en\/wp-json\/wp\/v2\/product"}],"about":[{"href":"https:\/\/vinilozona.lt\/en\/wp-json\/wp\/v2\/types\/product"}],"wp:featuredmedia":[{"embeddable":true,"href":"https:\/\/vinilozona.lt\/en\/wp-json\/wp\/v2\/media\/29731"}],"wp:attachment":[{"href":"https:\/\/vinilozona.lt\/en\/wp-json\/wp\/v2\/media?parent=29730"}],"wp:term":[{"taxonomy":"product_cat","embeddable":true,"href":"https:\/\/vinilozona.lt\/en\/wp-json\/wp\/v2\/product_cat?post=29730"},{"taxonomy":"product_tag","embeddable":true,"href":"https:\/\/vinilozona.lt\/en\/wp-json\/wp\/v2\/product_tag?post=29730"}],"curies":[{"name":"wp","href":"https:\/\/api.w.org\/{rel}","templated":true}]}}