{"id":29687,"date":"2025-11-19T05:45:38","date_gmt":"2025-11-19T03:45:38","guid":{"rendered":"https:\/\/vinilozona.lt\/?post_type=product&#038;p=29687"},"modified":"2025-11-19T11:06:01","modified_gmt":"2025-11-19T09:06:01","slug":"pink-floyd-19-albumu-kolekcija","status":"publish","type":"product","link":"https:\/\/vinilozona.lt\/en\/parduotuve\/naujos-lp\/pink-floyd-19-albumu-kolekcija\/","title":{"rendered":"PINK FLOYD &#8211; 19 ALBUM\u0172 KOLEKCIJA"},"content":{"rendered":"<p>Pink Floyd \u2013 The Piper At The Gates Of Dawn &#8211; \tPink Floyd Records \u2013 PFRLP38, Columbia \u2013 0190295024406<br \/>\nFormat: Vinyl, LP, Album, Reissue, Remastered, Repress, Mono, 180 Gram<\/p>\n<p>Pink Floyd \u2013 A Saucerful Of Secrets &#8211; Columbia \u2013 0190295506889, Pink Floyd Records \u2013 PFRLP30<br \/>\nFormat: Vinyl, LP, Album, Reissue, Remastered, Mono, 180 gram<\/p>\n<p>Pink Floyd \u2013 Atom Heart Mother -Pink Floyd Records \u2013 PFRLP5, Pink Floyd Records \u2013 0190295997083<br \/>\nFormat: Vinyl, LP, Album, Reissue, Remastered, Gatefold, 180 Gram<\/p>\n<p>Pink Floyd \u2013 Ummagumma &#8211; Pink Floyd Records \u2013 PFRLP4, Pink Floyd Records \u2013 0825646493166<br \/>\nFormat: 2 x Vinyl, LP, Album, Reissue, Remastered, Stereo, Gatefold, 180 Gram<\/p>\n<p>Pink Floyd \u2013 Soundtrack From The Film &#8222;More&#8221; &#8211; Pink Floyd Records \u2013 PFRLP3, Columbia \u2013 0825646493173<br \/>\nFormat: Vinyl, LP, Album, Reissue, Remastered, Stereo, 180 Gram<\/p>\n<p>Pink Floyd \u2013 Meddle &#8211; Pink Floyd Records \u2013 PFRLP6, Pink Floyd Records \u2013 0190295997076<br \/>\nFormat: Vinyl, LP, Album, Reissue, Remastered, Stereo, 180 g, Gatefold<\/p>\n<p>Pink Floyd \u2013 Obscured By Clouds &#8211; Pink Floyd Records \u2013 PFRLP7, Pink Floyd Records \u2013 0190295996970<br \/>\nFormat:  Vinyl, LP, Album, Reissue, Remastered, Stereo, 180 Gram<\/p>\n<p>Pink Floyd \u2013 The Dark Side Of The Moon &#8211; Pink Floyd Records \u2013 PFRLP8, Pink Floyd Records \u2013 5099902987613<br \/>\nFormat: Vinyl, LP, Album, Reissue, Remastered, Stereo, 180g, Gatefold<\/p>\n<p>Pink Floyd \u2013 The Dark Side Of The Moon (Live At Wembley 1974) &#8211; Pink Floyd Records \u2013 PFR50LP2, Pink Floyd Records \u2013 0190296203664<br \/>\nFormat: Vinyl, LP, Album, Stereo, Gatefold, 180 Gram, 50th Anniversary<\/p>\n<p>Pink Floyd \u2013 Wish You Were Here &#8211; Pink Floyd Records \u2013 PFRLP9, Pink Floyd Records \u2013 5099902988016<br \/>\nFormat: Vinyl, LP, Album, Reissue, Remastered, Stereo, 180<\/p>\n<p>Pink Floyd \u2013 Animals &#8211; Pink Floyd Records \u2013 PFRLP10, Pink Floyd Records \u2013 PFRLP 10, Pink Floyd Records \u2013 0190295996963<br \/>\nFormat: Vinyl, LP, Album, Reissue, Remastered, Stereo, 180g, Gatefold<\/p>\n<p>Pink Floyd \u2013 Animals (2018 Remix) &#8211; Pink Floyd Records \u2013 PFRLP28, Pink Floyd Records \u2013 19075876851<br \/>\nFormat: Vinyl, LP, Album, Reissue, Stereo, Gatefold, 180g<\/p>\n<p>Pink Floyd \u2013 The Wall &#8211; Pink Floyd Records \u2013 PFRLP11, Pink Floyd Records \u2013 5099902988313<br \/>\nFormat: 2 x Vinyl, LP, Album, Reissue, Remastered, Stereo, Gatefold, 180g<\/p>\n<p>Pink Floyd \u2013 A Collection Of Great Dance Songs &#8211; Pink Floyd Records \u2013 PFRLP19, Parlophone \u2013 0190295996901<br \/>\nFormat: Vinyl, LP, Compilation, Reissue, Remastered, 180 Gram<\/p>\n<p>Pink Floyd \u2013 The Final Cut &#8211; Pink Floyd Records \u2013 PFRLP12, Pink Floyd Records \u2013 0190295996956<br \/>\nFormat: Vinyl, LP, Album, Reissue, Remastered, Stereo, 180g, Gatefold<\/p>\n<p>Pink Floyd \u2013 A Momentary Lapse Of Reason &#8211; Pink Floyd Records \u2013 PFRLP13, Pink Floyd Records \u2013 0190295996949<br \/>\nFormat: Vinyl, LP, Album, Reissue, Remastered, 180 Gram, Gatefold<\/p>\n<p>Pink Floyd \u2013 Delicate Sound Of Thunder &#8211; Pink Floyd Records \u2013 PFRLP16, Parlophone \u2013 190295996932<br \/>\nFormat: 2 x Vinyl, LP, Album, Reissue, Remastered, 180 Gram, Gatefold<\/p>\n<p>Pink Floyd \u2013 The Division Bell &#8211; Parlophone \u2013 0825646293285, Pink Floyd Records \u2013 PFRLP14<br \/>\nFormat: 2 x Vinyl, LP, Album, Reissue, Remastered, Stereo, Gatefold, 180 Gra<\/p>\n<p>Pink Floyd \u2013 The Endless River &#8211;  \tParlophone \u2013 825646215478<br \/>\nFormat: 2 x Vinyl, LP, Album, Stereo, 180 gram<\/p>","protected":false},"excerpt":{"rendered":"<p>Pink Floyd pagrindini\u0173 album\u0173 ir koncert\u0173 kolekcija.<br \/>\nVisi nauji, nei\u0161pakuoti.<br \/>\nPuiki dovana Pink Floyd K\u016brybos gerb\u0117jui<\/p>","protected":false},"featured_media":29688,"template":"","meta":[],"product_cat":[23],"product_tag":[44],"yoast_head":"<!-- This site is optimized with the Yoast SEO plugin v23.5 - https:\/\/yoast.com\/wordpress\/plugins\/seo\/ -->\n<title>PINK FLOYD - 19 ALBUM\u0172 KOLEKCIJA Vinilin\u0117 Plok\u0161tel\u0117 | Vinilozona.lt<\/title>\n<meta name=\"robots\" content=\"index, follow, max-snippet:-1, max-image-preview:large, max-video-preview:-1\" \/>\n<link rel=\"canonical\" href=\"https:\/\/vinilozona.lt\/en\/parduotuve\/naujos-lp\/pink-floyd-19-albumu-kolekcija\/\" \/>\n<meta property=\"og:locale\" content=\"en_GB\" \/>\n<meta property=\"og:type\" content=\"article\" \/>\n<meta property=\"og:title\" content=\"PINK FLOYD - 19 ALBUM\u0172 KOLEKCIJA Vinilin\u0117 Plok\u0161tel\u0117 | Vinilozona.lt\" \/>\n<meta property=\"og:description\" content=\"Pink Floyd pagrindini\u0173 album\u0173 ir koncert\u0173 kolekcija.  Visi nauji, nei\u0161pakuoti.  Puiki dovana Pink Floyd K\u016brybos gerb\u0117jui\" \/>\n<meta property=\"og:url\" content=\"https:\/\/vinilozona.lt\/en\/parduotuve\/naujos-lp\/pink-floyd-19-albumu-kolekcija\/\" \/>\n<meta property=\"og:site_name\" content=\"Vinilo Zona\" \/>\n<meta property=\"article:modified_time\" content=\"2025-11-19T09:06:01+00:00\" \/>\n<meta property=\"og:image\" content=\"https:\/\/vinilozona.lt\/wp-content\/uploads\/2025\/11\/A-45467-1405593302-8633.jpg\" \/>\n\t<meta property=\"og:image:width\" content=\"600\" \/>\n\t<meta property=\"og:image:height\" content=\"397\" \/>\n\t<meta property=\"og:image:type\" content=\"image\/jpeg\" \/>\n<meta name=\"twitter:card\" content=\"summary_large_image\" \/>\n<meta name=\"twitter:label1\" content=\"Estimated reading time\" \/>\n\t<meta name=\"twitter:data1\" content=\"2 minutes\" \/>\n<script type=\"application\/ld+json\" class=\"yoast-schema-graph\">{\"@context\":\"https:\/\/schema.org\",\"@graph\":[{\"@type\":\"WebPage\",\"@id\":\"https:\/\/vinilozona.lt\/parduotuve\/naujos-lp\/pink-floyd-19-albumu-kolekcija\/\",\"url\":\"https:\/\/vinilozona.lt\/parduotuve\/naujos-lp\/pink-floyd-19-albumu-kolekcija\/\",\"name\":\"PINK FLOYD - 19 ALBUM\u0172 KOLEKCIJA Vinilin\u0117 Plok\u0161tel\u0117 | Vinilozona.lt\",\"isPartOf\":{\"@id\":\"https:\/\/vinilozona.lt\/#website\"},\"primaryImageOfPage\":{\"@id\":\"https:\/\/vinilozona.lt\/parduotuve\/naujos-lp\/pink-floyd-19-albumu-kolekcija\/#primaryimage\"},\"image\":{\"@id\":\"https:\/\/vinilozona.lt\/parduotuve\/naujos-lp\/pink-floyd-19-albumu-kolekcija\/#primaryimage\"},\"thumbnailUrl\":\"https:\/\/vinilozona.lt\/wp-content\/uploads\/2025\/11\/A-45467-1405593302-8633.jpg\",\"datePublished\":\"2025-11-19T03:45:38+00:00\",\"dateModified\":\"2025-11-19T09:06:01+00:00\",\"breadcrumb\":{\"@id\":\"https:\/\/vinilozona.lt\/parduotuve\/naujos-lp\/pink-floyd-19-albumu-kolekcija\/#breadcrumb\"},\"inLanguage\":\"en-GB\",\"potentialAction\":[{\"@type\":\"ReadAction\",\"target\":[\"https:\/\/vinilozona.lt\/parduotuve\/naujos-lp\/pink-floyd-19-albumu-kolekcija\/\"]}]},{\"@type\":\"ImageObject\",\"inLanguage\":\"en-GB\",\"@id\":\"https:\/\/vinilozona.lt\/parduotuve\/naujos-lp\/pink-floyd-19-albumu-kolekcija\/#primaryimage\",\"url\":\"https:\/\/vinilozona.lt\/wp-content\/uploads\/2025\/11\/A-45467-1405593302-8633.jpg\",\"contentUrl\":\"https:\/\/vinilozona.lt\/wp-content\/uploads\/2025\/11\/A-45467-1405593302-8633.jpg\",\"width\":600,\"height\":397},{\"@type\":\"BreadcrumbList\",\"@id\":\"https:\/\/vinilozona.lt\/parduotuve\/naujos-lp\/pink-floyd-19-albumu-kolekcija\/#breadcrumb\",\"itemListElement\":[{\"@type\":\"ListItem\",\"position\":1,\"name\":\"Home\",\"item\":\"https:\/\/vinilozona.lt\/\"},{\"@type\":\"ListItem\",\"position\":2,\"name\":\"Parduotuv\u0117\",\"item\":\"https:\/\/vinilozona.lt\/parduotuve\/\"},{\"@type\":\"ListItem\",\"position\":3,\"name\":\"PINK FLOYD &#8211; 19 ALBUM\u0172 KOLEKCIJA\"}]},{\"@type\":\"WebSite\",\"@id\":\"https:\/\/vinilozona.lt\/#website\",\"url\":\"https:\/\/vinilozona.lt\/\",\"name\":\"Vinilo Zona\",\"description\":\"Nup\u016bsk dulkes ir klausyk LP\",\"potentialAction\":[{\"@type\":\"SearchAction\",\"target\":{\"@type\":\"EntryPoint\",\"urlTemplate\":\"https:\/\/vinilozona.lt\/?s={search_term_string}\"},\"query-input\":{\"@type\":\"PropertyValueSpecification\",\"valueRequired\":true,\"valueName\":\"search_term_string\"}}],\"inLanguage\":\"en-GB\"}]}<\/script>\n<!-- \/ Yoast SEO plugin. -->","yoast_head_json":{"title":"PINK FLOYD - 19 ALBUM\u0172 KOLEKCIJA Vinilin\u0117 Plok\u0161tel\u0117 | Vinilozona.lt","robots":{"index":"index","follow":"follow","max-snippet":"max-snippet:-1","max-image-preview":"max-image-preview:large","max-video-preview":"max-video-preview:-1"},"canonical":"https:\/\/vinilozona.lt\/en\/parduotuve\/naujos-lp\/pink-floyd-19-albumu-kolekcija\/","og_locale":"en_GB","og_type":"article","og_title":"PINK FLOYD - 19 ALBUM\u0172 KOLEKCIJA Vinilin\u0117 Plok\u0161tel\u0117 | Vinilozona.lt","og_description":"Pink Floyd pagrindini\u0173 album\u0173 ir koncert\u0173 kolekcija.  Visi nauji, nei\u0161pakuoti.  Puiki dovana Pink Floyd K\u016brybos gerb\u0117jui","og_url":"https:\/\/vinilozona.lt\/en\/parduotuve\/naujos-lp\/pink-floyd-19-albumu-kolekcija\/","og_site_name":"Vinilo Zona","article_modified_time":"2025-11-19T09:06:01+00:00","og_image":[{"width":600,"height":397,"url":"https:\/\/vinilozona.lt\/wp-content\/uploads\/2025\/11\/A-45467-1405593302-8633.jpg","type":"image\/jpeg"}],"twitter_card":"summary_large_image","twitter_misc":{"Estimated reading time":"2 minutes"},"schema":{"@context":"https:\/\/schema.org","@graph":[{"@type":"WebPage","@id":"https:\/\/vinilozona.lt\/parduotuve\/naujos-lp\/pink-floyd-19-albumu-kolekcija\/","url":"https:\/\/vinilozona.lt\/parduotuve\/naujos-lp\/pink-floyd-19-albumu-kolekcija\/","name":"PINK FLOYD - 19 ALBUM\u0172 KOLEKCIJA Vinilin\u0117 Plok\u0161tel\u0117 | Vinilozona.lt","isPartOf":{"@id":"https:\/\/vinilozona.lt\/#website"},"primaryImageOfPage":{"@id":"https:\/\/vinilozona.lt\/parduotuve\/naujos-lp\/pink-floyd-19-albumu-kolekcija\/#primaryimage"},"image":{"@id":"https:\/\/vinilozona.lt\/parduotuve\/naujos-lp\/pink-floyd-19-albumu-kolekcija\/#primaryimage"},"thumbnailUrl":"https:\/\/vinilozona.lt\/wp-content\/uploads\/2025\/11\/A-45467-1405593302-8633.jpg","datePublished":"2025-11-19T03:45:38+00:00","dateModified":"2025-11-19T09:06:01+00:00","breadcrumb":{"@id":"https:\/\/vinilozona.lt\/parduotuve\/naujos-lp\/pink-floyd-19-albumu-kolekcija\/#breadcrumb"},"inLanguage":"en-GB","potentialAction":[{"@type":"ReadAction","target":["https:\/\/vinilozona.lt\/parduotuve\/naujos-lp\/pink-floyd-19-albumu-kolekcija\/"]}]},{"@type":"ImageObject","inLanguage":"en-GB","@id":"https:\/\/vinilozona.lt\/parduotuve\/naujos-lp\/pink-floyd-19-albumu-kolekcija\/#primaryimage","url":"https:\/\/vinilozona.lt\/wp-content\/uploads\/2025\/11\/A-45467-1405593302-8633.jpg","contentUrl":"https:\/\/vinilozona.lt\/wp-content\/uploads\/2025\/11\/A-45467-1405593302-8633.jpg","width":600,"height":397},{"@type":"BreadcrumbList","@id":"https:\/\/vinilozona.lt\/parduotuve\/naujos-lp\/pink-floyd-19-albumu-kolekcija\/#breadcrumb","itemListElement":[{"@type":"ListItem","position":1,"name":"Home","item":"https:\/\/vinilozona.lt\/"},{"@type":"ListItem","position":2,"name":"Parduotuv\u0117","item":"https:\/\/vinilozona.lt\/parduotuve\/"},{"@type":"ListItem","position":3,"name":"PINK FLOYD &#8211; 19 ALBUM\u0172 KOLEKCIJA"}]},{"@type":"WebSite","@id":"https:\/\/vinilozona.lt\/#website","url":"https:\/\/vinilozona.lt\/","name":"Vinilo Zona","description":"Nup\u016bsk dulkes ir klausyk LP","potentialAction":[{"@type":"SearchAction","target":{"@type":"EntryPoint","urlTemplate":"https:\/\/vinilozona.lt\/?s={search_term_string}"},"query-input":{"@type":"PropertyValueSpecification","valueRequired":true,"valueName":"search_term_string"}}],"inLanguage":"en-GB"}]}},"_links":{"self":[{"href":"https:\/\/vinilozona.lt\/en\/wp-json\/wp\/v2\/product\/29687"}],"collection":[{"href":"https:\/\/vinilozona.lt\/en\/wp-json\/wp\/v2\/product"}],"about":[{"href":"https:\/\/vinilozona.lt\/en\/wp-json\/wp\/v2\/types\/product"}],"wp:featuredmedia":[{"embeddable":true,"href":"https:\/\/vinilozona.lt\/en\/wp-json\/wp\/v2\/media\/29688"}],"wp:attachment":[{"href":"https:\/\/vinilozona.lt\/en\/wp-json\/wp\/v2\/media?parent=29687"}],"wp:term":[{"taxonomy":"product_cat","embeddable":true,"href":"https:\/\/vinilozona.lt\/en\/wp-json\/wp\/v2\/product_cat?post=29687"},{"taxonomy":"product_tag","embeddable":true,"href":"https:\/\/vinilozona.lt\/en\/wp-json\/wp\/v2\/product_tag?post=29687"}],"curies":[{"name":"wp","href":"https:\/\/api.w.org\/{rel}","templated":true}]}}