{"id":29637,"date":"2025-11-14T05:20:19","date_gmt":"2025-11-14T03:20:19","guid":{"rendered":"https:\/\/vinilozona.lt\/?post_type=product&#038;p=29637"},"modified":"2025-12-11T14:16:33","modified_gmt":"2025-12-11T12:16:33","slug":"latino-dance-machine-spanish-latino-dance-mix","status":"publish","type":"product","link":"https:\/\/vinilozona.lt\/en\/parduotuve\/rock-pop\/latino-dance-machine-spanish-latino-dance-mix\/","title":{"rendered":"Latino Dance Machine \u2013 Spanish Latino Dance Mix"},"content":{"rendered":"<p>Part 1\t8:45<br \/>\nA01\t\tConga<br \/>\nA02\t\tBamboleo<br \/>\nA03\t\tEl Porompompero<br \/>\nA04\t\tRhythm Is Gonna Get You<br \/>\nA05\t\tCuba<br \/>\nPart 2\t8:47<br \/>\nA06\t\tKalimba De Luna<br \/>\nA07\t\tSkookian<br \/>\nA08\t\tBorriquito<br \/>\nA09\t\tFandango<br \/>\nA10\t\tHey Mambo<br \/>\nPart 3\t6:49<br \/>\nA11\t\tCopacabana<br \/>\nA12\t\tEl Ritmo Del Diablo<br \/>\nA13\t\tI Go To Rio<br \/>\nA14\t\tPandeiro E Viola<br \/>\nPart 4\t9:13<br \/>\nB01\t\tDon&#8217;t Let Me Be Misunderstood<br \/>\nB02\t\tParis Latino<br \/>\nB03\t\tQue Pasa<br \/>\nB04\t\tBarcelona<br \/>\nB05\t\tDr. Beat<br \/>\nPart 5\t7:06<br \/>\nB06\t\tMathilda<br \/>\nB07\t\tOle! O&#8217;cangaceiro<br \/>\nB08\t\tRise<br \/>\nB09\t\tLa Isla Bonita<br \/>\nPart 6\t8:30<br \/>\nB10\t\tLatin America<br \/>\nB11\t\tQue Sera Mi Vida<br \/>\nB12\t\tBanana Boat Song (Mr. Tallyman)<br \/>\nB13\t\tGuantanamera<br \/>\nB14\t\tOye Como Va<\/p>","protected":false},"excerpt":{"rendered":"<p>Dino Music \u2013 LP 2021<br \/>\nFormat:<br \/>\nVinyl, LP, Mixed<br \/>\nCountry:<br \/>\nGermany<br \/>\nReleased:<br \/>\n1989<\/p>","protected":false},"featured_media":29638,"template":"","meta":[],"product_cat":[15,906],"product_tag":[44],"yoast_head":"<!-- This site is optimized with the Yoast SEO plugin v23.5 - https:\/\/yoast.com\/wordpress\/plugins\/seo\/ -->\n<title>Latino Dance Machine \u2013 Spanish Latino Dance Mix Vinilin\u0117 Plok\u0161tel\u0117 | Vinilozona.lt<\/title>\n<meta name=\"robots\" content=\"index, follow, max-snippet:-1, max-image-preview:large, max-video-preview:-1\" \/>\n<link rel=\"canonical\" href=\"https:\/\/vinilozona.lt\/en\/parduotuve\/rock-pop\/latino-dance-machine-spanish-latino-dance-mix\/\" \/>\n<meta property=\"og:locale\" content=\"en_GB\" \/>\n<meta property=\"og:type\" content=\"article\" \/>\n<meta property=\"og:title\" content=\"Latino Dance Machine \u2013 Spanish Latino Dance Mix Vinilin\u0117 Plok\u0161tel\u0117 | Vinilozona.lt\" \/>\n<meta property=\"og:description\" content=\"Dino Music \u2013 LP 2021 Format: Vinyl, LP, Mixed Country: Germany Released: 1989\" \/>\n<meta property=\"og:url\" content=\"https:\/\/vinilozona.lt\/en\/parduotuve\/rock-pop\/latino-dance-machine-spanish-latino-dance-mix\/\" \/>\n<meta property=\"og:site_name\" content=\"Vinilo Zona\" \/>\n<meta property=\"article:modified_time\" content=\"2025-12-11T12:16:33+00:00\" \/>\n<meta property=\"og:image\" content=\"https:\/\/vinilozona.lt\/wp-content\/uploads\/2025\/11\/R-2738077-1298792945.jpg\" \/>\n\t<meta property=\"og:image:width\" content=\"600\" \/>\n\t<meta property=\"og:image:height\" content=\"594\" \/>\n\t<meta property=\"og:image:type\" content=\"image\/jpeg\" \/>\n<meta name=\"twitter:card\" content=\"summary_large_image\" \/>\n<meta name=\"twitter:label1\" content=\"Estimated reading time\" \/>\n\t<meta name=\"twitter:data1\" content=\"1 minute\" \/>\n<script type=\"application\/ld+json\" class=\"yoast-schema-graph\">{\"@context\":\"https:\/\/schema.org\",\"@graph\":[{\"@type\":\"WebPage\",\"@id\":\"https:\/\/vinilozona.lt\/parduotuve\/rock-pop\/latino-dance-machine-spanish-latino-dance-mix\/\",\"url\":\"https:\/\/vinilozona.lt\/parduotuve\/rock-pop\/latino-dance-machine-spanish-latino-dance-mix\/\",\"name\":\"Latino Dance Machine \u2013 Spanish Latino Dance Mix Vinilin\u0117 Plok\u0161tel\u0117 | Vinilozona.lt\",\"isPartOf\":{\"@id\":\"https:\/\/vinilozona.lt\/#website\"},\"primaryImageOfPage\":{\"@id\":\"https:\/\/vinilozona.lt\/parduotuve\/rock-pop\/latino-dance-machine-spanish-latino-dance-mix\/#primaryimage\"},\"image\":{\"@id\":\"https:\/\/vinilozona.lt\/parduotuve\/rock-pop\/latino-dance-machine-spanish-latino-dance-mix\/#primaryimage\"},\"thumbnailUrl\":\"https:\/\/vinilozona.lt\/wp-content\/uploads\/2025\/11\/R-2738077-1298792945.jpg\",\"datePublished\":\"2025-11-14T03:20:19+00:00\",\"dateModified\":\"2025-12-11T12:16:33+00:00\",\"breadcrumb\":{\"@id\":\"https:\/\/vinilozona.lt\/parduotuve\/rock-pop\/latino-dance-machine-spanish-latino-dance-mix\/#breadcrumb\"},\"inLanguage\":\"en-GB\",\"potentialAction\":[{\"@type\":\"ReadAction\",\"target\":[\"https:\/\/vinilozona.lt\/parduotuve\/rock-pop\/latino-dance-machine-spanish-latino-dance-mix\/\"]}]},{\"@type\":\"ImageObject\",\"inLanguage\":\"en-GB\",\"@id\":\"https:\/\/vinilozona.lt\/parduotuve\/rock-pop\/latino-dance-machine-spanish-latino-dance-mix\/#primaryimage\",\"url\":\"https:\/\/vinilozona.lt\/wp-content\/uploads\/2025\/11\/R-2738077-1298792945.jpg\",\"contentUrl\":\"https:\/\/vinilozona.lt\/wp-content\/uploads\/2025\/11\/R-2738077-1298792945.jpg\",\"width\":600,\"height\":594},{\"@type\":\"BreadcrumbList\",\"@id\":\"https:\/\/vinilozona.lt\/parduotuve\/rock-pop\/latino-dance-machine-spanish-latino-dance-mix\/#breadcrumb\",\"itemListElement\":[{\"@type\":\"ListItem\",\"position\":1,\"name\":\"Home\",\"item\":\"https:\/\/vinilozona.lt\/\"},{\"@type\":\"ListItem\",\"position\":2,\"name\":\"Parduotuv\u0117\",\"item\":\"https:\/\/vinilozona.lt\/parduotuve\/\"},{\"@type\":\"ListItem\",\"position\":3,\"name\":\"Latino Dance Machine \u2013 Spanish Latino Dance Mix\"}]},{\"@type\":\"WebSite\",\"@id\":\"https:\/\/vinilozona.lt\/#website\",\"url\":\"https:\/\/vinilozona.lt\/\",\"name\":\"Vinilo Zona\",\"description\":\"Nup\u016bsk dulkes ir klausyk LP\",\"potentialAction\":[{\"@type\":\"SearchAction\",\"target\":{\"@type\":\"EntryPoint\",\"urlTemplate\":\"https:\/\/vinilozona.lt\/?s={search_term_string}\"},\"query-input\":{\"@type\":\"PropertyValueSpecification\",\"valueRequired\":true,\"valueName\":\"search_term_string\"}}],\"inLanguage\":\"en-GB\"}]}<\/script>\n<!-- \/ Yoast SEO plugin. -->","yoast_head_json":{"title":"Latino Dance Machine \u2013 Spanish Latino Dance Mix Vinilin\u0117 Plok\u0161tel\u0117 | Vinilozona.lt","robots":{"index":"index","follow":"follow","max-snippet":"max-snippet:-1","max-image-preview":"max-image-preview:large","max-video-preview":"max-video-preview:-1"},"canonical":"https:\/\/vinilozona.lt\/en\/parduotuve\/rock-pop\/latino-dance-machine-spanish-latino-dance-mix\/","og_locale":"en_GB","og_type":"article","og_title":"Latino Dance Machine \u2013 Spanish Latino Dance Mix Vinilin\u0117 Plok\u0161tel\u0117 | Vinilozona.lt","og_description":"Dino Music \u2013 LP 2021 Format: Vinyl, LP, Mixed Country: Germany Released: 1989","og_url":"https:\/\/vinilozona.lt\/en\/parduotuve\/rock-pop\/latino-dance-machine-spanish-latino-dance-mix\/","og_site_name":"Vinilo Zona","article_modified_time":"2025-12-11T12:16:33+00:00","og_image":[{"width":600,"height":594,"url":"https:\/\/vinilozona.lt\/wp-content\/uploads\/2025\/11\/R-2738077-1298792945.jpg","type":"image\/jpeg"}],"twitter_card":"summary_large_image","twitter_misc":{"Estimated reading time":"1 minute"},"schema":{"@context":"https:\/\/schema.org","@graph":[{"@type":"WebPage","@id":"https:\/\/vinilozona.lt\/parduotuve\/rock-pop\/latino-dance-machine-spanish-latino-dance-mix\/","url":"https:\/\/vinilozona.lt\/parduotuve\/rock-pop\/latino-dance-machine-spanish-latino-dance-mix\/","name":"Latino Dance Machine \u2013 Spanish Latino Dance Mix Vinilin\u0117 Plok\u0161tel\u0117 | Vinilozona.lt","isPartOf":{"@id":"https:\/\/vinilozona.lt\/#website"},"primaryImageOfPage":{"@id":"https:\/\/vinilozona.lt\/parduotuve\/rock-pop\/latino-dance-machine-spanish-latino-dance-mix\/#primaryimage"},"image":{"@id":"https:\/\/vinilozona.lt\/parduotuve\/rock-pop\/latino-dance-machine-spanish-latino-dance-mix\/#primaryimage"},"thumbnailUrl":"https:\/\/vinilozona.lt\/wp-content\/uploads\/2025\/11\/R-2738077-1298792945.jpg","datePublished":"2025-11-14T03:20:19+00:00","dateModified":"2025-12-11T12:16:33+00:00","breadcrumb":{"@id":"https:\/\/vinilozona.lt\/parduotuve\/rock-pop\/latino-dance-machine-spanish-latino-dance-mix\/#breadcrumb"},"inLanguage":"en-GB","potentialAction":[{"@type":"ReadAction","target":["https:\/\/vinilozona.lt\/parduotuve\/rock-pop\/latino-dance-machine-spanish-latino-dance-mix\/"]}]},{"@type":"ImageObject","inLanguage":"en-GB","@id":"https:\/\/vinilozona.lt\/parduotuve\/rock-pop\/latino-dance-machine-spanish-latino-dance-mix\/#primaryimage","url":"https:\/\/vinilozona.lt\/wp-content\/uploads\/2025\/11\/R-2738077-1298792945.jpg","contentUrl":"https:\/\/vinilozona.lt\/wp-content\/uploads\/2025\/11\/R-2738077-1298792945.jpg","width":600,"height":594},{"@type":"BreadcrumbList","@id":"https:\/\/vinilozona.lt\/parduotuve\/rock-pop\/latino-dance-machine-spanish-latino-dance-mix\/#breadcrumb","itemListElement":[{"@type":"ListItem","position":1,"name":"Home","item":"https:\/\/vinilozona.lt\/"},{"@type":"ListItem","position":2,"name":"Parduotuv\u0117","item":"https:\/\/vinilozona.lt\/parduotuve\/"},{"@type":"ListItem","position":3,"name":"Latino Dance Machine \u2013 Spanish Latino Dance Mix"}]},{"@type":"WebSite","@id":"https:\/\/vinilozona.lt\/#website","url":"https:\/\/vinilozona.lt\/","name":"Vinilo Zona","description":"Nup\u016bsk dulkes ir klausyk LP","potentialAction":[{"@type":"SearchAction","target":{"@type":"EntryPoint","urlTemplate":"https:\/\/vinilozona.lt\/?s={search_term_string}"},"query-input":{"@type":"PropertyValueSpecification","valueRequired":true,"valueName":"search_term_string"}}],"inLanguage":"en-GB"}]}},"_links":{"self":[{"href":"https:\/\/vinilozona.lt\/en\/wp-json\/wp\/v2\/product\/29637"}],"collection":[{"href":"https:\/\/vinilozona.lt\/en\/wp-json\/wp\/v2\/product"}],"about":[{"href":"https:\/\/vinilozona.lt\/en\/wp-json\/wp\/v2\/types\/product"}],"wp:featuredmedia":[{"embeddable":true,"href":"https:\/\/vinilozona.lt\/en\/wp-json\/wp\/v2\/media\/29638"}],"wp:attachment":[{"href":"https:\/\/vinilozona.lt\/en\/wp-json\/wp\/v2\/media?parent=29637"}],"wp:term":[{"taxonomy":"product_cat","embeddable":true,"href":"https:\/\/vinilozona.lt\/en\/wp-json\/wp\/v2\/product_cat?post=29637"},{"taxonomy":"product_tag","embeddable":true,"href":"https:\/\/vinilozona.lt\/en\/wp-json\/wp\/v2\/product_tag?post=29637"}],"curies":[{"name":"wp","href":"https:\/\/api.w.org\/{rel}","templated":true}]}}