{"id":29622,"date":"2025-11-14T05:00:48","date_gmt":"2025-11-14T03:00:48","guid":{"rendered":"https:\/\/vinilozona.lt\/?post_type=product&#038;p=29622"},"modified":"2025-11-14T06:32:56","modified_gmt":"2025-11-14T04:32:56","slug":"mike-oldfield-boxed-4lp","status":"publish","type":"product","link":"https:\/\/vinilozona.lt\/en\/parduotuve\/rock-pop\/mike-oldfield-boxed-4lp\/","title":{"rendered":"Mike Oldfield \u2013 Boxed  4LP"},"content":{"rendered":"<p>Tubular Bells<br \/>\nTubular Bells Part One\t25:55<br \/>\nTubular Bells Part Two\t25:47<br \/>\nThe Sailor&#8217;s Hornpipe<br \/>\nHergest Ridge<br \/>\nHergest Ridge Part One\t21:33<br \/>\nHergest Ridge Part Two\t18:40<br \/>\nOmmadawn<br \/>\nOmmadawn Part One\t20:06<br \/>\nOmmadawn Part Two\t17:17<br \/>\nOn Horseback<br \/>\nCollaborations<br \/>\nThe Phaeacian Games\t3:58<br \/>\nExtract From Star&#8217;s End\t7:33<br \/>\nThe Rio Grande\t6:37<br \/>\nFirst Excursion\t5:56<br \/>\nArgiers\t3:59<br \/>\nPortsmouth\t2:02<br \/>\nIn Dulci Jubilo\t2:49<br \/>\nSpeak (Tho You Only Say Farewell)\t2:54<\/p>","protected":false},"excerpt":{"rendered":"<p>Virgin \u2013 AORL 48509<br \/>\nFormat:<br \/>\nBox Set, Compilation,<br \/>\nVinyl, LP, Album,<br \/>\nVinyl, LP, Album,<br \/>\nVinyl, LP, Album,<br \/>\nVinyl, LP, Compilation,<br \/>\nCountry:<br \/>\nItaly<br \/>\nReleased:<br \/>\n1981<\/p>","protected":false},"featured_media":29623,"template":"","meta":[],"product_cat":[54,15],"product_tag":[44],"yoast_head":"<!-- This site is optimized with the Yoast SEO plugin v23.5 - https:\/\/yoast.com\/wordpress\/plugins\/seo\/ -->\n<title>Mike Oldfield \u2013 Boxed 4LP Vinilin\u0117 Plok\u0161tel\u0117 | Vinilozona.lt<\/title>\n<meta name=\"robots\" content=\"index, follow, max-snippet:-1, max-image-preview:large, max-video-preview:-1\" \/>\n<link rel=\"canonical\" href=\"https:\/\/vinilozona.lt\/en\/parduotuve\/rock-pop\/mike-oldfield-boxed-4lp\/\" \/>\n<meta property=\"og:locale\" content=\"en_GB\" \/>\n<meta property=\"og:type\" content=\"article\" \/>\n<meta property=\"og:title\" content=\"Mike Oldfield \u2013 Boxed 4LP Vinilin\u0117 Plok\u0161tel\u0117 | Vinilozona.lt\" \/>\n<meta property=\"og:description\" content=\"Virgin \u2013 AORL 48509 Format: Box Set, Compilation,  Vinyl, LP, Album,  Vinyl, LP, Album,  Vinyl, LP, Album,  Vinyl, LP, Compilation,  Country: Italy Released: 1981\" \/>\n<meta property=\"og:url\" content=\"https:\/\/vinilozona.lt\/en\/parduotuve\/rock-pop\/mike-oldfield-boxed-4lp\/\" \/>\n<meta property=\"og:site_name\" content=\"Vinilo Zona\" \/>\n<meta property=\"article:modified_time\" content=\"2025-11-14T04:32:56+00:00\" \/>\n<meta property=\"og:image\" content=\"https:\/\/vinilozona.lt\/wp-content\/uploads\/2025\/11\/R-783734-1335279979.jpg\" \/>\n\t<meta property=\"og:image:width\" content=\"400\" \/>\n\t<meta property=\"og:image:height\" content=\"400\" \/>\n\t<meta property=\"og:image:type\" content=\"image\/jpeg\" \/>\n<meta name=\"twitter:card\" content=\"summary_large_image\" \/>\n<meta name=\"twitter:label1\" content=\"Estimated reading time\" \/>\n\t<meta name=\"twitter:data1\" content=\"1 minute\" \/>\n<script type=\"application\/ld+json\" class=\"yoast-schema-graph\">{\"@context\":\"https:\/\/schema.org\",\"@graph\":[{\"@type\":\"WebPage\",\"@id\":\"https:\/\/vinilozona.lt\/parduotuve\/rock-pop\/mike-oldfield-boxed-4lp\/\",\"url\":\"https:\/\/vinilozona.lt\/parduotuve\/rock-pop\/mike-oldfield-boxed-4lp\/\",\"name\":\"Mike Oldfield \u2013 Boxed 4LP Vinilin\u0117 Plok\u0161tel\u0117 | Vinilozona.lt\",\"isPartOf\":{\"@id\":\"https:\/\/vinilozona.lt\/#website\"},\"primaryImageOfPage\":{\"@id\":\"https:\/\/vinilozona.lt\/parduotuve\/rock-pop\/mike-oldfield-boxed-4lp\/#primaryimage\"},\"image\":{\"@id\":\"https:\/\/vinilozona.lt\/parduotuve\/rock-pop\/mike-oldfield-boxed-4lp\/#primaryimage\"},\"thumbnailUrl\":\"https:\/\/vinilozona.lt\/wp-content\/uploads\/2025\/11\/R-783734-1335279979.jpg\",\"datePublished\":\"2025-11-14T03:00:48+00:00\",\"dateModified\":\"2025-11-14T04:32:56+00:00\",\"breadcrumb\":{\"@id\":\"https:\/\/vinilozona.lt\/parduotuve\/rock-pop\/mike-oldfield-boxed-4lp\/#breadcrumb\"},\"inLanguage\":\"en-GB\",\"potentialAction\":[{\"@type\":\"ReadAction\",\"target\":[\"https:\/\/vinilozona.lt\/parduotuve\/rock-pop\/mike-oldfield-boxed-4lp\/\"]}]},{\"@type\":\"ImageObject\",\"inLanguage\":\"en-GB\",\"@id\":\"https:\/\/vinilozona.lt\/parduotuve\/rock-pop\/mike-oldfield-boxed-4lp\/#primaryimage\",\"url\":\"https:\/\/vinilozona.lt\/wp-content\/uploads\/2025\/11\/R-783734-1335279979.jpg\",\"contentUrl\":\"https:\/\/vinilozona.lt\/wp-content\/uploads\/2025\/11\/R-783734-1335279979.jpg\",\"width\":400,\"height\":400},{\"@type\":\"BreadcrumbList\",\"@id\":\"https:\/\/vinilozona.lt\/parduotuve\/rock-pop\/mike-oldfield-boxed-4lp\/#breadcrumb\",\"itemListElement\":[{\"@type\":\"ListItem\",\"position\":1,\"name\":\"Home\",\"item\":\"https:\/\/vinilozona.lt\/\"},{\"@type\":\"ListItem\",\"position\":2,\"name\":\"Parduotuv\u0117\",\"item\":\"https:\/\/vinilozona.lt\/parduotuve\/\"},{\"@type\":\"ListItem\",\"position\":3,\"name\":\"Mike Oldfield \u2013 Boxed 4LP\"}]},{\"@type\":\"WebSite\",\"@id\":\"https:\/\/vinilozona.lt\/#website\",\"url\":\"https:\/\/vinilozona.lt\/\",\"name\":\"Vinilo Zona\",\"description\":\"Nup\u016bsk dulkes ir klausyk LP\",\"potentialAction\":[{\"@type\":\"SearchAction\",\"target\":{\"@type\":\"EntryPoint\",\"urlTemplate\":\"https:\/\/vinilozona.lt\/?s={search_term_string}\"},\"query-input\":{\"@type\":\"PropertyValueSpecification\",\"valueRequired\":true,\"valueName\":\"search_term_string\"}}],\"inLanguage\":\"en-GB\"}]}<\/script>\n<!-- \/ Yoast SEO plugin. -->","yoast_head_json":{"title":"Mike Oldfield \u2013 Boxed 4LP Vinilin\u0117 Plok\u0161tel\u0117 | Vinilozona.lt","robots":{"index":"index","follow":"follow","max-snippet":"max-snippet:-1","max-image-preview":"max-image-preview:large","max-video-preview":"max-video-preview:-1"},"canonical":"https:\/\/vinilozona.lt\/en\/parduotuve\/rock-pop\/mike-oldfield-boxed-4lp\/","og_locale":"en_GB","og_type":"article","og_title":"Mike Oldfield \u2013 Boxed 4LP Vinilin\u0117 Plok\u0161tel\u0117 | Vinilozona.lt","og_description":"Virgin \u2013 AORL 48509 Format: Box Set, Compilation,  Vinyl, LP, Album,  Vinyl, LP, Album,  Vinyl, LP, Album,  Vinyl, LP, Compilation,  Country: Italy Released: 1981","og_url":"https:\/\/vinilozona.lt\/en\/parduotuve\/rock-pop\/mike-oldfield-boxed-4lp\/","og_site_name":"Vinilo Zona","article_modified_time":"2025-11-14T04:32:56+00:00","og_image":[{"width":400,"height":400,"url":"https:\/\/vinilozona.lt\/wp-content\/uploads\/2025\/11\/R-783734-1335279979.jpg","type":"image\/jpeg"}],"twitter_card":"summary_large_image","twitter_misc":{"Estimated reading time":"1 minute"},"schema":{"@context":"https:\/\/schema.org","@graph":[{"@type":"WebPage","@id":"https:\/\/vinilozona.lt\/parduotuve\/rock-pop\/mike-oldfield-boxed-4lp\/","url":"https:\/\/vinilozona.lt\/parduotuve\/rock-pop\/mike-oldfield-boxed-4lp\/","name":"Mike Oldfield \u2013 Boxed 4LP Vinilin\u0117 Plok\u0161tel\u0117 | Vinilozona.lt","isPartOf":{"@id":"https:\/\/vinilozona.lt\/#website"},"primaryImageOfPage":{"@id":"https:\/\/vinilozona.lt\/parduotuve\/rock-pop\/mike-oldfield-boxed-4lp\/#primaryimage"},"image":{"@id":"https:\/\/vinilozona.lt\/parduotuve\/rock-pop\/mike-oldfield-boxed-4lp\/#primaryimage"},"thumbnailUrl":"https:\/\/vinilozona.lt\/wp-content\/uploads\/2025\/11\/R-783734-1335279979.jpg","datePublished":"2025-11-14T03:00:48+00:00","dateModified":"2025-11-14T04:32:56+00:00","breadcrumb":{"@id":"https:\/\/vinilozona.lt\/parduotuve\/rock-pop\/mike-oldfield-boxed-4lp\/#breadcrumb"},"inLanguage":"en-GB","potentialAction":[{"@type":"ReadAction","target":["https:\/\/vinilozona.lt\/parduotuve\/rock-pop\/mike-oldfield-boxed-4lp\/"]}]},{"@type":"ImageObject","inLanguage":"en-GB","@id":"https:\/\/vinilozona.lt\/parduotuve\/rock-pop\/mike-oldfield-boxed-4lp\/#primaryimage","url":"https:\/\/vinilozona.lt\/wp-content\/uploads\/2025\/11\/R-783734-1335279979.jpg","contentUrl":"https:\/\/vinilozona.lt\/wp-content\/uploads\/2025\/11\/R-783734-1335279979.jpg","width":400,"height":400},{"@type":"BreadcrumbList","@id":"https:\/\/vinilozona.lt\/parduotuve\/rock-pop\/mike-oldfield-boxed-4lp\/#breadcrumb","itemListElement":[{"@type":"ListItem","position":1,"name":"Home","item":"https:\/\/vinilozona.lt\/"},{"@type":"ListItem","position":2,"name":"Parduotuv\u0117","item":"https:\/\/vinilozona.lt\/parduotuve\/"},{"@type":"ListItem","position":3,"name":"Mike Oldfield \u2013 Boxed 4LP"}]},{"@type":"WebSite","@id":"https:\/\/vinilozona.lt\/#website","url":"https:\/\/vinilozona.lt\/","name":"Vinilo Zona","description":"Nup\u016bsk dulkes ir klausyk LP","potentialAction":[{"@type":"SearchAction","target":{"@type":"EntryPoint","urlTemplate":"https:\/\/vinilozona.lt\/?s={search_term_string}"},"query-input":{"@type":"PropertyValueSpecification","valueRequired":true,"valueName":"search_term_string"}}],"inLanguage":"en-GB"}]}},"_links":{"self":[{"href":"https:\/\/vinilozona.lt\/en\/wp-json\/wp\/v2\/product\/29622"}],"collection":[{"href":"https:\/\/vinilozona.lt\/en\/wp-json\/wp\/v2\/product"}],"about":[{"href":"https:\/\/vinilozona.lt\/en\/wp-json\/wp\/v2\/types\/product"}],"wp:featuredmedia":[{"embeddable":true,"href":"https:\/\/vinilozona.lt\/en\/wp-json\/wp\/v2\/media\/29623"}],"wp:attachment":[{"href":"https:\/\/vinilozona.lt\/en\/wp-json\/wp\/v2\/media?parent=29622"}],"wp:term":[{"taxonomy":"product_cat","embeddable":true,"href":"https:\/\/vinilozona.lt\/en\/wp-json\/wp\/v2\/product_cat?post=29622"},{"taxonomy":"product_tag","embeddable":true,"href":"https:\/\/vinilozona.lt\/en\/wp-json\/wp\/v2\/product_tag?post=29622"}],"curies":[{"name":"wp","href":"https:\/\/api.w.org\/{rel}","templated":true}]}}