{"id":29619,"date":"2025-11-13T05:30:27","date_gmt":"2025-11-13T03:30:27","guid":{"rendered":"https:\/\/vinilozona.lt\/?post_type=product&#038;p=29619"},"modified":"2025-12-31T11:23:25","modified_gmt":"2025-12-31T09:23:25","slug":"boney-m-the-complete-collection-2cd","status":"publish","type":"product","link":"https:\/\/vinilozona.lt\/en\/parduotuve\/cd\/naudoti-cd\/boney-m-the-complete-collection-2cd\/","title":{"rendered":"Boney M. \u2013 The Complete Collection  2CD"},"content":{"rendered":"<p>1-01\t\tDaddy Cool\t3:26<br \/>\n1-02\t\tSunny\t4:04<br \/>\n1-03\t\tNo Woman, No Cry\t4:19<br \/>\n1-04\t\tMa Baker\t4:37<br \/>\n1-05\t\tLove For Sale\t4:47<br \/>\n1-06\t\tBelfast\t3:31<br \/>\n1-07\t\tHave You Ever Seen The Rain\t2:40<br \/>\n1-08\t\tStill I&#8217;m Sad\t4:35<br \/>\n1-09\t\tRivers Of Babylon\t4:21<br \/>\n1-10\t\tBrown Girl In The Ring\t4:03<br \/>\n1-11\t\tHeart Of Gold\t4:05<br \/>\n1-12\t\tRasputin\t4:24<br \/>\n1-13\t\tPainter Man\t3:10<br \/>\n1-14\t\tNight Flight To Venus\t3:50<br \/>\n1-15\t\tHooray! Hooray! It&#8217;s A Holi-Holiday\t3:55<br \/>\n1-16\t\tEl Lute\t4:00<br \/>\n1-17\t\tGotta Go Home\t3:45<br \/>\n1-18\t\tI&#8217;m Born Again\t4:08<br \/>\n1-19\t\tHold On I&#8217;m Coming\t3:38<br \/>\n1-20\t\tThe Summer Mega Mix\t4:29<br \/>\n2-01\t\tCalendar Song (January, February, March&#8230;)\t2:42<br \/>\n2-02\t\tRibbons Of Blue\t2:00<br \/>\n2-03\t\tI See A Boat On The River\t4:30<br \/>\n2-04\t\tMy Friend Jack\t4:29<br \/>\n2-05\t\tChildren Of Paradise\t3:18<br \/>\n2-06\t\tFelicidad (Margherita)\t4:31<br \/>\n2-07\t\tMalaika\t3:27<br \/>\n2-08\t\tWe Kill The World (Don&#8217;t Kill The World)\t6:33<br \/>\n2-09\t\tI Shall Sing\t3:28<br \/>\n2-10\t\tThe Carnival Is Over\t4:50<br \/>\n2-11\t\tJambo Hakuna Matata\t3:39<br \/>\n2-12\t\tKalimba De Luna\t4:14<br \/>\n2-13\t\tHappy Song\t3:54<br \/>\n2-14\t\tMy Cherie Amour\t4:06<br \/>\n2-15\t\tYoung Free And Single\t4:12<br \/>\n2-16\t\tDreadlock Holiday\t4:53<br \/>\n2-17\t\tBang Bang Lulu\t3:04<br \/>\n2-18\t\tFeliz Navidad\t2:21<br \/>\n2-19\t\tMary&#8217;s Boy Child \/ Oh My Lord\t5:09<br \/>\n2-20\t\tWhite Christmas\t3:23<\/p>","protected":false},"excerpt":{"rendered":"<p>BMG Denmark \u2013 74321 81195 2, BMG Denmark \u2013 74321 811952<br \/>\nFormat:<br \/>\n2 x CD, Compilation<br \/>\nCountry:<br \/>\nDenmark<br \/>\nReleased:<br \/>\n2000<\/p>","protected":false},"featured_media":29620,"template":"","meta":[],"product_cat":[24,946],"product_tag":[44],"yoast_head":"<!-- This site is optimized with the Yoast SEO plugin v23.5 - https:\/\/yoast.com\/wordpress\/plugins\/seo\/ -->\n<title>Boney M. \u2013 The Complete Collection 2CD Vinilin\u0117 Plok\u0161tel\u0117 | Vinilozona.lt<\/title>\n<meta name=\"robots\" content=\"index, follow, max-snippet:-1, max-image-preview:large, max-video-preview:-1\" \/>\n<link rel=\"canonical\" href=\"https:\/\/vinilozona.lt\/en\/parduotuve\/cd\/naudoti-cd\/boney-m-the-complete-collection-2cd\/\" \/>\n<meta property=\"og:locale\" content=\"en_GB\" \/>\n<meta property=\"og:type\" content=\"article\" \/>\n<meta property=\"og:title\" content=\"Boney M. \u2013 The Complete Collection 2CD Vinilin\u0117 Plok\u0161tel\u0117 | Vinilozona.lt\" \/>\n<meta property=\"og:description\" content=\"BMG Denmark \u2013 74321 81195 2, BMG Denmark \u2013 74321 811952 Format: 2 x CD, Compilation Country: Denmark Released: 2000\" \/>\n<meta property=\"og:url\" content=\"https:\/\/vinilozona.lt\/en\/parduotuve\/cd\/naudoti-cd\/boney-m-the-complete-collection-2cd\/\" \/>\n<meta property=\"og:site_name\" content=\"Vinilo Zona\" \/>\n<meta property=\"article:modified_time\" content=\"2025-12-31T09:23:25+00:00\" \/>\n<meta property=\"og:image\" content=\"https:\/\/vinilozona.lt\/wp-content\/uploads\/2025\/11\/R-1200689-1404732623-6176.jpg\" \/>\n\t<meta property=\"og:image:width\" content=\"599\" \/>\n\t<meta property=\"og:image:height\" content=\"532\" \/>\n\t<meta property=\"og:image:type\" content=\"image\/jpeg\" \/>\n<meta name=\"twitter:card\" content=\"summary_large_image\" \/>\n<meta name=\"twitter:label1\" content=\"Estimated reading time\" \/>\n\t<meta name=\"twitter:data1\" content=\"1 minute\" \/>\n<script type=\"application\/ld+json\" class=\"yoast-schema-graph\">{\"@context\":\"https:\/\/schema.org\",\"@graph\":[{\"@type\":\"WebPage\",\"@id\":\"https:\/\/vinilozona.lt\/parduotuve\/cd\/naudoti-cd\/boney-m-the-complete-collection-2cd\/\",\"url\":\"https:\/\/vinilozona.lt\/parduotuve\/cd\/naudoti-cd\/boney-m-the-complete-collection-2cd\/\",\"name\":\"Boney M. \u2013 The Complete Collection 2CD Vinilin\u0117 Plok\u0161tel\u0117 | Vinilozona.lt\",\"isPartOf\":{\"@id\":\"https:\/\/vinilozona.lt\/#website\"},\"primaryImageOfPage\":{\"@id\":\"https:\/\/vinilozona.lt\/parduotuve\/cd\/naudoti-cd\/boney-m-the-complete-collection-2cd\/#primaryimage\"},\"image\":{\"@id\":\"https:\/\/vinilozona.lt\/parduotuve\/cd\/naudoti-cd\/boney-m-the-complete-collection-2cd\/#primaryimage\"},\"thumbnailUrl\":\"https:\/\/vinilozona.lt\/wp-content\/uploads\/2025\/11\/R-1200689-1404732623-6176.jpg\",\"datePublished\":\"2025-11-13T03:30:27+00:00\",\"dateModified\":\"2025-12-31T09:23:25+00:00\",\"breadcrumb\":{\"@id\":\"https:\/\/vinilozona.lt\/parduotuve\/cd\/naudoti-cd\/boney-m-the-complete-collection-2cd\/#breadcrumb\"},\"inLanguage\":\"en-GB\",\"potentialAction\":[{\"@type\":\"ReadAction\",\"target\":[\"https:\/\/vinilozona.lt\/parduotuve\/cd\/naudoti-cd\/boney-m-the-complete-collection-2cd\/\"]}]},{\"@type\":\"ImageObject\",\"inLanguage\":\"en-GB\",\"@id\":\"https:\/\/vinilozona.lt\/parduotuve\/cd\/naudoti-cd\/boney-m-the-complete-collection-2cd\/#primaryimage\",\"url\":\"https:\/\/vinilozona.lt\/wp-content\/uploads\/2025\/11\/R-1200689-1404732623-6176.jpg\",\"contentUrl\":\"https:\/\/vinilozona.lt\/wp-content\/uploads\/2025\/11\/R-1200689-1404732623-6176.jpg\",\"width\":599,\"height\":532},{\"@type\":\"BreadcrumbList\",\"@id\":\"https:\/\/vinilozona.lt\/parduotuve\/cd\/naudoti-cd\/boney-m-the-complete-collection-2cd\/#breadcrumb\",\"itemListElement\":[{\"@type\":\"ListItem\",\"position\":1,\"name\":\"Home\",\"item\":\"https:\/\/vinilozona.lt\/\"},{\"@type\":\"ListItem\",\"position\":2,\"name\":\"Parduotuv\u0117\",\"item\":\"https:\/\/vinilozona.lt\/parduotuve\/\"},{\"@type\":\"ListItem\",\"position\":3,\"name\":\"Boney M. \u2013 The Complete Collection 2CD\"}]},{\"@type\":\"WebSite\",\"@id\":\"https:\/\/vinilozona.lt\/#website\",\"url\":\"https:\/\/vinilozona.lt\/\",\"name\":\"Vinilo Zona\",\"description\":\"Nup\u016bsk dulkes ir klausyk LP\",\"potentialAction\":[{\"@type\":\"SearchAction\",\"target\":{\"@type\":\"EntryPoint\",\"urlTemplate\":\"https:\/\/vinilozona.lt\/?s={search_term_string}\"},\"query-input\":{\"@type\":\"PropertyValueSpecification\",\"valueRequired\":true,\"valueName\":\"search_term_string\"}}],\"inLanguage\":\"en-GB\"}]}<\/script>\n<!-- \/ Yoast SEO plugin. -->","yoast_head_json":{"title":"Boney M. \u2013 The Complete Collection 2CD Vinilin\u0117 Plok\u0161tel\u0117 | Vinilozona.lt","robots":{"index":"index","follow":"follow","max-snippet":"max-snippet:-1","max-image-preview":"max-image-preview:large","max-video-preview":"max-video-preview:-1"},"canonical":"https:\/\/vinilozona.lt\/en\/parduotuve\/cd\/naudoti-cd\/boney-m-the-complete-collection-2cd\/","og_locale":"en_GB","og_type":"article","og_title":"Boney M. \u2013 The Complete Collection 2CD Vinilin\u0117 Plok\u0161tel\u0117 | Vinilozona.lt","og_description":"BMG Denmark \u2013 74321 81195 2, BMG Denmark \u2013 74321 811952 Format: 2 x CD, Compilation Country: Denmark Released: 2000","og_url":"https:\/\/vinilozona.lt\/en\/parduotuve\/cd\/naudoti-cd\/boney-m-the-complete-collection-2cd\/","og_site_name":"Vinilo Zona","article_modified_time":"2025-12-31T09:23:25+00:00","og_image":[{"width":599,"height":532,"url":"https:\/\/vinilozona.lt\/wp-content\/uploads\/2025\/11\/R-1200689-1404732623-6176.jpg","type":"image\/jpeg"}],"twitter_card":"summary_large_image","twitter_misc":{"Estimated reading time":"1 minute"},"schema":{"@context":"https:\/\/schema.org","@graph":[{"@type":"WebPage","@id":"https:\/\/vinilozona.lt\/parduotuve\/cd\/naudoti-cd\/boney-m-the-complete-collection-2cd\/","url":"https:\/\/vinilozona.lt\/parduotuve\/cd\/naudoti-cd\/boney-m-the-complete-collection-2cd\/","name":"Boney M. \u2013 The Complete Collection 2CD Vinilin\u0117 Plok\u0161tel\u0117 | Vinilozona.lt","isPartOf":{"@id":"https:\/\/vinilozona.lt\/#website"},"primaryImageOfPage":{"@id":"https:\/\/vinilozona.lt\/parduotuve\/cd\/naudoti-cd\/boney-m-the-complete-collection-2cd\/#primaryimage"},"image":{"@id":"https:\/\/vinilozona.lt\/parduotuve\/cd\/naudoti-cd\/boney-m-the-complete-collection-2cd\/#primaryimage"},"thumbnailUrl":"https:\/\/vinilozona.lt\/wp-content\/uploads\/2025\/11\/R-1200689-1404732623-6176.jpg","datePublished":"2025-11-13T03:30:27+00:00","dateModified":"2025-12-31T09:23:25+00:00","breadcrumb":{"@id":"https:\/\/vinilozona.lt\/parduotuve\/cd\/naudoti-cd\/boney-m-the-complete-collection-2cd\/#breadcrumb"},"inLanguage":"en-GB","potentialAction":[{"@type":"ReadAction","target":["https:\/\/vinilozona.lt\/parduotuve\/cd\/naudoti-cd\/boney-m-the-complete-collection-2cd\/"]}]},{"@type":"ImageObject","inLanguage":"en-GB","@id":"https:\/\/vinilozona.lt\/parduotuve\/cd\/naudoti-cd\/boney-m-the-complete-collection-2cd\/#primaryimage","url":"https:\/\/vinilozona.lt\/wp-content\/uploads\/2025\/11\/R-1200689-1404732623-6176.jpg","contentUrl":"https:\/\/vinilozona.lt\/wp-content\/uploads\/2025\/11\/R-1200689-1404732623-6176.jpg","width":599,"height":532},{"@type":"BreadcrumbList","@id":"https:\/\/vinilozona.lt\/parduotuve\/cd\/naudoti-cd\/boney-m-the-complete-collection-2cd\/#breadcrumb","itemListElement":[{"@type":"ListItem","position":1,"name":"Home","item":"https:\/\/vinilozona.lt\/"},{"@type":"ListItem","position":2,"name":"Parduotuv\u0117","item":"https:\/\/vinilozona.lt\/parduotuve\/"},{"@type":"ListItem","position":3,"name":"Boney M. \u2013 The Complete Collection 2CD"}]},{"@type":"WebSite","@id":"https:\/\/vinilozona.lt\/#website","url":"https:\/\/vinilozona.lt\/","name":"Vinilo Zona","description":"Nup\u016bsk dulkes ir klausyk LP","potentialAction":[{"@type":"SearchAction","target":{"@type":"EntryPoint","urlTemplate":"https:\/\/vinilozona.lt\/?s={search_term_string}"},"query-input":{"@type":"PropertyValueSpecification","valueRequired":true,"valueName":"search_term_string"}}],"inLanguage":"en-GB"}]}},"_links":{"self":[{"href":"https:\/\/vinilozona.lt\/en\/wp-json\/wp\/v2\/product\/29619"}],"collection":[{"href":"https:\/\/vinilozona.lt\/en\/wp-json\/wp\/v2\/product"}],"about":[{"href":"https:\/\/vinilozona.lt\/en\/wp-json\/wp\/v2\/types\/product"}],"wp:featuredmedia":[{"embeddable":true,"href":"https:\/\/vinilozona.lt\/en\/wp-json\/wp\/v2\/media\/29620"}],"wp:attachment":[{"href":"https:\/\/vinilozona.lt\/en\/wp-json\/wp\/v2\/media?parent=29619"}],"wp:term":[{"taxonomy":"product_cat","embeddable":true,"href":"https:\/\/vinilozona.lt\/en\/wp-json\/wp\/v2\/product_cat?post=29619"},{"taxonomy":"product_tag","embeddable":true,"href":"https:\/\/vinilozona.lt\/en\/wp-json\/wp\/v2\/product_tag?post=29619"}],"curies":[{"name":"wp","href":"https:\/\/api.w.org\/{rel}","templated":true}]}}