{"id":29615,"date":"2025-11-13T05:24:02","date_gmt":"2025-11-13T03:24:02","guid":{"rendered":"https:\/\/vinilozona.lt\/?post_type=product&#038;p=29615"},"modified":"2025-11-14T06:21:23","modified_gmt":"2025-11-14T04:21:23","slug":"eagles-the-very-best-of-the-eagles-cd-2","status":"publish","type":"product","link":"https:\/\/vinilozona.lt\/en\/parduotuve\/cd\/naudoti-cd\/eagles-the-very-best-of-the-eagles-cd-2\/","title":{"rendered":"Eagles \u2013 The Very Best Of The Eagles  CD"},"content":{"rendered":"<p>One Of These Nights\t4:51<br \/>\nTake It Easy\t3:32<br \/>\nHotel California\t6:29<br \/>\nNew Kid In Town\t5:03<br \/>\nHeartache Tonight\t4:26<br \/>\nTequila Sunrise\t2:54<br \/>\nDesperado\t3:37<br \/>\nBest Of My Love\t4:34<br \/>\nLyin&#8217; Eyes\t6:21<br \/>\nTake It To The Limit\t4:46<br \/>\nI Can&#8217;t Tell You Why\t4:55<br \/>\nPeaceful Easy Feeling\t4:17<br \/>\nJames Dean\t3:38<br \/>\nDoolin-Dalton\t3:29<br \/>\nWitchy Woman\t4:11<br \/>\nThe Long Run\t3:42<br \/>\nLife In The Fast Lane\t4:45<\/p>","protected":false},"excerpt":{"rendered":"<p>Elektra \u2013 7559-62680-2, Warner Strategic Marketing \u2013 7559-62680-2<br \/>\nFormat:<br \/>\nCD, Compilation, Remastered<br \/>\nCountry:<br \/>\nEurope<br \/>\nReleased:<br \/>\n2001<\/p>","protected":false},"featured_media":29616,"template":"","meta":[],"product_cat":[24,946],"product_tag":[44],"yoast_head":"<!-- This site is optimized with the Yoast SEO plugin v23.5 - https:\/\/yoast.com\/wordpress\/plugins\/seo\/ -->\n<title>Eagles \u2013 The Very Best Of The Eagles CD Vinilin\u0117 Plok\u0161tel\u0117 | Vinilozona.lt<\/title>\n<meta name=\"robots\" content=\"index, follow, max-snippet:-1, max-image-preview:large, max-video-preview:-1\" \/>\n<link rel=\"canonical\" href=\"https:\/\/vinilozona.lt\/en\/parduotuve\/cd\/naudoti-cd\/eagles-the-very-best-of-the-eagles-cd-2\/\" \/>\n<meta property=\"og:locale\" content=\"en_GB\" \/>\n<meta property=\"og:type\" content=\"article\" \/>\n<meta property=\"og:title\" content=\"Eagles \u2013 The Very Best Of The Eagles CD Vinilin\u0117 Plok\u0161tel\u0117 | Vinilozona.lt\" \/>\n<meta property=\"og:description\" content=\"Elektra \u2013 7559-62680-2, Warner Strategic Marketing \u2013 7559-62680-2 Format: CD, Compilation, Remastered Country: Europe Released: 2001\" \/>\n<meta property=\"og:url\" content=\"https:\/\/vinilozona.lt\/en\/parduotuve\/cd\/naudoti-cd\/eagles-the-very-best-of-the-eagles-cd-2\/\" \/>\n<meta property=\"og:site_name\" content=\"Vinilo Zona\" \/>\n<meta property=\"article:modified_time\" content=\"2025-11-14T04:21:23+00:00\" \/>\n<meta property=\"og:image\" content=\"https:\/\/vinilozona.lt\/wp-content\/uploads\/2025\/11\/R-13643947-1558175086-4144.jpg\" \/>\n\t<meta property=\"og:image:width\" content=\"594\" \/>\n\t<meta property=\"og:image:height\" content=\"599\" \/>\n\t<meta property=\"og:image:type\" content=\"image\/jpeg\" \/>\n<meta name=\"twitter:card\" content=\"summary_large_image\" \/>\n<meta name=\"twitter:label1\" content=\"Estimated reading time\" \/>\n\t<meta name=\"twitter:data1\" content=\"1 minute\" \/>\n<script type=\"application\/ld+json\" class=\"yoast-schema-graph\">{\"@context\":\"https:\/\/schema.org\",\"@graph\":[{\"@type\":\"WebPage\",\"@id\":\"https:\/\/vinilozona.lt\/parduotuve\/cd\/naudoti-cd\/eagles-the-very-best-of-the-eagles-cd-2\/\",\"url\":\"https:\/\/vinilozona.lt\/parduotuve\/cd\/naudoti-cd\/eagles-the-very-best-of-the-eagles-cd-2\/\",\"name\":\"Eagles \u2013 The Very Best Of The Eagles CD Vinilin\u0117 Plok\u0161tel\u0117 | Vinilozona.lt\",\"isPartOf\":{\"@id\":\"https:\/\/vinilozona.lt\/#website\"},\"primaryImageOfPage\":{\"@id\":\"https:\/\/vinilozona.lt\/parduotuve\/cd\/naudoti-cd\/eagles-the-very-best-of-the-eagles-cd-2\/#primaryimage\"},\"image\":{\"@id\":\"https:\/\/vinilozona.lt\/parduotuve\/cd\/naudoti-cd\/eagles-the-very-best-of-the-eagles-cd-2\/#primaryimage\"},\"thumbnailUrl\":\"https:\/\/vinilozona.lt\/wp-content\/uploads\/2025\/11\/R-13643947-1558175086-4144.jpg\",\"datePublished\":\"2025-11-13T03:24:02+00:00\",\"dateModified\":\"2025-11-14T04:21:23+00:00\",\"breadcrumb\":{\"@id\":\"https:\/\/vinilozona.lt\/parduotuve\/cd\/naudoti-cd\/eagles-the-very-best-of-the-eagles-cd-2\/#breadcrumb\"},\"inLanguage\":\"en-GB\",\"potentialAction\":[{\"@type\":\"ReadAction\",\"target\":[\"https:\/\/vinilozona.lt\/parduotuve\/cd\/naudoti-cd\/eagles-the-very-best-of-the-eagles-cd-2\/\"]}]},{\"@type\":\"ImageObject\",\"inLanguage\":\"en-GB\",\"@id\":\"https:\/\/vinilozona.lt\/parduotuve\/cd\/naudoti-cd\/eagles-the-very-best-of-the-eagles-cd-2\/#primaryimage\",\"url\":\"https:\/\/vinilozona.lt\/wp-content\/uploads\/2025\/11\/R-13643947-1558175086-4144.jpg\",\"contentUrl\":\"https:\/\/vinilozona.lt\/wp-content\/uploads\/2025\/11\/R-13643947-1558175086-4144.jpg\",\"width\":594,\"height\":599},{\"@type\":\"BreadcrumbList\",\"@id\":\"https:\/\/vinilozona.lt\/parduotuve\/cd\/naudoti-cd\/eagles-the-very-best-of-the-eagles-cd-2\/#breadcrumb\",\"itemListElement\":[{\"@type\":\"ListItem\",\"position\":1,\"name\":\"Home\",\"item\":\"https:\/\/vinilozona.lt\/\"},{\"@type\":\"ListItem\",\"position\":2,\"name\":\"Parduotuv\u0117\",\"item\":\"https:\/\/vinilozona.lt\/parduotuve\/\"},{\"@type\":\"ListItem\",\"position\":3,\"name\":\"Eagles \u2013 The Very Best Of The Eagles CD\"}]},{\"@type\":\"WebSite\",\"@id\":\"https:\/\/vinilozona.lt\/#website\",\"url\":\"https:\/\/vinilozona.lt\/\",\"name\":\"Vinilo Zona\",\"description\":\"Nup\u016bsk dulkes ir klausyk LP\",\"potentialAction\":[{\"@type\":\"SearchAction\",\"target\":{\"@type\":\"EntryPoint\",\"urlTemplate\":\"https:\/\/vinilozona.lt\/?s={search_term_string}\"},\"query-input\":{\"@type\":\"PropertyValueSpecification\",\"valueRequired\":true,\"valueName\":\"search_term_string\"}}],\"inLanguage\":\"en-GB\"}]}<\/script>\n<!-- \/ Yoast SEO plugin. -->","yoast_head_json":{"title":"Eagles \u2013 The Very Best Of The Eagles CD Vinilin\u0117 Plok\u0161tel\u0117 | Vinilozona.lt","robots":{"index":"index","follow":"follow","max-snippet":"max-snippet:-1","max-image-preview":"max-image-preview:large","max-video-preview":"max-video-preview:-1"},"canonical":"https:\/\/vinilozona.lt\/en\/parduotuve\/cd\/naudoti-cd\/eagles-the-very-best-of-the-eagles-cd-2\/","og_locale":"en_GB","og_type":"article","og_title":"Eagles \u2013 The Very Best Of The Eagles CD Vinilin\u0117 Plok\u0161tel\u0117 | Vinilozona.lt","og_description":"Elektra \u2013 7559-62680-2, Warner Strategic Marketing \u2013 7559-62680-2 Format: CD, Compilation, Remastered Country: Europe Released: 2001","og_url":"https:\/\/vinilozona.lt\/en\/parduotuve\/cd\/naudoti-cd\/eagles-the-very-best-of-the-eagles-cd-2\/","og_site_name":"Vinilo Zona","article_modified_time":"2025-11-14T04:21:23+00:00","og_image":[{"width":594,"height":599,"url":"https:\/\/vinilozona.lt\/wp-content\/uploads\/2025\/11\/R-13643947-1558175086-4144.jpg","type":"image\/jpeg"}],"twitter_card":"summary_large_image","twitter_misc":{"Estimated reading time":"1 minute"},"schema":{"@context":"https:\/\/schema.org","@graph":[{"@type":"WebPage","@id":"https:\/\/vinilozona.lt\/parduotuve\/cd\/naudoti-cd\/eagles-the-very-best-of-the-eagles-cd-2\/","url":"https:\/\/vinilozona.lt\/parduotuve\/cd\/naudoti-cd\/eagles-the-very-best-of-the-eagles-cd-2\/","name":"Eagles \u2013 The Very Best Of The Eagles CD Vinilin\u0117 Plok\u0161tel\u0117 | Vinilozona.lt","isPartOf":{"@id":"https:\/\/vinilozona.lt\/#website"},"primaryImageOfPage":{"@id":"https:\/\/vinilozona.lt\/parduotuve\/cd\/naudoti-cd\/eagles-the-very-best-of-the-eagles-cd-2\/#primaryimage"},"image":{"@id":"https:\/\/vinilozona.lt\/parduotuve\/cd\/naudoti-cd\/eagles-the-very-best-of-the-eagles-cd-2\/#primaryimage"},"thumbnailUrl":"https:\/\/vinilozona.lt\/wp-content\/uploads\/2025\/11\/R-13643947-1558175086-4144.jpg","datePublished":"2025-11-13T03:24:02+00:00","dateModified":"2025-11-14T04:21:23+00:00","breadcrumb":{"@id":"https:\/\/vinilozona.lt\/parduotuve\/cd\/naudoti-cd\/eagles-the-very-best-of-the-eagles-cd-2\/#breadcrumb"},"inLanguage":"en-GB","potentialAction":[{"@type":"ReadAction","target":["https:\/\/vinilozona.lt\/parduotuve\/cd\/naudoti-cd\/eagles-the-very-best-of-the-eagles-cd-2\/"]}]},{"@type":"ImageObject","inLanguage":"en-GB","@id":"https:\/\/vinilozona.lt\/parduotuve\/cd\/naudoti-cd\/eagles-the-very-best-of-the-eagles-cd-2\/#primaryimage","url":"https:\/\/vinilozona.lt\/wp-content\/uploads\/2025\/11\/R-13643947-1558175086-4144.jpg","contentUrl":"https:\/\/vinilozona.lt\/wp-content\/uploads\/2025\/11\/R-13643947-1558175086-4144.jpg","width":594,"height":599},{"@type":"BreadcrumbList","@id":"https:\/\/vinilozona.lt\/parduotuve\/cd\/naudoti-cd\/eagles-the-very-best-of-the-eagles-cd-2\/#breadcrumb","itemListElement":[{"@type":"ListItem","position":1,"name":"Home","item":"https:\/\/vinilozona.lt\/"},{"@type":"ListItem","position":2,"name":"Parduotuv\u0117","item":"https:\/\/vinilozona.lt\/parduotuve\/"},{"@type":"ListItem","position":3,"name":"Eagles \u2013 The Very Best Of The Eagles CD"}]},{"@type":"WebSite","@id":"https:\/\/vinilozona.lt\/#website","url":"https:\/\/vinilozona.lt\/","name":"Vinilo Zona","description":"Nup\u016bsk dulkes ir klausyk LP","potentialAction":[{"@type":"SearchAction","target":{"@type":"EntryPoint","urlTemplate":"https:\/\/vinilozona.lt\/?s={search_term_string}"},"query-input":{"@type":"PropertyValueSpecification","valueRequired":true,"valueName":"search_term_string"}}],"inLanguage":"en-GB"}]}},"_links":{"self":[{"href":"https:\/\/vinilozona.lt\/en\/wp-json\/wp\/v2\/product\/29615"}],"collection":[{"href":"https:\/\/vinilozona.lt\/en\/wp-json\/wp\/v2\/product"}],"about":[{"href":"https:\/\/vinilozona.lt\/en\/wp-json\/wp\/v2\/types\/product"}],"wp:featuredmedia":[{"embeddable":true,"href":"https:\/\/vinilozona.lt\/en\/wp-json\/wp\/v2\/media\/29616"}],"wp:attachment":[{"href":"https:\/\/vinilozona.lt\/en\/wp-json\/wp\/v2\/media?parent=29615"}],"wp:term":[{"taxonomy":"product_cat","embeddable":true,"href":"https:\/\/vinilozona.lt\/en\/wp-json\/wp\/v2\/product_cat?post=29615"},{"taxonomy":"product_tag","embeddable":true,"href":"https:\/\/vinilozona.lt\/en\/wp-json\/wp\/v2\/product_tag?post=29615"}],"curies":[{"name":"wp","href":"https:\/\/api.w.org\/{rel}","templated":true}]}}