{"id":29593,"date":"2025-11-12T05:59:09","date_gmt":"2025-11-12T03:59:09","guid":{"rendered":"https:\/\/vinilozona.lt\/?post_type=product&#038;p=29593"},"modified":"2025-11-12T20:20:26","modified_gmt":"2025-11-12T18:20:26","slug":"janis-joplin-janis-joplins-greatest-hits-cd","status":"publish","type":"product","link":"https:\/\/vinilozona.lt\/en\/parduotuve\/cd\/naudoti-cd\/janis-joplin-janis-joplins-greatest-hits-cd\/","title":{"rendered":"Janis Joplin \u2013 Janis Joplin&#8217;s Greatest Hits  CD"},"content":{"rendered":"<p>Big Brother &#038; The Holding Company\u2013\tPiece Of My Heart\t4:19<br \/>\nBig Brother &#038; The Holding Company\u2013\tSummertime\t4:01<br \/>\nKozmic Blues Band\u2013\tTry (Just A Little Bit Harder)\t4:02<br \/>\nFull Tilt Boogie Band\u2013\tCry Baby\t3:57<br \/>\nFull Tilt Boogie Band\u2013\tMe And Bobby McGee\t4:30<br \/>\nBig Brother &#038; The Holding Company\u2013\tDown On Me\t3:07<br \/>\nFull Tilt Boogie Band\u2013\tGet It While You Can\t3:24<br \/>\nBig Brother &#038; The Holding Company\u2013\tBye, Bye Baby\t2:36<br \/>\nFull Tilt Boogie Band\u2013\tMove Over\t3:40<br \/>\nFull Tilt Boogie Band\u2013\tBall And Chain\t8:01<\/p>\n<p>Bonus Tracks<br \/>\n11\tKozmic Blues Band\u2013\tMaybe  3:40<br \/>\n12\tFull Tilt Boogie Band\u2013\tMercedes Benz  1:4<\/p>","protected":false},"excerpt":{"rendered":"<p>Columbia \u2013 494146 2, Columbia \u2013 COL 494146 2, Legacy \u2013 494146 2, Legacy \u2013 COL 494146 2<br \/>\nSeries:<br \/>\nThe Janis Joplin Collection<br \/>\nFormat:<br \/>\nCD, Compilation, Reissue, Remastered<br \/>\nCountry:<br \/>\nEurope<br \/>\nReleased:<br \/>\n1999<\/p>","protected":false},"featured_media":29595,"template":"","meta":[],"product_cat":[24,946],"product_tag":[44],"yoast_head":"<!-- This site is optimized with the Yoast SEO plugin v23.5 - https:\/\/yoast.com\/wordpress\/plugins\/seo\/ -->\n<title>Janis Joplin \u2013 Janis Joplin&#039;s Greatest Hits CD Vinilin\u0117 Plok\u0161tel\u0117 | Vinilozona.lt<\/title>\n<meta name=\"robots\" content=\"index, follow, max-snippet:-1, max-image-preview:large, max-video-preview:-1\" \/>\n<link rel=\"canonical\" href=\"https:\/\/vinilozona.lt\/en\/parduotuve\/cd\/naudoti-cd\/janis-joplin-janis-joplins-greatest-hits-cd\/\" \/>\n<meta property=\"og:locale\" content=\"en_GB\" \/>\n<meta property=\"og:type\" content=\"article\" \/>\n<meta property=\"og:title\" content=\"Janis Joplin \u2013 Janis Joplin&#039;s Greatest Hits CD Vinilin\u0117 Plok\u0161tel\u0117 | Vinilozona.lt\" \/>\n<meta property=\"og:description\" content=\"Columbia \u2013 494146 2, Columbia \u2013 COL 494146 2, Legacy \u2013 494146 2, Legacy \u2013 COL 494146 2 Series: The Janis Joplin Collection Format: CD, Compilation, Reissue, Remastered Country: Europe Released: 1999\" \/>\n<meta property=\"og:url\" content=\"https:\/\/vinilozona.lt\/en\/parduotuve\/cd\/naudoti-cd\/janis-joplin-janis-joplins-greatest-hits-cd\/\" \/>\n<meta property=\"og:site_name\" content=\"Vinilo Zona\" \/>\n<meta property=\"article:modified_time\" content=\"2025-11-12T18:20:26+00:00\" \/>\n<meta property=\"og:image\" content=\"https:\/\/vinilozona.lt\/wp-content\/uploads\/2025\/11\/R-834474-1425100855-2261.jpg\" \/>\n\t<meta property=\"og:image:width\" content=\"512\" \/>\n\t<meta property=\"og:image:height\" content=\"506\" \/>\n\t<meta property=\"og:image:type\" content=\"image\/jpeg\" \/>\n<meta name=\"twitter:card\" content=\"summary_large_image\" \/>\n<meta name=\"twitter:label1\" content=\"Estimated reading time\" \/>\n\t<meta name=\"twitter:data1\" content=\"1 minute\" \/>\n<script type=\"application\/ld+json\" class=\"yoast-schema-graph\">{\"@context\":\"https:\/\/schema.org\",\"@graph\":[{\"@type\":\"WebPage\",\"@id\":\"https:\/\/vinilozona.lt\/parduotuve\/cd\/naudoti-cd\/janis-joplin-janis-joplins-greatest-hits-cd\/\",\"url\":\"https:\/\/vinilozona.lt\/parduotuve\/cd\/naudoti-cd\/janis-joplin-janis-joplins-greatest-hits-cd\/\",\"name\":\"Janis Joplin \u2013 Janis Joplin's Greatest Hits CD Vinilin\u0117 Plok\u0161tel\u0117 | Vinilozona.lt\",\"isPartOf\":{\"@id\":\"https:\/\/vinilozona.lt\/#website\"},\"primaryImageOfPage\":{\"@id\":\"https:\/\/vinilozona.lt\/parduotuve\/cd\/naudoti-cd\/janis-joplin-janis-joplins-greatest-hits-cd\/#primaryimage\"},\"image\":{\"@id\":\"https:\/\/vinilozona.lt\/parduotuve\/cd\/naudoti-cd\/janis-joplin-janis-joplins-greatest-hits-cd\/#primaryimage\"},\"thumbnailUrl\":\"https:\/\/vinilozona.lt\/wp-content\/uploads\/2025\/11\/R-834474-1425100855-2261.jpg\",\"datePublished\":\"2025-11-12T03:59:09+00:00\",\"dateModified\":\"2025-11-12T18:20:26+00:00\",\"breadcrumb\":{\"@id\":\"https:\/\/vinilozona.lt\/parduotuve\/cd\/naudoti-cd\/janis-joplin-janis-joplins-greatest-hits-cd\/#breadcrumb\"},\"inLanguage\":\"en-GB\",\"potentialAction\":[{\"@type\":\"ReadAction\",\"target\":[\"https:\/\/vinilozona.lt\/parduotuve\/cd\/naudoti-cd\/janis-joplin-janis-joplins-greatest-hits-cd\/\"]}]},{\"@type\":\"ImageObject\",\"inLanguage\":\"en-GB\",\"@id\":\"https:\/\/vinilozona.lt\/parduotuve\/cd\/naudoti-cd\/janis-joplin-janis-joplins-greatest-hits-cd\/#primaryimage\",\"url\":\"https:\/\/vinilozona.lt\/wp-content\/uploads\/2025\/11\/R-834474-1425100855-2261.jpg\",\"contentUrl\":\"https:\/\/vinilozona.lt\/wp-content\/uploads\/2025\/11\/R-834474-1425100855-2261.jpg\",\"width\":512,\"height\":506},{\"@type\":\"BreadcrumbList\",\"@id\":\"https:\/\/vinilozona.lt\/parduotuve\/cd\/naudoti-cd\/janis-joplin-janis-joplins-greatest-hits-cd\/#breadcrumb\",\"itemListElement\":[{\"@type\":\"ListItem\",\"position\":1,\"name\":\"Home\",\"item\":\"https:\/\/vinilozona.lt\/\"},{\"@type\":\"ListItem\",\"position\":2,\"name\":\"Parduotuv\u0117\",\"item\":\"https:\/\/vinilozona.lt\/parduotuve\/\"},{\"@type\":\"ListItem\",\"position\":3,\"name\":\"Janis Joplin \u2013 Janis Joplin&#8217;s Greatest Hits CD\"}]},{\"@type\":\"WebSite\",\"@id\":\"https:\/\/vinilozona.lt\/#website\",\"url\":\"https:\/\/vinilozona.lt\/\",\"name\":\"Vinilo Zona\",\"description\":\"Nup\u016bsk dulkes ir klausyk LP\",\"potentialAction\":[{\"@type\":\"SearchAction\",\"target\":{\"@type\":\"EntryPoint\",\"urlTemplate\":\"https:\/\/vinilozona.lt\/?s={search_term_string}\"},\"query-input\":{\"@type\":\"PropertyValueSpecification\",\"valueRequired\":true,\"valueName\":\"search_term_string\"}}],\"inLanguage\":\"en-GB\"}]}<\/script>\n<!-- \/ Yoast SEO plugin. -->","yoast_head_json":{"title":"Janis Joplin \u2013 Janis Joplin's Greatest Hits CD Vinilin\u0117 Plok\u0161tel\u0117 | Vinilozona.lt","robots":{"index":"index","follow":"follow","max-snippet":"max-snippet:-1","max-image-preview":"max-image-preview:large","max-video-preview":"max-video-preview:-1"},"canonical":"https:\/\/vinilozona.lt\/en\/parduotuve\/cd\/naudoti-cd\/janis-joplin-janis-joplins-greatest-hits-cd\/","og_locale":"en_GB","og_type":"article","og_title":"Janis Joplin \u2013 Janis Joplin's Greatest Hits CD Vinilin\u0117 Plok\u0161tel\u0117 | Vinilozona.lt","og_description":"Columbia \u2013 494146 2, Columbia \u2013 COL 494146 2, Legacy \u2013 494146 2, Legacy \u2013 COL 494146 2 Series: The Janis Joplin Collection Format: CD, Compilation, Reissue, Remastered Country: Europe Released: 1999","og_url":"https:\/\/vinilozona.lt\/en\/parduotuve\/cd\/naudoti-cd\/janis-joplin-janis-joplins-greatest-hits-cd\/","og_site_name":"Vinilo Zona","article_modified_time":"2025-11-12T18:20:26+00:00","og_image":[{"width":512,"height":506,"url":"https:\/\/vinilozona.lt\/wp-content\/uploads\/2025\/11\/R-834474-1425100855-2261.jpg","type":"image\/jpeg"}],"twitter_card":"summary_large_image","twitter_misc":{"Estimated reading time":"1 minute"},"schema":{"@context":"https:\/\/schema.org","@graph":[{"@type":"WebPage","@id":"https:\/\/vinilozona.lt\/parduotuve\/cd\/naudoti-cd\/janis-joplin-janis-joplins-greatest-hits-cd\/","url":"https:\/\/vinilozona.lt\/parduotuve\/cd\/naudoti-cd\/janis-joplin-janis-joplins-greatest-hits-cd\/","name":"Janis Joplin \u2013 Janis Joplin's Greatest Hits CD Vinilin\u0117 Plok\u0161tel\u0117 | Vinilozona.lt","isPartOf":{"@id":"https:\/\/vinilozona.lt\/#website"},"primaryImageOfPage":{"@id":"https:\/\/vinilozona.lt\/parduotuve\/cd\/naudoti-cd\/janis-joplin-janis-joplins-greatest-hits-cd\/#primaryimage"},"image":{"@id":"https:\/\/vinilozona.lt\/parduotuve\/cd\/naudoti-cd\/janis-joplin-janis-joplins-greatest-hits-cd\/#primaryimage"},"thumbnailUrl":"https:\/\/vinilozona.lt\/wp-content\/uploads\/2025\/11\/R-834474-1425100855-2261.jpg","datePublished":"2025-11-12T03:59:09+00:00","dateModified":"2025-11-12T18:20:26+00:00","breadcrumb":{"@id":"https:\/\/vinilozona.lt\/parduotuve\/cd\/naudoti-cd\/janis-joplin-janis-joplins-greatest-hits-cd\/#breadcrumb"},"inLanguage":"en-GB","potentialAction":[{"@type":"ReadAction","target":["https:\/\/vinilozona.lt\/parduotuve\/cd\/naudoti-cd\/janis-joplin-janis-joplins-greatest-hits-cd\/"]}]},{"@type":"ImageObject","inLanguage":"en-GB","@id":"https:\/\/vinilozona.lt\/parduotuve\/cd\/naudoti-cd\/janis-joplin-janis-joplins-greatest-hits-cd\/#primaryimage","url":"https:\/\/vinilozona.lt\/wp-content\/uploads\/2025\/11\/R-834474-1425100855-2261.jpg","contentUrl":"https:\/\/vinilozona.lt\/wp-content\/uploads\/2025\/11\/R-834474-1425100855-2261.jpg","width":512,"height":506},{"@type":"BreadcrumbList","@id":"https:\/\/vinilozona.lt\/parduotuve\/cd\/naudoti-cd\/janis-joplin-janis-joplins-greatest-hits-cd\/#breadcrumb","itemListElement":[{"@type":"ListItem","position":1,"name":"Home","item":"https:\/\/vinilozona.lt\/"},{"@type":"ListItem","position":2,"name":"Parduotuv\u0117","item":"https:\/\/vinilozona.lt\/parduotuve\/"},{"@type":"ListItem","position":3,"name":"Janis Joplin \u2013 Janis Joplin&#8217;s Greatest Hits CD"}]},{"@type":"WebSite","@id":"https:\/\/vinilozona.lt\/#website","url":"https:\/\/vinilozona.lt\/","name":"Vinilo Zona","description":"Nup\u016bsk dulkes ir klausyk LP","potentialAction":[{"@type":"SearchAction","target":{"@type":"EntryPoint","urlTemplate":"https:\/\/vinilozona.lt\/?s={search_term_string}"},"query-input":{"@type":"PropertyValueSpecification","valueRequired":true,"valueName":"search_term_string"}}],"inLanguage":"en-GB"}]}},"_links":{"self":[{"href":"https:\/\/vinilozona.lt\/en\/wp-json\/wp\/v2\/product\/29593"}],"collection":[{"href":"https:\/\/vinilozona.lt\/en\/wp-json\/wp\/v2\/product"}],"about":[{"href":"https:\/\/vinilozona.lt\/en\/wp-json\/wp\/v2\/types\/product"}],"wp:featuredmedia":[{"embeddable":true,"href":"https:\/\/vinilozona.lt\/en\/wp-json\/wp\/v2\/media\/29595"}],"wp:attachment":[{"href":"https:\/\/vinilozona.lt\/en\/wp-json\/wp\/v2\/media?parent=29593"}],"wp:term":[{"taxonomy":"product_cat","embeddable":true,"href":"https:\/\/vinilozona.lt\/en\/wp-json\/wp\/v2\/product_cat?post=29593"},{"taxonomy":"product_tag","embeddable":true,"href":"https:\/\/vinilozona.lt\/en\/wp-json\/wp\/v2\/product_tag?post=29593"}],"curies":[{"name":"wp","href":"https:\/\/api.w.org\/{rel}","templated":true}]}}