{"id":29576,"date":"2025-11-12T05:49:36","date_gmt":"2025-11-12T03:49:36","guid":{"rendered":"https:\/\/vinilozona.lt\/?post_type=product&#038;p=29576"},"modified":"2025-11-12T11:11:27","modified_gmt":"2025-11-12T09:11:27","slug":"them-the-story-of-them-featuring-van-morrison-the-decca-anthology-1964-1966-2cd","status":"publish","type":"product","link":"https:\/\/vinilozona.lt\/en\/parduotuve\/cd\/naudoti-cd\/them-the-story-of-them-featuring-van-morrison-the-decca-anthology-1964-1966-2cd\/","title":{"rendered":"Them &#8211; The Story Of Them Featuring Van Morrison (The Decca Anthology 1964-1966) 2CD"},"content":{"rendered":"<p>The Story Of Them (Parts 1 &#038; 2)\t7:18<br \/>\nDon&#8217;t Start Crying Now\t2:03<br \/>\nGloria\t2:35<br \/>\nPhilosophy\t2:35<br \/>\nOne Two Brown Eyes\t2:34<br \/>\nBaby Please Don&#8217;t Go\t2:40<br \/>\nHere Comes The Night\t2:46<br \/>\nAll For Myself\t2:47<br \/>\nOne More Time (Single Version &#8211; Mono Mix)\t2:48<br \/>\nLittle Girl\t2:47<br \/>\nI Gave My Love A Diamond\t3:02<br \/>\nGo On Home Baby\t2:32<br \/>\nMy Little Baby\t2:00<br \/>\nMystic Eyes\t2:41<br \/>\nDon&#8217;t Look Back\t3:20<br \/>\nIf You And I Could Be As Two\t2:51<br \/>\nI Like It Like That\t3:16<br \/>\nI&#8217;m Gonna Dress In Black\t3:29<br \/>\n(Get Your Kicks On) Route 66\t2:22<br \/>\nJust A Little Bit\t2:21<br \/>\nYou Just Can&#8217;t Win\t2:21<br \/>\nBright Lights, Big City\t2:30<br \/>\nBaby What You Want Me To Do\t3:26<br \/>\nI&#8217;m Gonna Dress In Black (Alternate Mix)\t3:24<br \/>\nOne More Time (Alternate Stereo Mix)\t2:45<br \/>\nLittle Girl (Alternate Version)\t2:47<br \/>\nHow Long Baby\t3:37<br \/>\n(It Won&#8217;t Hurt) Half As Much\t3:01<br \/>\nSomething You Got\t2:31<br \/>\nCall My Name\t2:20<br \/>\nTurn On Your Lovelight\t2:19<br \/>\nI Put A Spell On You\t2:36<br \/>\nI Got A Woman\t3:12<br \/>\nOut Of Sight\t2:21<br \/>\nIt&#8217;s All Over Now Baby Blue\t3:47<br \/>\nBad Or Good\t2:06<br \/>\nHello Josephine\t2:04<br \/>\nDon&#8217;t You Know\t2:22<br \/>\nHey Girl\t3:00<br \/>\nBring &#8216;Em On In\t3:13<br \/>\nTimes Gettin&#8217; Tougher Than Tough\t2:12<br \/>\nStormy Monday\t2:40<br \/>\nFriday&#8217;s Child\t3:27<br \/>\nRichard Cory\t2:43<br \/>\nMy Lonely Sad Eyes\t2:28<br \/>\nI Can Only Give You Everything\t2:39<br \/>\nCould You, Would You\t3:08<br \/>\nBring &#8216;Em On In (Alternate Version)\t3:41<br \/>\nRichard Cory (Alternate Version)\t2:18<br \/>\nCall My Name (Alternate Version)\t2:18<\/p>","protected":false},"excerpt":{"rendered":"<p>Deram \u2013 844 813-2<br \/>\nFormat:<br \/>\n2 x CD, Album, Compilation, Remastered, Repress<br \/>\nCountry:<br \/>\nUK<br \/>\nReleased:  1997<\/p>","protected":false},"featured_media":29587,"template":"","meta":[],"product_cat":[24,946],"product_tag":[44],"yoast_head":"<!-- This site is optimized with the Yoast SEO plugin v23.5 - https:\/\/yoast.com\/wordpress\/plugins\/seo\/ -->\n<title>Them - The Story Of Them Featuring Van Morrison (The Decca Anthology 1964-1966) 2CD Vinilin\u0117 Plok\u0161tel\u0117 | Vinilozona.lt<\/title>\n<meta name=\"robots\" content=\"index, follow, max-snippet:-1, max-image-preview:large, max-video-preview:-1\" \/>\n<link rel=\"canonical\" href=\"https:\/\/vinilozona.lt\/en\/parduotuve\/cd\/naudoti-cd\/them-the-story-of-them-featuring-van-morrison-the-decca-anthology-1964-1966-2cd\/\" \/>\n<meta property=\"og:locale\" content=\"en_GB\" \/>\n<meta property=\"og:type\" content=\"article\" \/>\n<meta property=\"og:title\" content=\"Them - The Story Of Them Featuring Van Morrison (The Decca Anthology 1964-1966) 2CD Vinilin\u0117 Plok\u0161tel\u0117 | Vinilozona.lt\" \/>\n<meta property=\"og:description\" content=\"Deram \u2013 844 813-2 Format: 2 x CD, Album, Compilation, Remastered, Repress Country: UK Released: 1997\" \/>\n<meta property=\"og:url\" content=\"https:\/\/vinilozona.lt\/en\/parduotuve\/cd\/naudoti-cd\/them-the-story-of-them-featuring-van-morrison-the-decca-anthology-1964-1966-2cd\/\" \/>\n<meta property=\"og:site_name\" content=\"Vinilo Zona\" \/>\n<meta property=\"article:modified_time\" content=\"2025-11-12T09:11:27+00:00\" \/>\n<meta property=\"og:image\" content=\"https:\/\/vinilozona.lt\/wp-content\/uploads\/2025\/11\/R-10224249-1513637108-9865.jpg\" \/>\n\t<meta property=\"og:image:width\" content=\"600\" \/>\n\t<meta property=\"og:image:height\" content=\"593\" \/>\n\t<meta property=\"og:image:type\" content=\"image\/jpeg\" \/>\n<meta name=\"twitter:card\" content=\"summary_large_image\" \/>\n<meta name=\"twitter:label1\" content=\"Estimated reading time\" \/>\n\t<meta name=\"twitter:data1\" content=\"2 minutes\" \/>\n<script type=\"application\/ld+json\" class=\"yoast-schema-graph\">{\"@context\":\"https:\/\/schema.org\",\"@graph\":[{\"@type\":\"WebPage\",\"@id\":\"https:\/\/vinilozona.lt\/parduotuve\/cd\/naudoti-cd\/them-the-story-of-them-featuring-van-morrison-the-decca-anthology-1964-1966-2cd\/\",\"url\":\"https:\/\/vinilozona.lt\/parduotuve\/cd\/naudoti-cd\/them-the-story-of-them-featuring-van-morrison-the-decca-anthology-1964-1966-2cd\/\",\"name\":\"Them - The Story Of Them Featuring Van Morrison (The Decca Anthology 1964-1966) 2CD Vinilin\u0117 Plok\u0161tel\u0117 | Vinilozona.lt\",\"isPartOf\":{\"@id\":\"https:\/\/vinilozona.lt\/#website\"},\"primaryImageOfPage\":{\"@id\":\"https:\/\/vinilozona.lt\/parduotuve\/cd\/naudoti-cd\/them-the-story-of-them-featuring-van-morrison-the-decca-anthology-1964-1966-2cd\/#primaryimage\"},\"image\":{\"@id\":\"https:\/\/vinilozona.lt\/parduotuve\/cd\/naudoti-cd\/them-the-story-of-them-featuring-van-morrison-the-decca-anthology-1964-1966-2cd\/#primaryimage\"},\"thumbnailUrl\":\"https:\/\/vinilozona.lt\/wp-content\/uploads\/2025\/11\/R-10224249-1513637108-9865.jpg\",\"datePublished\":\"2025-11-12T03:49:36+00:00\",\"dateModified\":\"2025-11-12T09:11:27+00:00\",\"breadcrumb\":{\"@id\":\"https:\/\/vinilozona.lt\/parduotuve\/cd\/naudoti-cd\/them-the-story-of-them-featuring-van-morrison-the-decca-anthology-1964-1966-2cd\/#breadcrumb\"},\"inLanguage\":\"en-GB\",\"potentialAction\":[{\"@type\":\"ReadAction\",\"target\":[\"https:\/\/vinilozona.lt\/parduotuve\/cd\/naudoti-cd\/them-the-story-of-them-featuring-van-morrison-the-decca-anthology-1964-1966-2cd\/\"]}]},{\"@type\":\"ImageObject\",\"inLanguage\":\"en-GB\",\"@id\":\"https:\/\/vinilozona.lt\/parduotuve\/cd\/naudoti-cd\/them-the-story-of-them-featuring-van-morrison-the-decca-anthology-1964-1966-2cd\/#primaryimage\",\"url\":\"https:\/\/vinilozona.lt\/wp-content\/uploads\/2025\/11\/R-10224249-1513637108-9865.jpg\",\"contentUrl\":\"https:\/\/vinilozona.lt\/wp-content\/uploads\/2025\/11\/R-10224249-1513637108-9865.jpg\",\"width\":600,\"height\":593},{\"@type\":\"BreadcrumbList\",\"@id\":\"https:\/\/vinilozona.lt\/parduotuve\/cd\/naudoti-cd\/them-the-story-of-them-featuring-van-morrison-the-decca-anthology-1964-1966-2cd\/#breadcrumb\",\"itemListElement\":[{\"@type\":\"ListItem\",\"position\":1,\"name\":\"Home\",\"item\":\"https:\/\/vinilozona.lt\/\"},{\"@type\":\"ListItem\",\"position\":2,\"name\":\"Parduotuv\u0117\",\"item\":\"https:\/\/vinilozona.lt\/parduotuve\/\"},{\"@type\":\"ListItem\",\"position\":3,\"name\":\"Them &#8211; The Story Of Them Featuring Van Morrison (The Decca Anthology 1964-1966) 2CD\"}]},{\"@type\":\"WebSite\",\"@id\":\"https:\/\/vinilozona.lt\/#website\",\"url\":\"https:\/\/vinilozona.lt\/\",\"name\":\"Vinilo Zona\",\"description\":\"Nup\u016bsk dulkes ir klausyk LP\",\"potentialAction\":[{\"@type\":\"SearchAction\",\"target\":{\"@type\":\"EntryPoint\",\"urlTemplate\":\"https:\/\/vinilozona.lt\/?s={search_term_string}\"},\"query-input\":{\"@type\":\"PropertyValueSpecification\",\"valueRequired\":true,\"valueName\":\"search_term_string\"}}],\"inLanguage\":\"en-GB\"}]}<\/script>\n<!-- \/ Yoast SEO plugin. -->","yoast_head_json":{"title":"Them - The Story Of Them Featuring Van Morrison (The Decca Anthology 1964-1966) 2CD Vinilin\u0117 Plok\u0161tel\u0117 | Vinilozona.lt","robots":{"index":"index","follow":"follow","max-snippet":"max-snippet:-1","max-image-preview":"max-image-preview:large","max-video-preview":"max-video-preview:-1"},"canonical":"https:\/\/vinilozona.lt\/en\/parduotuve\/cd\/naudoti-cd\/them-the-story-of-them-featuring-van-morrison-the-decca-anthology-1964-1966-2cd\/","og_locale":"en_GB","og_type":"article","og_title":"Them - The Story Of Them Featuring Van Morrison (The Decca Anthology 1964-1966) 2CD Vinilin\u0117 Plok\u0161tel\u0117 | Vinilozona.lt","og_description":"Deram \u2013 844 813-2 Format: 2 x CD, Album, Compilation, Remastered, Repress Country: UK Released: 1997","og_url":"https:\/\/vinilozona.lt\/en\/parduotuve\/cd\/naudoti-cd\/them-the-story-of-them-featuring-van-morrison-the-decca-anthology-1964-1966-2cd\/","og_site_name":"Vinilo Zona","article_modified_time":"2025-11-12T09:11:27+00:00","og_image":[{"width":600,"height":593,"url":"https:\/\/vinilozona.lt\/wp-content\/uploads\/2025\/11\/R-10224249-1513637108-9865.jpg","type":"image\/jpeg"}],"twitter_card":"summary_large_image","twitter_misc":{"Estimated reading time":"2 minutes"},"schema":{"@context":"https:\/\/schema.org","@graph":[{"@type":"WebPage","@id":"https:\/\/vinilozona.lt\/parduotuve\/cd\/naudoti-cd\/them-the-story-of-them-featuring-van-morrison-the-decca-anthology-1964-1966-2cd\/","url":"https:\/\/vinilozona.lt\/parduotuve\/cd\/naudoti-cd\/them-the-story-of-them-featuring-van-morrison-the-decca-anthology-1964-1966-2cd\/","name":"Them - The Story Of Them Featuring Van Morrison (The Decca Anthology 1964-1966) 2CD Vinilin\u0117 Plok\u0161tel\u0117 | Vinilozona.lt","isPartOf":{"@id":"https:\/\/vinilozona.lt\/#website"},"primaryImageOfPage":{"@id":"https:\/\/vinilozona.lt\/parduotuve\/cd\/naudoti-cd\/them-the-story-of-them-featuring-van-morrison-the-decca-anthology-1964-1966-2cd\/#primaryimage"},"image":{"@id":"https:\/\/vinilozona.lt\/parduotuve\/cd\/naudoti-cd\/them-the-story-of-them-featuring-van-morrison-the-decca-anthology-1964-1966-2cd\/#primaryimage"},"thumbnailUrl":"https:\/\/vinilozona.lt\/wp-content\/uploads\/2025\/11\/R-10224249-1513637108-9865.jpg","datePublished":"2025-11-12T03:49:36+00:00","dateModified":"2025-11-12T09:11:27+00:00","breadcrumb":{"@id":"https:\/\/vinilozona.lt\/parduotuve\/cd\/naudoti-cd\/them-the-story-of-them-featuring-van-morrison-the-decca-anthology-1964-1966-2cd\/#breadcrumb"},"inLanguage":"en-GB","potentialAction":[{"@type":"ReadAction","target":["https:\/\/vinilozona.lt\/parduotuve\/cd\/naudoti-cd\/them-the-story-of-them-featuring-van-morrison-the-decca-anthology-1964-1966-2cd\/"]}]},{"@type":"ImageObject","inLanguage":"en-GB","@id":"https:\/\/vinilozona.lt\/parduotuve\/cd\/naudoti-cd\/them-the-story-of-them-featuring-van-morrison-the-decca-anthology-1964-1966-2cd\/#primaryimage","url":"https:\/\/vinilozona.lt\/wp-content\/uploads\/2025\/11\/R-10224249-1513637108-9865.jpg","contentUrl":"https:\/\/vinilozona.lt\/wp-content\/uploads\/2025\/11\/R-10224249-1513637108-9865.jpg","width":600,"height":593},{"@type":"BreadcrumbList","@id":"https:\/\/vinilozona.lt\/parduotuve\/cd\/naudoti-cd\/them-the-story-of-them-featuring-van-morrison-the-decca-anthology-1964-1966-2cd\/#breadcrumb","itemListElement":[{"@type":"ListItem","position":1,"name":"Home","item":"https:\/\/vinilozona.lt\/"},{"@type":"ListItem","position":2,"name":"Parduotuv\u0117","item":"https:\/\/vinilozona.lt\/parduotuve\/"},{"@type":"ListItem","position":3,"name":"Them &#8211; The Story Of Them Featuring Van Morrison (The Decca Anthology 1964-1966) 2CD"}]},{"@type":"WebSite","@id":"https:\/\/vinilozona.lt\/#website","url":"https:\/\/vinilozona.lt\/","name":"Vinilo Zona","description":"Nup\u016bsk dulkes ir klausyk LP","potentialAction":[{"@type":"SearchAction","target":{"@type":"EntryPoint","urlTemplate":"https:\/\/vinilozona.lt\/?s={search_term_string}"},"query-input":{"@type":"PropertyValueSpecification","valueRequired":true,"valueName":"search_term_string"}}],"inLanguage":"en-GB"}]}},"_links":{"self":[{"href":"https:\/\/vinilozona.lt\/en\/wp-json\/wp\/v2\/product\/29576"}],"collection":[{"href":"https:\/\/vinilozona.lt\/en\/wp-json\/wp\/v2\/product"}],"about":[{"href":"https:\/\/vinilozona.lt\/en\/wp-json\/wp\/v2\/types\/product"}],"wp:featuredmedia":[{"embeddable":true,"href":"https:\/\/vinilozona.lt\/en\/wp-json\/wp\/v2\/media\/29587"}],"wp:attachment":[{"href":"https:\/\/vinilozona.lt\/en\/wp-json\/wp\/v2\/media?parent=29576"}],"wp:term":[{"taxonomy":"product_cat","embeddable":true,"href":"https:\/\/vinilozona.lt\/en\/wp-json\/wp\/v2\/product_cat?post=29576"},{"taxonomy":"product_tag","embeddable":true,"href":"https:\/\/vinilozona.lt\/en\/wp-json\/wp\/v2\/product_tag?post=29576"}],"curies":[{"name":"wp","href":"https:\/\/api.w.org\/{rel}","templated":true}]}}