{"id":29535,"date":"2025-11-02T17:35:17","date_gmt":"2025-11-02T15:35:17","guid":{"rendered":"https:\/\/vinilozona.lt\/?post_type=product&#038;p=29535"},"modified":"2026-01-30T13:31:48","modified_gmt":"2026-01-30T11:31:48","slug":"andrius-mamontovas-geltona-zalia-raudona-cd","status":"publish","type":"product","link":"https:\/\/vinilozona.lt\/en\/parduotuve\/cd\/lietuviski-cd\/andrius-mamontovas-geltona-zalia-raudona-cd\/","title":{"rendered":"Andrius Mamontovas \u2013 Geltona. \u017dalia. Raudona  CD"},"content":{"rendered":"<p>Tavo Vaikai\t1:33<br \/>\nMes \u010cia\t3:14<br \/>\nKieno Tu Pus\u0117je?\t3:13<br \/>\nAtsibusk\t4:06<br \/>\nGeltona. \u017dalia. Raudona\t4:30<br \/>\nTos Pa\u010dios Naujienos\t2:14<br \/>\nJie Plauna Tavo Smegenis\t4:09<br \/>\nDeganti Saul\u0117\t5:17<br \/>\nDabar Ir \u010cia\t3:52<br \/>\nTavo Svajon\u0117\t5:20<\/p>","protected":false},"excerpt":{"rendered":"<p>Mono Stereo \u012era\u0161ai \u2013 MS CD 01<br \/>\nFormat:<br \/>\nCD, Album<br \/>\nCountry:<br \/>\nLithuania<br \/>\nReleased:<br \/>\nFeb 14, 2008<\/p>","protected":false},"featured_media":29536,"template":"","meta":[],"product_cat":[24,56],"product_tag":[44],"yoast_head":"<!-- This site is optimized with the Yoast SEO plugin v23.5 - https:\/\/yoast.com\/wordpress\/plugins\/seo\/ -->\n<title>Andrius Mamontovas \u2013 Geltona. \u017dalia. Raudona CD Vinilin\u0117 Plok\u0161tel\u0117 | Vinilozona.lt<\/title>\n<meta name=\"robots\" content=\"index, follow, max-snippet:-1, max-image-preview:large, max-video-preview:-1\" \/>\n<link rel=\"canonical\" href=\"https:\/\/vinilozona.lt\/en\/parduotuve\/cd\/lietuviski-cd\/andrius-mamontovas-geltona-zalia-raudona-cd\/\" \/>\n<meta property=\"og:locale\" content=\"en_GB\" \/>\n<meta property=\"og:type\" content=\"article\" \/>\n<meta property=\"og:title\" content=\"Andrius Mamontovas \u2013 Geltona. \u017dalia. Raudona CD Vinilin\u0117 Plok\u0161tel\u0117 | Vinilozona.lt\" \/>\n<meta property=\"og:description\" content=\"Mono Stereo \u012era\u0161ai \u2013 MS CD 01 Format: CD, Album Country: Lithuania Released: Feb 14, 2008\" \/>\n<meta property=\"og:url\" content=\"https:\/\/vinilozona.lt\/en\/parduotuve\/cd\/lietuviski-cd\/andrius-mamontovas-geltona-zalia-raudona-cd\/\" \/>\n<meta property=\"og:site_name\" content=\"Vinilo Zona\" \/>\n<meta property=\"article:modified_time\" content=\"2026-01-30T11:31:48+00:00\" \/>\n<meta property=\"og:image\" content=\"https:\/\/vinilozona.lt\/wp-content\/uploads\/2025\/11\/R-1955084-1441614289-5483.jpg\" \/>\n\t<meta property=\"og:image:width\" content=\"600\" \/>\n\t<meta property=\"og:image:height\" content=\"540\" \/>\n\t<meta property=\"og:image:type\" content=\"image\/jpeg\" \/>\n<meta name=\"twitter:card\" content=\"summary_large_image\" \/>\n<meta name=\"twitter:label1\" content=\"Estimated reading time\" \/>\n\t<meta name=\"twitter:data1\" content=\"1 minute\" \/>\n<script type=\"application\/ld+json\" class=\"yoast-schema-graph\">{\"@context\":\"https:\/\/schema.org\",\"@graph\":[{\"@type\":\"WebPage\",\"@id\":\"https:\/\/vinilozona.lt\/parduotuve\/cd\/lietuviski-cd\/andrius-mamontovas-geltona-zalia-raudona-cd\/\",\"url\":\"https:\/\/vinilozona.lt\/parduotuve\/cd\/lietuviski-cd\/andrius-mamontovas-geltona-zalia-raudona-cd\/\",\"name\":\"Andrius Mamontovas \u2013 Geltona. \u017dalia. Raudona CD Vinilin\u0117 Plok\u0161tel\u0117 | Vinilozona.lt\",\"isPartOf\":{\"@id\":\"https:\/\/vinilozona.lt\/#website\"},\"primaryImageOfPage\":{\"@id\":\"https:\/\/vinilozona.lt\/parduotuve\/cd\/lietuviski-cd\/andrius-mamontovas-geltona-zalia-raudona-cd\/#primaryimage\"},\"image\":{\"@id\":\"https:\/\/vinilozona.lt\/parduotuve\/cd\/lietuviski-cd\/andrius-mamontovas-geltona-zalia-raudona-cd\/#primaryimage\"},\"thumbnailUrl\":\"https:\/\/vinilozona.lt\/wp-content\/uploads\/2025\/11\/R-1955084-1441614289-5483.jpg\",\"datePublished\":\"2025-11-02T15:35:17+00:00\",\"dateModified\":\"2026-01-30T11:31:48+00:00\",\"breadcrumb\":{\"@id\":\"https:\/\/vinilozona.lt\/parduotuve\/cd\/lietuviski-cd\/andrius-mamontovas-geltona-zalia-raudona-cd\/#breadcrumb\"},\"inLanguage\":\"en-GB\",\"potentialAction\":[{\"@type\":\"ReadAction\",\"target\":[\"https:\/\/vinilozona.lt\/parduotuve\/cd\/lietuviski-cd\/andrius-mamontovas-geltona-zalia-raudona-cd\/\"]}]},{\"@type\":\"ImageObject\",\"inLanguage\":\"en-GB\",\"@id\":\"https:\/\/vinilozona.lt\/parduotuve\/cd\/lietuviski-cd\/andrius-mamontovas-geltona-zalia-raudona-cd\/#primaryimage\",\"url\":\"https:\/\/vinilozona.lt\/wp-content\/uploads\/2025\/11\/R-1955084-1441614289-5483.jpg\",\"contentUrl\":\"https:\/\/vinilozona.lt\/wp-content\/uploads\/2025\/11\/R-1955084-1441614289-5483.jpg\",\"width\":600,\"height\":540},{\"@type\":\"BreadcrumbList\",\"@id\":\"https:\/\/vinilozona.lt\/parduotuve\/cd\/lietuviski-cd\/andrius-mamontovas-geltona-zalia-raudona-cd\/#breadcrumb\",\"itemListElement\":[{\"@type\":\"ListItem\",\"position\":1,\"name\":\"Home\",\"item\":\"https:\/\/vinilozona.lt\/\"},{\"@type\":\"ListItem\",\"position\":2,\"name\":\"Parduotuv\u0117\",\"item\":\"https:\/\/vinilozona.lt\/parduotuve\/\"},{\"@type\":\"ListItem\",\"position\":3,\"name\":\"Andrius Mamontovas \u2013 Geltona. \u017dalia. Raudona CD\"}]},{\"@type\":\"WebSite\",\"@id\":\"https:\/\/vinilozona.lt\/#website\",\"url\":\"https:\/\/vinilozona.lt\/\",\"name\":\"Vinilo Zona\",\"description\":\"Nup\u016bsk dulkes ir klausyk LP\",\"potentialAction\":[{\"@type\":\"SearchAction\",\"target\":{\"@type\":\"EntryPoint\",\"urlTemplate\":\"https:\/\/vinilozona.lt\/?s={search_term_string}\"},\"query-input\":{\"@type\":\"PropertyValueSpecification\",\"valueRequired\":true,\"valueName\":\"search_term_string\"}}],\"inLanguage\":\"en-GB\"}]}<\/script>\n<!-- \/ Yoast SEO plugin. -->","yoast_head_json":{"title":"Andrius Mamontovas \u2013 Geltona. \u017dalia. Raudona CD Vinilin\u0117 Plok\u0161tel\u0117 | Vinilozona.lt","robots":{"index":"index","follow":"follow","max-snippet":"max-snippet:-1","max-image-preview":"max-image-preview:large","max-video-preview":"max-video-preview:-1"},"canonical":"https:\/\/vinilozona.lt\/en\/parduotuve\/cd\/lietuviski-cd\/andrius-mamontovas-geltona-zalia-raudona-cd\/","og_locale":"en_GB","og_type":"article","og_title":"Andrius Mamontovas \u2013 Geltona. \u017dalia. Raudona CD Vinilin\u0117 Plok\u0161tel\u0117 | Vinilozona.lt","og_description":"Mono Stereo \u012era\u0161ai \u2013 MS CD 01 Format: CD, Album Country: Lithuania Released: Feb 14, 2008","og_url":"https:\/\/vinilozona.lt\/en\/parduotuve\/cd\/lietuviski-cd\/andrius-mamontovas-geltona-zalia-raudona-cd\/","og_site_name":"Vinilo Zona","article_modified_time":"2026-01-30T11:31:48+00:00","og_image":[{"width":600,"height":540,"url":"https:\/\/vinilozona.lt\/wp-content\/uploads\/2025\/11\/R-1955084-1441614289-5483.jpg","type":"image\/jpeg"}],"twitter_card":"summary_large_image","twitter_misc":{"Estimated reading time":"1 minute"},"schema":{"@context":"https:\/\/schema.org","@graph":[{"@type":"WebPage","@id":"https:\/\/vinilozona.lt\/parduotuve\/cd\/lietuviski-cd\/andrius-mamontovas-geltona-zalia-raudona-cd\/","url":"https:\/\/vinilozona.lt\/parduotuve\/cd\/lietuviski-cd\/andrius-mamontovas-geltona-zalia-raudona-cd\/","name":"Andrius Mamontovas \u2013 Geltona. \u017dalia. Raudona CD Vinilin\u0117 Plok\u0161tel\u0117 | Vinilozona.lt","isPartOf":{"@id":"https:\/\/vinilozona.lt\/#website"},"primaryImageOfPage":{"@id":"https:\/\/vinilozona.lt\/parduotuve\/cd\/lietuviski-cd\/andrius-mamontovas-geltona-zalia-raudona-cd\/#primaryimage"},"image":{"@id":"https:\/\/vinilozona.lt\/parduotuve\/cd\/lietuviski-cd\/andrius-mamontovas-geltona-zalia-raudona-cd\/#primaryimage"},"thumbnailUrl":"https:\/\/vinilozona.lt\/wp-content\/uploads\/2025\/11\/R-1955084-1441614289-5483.jpg","datePublished":"2025-11-02T15:35:17+00:00","dateModified":"2026-01-30T11:31:48+00:00","breadcrumb":{"@id":"https:\/\/vinilozona.lt\/parduotuve\/cd\/lietuviski-cd\/andrius-mamontovas-geltona-zalia-raudona-cd\/#breadcrumb"},"inLanguage":"en-GB","potentialAction":[{"@type":"ReadAction","target":["https:\/\/vinilozona.lt\/parduotuve\/cd\/lietuviski-cd\/andrius-mamontovas-geltona-zalia-raudona-cd\/"]}]},{"@type":"ImageObject","inLanguage":"en-GB","@id":"https:\/\/vinilozona.lt\/parduotuve\/cd\/lietuviski-cd\/andrius-mamontovas-geltona-zalia-raudona-cd\/#primaryimage","url":"https:\/\/vinilozona.lt\/wp-content\/uploads\/2025\/11\/R-1955084-1441614289-5483.jpg","contentUrl":"https:\/\/vinilozona.lt\/wp-content\/uploads\/2025\/11\/R-1955084-1441614289-5483.jpg","width":600,"height":540},{"@type":"BreadcrumbList","@id":"https:\/\/vinilozona.lt\/parduotuve\/cd\/lietuviski-cd\/andrius-mamontovas-geltona-zalia-raudona-cd\/#breadcrumb","itemListElement":[{"@type":"ListItem","position":1,"name":"Home","item":"https:\/\/vinilozona.lt\/"},{"@type":"ListItem","position":2,"name":"Parduotuv\u0117","item":"https:\/\/vinilozona.lt\/parduotuve\/"},{"@type":"ListItem","position":3,"name":"Andrius Mamontovas \u2013 Geltona. \u017dalia. Raudona CD"}]},{"@type":"WebSite","@id":"https:\/\/vinilozona.lt\/#website","url":"https:\/\/vinilozona.lt\/","name":"Vinilo Zona","description":"Nup\u016bsk dulkes ir klausyk LP","potentialAction":[{"@type":"SearchAction","target":{"@type":"EntryPoint","urlTemplate":"https:\/\/vinilozona.lt\/?s={search_term_string}"},"query-input":{"@type":"PropertyValueSpecification","valueRequired":true,"valueName":"search_term_string"}}],"inLanguage":"en-GB"}]}},"_links":{"self":[{"href":"https:\/\/vinilozona.lt\/en\/wp-json\/wp\/v2\/product\/29535"}],"collection":[{"href":"https:\/\/vinilozona.lt\/en\/wp-json\/wp\/v2\/product"}],"about":[{"href":"https:\/\/vinilozona.lt\/en\/wp-json\/wp\/v2\/types\/product"}],"wp:featuredmedia":[{"embeddable":true,"href":"https:\/\/vinilozona.lt\/en\/wp-json\/wp\/v2\/media\/29536"}],"wp:attachment":[{"href":"https:\/\/vinilozona.lt\/en\/wp-json\/wp\/v2\/media?parent=29535"}],"wp:term":[{"taxonomy":"product_cat","embeddable":true,"href":"https:\/\/vinilozona.lt\/en\/wp-json\/wp\/v2\/product_cat?post=29535"},{"taxonomy":"product_tag","embeddable":true,"href":"https:\/\/vinilozona.lt\/en\/wp-json\/wp\/v2\/product_tag?post=29535"}],"curies":[{"name":"wp","href":"https:\/\/api.w.org\/{rel}","templated":true}]}}