{"id":29502,"date":"2025-10-29T05:06:09","date_gmt":"2025-10-29T03:06:09","guid":{"rendered":"https:\/\/vinilozona.lt\/?post_type=product&#038;p=29502"},"modified":"2025-12-11T14:16:33","modified_gmt":"2025-12-11T12:16:33","slug":"various-diana-princess-of-wales-tribute-2cd","status":"publish","type":"product","link":"https:\/\/vinilozona.lt\/en\/parduotuve\/cd\/naudoti-cd\/various-diana-princess-of-wales-tribute-2cd\/","title":{"rendered":"Various \u2013 Diana, Princess Of Wales &#8211; Tribute  2CD"},"content":{"rendered":"<p>(1-1\tQueen\u2013\tWho Wants To Live Forever\t5:14<br \/>\n1-2\tGeorge Michael\u2013\tYou Have Been Loved\t5:28<br \/>\n1-3\tAnnie Lennox\u2013\tAngel\t4:16<br \/>\n1-4\tSinead O&#8217;Connor*\u2013\tMake Me A Channel Of Your Peace\t2:36<br \/>\n1-5\tPassengers \/ Pavarotti*\u2013\tMiss Sarajevo\t5:19<br \/>\n1-6\tBryan Ferry\u2013\tShakespeare&#8217;s Sonnet No. 18\t2:52<br \/>\n1-7\tPaul McCartney\u2013\tLittle Willow\t2:56<br \/>\n1-8\tEric Clapton\u2013\tTears In Heaven\t4:31<br \/>\n1-9\tR.E.M.\u2013\tEverybody Hurts\t4:58<br \/>\n1-10\tBruce Springsteen\u2013\tStreets Of Philadelphia\t3:14<br \/>\n1-11\tNeil Finn\u2013\tDon&#8217;t Dream It&#8217;s Over\t3:53<br \/>\n1-12\tThe Pretenders\u2013\tHymn To Her\t4:54<br \/>\n1-13\tRod Stewart\u2013\tLove Minus Zero \/ No Limit\t4:30<br \/>\n1-14\tPeter Gabriel\u2013\tIn The Sun\t6:42<br \/>\n1-15\tEnya\u2013\tWatermark\t2:24<br \/>\n1-16\tBarbra Streisand\u2013\tLove Theme From &#8222;A Star Is Born&#8221; (Evergreen)\t3:07<br \/>\n1-17\tRed Hot R+B All Stars\u2013\tEvery Nation\t4:50<br \/>\n1-18\tAretha Franklin\u2013\tI&#8217;ll Fly Away\t4:15<br \/>\n2-1\tPuff Daddy\u2013\tI&#8217;ll Be Missing You\t4:03<br \/>\n2-2\tCeline Dion*\u2013\tBecause You Loved Me\t4:31<br \/>\n2-3\tMichael Jackson\u2013\tGone Too Soon\t3:23<br \/>\n2-4\tWhitney Houston\u2013\tYou Were Loved\t4:09<br \/>\n2-5\tDes&#8217;ree\u2013\tYou Gotta Be\t3:59<br \/>\n2-6\tMariah Carey\u2013\tHero (Live Version)\t4:36<br \/>\n2-7\tSeal\u2013\tPrayer For The Dying\t4:15<br \/>\n2-8\tDiana Ross\u2013\tMissing You\t4:15<br \/>\n2-9\tBee Gees\u2013\tWish You Were Here\t4:45<br \/>\n2-10\tToni Braxton With Kenny G (2)\u2013\tHow Could An Angel Break My Heart\t4:19<br \/>\n2-11\tTina Turner\u2013\tLove Is A Beautiful Thing\t3:45<br \/>\n2-12\tCliff Richard\u2013\tAll That Matters\t4:17<br \/>\n2-13\tSpice Girls\u2013\tMama\t5:03<br \/>\n2-14\tGloria Estefan\u2013\tDon&#8217;t Wanna Lose You\t4:01<br \/>\n2-15\tSimply Red\u2013\tStars\t4:09<br \/>\n2-16\tMichael Bolton \/ Placido Domingo\u2013\tAve Maria\t4:40<br \/>\n2-17\tLesley Garrett\u2013\tPavane\t4:05<br \/>\n2-18\tChicken Shed\u2013\tI Am In Love With The World\t3:59<\/p>","protected":false},"excerpt":{"rendered":"<p>Not On Label \u2013 VVR1001052<br \/>\nFormat:<br \/>\n2 x CD, Album, Compilation, Stereo<br \/>\nCountry:<br \/>\nUK<br \/>\nReleased:<br \/>\nDec 1997<\/p>","protected":false},"featured_media":29503,"template":"","meta":[],"product_cat":[24,946],"product_tag":[44],"yoast_head":"<!-- This site is optimized with the Yoast SEO plugin v23.5 - https:\/\/yoast.com\/wordpress\/plugins\/seo\/ -->\n<title>Various \u2013 Diana, Princess Of Wales - Tribute 2CD Vinilin\u0117 Plok\u0161tel\u0117 | Vinilozona.lt<\/title>\n<meta name=\"robots\" content=\"index, follow, max-snippet:-1, max-image-preview:large, max-video-preview:-1\" \/>\n<link rel=\"canonical\" href=\"https:\/\/vinilozona.lt\/en\/parduotuve\/cd\/naudoti-cd\/various-diana-princess-of-wales-tribute-2cd\/\" \/>\n<meta property=\"og:locale\" content=\"en_GB\" \/>\n<meta property=\"og:type\" content=\"article\" \/>\n<meta property=\"og:title\" content=\"Various \u2013 Diana, Princess Of Wales - Tribute 2CD Vinilin\u0117 Plok\u0161tel\u0117 | Vinilozona.lt\" \/>\n<meta property=\"og:description\" content=\"Not On Label \u2013 VVR1001052 Format: 2 x CD, Album, Compilation, Stereo Country: UK Released: Dec 1997\" \/>\n<meta property=\"og:url\" content=\"https:\/\/vinilozona.lt\/en\/parduotuve\/cd\/naudoti-cd\/various-diana-princess-of-wales-tribute-2cd\/\" \/>\n<meta property=\"og:site_name\" content=\"Vinilo Zona\" \/>\n<meta property=\"article:modified_time\" content=\"2025-12-11T12:16:33+00:00\" \/>\n<meta property=\"og:image\" content=\"https:\/\/vinilozona.lt\/wp-content\/uploads\/2025\/10\/R-1890830-1250507143.jpg\" \/>\n\t<meta property=\"og:image:width\" content=\"600\" \/>\n\t<meta property=\"og:image:height\" content=\"595\" \/>\n\t<meta property=\"og:image:type\" content=\"image\/jpeg\" \/>\n<meta name=\"twitter:card\" content=\"summary_large_image\" \/>\n<meta name=\"twitter:label1\" content=\"Estimated reading time\" \/>\n\t<meta name=\"twitter:data1\" content=\"1 minute\" \/>\n<script type=\"application\/ld+json\" class=\"yoast-schema-graph\">{\"@context\":\"https:\/\/schema.org\",\"@graph\":[{\"@type\":\"WebPage\",\"@id\":\"https:\/\/vinilozona.lt\/parduotuve\/cd\/naudoti-cd\/various-diana-princess-of-wales-tribute-2cd\/\",\"url\":\"https:\/\/vinilozona.lt\/parduotuve\/cd\/naudoti-cd\/various-diana-princess-of-wales-tribute-2cd\/\",\"name\":\"Various \u2013 Diana, Princess Of Wales - Tribute 2CD Vinilin\u0117 Plok\u0161tel\u0117 | Vinilozona.lt\",\"isPartOf\":{\"@id\":\"https:\/\/vinilozona.lt\/#website\"},\"primaryImageOfPage\":{\"@id\":\"https:\/\/vinilozona.lt\/parduotuve\/cd\/naudoti-cd\/various-diana-princess-of-wales-tribute-2cd\/#primaryimage\"},\"image\":{\"@id\":\"https:\/\/vinilozona.lt\/parduotuve\/cd\/naudoti-cd\/various-diana-princess-of-wales-tribute-2cd\/#primaryimage\"},\"thumbnailUrl\":\"https:\/\/vinilozona.lt\/wp-content\/uploads\/2025\/10\/R-1890830-1250507143.jpg\",\"datePublished\":\"2025-10-29T03:06:09+00:00\",\"dateModified\":\"2025-12-11T12:16:33+00:00\",\"breadcrumb\":{\"@id\":\"https:\/\/vinilozona.lt\/parduotuve\/cd\/naudoti-cd\/various-diana-princess-of-wales-tribute-2cd\/#breadcrumb\"},\"inLanguage\":\"en-GB\",\"potentialAction\":[{\"@type\":\"ReadAction\",\"target\":[\"https:\/\/vinilozona.lt\/parduotuve\/cd\/naudoti-cd\/various-diana-princess-of-wales-tribute-2cd\/\"]}]},{\"@type\":\"ImageObject\",\"inLanguage\":\"en-GB\",\"@id\":\"https:\/\/vinilozona.lt\/parduotuve\/cd\/naudoti-cd\/various-diana-princess-of-wales-tribute-2cd\/#primaryimage\",\"url\":\"https:\/\/vinilozona.lt\/wp-content\/uploads\/2025\/10\/R-1890830-1250507143.jpg\",\"contentUrl\":\"https:\/\/vinilozona.lt\/wp-content\/uploads\/2025\/10\/R-1890830-1250507143.jpg\",\"width\":600,\"height\":595},{\"@type\":\"BreadcrumbList\",\"@id\":\"https:\/\/vinilozona.lt\/parduotuve\/cd\/naudoti-cd\/various-diana-princess-of-wales-tribute-2cd\/#breadcrumb\",\"itemListElement\":[{\"@type\":\"ListItem\",\"position\":1,\"name\":\"Home\",\"item\":\"https:\/\/vinilozona.lt\/\"},{\"@type\":\"ListItem\",\"position\":2,\"name\":\"Parduotuv\u0117\",\"item\":\"https:\/\/vinilozona.lt\/parduotuve\/\"},{\"@type\":\"ListItem\",\"position\":3,\"name\":\"Various \u2013 Diana, Princess Of Wales &#8211; Tribute 2CD\"}]},{\"@type\":\"WebSite\",\"@id\":\"https:\/\/vinilozona.lt\/#website\",\"url\":\"https:\/\/vinilozona.lt\/\",\"name\":\"Vinilo Zona\",\"description\":\"Nup\u016bsk dulkes ir klausyk LP\",\"potentialAction\":[{\"@type\":\"SearchAction\",\"target\":{\"@type\":\"EntryPoint\",\"urlTemplate\":\"https:\/\/vinilozona.lt\/?s={search_term_string}\"},\"query-input\":{\"@type\":\"PropertyValueSpecification\",\"valueRequired\":true,\"valueName\":\"search_term_string\"}}],\"inLanguage\":\"en-GB\"}]}<\/script>\n<!-- \/ Yoast SEO plugin. -->","yoast_head_json":{"title":"Various \u2013 Diana, Princess Of Wales - Tribute 2CD Vinilin\u0117 Plok\u0161tel\u0117 | Vinilozona.lt","robots":{"index":"index","follow":"follow","max-snippet":"max-snippet:-1","max-image-preview":"max-image-preview:large","max-video-preview":"max-video-preview:-1"},"canonical":"https:\/\/vinilozona.lt\/en\/parduotuve\/cd\/naudoti-cd\/various-diana-princess-of-wales-tribute-2cd\/","og_locale":"en_GB","og_type":"article","og_title":"Various \u2013 Diana, Princess Of Wales - Tribute 2CD Vinilin\u0117 Plok\u0161tel\u0117 | Vinilozona.lt","og_description":"Not On Label \u2013 VVR1001052 Format: 2 x CD, Album, Compilation, Stereo Country: UK Released: Dec 1997","og_url":"https:\/\/vinilozona.lt\/en\/parduotuve\/cd\/naudoti-cd\/various-diana-princess-of-wales-tribute-2cd\/","og_site_name":"Vinilo Zona","article_modified_time":"2025-12-11T12:16:33+00:00","og_image":[{"width":600,"height":595,"url":"https:\/\/vinilozona.lt\/wp-content\/uploads\/2025\/10\/R-1890830-1250507143.jpg","type":"image\/jpeg"}],"twitter_card":"summary_large_image","twitter_misc":{"Estimated reading time":"1 minute"},"schema":{"@context":"https:\/\/schema.org","@graph":[{"@type":"WebPage","@id":"https:\/\/vinilozona.lt\/parduotuve\/cd\/naudoti-cd\/various-diana-princess-of-wales-tribute-2cd\/","url":"https:\/\/vinilozona.lt\/parduotuve\/cd\/naudoti-cd\/various-diana-princess-of-wales-tribute-2cd\/","name":"Various \u2013 Diana, Princess Of Wales - Tribute 2CD Vinilin\u0117 Plok\u0161tel\u0117 | Vinilozona.lt","isPartOf":{"@id":"https:\/\/vinilozona.lt\/#website"},"primaryImageOfPage":{"@id":"https:\/\/vinilozona.lt\/parduotuve\/cd\/naudoti-cd\/various-diana-princess-of-wales-tribute-2cd\/#primaryimage"},"image":{"@id":"https:\/\/vinilozona.lt\/parduotuve\/cd\/naudoti-cd\/various-diana-princess-of-wales-tribute-2cd\/#primaryimage"},"thumbnailUrl":"https:\/\/vinilozona.lt\/wp-content\/uploads\/2025\/10\/R-1890830-1250507143.jpg","datePublished":"2025-10-29T03:06:09+00:00","dateModified":"2025-12-11T12:16:33+00:00","breadcrumb":{"@id":"https:\/\/vinilozona.lt\/parduotuve\/cd\/naudoti-cd\/various-diana-princess-of-wales-tribute-2cd\/#breadcrumb"},"inLanguage":"en-GB","potentialAction":[{"@type":"ReadAction","target":["https:\/\/vinilozona.lt\/parduotuve\/cd\/naudoti-cd\/various-diana-princess-of-wales-tribute-2cd\/"]}]},{"@type":"ImageObject","inLanguage":"en-GB","@id":"https:\/\/vinilozona.lt\/parduotuve\/cd\/naudoti-cd\/various-diana-princess-of-wales-tribute-2cd\/#primaryimage","url":"https:\/\/vinilozona.lt\/wp-content\/uploads\/2025\/10\/R-1890830-1250507143.jpg","contentUrl":"https:\/\/vinilozona.lt\/wp-content\/uploads\/2025\/10\/R-1890830-1250507143.jpg","width":600,"height":595},{"@type":"BreadcrumbList","@id":"https:\/\/vinilozona.lt\/parduotuve\/cd\/naudoti-cd\/various-diana-princess-of-wales-tribute-2cd\/#breadcrumb","itemListElement":[{"@type":"ListItem","position":1,"name":"Home","item":"https:\/\/vinilozona.lt\/"},{"@type":"ListItem","position":2,"name":"Parduotuv\u0117","item":"https:\/\/vinilozona.lt\/parduotuve\/"},{"@type":"ListItem","position":3,"name":"Various \u2013 Diana, Princess Of Wales &#8211; Tribute 2CD"}]},{"@type":"WebSite","@id":"https:\/\/vinilozona.lt\/#website","url":"https:\/\/vinilozona.lt\/","name":"Vinilo Zona","description":"Nup\u016bsk dulkes ir klausyk LP","potentialAction":[{"@type":"SearchAction","target":{"@type":"EntryPoint","urlTemplate":"https:\/\/vinilozona.lt\/?s={search_term_string}"},"query-input":{"@type":"PropertyValueSpecification","valueRequired":true,"valueName":"search_term_string"}}],"inLanguage":"en-GB"}]}},"_links":{"self":[{"href":"https:\/\/vinilozona.lt\/en\/wp-json\/wp\/v2\/product\/29502"}],"collection":[{"href":"https:\/\/vinilozona.lt\/en\/wp-json\/wp\/v2\/product"}],"about":[{"href":"https:\/\/vinilozona.lt\/en\/wp-json\/wp\/v2\/types\/product"}],"wp:featuredmedia":[{"embeddable":true,"href":"https:\/\/vinilozona.lt\/en\/wp-json\/wp\/v2\/media\/29503"}],"wp:attachment":[{"href":"https:\/\/vinilozona.lt\/en\/wp-json\/wp\/v2\/media?parent=29502"}],"wp:term":[{"taxonomy":"product_cat","embeddable":true,"href":"https:\/\/vinilozona.lt\/en\/wp-json\/wp\/v2\/product_cat?post=29502"},{"taxonomy":"product_tag","embeddable":true,"href":"https:\/\/vinilozona.lt\/en\/wp-json\/wp\/v2\/product_tag?post=29502"}],"curies":[{"name":"wp","href":"https:\/\/api.w.org\/{rel}","templated":true}]}}