{"id":29498,"date":"2025-10-29T05:04:55","date_gmt":"2025-10-29T03:04:55","guid":{"rendered":"https:\/\/vinilozona.lt\/?post_type=product&#038;p=29498"},"modified":"2025-10-29T07:23:40","modified_gmt":"2025-10-29T05:23:40","slug":"billie-holiday-all-of-me-2cd","status":"publish","type":"product","link":"https:\/\/vinilozona.lt\/en\/parduotuve\/cd\/naudoti-cd\/billie-holiday-all-of-me-2cd\/","title":{"rendered":"Billie Holiday \u2013 All Of Me   2CD"},"content":{"rendered":"<p>1-1\t\tT\u2019Aint Nobody&#8217;s Business If I Do  3:19<br \/>\n1-2\t\tA Fine Romance  3:32<br \/>\n1-3\t\tLady Sings The Blues  3:43<br \/>\n1-4\t\tMy Man (Mon Homme)  2:35<br \/>\n1-5\t\tGood Morning Heartache  3:30<br \/>\n1-6\t\tBillie&#8217;s Blues  3:27<br \/>\n1-7\t\tAll Of Me  3:06<br \/>\n1-8\t\tSolitude 3:08<br \/>\n1-9\t\tI Wished On The Moon  3:07<br \/>\n1-10\t\tNo Good Man  3:06<br \/>\n1-11\t\tMean To Me  3:07<br \/>\n1-12\t\tWhat A Little Moonlight Can Do  3:01<br \/>\n1-13\t\tYou Showed Me The Way  3:00<br \/>\n1-14\t\tLife Begins When You&#8217;re In Love  3:04<br \/>\n1-15\t\tLet\u2019s Call A Heart A Heart  3:03<br \/>\n1-16\t\tThe Mood That I&#8217;m In  3:00<br \/>\n1-17\t\tNow They Call It Swing  3:00<br \/>\n1-18\t\tMiss Brown To You (Version 1)  1:59<br \/>\n2-1\t\tI Cover The Waterfront  2:58<br \/>\n2-2\t\tYou\u2019re My Thrill  3:31<br \/>\n2-3\t\tMiss Brown To You (Version 2)  2 53<br \/>\n2-4\t\tMy Man (Mon Homme) (Version 2)  2:56<br \/>\n2-5\t\tI Loves You Porgy    1:51<br \/>\n2-6\t\tDon\u2019t Explain  3:18<br \/>\n2-7\t\tJust Friends  1:02<br \/>\n2-8\t\tLover Come Back To Me  2:21<br \/>\n2-9\t\tPlease Don\u2019t Talk About Me When I\u2019m Gone   2:00<br \/>\n2-10\t\tFine And Mellow  8:44<br \/>\n2-11\t\tFoolin\u2019 Myself  2:28<br \/>\n2-12\t\tEasy To Remember  3:27<br \/>\n2-13\t\tI Got It Bad (And That Ain\u2019t Good)  2:24<br \/>\n2-14\t\tLover Man  3:18<br \/>\n2-15\t\tGod Bless The Child  3:06<br \/>\n2-16\t\tHe\u2019s Funny That Way  2:56<br \/>\n2-17\t\tDon\u2019t Be Late\t3:15<\/p>","protected":false},"excerpt":{"rendered":"<p>Elap Music \u2013 56202CD<br \/>\nSeries:<br \/>\nDouble Up (3)<br \/>\nFormat:<br \/>\n2 x CD, Compilation<br \/>\nCountry:<br \/>\nEurope<br \/>\nReleased:<br \/>\n1997<\/p>","protected":false},"featured_media":29499,"template":"","meta":[],"product_cat":[24,946],"product_tag":[44],"yoast_head":"<!-- This site is optimized with the Yoast SEO plugin v23.5 - https:\/\/yoast.com\/wordpress\/plugins\/seo\/ -->\n<title>Billie Holiday \u2013 All Of Me  2CD Vinilin\u0117 Plok\u0161tel\u0117 | Vinilozona.lt<\/title>\n<meta name=\"robots\" content=\"index, follow, max-snippet:-1, max-image-preview:large, max-video-preview:-1\" \/>\n<link rel=\"canonical\" href=\"https:\/\/vinilozona.lt\/en\/parduotuve\/cd\/naudoti-cd\/billie-holiday-all-of-me-2cd\/\" \/>\n<meta property=\"og:locale\" content=\"en_GB\" \/>\n<meta property=\"og:type\" content=\"article\" \/>\n<meta property=\"og:title\" content=\"Billie Holiday \u2013 All Of Me  2CD Vinilin\u0117 Plok\u0161tel\u0117 | Vinilozona.lt\" \/>\n<meta property=\"og:description\" content=\"Elap Music \u2013 56202CD Series: Double Up (3) Format: 2 x CD, Compilation Country: Europe Released: 1997\" \/>\n<meta property=\"og:url\" content=\"https:\/\/vinilozona.lt\/en\/parduotuve\/cd\/naudoti-cd\/billie-holiday-all-of-me-2cd\/\" \/>\n<meta property=\"og:site_name\" content=\"Vinilo Zona\" \/>\n<meta property=\"article:modified_time\" content=\"2025-10-29T05:23:40+00:00\" \/>\n<meta property=\"og:image\" content=\"https:\/\/vinilozona.lt\/wp-content\/uploads\/2025\/10\/R-10136044-1492264062-6607.jpg\" \/>\n\t<meta property=\"og:image:width\" content=\"600\" \/>\n\t<meta property=\"og:image:height\" content=\"598\" \/>\n\t<meta property=\"og:image:type\" content=\"image\/jpeg\" \/>\n<meta name=\"twitter:card\" content=\"summary_large_image\" \/>\n<meta name=\"twitter:label1\" content=\"Estimated reading time\" \/>\n\t<meta name=\"twitter:data1\" content=\"1 minute\" \/>\n<script type=\"application\/ld+json\" class=\"yoast-schema-graph\">{\"@context\":\"https:\/\/schema.org\",\"@graph\":[{\"@type\":\"WebPage\",\"@id\":\"https:\/\/vinilozona.lt\/parduotuve\/cd\/naudoti-cd\/billie-holiday-all-of-me-2cd\/\",\"url\":\"https:\/\/vinilozona.lt\/parduotuve\/cd\/naudoti-cd\/billie-holiday-all-of-me-2cd\/\",\"name\":\"Billie Holiday \u2013 All Of Me 2CD Vinilin\u0117 Plok\u0161tel\u0117 | Vinilozona.lt\",\"isPartOf\":{\"@id\":\"https:\/\/vinilozona.lt\/#website\"},\"primaryImageOfPage\":{\"@id\":\"https:\/\/vinilozona.lt\/parduotuve\/cd\/naudoti-cd\/billie-holiday-all-of-me-2cd\/#primaryimage\"},\"image\":{\"@id\":\"https:\/\/vinilozona.lt\/parduotuve\/cd\/naudoti-cd\/billie-holiday-all-of-me-2cd\/#primaryimage\"},\"thumbnailUrl\":\"https:\/\/vinilozona.lt\/wp-content\/uploads\/2025\/10\/R-10136044-1492264062-6607.jpg\",\"datePublished\":\"2025-10-29T03:04:55+00:00\",\"dateModified\":\"2025-10-29T05:23:40+00:00\",\"breadcrumb\":{\"@id\":\"https:\/\/vinilozona.lt\/parduotuve\/cd\/naudoti-cd\/billie-holiday-all-of-me-2cd\/#breadcrumb\"},\"inLanguage\":\"en-GB\",\"potentialAction\":[{\"@type\":\"ReadAction\",\"target\":[\"https:\/\/vinilozona.lt\/parduotuve\/cd\/naudoti-cd\/billie-holiday-all-of-me-2cd\/\"]}]},{\"@type\":\"ImageObject\",\"inLanguage\":\"en-GB\",\"@id\":\"https:\/\/vinilozona.lt\/parduotuve\/cd\/naudoti-cd\/billie-holiday-all-of-me-2cd\/#primaryimage\",\"url\":\"https:\/\/vinilozona.lt\/wp-content\/uploads\/2025\/10\/R-10136044-1492264062-6607.jpg\",\"contentUrl\":\"https:\/\/vinilozona.lt\/wp-content\/uploads\/2025\/10\/R-10136044-1492264062-6607.jpg\",\"width\":600,\"height\":598},{\"@type\":\"BreadcrumbList\",\"@id\":\"https:\/\/vinilozona.lt\/parduotuve\/cd\/naudoti-cd\/billie-holiday-all-of-me-2cd\/#breadcrumb\",\"itemListElement\":[{\"@type\":\"ListItem\",\"position\":1,\"name\":\"Home\",\"item\":\"https:\/\/vinilozona.lt\/\"},{\"@type\":\"ListItem\",\"position\":2,\"name\":\"Parduotuv\u0117\",\"item\":\"https:\/\/vinilozona.lt\/parduotuve\/\"},{\"@type\":\"ListItem\",\"position\":3,\"name\":\"Billie Holiday \u2013 All Of Me 2CD\"}]},{\"@type\":\"WebSite\",\"@id\":\"https:\/\/vinilozona.lt\/#website\",\"url\":\"https:\/\/vinilozona.lt\/\",\"name\":\"Vinilo Zona\",\"description\":\"Nup\u016bsk dulkes ir klausyk LP\",\"potentialAction\":[{\"@type\":\"SearchAction\",\"target\":{\"@type\":\"EntryPoint\",\"urlTemplate\":\"https:\/\/vinilozona.lt\/?s={search_term_string}\"},\"query-input\":{\"@type\":\"PropertyValueSpecification\",\"valueRequired\":true,\"valueName\":\"search_term_string\"}}],\"inLanguage\":\"en-GB\"}]}<\/script>\n<!-- \/ Yoast SEO plugin. -->","yoast_head_json":{"title":"Billie Holiday \u2013 All Of Me  2CD Vinilin\u0117 Plok\u0161tel\u0117 | Vinilozona.lt","robots":{"index":"index","follow":"follow","max-snippet":"max-snippet:-1","max-image-preview":"max-image-preview:large","max-video-preview":"max-video-preview:-1"},"canonical":"https:\/\/vinilozona.lt\/en\/parduotuve\/cd\/naudoti-cd\/billie-holiday-all-of-me-2cd\/","og_locale":"en_GB","og_type":"article","og_title":"Billie Holiday \u2013 All Of Me  2CD Vinilin\u0117 Plok\u0161tel\u0117 | Vinilozona.lt","og_description":"Elap Music \u2013 56202CD Series: Double Up (3) Format: 2 x CD, Compilation Country: Europe Released: 1997","og_url":"https:\/\/vinilozona.lt\/en\/parduotuve\/cd\/naudoti-cd\/billie-holiday-all-of-me-2cd\/","og_site_name":"Vinilo Zona","article_modified_time":"2025-10-29T05:23:40+00:00","og_image":[{"width":600,"height":598,"url":"https:\/\/vinilozona.lt\/wp-content\/uploads\/2025\/10\/R-10136044-1492264062-6607.jpg","type":"image\/jpeg"}],"twitter_card":"summary_large_image","twitter_misc":{"Estimated reading time":"1 minute"},"schema":{"@context":"https:\/\/schema.org","@graph":[{"@type":"WebPage","@id":"https:\/\/vinilozona.lt\/parduotuve\/cd\/naudoti-cd\/billie-holiday-all-of-me-2cd\/","url":"https:\/\/vinilozona.lt\/parduotuve\/cd\/naudoti-cd\/billie-holiday-all-of-me-2cd\/","name":"Billie Holiday \u2013 All Of Me 2CD Vinilin\u0117 Plok\u0161tel\u0117 | Vinilozona.lt","isPartOf":{"@id":"https:\/\/vinilozona.lt\/#website"},"primaryImageOfPage":{"@id":"https:\/\/vinilozona.lt\/parduotuve\/cd\/naudoti-cd\/billie-holiday-all-of-me-2cd\/#primaryimage"},"image":{"@id":"https:\/\/vinilozona.lt\/parduotuve\/cd\/naudoti-cd\/billie-holiday-all-of-me-2cd\/#primaryimage"},"thumbnailUrl":"https:\/\/vinilozona.lt\/wp-content\/uploads\/2025\/10\/R-10136044-1492264062-6607.jpg","datePublished":"2025-10-29T03:04:55+00:00","dateModified":"2025-10-29T05:23:40+00:00","breadcrumb":{"@id":"https:\/\/vinilozona.lt\/parduotuve\/cd\/naudoti-cd\/billie-holiday-all-of-me-2cd\/#breadcrumb"},"inLanguage":"en-GB","potentialAction":[{"@type":"ReadAction","target":["https:\/\/vinilozona.lt\/parduotuve\/cd\/naudoti-cd\/billie-holiday-all-of-me-2cd\/"]}]},{"@type":"ImageObject","inLanguage":"en-GB","@id":"https:\/\/vinilozona.lt\/parduotuve\/cd\/naudoti-cd\/billie-holiday-all-of-me-2cd\/#primaryimage","url":"https:\/\/vinilozona.lt\/wp-content\/uploads\/2025\/10\/R-10136044-1492264062-6607.jpg","contentUrl":"https:\/\/vinilozona.lt\/wp-content\/uploads\/2025\/10\/R-10136044-1492264062-6607.jpg","width":600,"height":598},{"@type":"BreadcrumbList","@id":"https:\/\/vinilozona.lt\/parduotuve\/cd\/naudoti-cd\/billie-holiday-all-of-me-2cd\/#breadcrumb","itemListElement":[{"@type":"ListItem","position":1,"name":"Home","item":"https:\/\/vinilozona.lt\/"},{"@type":"ListItem","position":2,"name":"Parduotuv\u0117","item":"https:\/\/vinilozona.lt\/parduotuve\/"},{"@type":"ListItem","position":3,"name":"Billie Holiday \u2013 All Of Me 2CD"}]},{"@type":"WebSite","@id":"https:\/\/vinilozona.lt\/#website","url":"https:\/\/vinilozona.lt\/","name":"Vinilo Zona","description":"Nup\u016bsk dulkes ir klausyk LP","potentialAction":[{"@type":"SearchAction","target":{"@type":"EntryPoint","urlTemplate":"https:\/\/vinilozona.lt\/?s={search_term_string}"},"query-input":{"@type":"PropertyValueSpecification","valueRequired":true,"valueName":"search_term_string"}}],"inLanguage":"en-GB"}]}},"_links":{"self":[{"href":"https:\/\/vinilozona.lt\/en\/wp-json\/wp\/v2\/product\/29498"}],"collection":[{"href":"https:\/\/vinilozona.lt\/en\/wp-json\/wp\/v2\/product"}],"about":[{"href":"https:\/\/vinilozona.lt\/en\/wp-json\/wp\/v2\/types\/product"}],"wp:featuredmedia":[{"embeddable":true,"href":"https:\/\/vinilozona.lt\/en\/wp-json\/wp\/v2\/media\/29499"}],"wp:attachment":[{"href":"https:\/\/vinilozona.lt\/en\/wp-json\/wp\/v2\/media?parent=29498"}],"wp:term":[{"taxonomy":"product_cat","embeddable":true,"href":"https:\/\/vinilozona.lt\/en\/wp-json\/wp\/v2\/product_cat?post=29498"},{"taxonomy":"product_tag","embeddable":true,"href":"https:\/\/vinilozona.lt\/en\/wp-json\/wp\/v2\/product_tag?post=29498"}],"curies":[{"name":"wp","href":"https:\/\/api.w.org\/{rel}","templated":true}]}}