{"id":29486,"date":"2025-10-28T05:08:04","date_gmt":"2025-10-28T03:08:04","guid":{"rendered":"https:\/\/vinilozona.lt\/?post_type=product&#038;p=29486"},"modified":"2025-10-28T08:21:57","modified_gmt":"2025-10-28T06:21:57","slug":"bonnie-tyler-the-ultimate-collection-2cd","status":"publish","type":"product","link":"https:\/\/vinilozona.lt\/en\/parduotuve\/cd\/naudoti-cd\/bonnie-tyler-the-ultimate-collection-2cd\/","title":{"rendered":"Bonnie Tyler \u2013 The Ultimate Collection  2CD"},"content":{"rendered":"<p>1-1\tBonnie Tyler\u2013\tTotal Eclipse Of The Heart  4:27<br \/>\n1-2\tBonnie Tyler\u2013\tIt&#8217;s A Heartache  3:30<br \/>\n1-3\tBonnie Tyler &#038; Shakin&#8217; Stevens\u2013\tA Rockin&#8217; Good Way  2:54<br \/>\n1-4\tBonnie Tyler\u2013\tThe Best  4:00<br \/>\n1-5\tBonnie Tyler\u2013\tIf You Were A Woman  3:57<br \/>\n1-6\tBonnie Tyler\u2013\tLoving You Is A Dirty Job  5:47<br \/>\n1-7\tBonnie Tyler\u2013\tSave Up All Your Tears  4:02<br \/>\n1-8\tBonnie Tyler\u2013\tTo Love Somebody  5:30<br \/>\n1-9\tBonnie Tyler\u2013\tDon&#8217;t Turn Around  4:16<br \/>\n1-10\tBonnie Tyler\u2013\tMore Than A Lover<br \/>\n1-11\tBonnie Tyler\u2013\tFools Lullaby<br \/>\n1-12\tBonnie Tyler\u2013\tFrom The Bottom Of My Lonely Heart  3:32<br \/>\n1-13\tBonnie Tyler\u2013\tBand Of Gold  5:49<br \/>\n1-14\tBonnie Tyler\u2013\tSay Goodbye  3:21<br \/>\n1-15\tBonnie Tyler\u2013\tFire In My Soul  4:35<br \/>\n2-1\tBonnie Tyler\u2013\tBitterblue  3:48<br \/>\n2-2\tBonnie Tyler\u2013\tLost In France  3:57<br \/>\n2-3\tBonnie Tyler\u2013\tSally Comes Around  3:38<br \/>\n2-4\tBonnie Tyler\u2013\tHave You Ever Seen The Rain?  4:03<br \/>\n2-5\tBonnie Tyler\u2013\tHolding Out For A HeroN  4:28<br \/>\n2-6\tBonnie Tyler\u2013\tFaster Than The Speed Of Night  4:40<br \/>\n2-7\tBonnie Tyler\u2013\tStraight From The Heart  3:40<br \/>\n2-8\tBonnie Tyler\u2013\tGetting So Excited   3:29<br \/>\n2-9\tBonnie Tyler\u2013\tLovers Again   4:13<br \/>\n2-10\tBonnie Tyler\u2013\tSilhouette In Red  3:57<br \/>\n2-11\tBonnie Tyler\u2013\tStay  4:02<br \/>\n2-12\tBonnie Tyler\u2013\tI Believe In Your Sweet Love  3:42<br \/>\n2-13\tBonnie Tyler\u2013\tIf I Sing You A Love Song  4:46<br \/>\n2-14\tBonnie Tyler\u2013\tAngel Heart  3:49<br \/>\n2-15\tBonnie Tyler\u2013\tCall Me  3:59<\/p>","protected":false},"excerpt":{"rendered":"<p>Bertelsmann Music Group \u2013 74321 30887 2, Sony Music \u2013 74321 30887 2<br \/>\nFormat:<br \/>\n2 x CD, Compilation<br \/>\nCountry:<br \/>\nDenmark<br \/>\nReleased:<br \/>\n1995<\/p>","protected":false},"featured_media":29487,"template":"","meta":[],"product_cat":[24,946],"product_tag":[44],"yoast_head":"<!-- This site is optimized with the Yoast SEO plugin v23.5 - https:\/\/yoast.com\/wordpress\/plugins\/seo\/ -->\n<title>Bonnie Tyler \u2013 The Ultimate Collection 2CD Vinilin\u0117 Plok\u0161tel\u0117 | Vinilozona.lt<\/title>\n<meta name=\"robots\" content=\"index, follow, max-snippet:-1, max-image-preview:large, max-video-preview:-1\" \/>\n<link rel=\"canonical\" href=\"https:\/\/vinilozona.lt\/en\/parduotuve\/cd\/naudoti-cd\/bonnie-tyler-the-ultimate-collection-2cd\/\" \/>\n<meta property=\"og:locale\" content=\"en_GB\" \/>\n<meta property=\"og:type\" content=\"article\" \/>\n<meta property=\"og:title\" content=\"Bonnie Tyler \u2013 The Ultimate Collection 2CD Vinilin\u0117 Plok\u0161tel\u0117 | Vinilozona.lt\" \/>\n<meta property=\"og:description\" content=\"Bertelsmann Music Group \u2013 74321 30887 2, Sony Music \u2013 74321 30887 2 Format: 2 x CD, Compilation Country: Denmark Released: 1995\" \/>\n<meta property=\"og:url\" content=\"https:\/\/vinilozona.lt\/en\/parduotuve\/cd\/naudoti-cd\/bonnie-tyler-the-ultimate-collection-2cd\/\" \/>\n<meta property=\"og:site_name\" content=\"Vinilo Zona\" \/>\n<meta property=\"article:modified_time\" content=\"2025-10-28T06:21:57+00:00\" \/>\n<meta property=\"og:image\" content=\"https:\/\/vinilozona.lt\/wp-content\/uploads\/2025\/10\/R-4237673-1362495918-2057.jpg\" \/>\n\t<meta property=\"og:image:width\" content=\"590\" \/>\n\t<meta property=\"og:image:height\" content=\"591\" \/>\n\t<meta property=\"og:image:type\" content=\"image\/jpeg\" \/>\n<meta name=\"twitter:card\" content=\"summary_large_image\" \/>\n<meta name=\"twitter:label1\" content=\"Estimated reading time\" \/>\n\t<meta name=\"twitter:data1\" content=\"1 minute\" \/>\n<script type=\"application\/ld+json\" class=\"yoast-schema-graph\">{\"@context\":\"https:\/\/schema.org\",\"@graph\":[{\"@type\":\"WebPage\",\"@id\":\"https:\/\/vinilozona.lt\/parduotuve\/cd\/naudoti-cd\/bonnie-tyler-the-ultimate-collection-2cd\/\",\"url\":\"https:\/\/vinilozona.lt\/parduotuve\/cd\/naudoti-cd\/bonnie-tyler-the-ultimate-collection-2cd\/\",\"name\":\"Bonnie Tyler \u2013 The Ultimate Collection 2CD Vinilin\u0117 Plok\u0161tel\u0117 | Vinilozona.lt\",\"isPartOf\":{\"@id\":\"https:\/\/vinilozona.lt\/#website\"},\"primaryImageOfPage\":{\"@id\":\"https:\/\/vinilozona.lt\/parduotuve\/cd\/naudoti-cd\/bonnie-tyler-the-ultimate-collection-2cd\/#primaryimage\"},\"image\":{\"@id\":\"https:\/\/vinilozona.lt\/parduotuve\/cd\/naudoti-cd\/bonnie-tyler-the-ultimate-collection-2cd\/#primaryimage\"},\"thumbnailUrl\":\"https:\/\/vinilozona.lt\/wp-content\/uploads\/2025\/10\/R-4237673-1362495918-2057.jpg\",\"datePublished\":\"2025-10-28T03:08:04+00:00\",\"dateModified\":\"2025-10-28T06:21:57+00:00\",\"breadcrumb\":{\"@id\":\"https:\/\/vinilozona.lt\/parduotuve\/cd\/naudoti-cd\/bonnie-tyler-the-ultimate-collection-2cd\/#breadcrumb\"},\"inLanguage\":\"en-GB\",\"potentialAction\":[{\"@type\":\"ReadAction\",\"target\":[\"https:\/\/vinilozona.lt\/parduotuve\/cd\/naudoti-cd\/bonnie-tyler-the-ultimate-collection-2cd\/\"]}]},{\"@type\":\"ImageObject\",\"inLanguage\":\"en-GB\",\"@id\":\"https:\/\/vinilozona.lt\/parduotuve\/cd\/naudoti-cd\/bonnie-tyler-the-ultimate-collection-2cd\/#primaryimage\",\"url\":\"https:\/\/vinilozona.lt\/wp-content\/uploads\/2025\/10\/R-4237673-1362495918-2057.jpg\",\"contentUrl\":\"https:\/\/vinilozona.lt\/wp-content\/uploads\/2025\/10\/R-4237673-1362495918-2057.jpg\",\"width\":590,\"height\":591},{\"@type\":\"BreadcrumbList\",\"@id\":\"https:\/\/vinilozona.lt\/parduotuve\/cd\/naudoti-cd\/bonnie-tyler-the-ultimate-collection-2cd\/#breadcrumb\",\"itemListElement\":[{\"@type\":\"ListItem\",\"position\":1,\"name\":\"Home\",\"item\":\"https:\/\/vinilozona.lt\/\"},{\"@type\":\"ListItem\",\"position\":2,\"name\":\"Parduotuv\u0117\",\"item\":\"https:\/\/vinilozona.lt\/parduotuve\/\"},{\"@type\":\"ListItem\",\"position\":3,\"name\":\"Bonnie Tyler \u2013 The Ultimate Collection 2CD\"}]},{\"@type\":\"WebSite\",\"@id\":\"https:\/\/vinilozona.lt\/#website\",\"url\":\"https:\/\/vinilozona.lt\/\",\"name\":\"Vinilo Zona\",\"description\":\"Nup\u016bsk dulkes ir klausyk LP\",\"potentialAction\":[{\"@type\":\"SearchAction\",\"target\":{\"@type\":\"EntryPoint\",\"urlTemplate\":\"https:\/\/vinilozona.lt\/?s={search_term_string}\"},\"query-input\":{\"@type\":\"PropertyValueSpecification\",\"valueRequired\":true,\"valueName\":\"search_term_string\"}}],\"inLanguage\":\"en-GB\"}]}<\/script>\n<!-- \/ Yoast SEO plugin. -->","yoast_head_json":{"title":"Bonnie Tyler \u2013 The Ultimate Collection 2CD Vinilin\u0117 Plok\u0161tel\u0117 | Vinilozona.lt","robots":{"index":"index","follow":"follow","max-snippet":"max-snippet:-1","max-image-preview":"max-image-preview:large","max-video-preview":"max-video-preview:-1"},"canonical":"https:\/\/vinilozona.lt\/en\/parduotuve\/cd\/naudoti-cd\/bonnie-tyler-the-ultimate-collection-2cd\/","og_locale":"en_GB","og_type":"article","og_title":"Bonnie Tyler \u2013 The Ultimate Collection 2CD Vinilin\u0117 Plok\u0161tel\u0117 | Vinilozona.lt","og_description":"Bertelsmann Music Group \u2013 74321 30887 2, Sony Music \u2013 74321 30887 2 Format: 2 x CD, Compilation Country: Denmark Released: 1995","og_url":"https:\/\/vinilozona.lt\/en\/parduotuve\/cd\/naudoti-cd\/bonnie-tyler-the-ultimate-collection-2cd\/","og_site_name":"Vinilo Zona","article_modified_time":"2025-10-28T06:21:57+00:00","og_image":[{"width":590,"height":591,"url":"https:\/\/vinilozona.lt\/wp-content\/uploads\/2025\/10\/R-4237673-1362495918-2057.jpg","type":"image\/jpeg"}],"twitter_card":"summary_large_image","twitter_misc":{"Estimated reading time":"1 minute"},"schema":{"@context":"https:\/\/schema.org","@graph":[{"@type":"WebPage","@id":"https:\/\/vinilozona.lt\/parduotuve\/cd\/naudoti-cd\/bonnie-tyler-the-ultimate-collection-2cd\/","url":"https:\/\/vinilozona.lt\/parduotuve\/cd\/naudoti-cd\/bonnie-tyler-the-ultimate-collection-2cd\/","name":"Bonnie Tyler \u2013 The Ultimate Collection 2CD Vinilin\u0117 Plok\u0161tel\u0117 | Vinilozona.lt","isPartOf":{"@id":"https:\/\/vinilozona.lt\/#website"},"primaryImageOfPage":{"@id":"https:\/\/vinilozona.lt\/parduotuve\/cd\/naudoti-cd\/bonnie-tyler-the-ultimate-collection-2cd\/#primaryimage"},"image":{"@id":"https:\/\/vinilozona.lt\/parduotuve\/cd\/naudoti-cd\/bonnie-tyler-the-ultimate-collection-2cd\/#primaryimage"},"thumbnailUrl":"https:\/\/vinilozona.lt\/wp-content\/uploads\/2025\/10\/R-4237673-1362495918-2057.jpg","datePublished":"2025-10-28T03:08:04+00:00","dateModified":"2025-10-28T06:21:57+00:00","breadcrumb":{"@id":"https:\/\/vinilozona.lt\/parduotuve\/cd\/naudoti-cd\/bonnie-tyler-the-ultimate-collection-2cd\/#breadcrumb"},"inLanguage":"en-GB","potentialAction":[{"@type":"ReadAction","target":["https:\/\/vinilozona.lt\/parduotuve\/cd\/naudoti-cd\/bonnie-tyler-the-ultimate-collection-2cd\/"]}]},{"@type":"ImageObject","inLanguage":"en-GB","@id":"https:\/\/vinilozona.lt\/parduotuve\/cd\/naudoti-cd\/bonnie-tyler-the-ultimate-collection-2cd\/#primaryimage","url":"https:\/\/vinilozona.lt\/wp-content\/uploads\/2025\/10\/R-4237673-1362495918-2057.jpg","contentUrl":"https:\/\/vinilozona.lt\/wp-content\/uploads\/2025\/10\/R-4237673-1362495918-2057.jpg","width":590,"height":591},{"@type":"BreadcrumbList","@id":"https:\/\/vinilozona.lt\/parduotuve\/cd\/naudoti-cd\/bonnie-tyler-the-ultimate-collection-2cd\/#breadcrumb","itemListElement":[{"@type":"ListItem","position":1,"name":"Home","item":"https:\/\/vinilozona.lt\/"},{"@type":"ListItem","position":2,"name":"Parduotuv\u0117","item":"https:\/\/vinilozona.lt\/parduotuve\/"},{"@type":"ListItem","position":3,"name":"Bonnie Tyler \u2013 The Ultimate Collection 2CD"}]},{"@type":"WebSite","@id":"https:\/\/vinilozona.lt\/#website","url":"https:\/\/vinilozona.lt\/","name":"Vinilo Zona","description":"Nup\u016bsk dulkes ir klausyk LP","potentialAction":[{"@type":"SearchAction","target":{"@type":"EntryPoint","urlTemplate":"https:\/\/vinilozona.lt\/?s={search_term_string}"},"query-input":{"@type":"PropertyValueSpecification","valueRequired":true,"valueName":"search_term_string"}}],"inLanguage":"en-GB"}]}},"_links":{"self":[{"href":"https:\/\/vinilozona.lt\/en\/wp-json\/wp\/v2\/product\/29486"}],"collection":[{"href":"https:\/\/vinilozona.lt\/en\/wp-json\/wp\/v2\/product"}],"about":[{"href":"https:\/\/vinilozona.lt\/en\/wp-json\/wp\/v2\/types\/product"}],"wp:featuredmedia":[{"embeddable":true,"href":"https:\/\/vinilozona.lt\/en\/wp-json\/wp\/v2\/media\/29487"}],"wp:attachment":[{"href":"https:\/\/vinilozona.lt\/en\/wp-json\/wp\/v2\/media?parent=29486"}],"wp:term":[{"taxonomy":"product_cat","embeddable":true,"href":"https:\/\/vinilozona.lt\/en\/wp-json\/wp\/v2\/product_cat?post=29486"},{"taxonomy":"product_tag","embeddable":true,"href":"https:\/\/vinilozona.lt\/en\/wp-json\/wp\/v2\/product_tag?post=29486"}],"curies":[{"name":"wp","href":"https:\/\/api.w.org\/{rel}","templated":true}]}}