{"id":29460,"date":"2025-09-27T17:26:12","date_gmt":"2025-09-27T14:26:12","guid":{"rendered":"https:\/\/vinilozona.lt\/?post_type=product&#038;p=29460"},"modified":"2025-10-27T17:29:51","modified_gmt":"2025-10-27T15:29:51","slug":"gediminas-dapkevicius-viziju-simfonija-zaltys-symphony-of-visions-serpent","status":"publish","type":"product","link":"https:\/\/vinilozona.lt\/en\/parduotuve\/lietuviska\/gediminas-dapkevicius-viziju-simfonija-zaltys-symphony-of-visions-serpent\/","title":{"rendered":"Gediminas Dapkevi\u010dius \u2013 Vizij\u0173 Simfonija \u017daltys = Symphony Of Visions Serpent"},"content":{"rendered":"<p>A1\t\tPiramid\u0117. \u017dal\u010dio \u017dvilgsnis = Pyramid. Sight Of Serpent\t5:12<br \/>\nA2\t\tLaiko Mal\u016bnai = Mills Of Time\t4:58<br \/>\nA3\t\tVartai = The Gates\t6:02<br \/>\nA4\t\tJ\u016bra = The Sea\t6:32<br \/>\nB1\t\tAngelas = Angel\t9:40<br \/>\nB2\t\tRyto Danguj M\u0117nulis = Moon In The Morning Sky\t7:24<br \/>\nB3\t\tPasauli\u0173 \u017dydruma = Azure Of The Worlds\t5:30<br \/>\nB4\t\tPostliudas = Postludum\t1:03<\/p>","protected":false},"excerpt":{"rendered":"<p>V\u0117jas Records \u2013 VR012-LP<br \/>\nFormat:<br \/>\nVinyl, LP, Album<br \/>\nCountry:<br \/>\nLithuania<br \/>\nReleased: 2024<br \/>\nGenre:<br \/>\nClassical<br \/>\nStyle:<br \/>\nModern, Opera<\/p>","protected":false},"featured_media":29461,"template":"","meta":[],"product_cat":[19,23],"product_tag":[1270],"yoast_head":"<!-- This site is optimized with the Yoast SEO plugin v23.5 - https:\/\/yoast.com\/wordpress\/plugins\/seo\/ -->\n<title>Gediminas Dapkevi\u010dius \u2013 Vizij\u0173 Simfonija \u017daltys = Symphony Of Visions Serpent Vinilin\u0117 Plok\u0161tel\u0117 | Vinilozona.lt<\/title>\n<meta name=\"robots\" content=\"index, follow, max-snippet:-1, max-image-preview:large, max-video-preview:-1\" \/>\n<link rel=\"canonical\" href=\"https:\/\/vinilozona.lt\/en\/parduotuve\/lietuviska\/gediminas-dapkevicius-viziju-simfonija-zaltys-symphony-of-visions-serpent\/\" \/>\n<meta property=\"og:locale\" content=\"en_GB\" \/>\n<meta property=\"og:type\" content=\"article\" \/>\n<meta property=\"og:title\" content=\"Gediminas Dapkevi\u010dius \u2013 Vizij\u0173 Simfonija \u017daltys = Symphony Of Visions Serpent Vinilin\u0117 Plok\u0161tel\u0117 | Vinilozona.lt\" \/>\n<meta property=\"og:description\" content=\"V\u0117jas Records \u2013 VR012-LP Format: Vinyl, LP, Album Country: Lithuania Released: 2024 Genre: Classical Style: Modern, Opera\" \/>\n<meta property=\"og:url\" content=\"https:\/\/vinilozona.lt\/en\/parduotuve\/lietuviska\/gediminas-dapkevicius-viziju-simfonija-zaltys-symphony-of-visions-serpent\/\" \/>\n<meta property=\"og:site_name\" content=\"Vinilo Zona\" \/>\n<meta property=\"article:modified_time\" content=\"2025-10-27T15:29:51+00:00\" \/>\n<meta property=\"og:image\" content=\"https:\/\/vinilozona.lt\/wp-content\/uploads\/2025\/10\/R-31870361-1727777624-2690.jpg\" \/>\n\t<meta property=\"og:image:width\" content=\"599\" \/>\n\t<meta property=\"og:image:height\" content=\"591\" \/>\n\t<meta property=\"og:image:type\" content=\"image\/jpeg\" \/>\n<meta name=\"twitter:card\" content=\"summary_large_image\" \/>\n<meta name=\"twitter:label1\" content=\"Estimated reading time\" \/>\n\t<meta name=\"twitter:data1\" content=\"1 minute\" \/>\n<script type=\"application\/ld+json\" class=\"yoast-schema-graph\">{\"@context\":\"https:\/\/schema.org\",\"@graph\":[{\"@type\":\"WebPage\",\"@id\":\"https:\/\/vinilozona.lt\/parduotuve\/lietuviska\/gediminas-dapkevicius-viziju-simfonija-zaltys-symphony-of-visions-serpent\/\",\"url\":\"https:\/\/vinilozona.lt\/parduotuve\/lietuviska\/gediminas-dapkevicius-viziju-simfonija-zaltys-symphony-of-visions-serpent\/\",\"name\":\"Gediminas Dapkevi\u010dius \u2013 Vizij\u0173 Simfonija \u017daltys = Symphony Of Visions Serpent Vinilin\u0117 Plok\u0161tel\u0117 | Vinilozona.lt\",\"isPartOf\":{\"@id\":\"https:\/\/vinilozona.lt\/#website\"},\"primaryImageOfPage\":{\"@id\":\"https:\/\/vinilozona.lt\/parduotuve\/lietuviska\/gediminas-dapkevicius-viziju-simfonija-zaltys-symphony-of-visions-serpent\/#primaryimage\"},\"image\":{\"@id\":\"https:\/\/vinilozona.lt\/parduotuve\/lietuviska\/gediminas-dapkevicius-viziju-simfonija-zaltys-symphony-of-visions-serpent\/#primaryimage\"},\"thumbnailUrl\":\"https:\/\/vinilozona.lt\/wp-content\/uploads\/2025\/10\/R-31870361-1727777624-2690.jpg\",\"datePublished\":\"2025-09-27T14:26:12+00:00\",\"dateModified\":\"2025-10-27T15:29:51+00:00\",\"breadcrumb\":{\"@id\":\"https:\/\/vinilozona.lt\/parduotuve\/lietuviska\/gediminas-dapkevicius-viziju-simfonija-zaltys-symphony-of-visions-serpent\/#breadcrumb\"},\"inLanguage\":\"en-GB\",\"potentialAction\":[{\"@type\":\"ReadAction\",\"target\":[\"https:\/\/vinilozona.lt\/parduotuve\/lietuviska\/gediminas-dapkevicius-viziju-simfonija-zaltys-symphony-of-visions-serpent\/\"]}]},{\"@type\":\"ImageObject\",\"inLanguage\":\"en-GB\",\"@id\":\"https:\/\/vinilozona.lt\/parduotuve\/lietuviska\/gediminas-dapkevicius-viziju-simfonija-zaltys-symphony-of-visions-serpent\/#primaryimage\",\"url\":\"https:\/\/vinilozona.lt\/wp-content\/uploads\/2025\/10\/R-31870361-1727777624-2690.jpg\",\"contentUrl\":\"https:\/\/vinilozona.lt\/wp-content\/uploads\/2025\/10\/R-31870361-1727777624-2690.jpg\",\"width\":599,\"height\":591},{\"@type\":\"BreadcrumbList\",\"@id\":\"https:\/\/vinilozona.lt\/parduotuve\/lietuviska\/gediminas-dapkevicius-viziju-simfonija-zaltys-symphony-of-visions-serpent\/#breadcrumb\",\"itemListElement\":[{\"@type\":\"ListItem\",\"position\":1,\"name\":\"Home\",\"item\":\"https:\/\/vinilozona.lt\/\"},{\"@type\":\"ListItem\",\"position\":2,\"name\":\"Parduotuv\u0117\",\"item\":\"https:\/\/vinilozona.lt\/parduotuve\/\"},{\"@type\":\"ListItem\",\"position\":3,\"name\":\"Gediminas Dapkevi\u010dius \u2013 Vizij\u0173 Simfonija \u017daltys = Symphony Of Visions Serpent\"}]},{\"@type\":\"WebSite\",\"@id\":\"https:\/\/vinilozona.lt\/#website\",\"url\":\"https:\/\/vinilozona.lt\/\",\"name\":\"Vinilo Zona\",\"description\":\"Nup\u016bsk dulkes ir klausyk LP\",\"potentialAction\":[{\"@type\":\"SearchAction\",\"target\":{\"@type\":\"EntryPoint\",\"urlTemplate\":\"https:\/\/vinilozona.lt\/?s={search_term_string}\"},\"query-input\":{\"@type\":\"PropertyValueSpecification\",\"valueRequired\":true,\"valueName\":\"search_term_string\"}}],\"inLanguage\":\"en-GB\"}]}<\/script>\n<!-- \/ Yoast SEO plugin. -->","yoast_head_json":{"title":"Gediminas Dapkevi\u010dius \u2013 Vizij\u0173 Simfonija \u017daltys = Symphony Of Visions Serpent Vinilin\u0117 Plok\u0161tel\u0117 | Vinilozona.lt","robots":{"index":"index","follow":"follow","max-snippet":"max-snippet:-1","max-image-preview":"max-image-preview:large","max-video-preview":"max-video-preview:-1"},"canonical":"https:\/\/vinilozona.lt\/en\/parduotuve\/lietuviska\/gediminas-dapkevicius-viziju-simfonija-zaltys-symphony-of-visions-serpent\/","og_locale":"en_GB","og_type":"article","og_title":"Gediminas Dapkevi\u010dius \u2013 Vizij\u0173 Simfonija \u017daltys = Symphony Of Visions Serpent Vinilin\u0117 Plok\u0161tel\u0117 | Vinilozona.lt","og_description":"V\u0117jas Records \u2013 VR012-LP Format: Vinyl, LP, Album Country: Lithuania Released: 2024 Genre: Classical Style: Modern, Opera","og_url":"https:\/\/vinilozona.lt\/en\/parduotuve\/lietuviska\/gediminas-dapkevicius-viziju-simfonija-zaltys-symphony-of-visions-serpent\/","og_site_name":"Vinilo Zona","article_modified_time":"2025-10-27T15:29:51+00:00","og_image":[{"width":599,"height":591,"url":"https:\/\/vinilozona.lt\/wp-content\/uploads\/2025\/10\/R-31870361-1727777624-2690.jpg","type":"image\/jpeg"}],"twitter_card":"summary_large_image","twitter_misc":{"Estimated reading time":"1 minute"},"schema":{"@context":"https:\/\/schema.org","@graph":[{"@type":"WebPage","@id":"https:\/\/vinilozona.lt\/parduotuve\/lietuviska\/gediminas-dapkevicius-viziju-simfonija-zaltys-symphony-of-visions-serpent\/","url":"https:\/\/vinilozona.lt\/parduotuve\/lietuviska\/gediminas-dapkevicius-viziju-simfonija-zaltys-symphony-of-visions-serpent\/","name":"Gediminas Dapkevi\u010dius \u2013 Vizij\u0173 Simfonija \u017daltys = Symphony Of Visions Serpent Vinilin\u0117 Plok\u0161tel\u0117 | Vinilozona.lt","isPartOf":{"@id":"https:\/\/vinilozona.lt\/#website"},"primaryImageOfPage":{"@id":"https:\/\/vinilozona.lt\/parduotuve\/lietuviska\/gediminas-dapkevicius-viziju-simfonija-zaltys-symphony-of-visions-serpent\/#primaryimage"},"image":{"@id":"https:\/\/vinilozona.lt\/parduotuve\/lietuviska\/gediminas-dapkevicius-viziju-simfonija-zaltys-symphony-of-visions-serpent\/#primaryimage"},"thumbnailUrl":"https:\/\/vinilozona.lt\/wp-content\/uploads\/2025\/10\/R-31870361-1727777624-2690.jpg","datePublished":"2025-09-27T14:26:12+00:00","dateModified":"2025-10-27T15:29:51+00:00","breadcrumb":{"@id":"https:\/\/vinilozona.lt\/parduotuve\/lietuviska\/gediminas-dapkevicius-viziju-simfonija-zaltys-symphony-of-visions-serpent\/#breadcrumb"},"inLanguage":"en-GB","potentialAction":[{"@type":"ReadAction","target":["https:\/\/vinilozona.lt\/parduotuve\/lietuviska\/gediminas-dapkevicius-viziju-simfonija-zaltys-symphony-of-visions-serpent\/"]}]},{"@type":"ImageObject","inLanguage":"en-GB","@id":"https:\/\/vinilozona.lt\/parduotuve\/lietuviska\/gediminas-dapkevicius-viziju-simfonija-zaltys-symphony-of-visions-serpent\/#primaryimage","url":"https:\/\/vinilozona.lt\/wp-content\/uploads\/2025\/10\/R-31870361-1727777624-2690.jpg","contentUrl":"https:\/\/vinilozona.lt\/wp-content\/uploads\/2025\/10\/R-31870361-1727777624-2690.jpg","width":599,"height":591},{"@type":"BreadcrumbList","@id":"https:\/\/vinilozona.lt\/parduotuve\/lietuviska\/gediminas-dapkevicius-viziju-simfonija-zaltys-symphony-of-visions-serpent\/#breadcrumb","itemListElement":[{"@type":"ListItem","position":1,"name":"Home","item":"https:\/\/vinilozona.lt\/"},{"@type":"ListItem","position":2,"name":"Parduotuv\u0117","item":"https:\/\/vinilozona.lt\/parduotuve\/"},{"@type":"ListItem","position":3,"name":"Gediminas Dapkevi\u010dius \u2013 Vizij\u0173 Simfonija \u017daltys = Symphony Of Visions Serpent"}]},{"@type":"WebSite","@id":"https:\/\/vinilozona.lt\/#website","url":"https:\/\/vinilozona.lt\/","name":"Vinilo Zona","description":"Nup\u016bsk dulkes ir klausyk LP","potentialAction":[{"@type":"SearchAction","target":{"@type":"EntryPoint","urlTemplate":"https:\/\/vinilozona.lt\/?s={search_term_string}"},"query-input":{"@type":"PropertyValueSpecification","valueRequired":true,"valueName":"search_term_string"}}],"inLanguage":"en-GB"}]}},"_links":{"self":[{"href":"https:\/\/vinilozona.lt\/en\/wp-json\/wp\/v2\/product\/29460"}],"collection":[{"href":"https:\/\/vinilozona.lt\/en\/wp-json\/wp\/v2\/product"}],"about":[{"href":"https:\/\/vinilozona.lt\/en\/wp-json\/wp\/v2\/types\/product"}],"wp:featuredmedia":[{"embeddable":true,"href":"https:\/\/vinilozona.lt\/en\/wp-json\/wp\/v2\/media\/29461"}],"wp:attachment":[{"href":"https:\/\/vinilozona.lt\/en\/wp-json\/wp\/v2\/media?parent=29460"}],"wp:term":[{"taxonomy":"product_cat","embeddable":true,"href":"https:\/\/vinilozona.lt\/en\/wp-json\/wp\/v2\/product_cat?post=29460"},{"taxonomy":"product_tag","embeddable":true,"href":"https:\/\/vinilozona.lt\/en\/wp-json\/wp\/v2\/product_tag?post=29460"}],"curies":[{"name":"wp","href":"https:\/\/api.w.org\/{rel}","templated":true}]}}