{"id":29456,"date":"2025-10-27T17:17:06","date_gmt":"2025-10-27T15:17:06","guid":{"rendered":"https:\/\/vinilozona.lt\/?post_type=product&#038;p=29456"},"modified":"2025-12-01T09:02:58","modified_gmt":"2025-12-01T07:02:58","slug":"arina-veto-bank-how-are-you-a-m-e-r-i-k-a","status":"publish","type":"product","link":"https:\/\/vinilozona.lt\/en\/parduotuve\/lietuviska\/arina-veto-bank-how-are-you-a-m-e-r-i-k-a\/","title":{"rendered":"Arina &#038; Veto Bank \u2013 How Are You A.M.E.R.I.K.A."},"content":{"rendered":"<p>A1\t\tOut Of The Rain<br \/>\nLyrics By \u2013 G.Weiss*<br \/>\nMusic By \u2013 H.Peretti &#8211; L.Creatore*<br \/>\n5:09<br \/>\nA2\t\tI&#8217;m Lady In Danger<br \/>\nLyrics By \u2013 V.Sabaliauskas*<br \/>\nMusic By \u2013 Arina, R.Nutautas*<br \/>\n4:49<br \/>\nA3\t\tIt&#8217;s A Long Road To Go<br \/>\nLyrics By \u2013 T.Senuta*<br \/>\nMusic By \u2013 Arina, A.Navadni\u010d\u0117nas*<br \/>\n4:24<br \/>\nA4\t\tTake A Little Peace Of My Heart<br \/>\nMusic By, Lyrics By \u2013 B.Berns*, J.Ragovoy*<br \/>\n4:27<br \/>\nA5\t\tAs Long As I Can See The Light<br \/>\nMusic By, Lyrics By \u2013 J.Fogerty*<br \/>\n4:44<br \/>\nB1\t\tMoonlight Song<br \/>\nLyrics By \u2013 M.Mikutavi\u010dius*<br \/>\nMusic By \u2013 Arina, R.Nutautas*<br \/>\n4:58<br \/>\nB2\t\tMaverick&#8217;s Fate<br \/>\nLyrics By \u2013 M.Mikutavi\u010dius*<br \/>\nMusic By \u2013 Arina, Veto Bank<br \/>\n3:25<br \/>\nB3\t\tMidnight Hour<br \/>\nMusic By, Lyrics By \u2013 W.Pickett*<br \/>\n3:26<br \/>\nB4\t\tGood Bye Me Sweet Boy<br \/>\nLyrics By \u2013 T.Senuta*<br \/>\nMusic By \u2013 Arina, A.Navadni\u010d\u0117nas*, R.Ka\u017eem\u0117kas*<br \/>\n3:22<br \/>\nB5\t\tFalling In Love With You<br \/>\nMusic By, Lyrics By \u2013 T.J.White*<br \/>\n3:34<br \/>\nBonus Track<br \/>\nB6\t\tThe Rain Is Coming Down<br \/>\nLyrics By \u2013 A.Bal\u010di\u016bnait\u0117*<br \/>\nMusic By \u2013 A.Navadni\u010d\u0117nas*<br \/>\n5:00<\/p>","protected":false},"excerpt":{"rendered":"<p>Green Repress \u2013 GRE A001<br \/>\nSeries:<br \/>\nMuzika Am\u017eiams<br \/>\nFormat:<br \/>\nVinyl, LP, Album, Reissue<br \/>\nCountry:<br \/>\nLithuania<br \/>\nReleased:<br \/>\n2025<\/p>","protected":false},"featured_media":29457,"template":"","meta":[],"product_cat":[19,23],"product_tag":[1270],"yoast_head":"<!-- This site is optimized with the Yoast SEO plugin v23.5 - https:\/\/yoast.com\/wordpress\/plugins\/seo\/ -->\n<title>Arina &amp; Veto Bank \u2013 How Are You A.M.E.R.I.K.A. Vinilin\u0117 Plok\u0161tel\u0117 | Vinilozona.lt<\/title>\n<meta name=\"robots\" content=\"index, follow, max-snippet:-1, max-image-preview:large, max-video-preview:-1\" \/>\n<link rel=\"canonical\" href=\"https:\/\/vinilozona.lt\/en\/parduotuve\/lietuviska\/arina-veto-bank-how-are-you-a-m-e-r-i-k-a\/\" \/>\n<meta property=\"og:locale\" content=\"en_GB\" \/>\n<meta property=\"og:type\" content=\"article\" \/>\n<meta property=\"og:title\" content=\"Arina &amp; Veto Bank \u2013 How Are You A.M.E.R.I.K.A. Vinilin\u0117 Plok\u0161tel\u0117 | Vinilozona.lt\" \/>\n<meta property=\"og:description\" content=\"Green Repress \u2013 GRE A001 Series: Muzika Am\u017eiams Format: Vinyl, LP, Album, Reissue Country: Lithuania Released: 2025\" \/>\n<meta property=\"og:url\" content=\"https:\/\/vinilozona.lt\/en\/parduotuve\/lietuviska\/arina-veto-bank-how-are-you-a-m-e-r-i-k-a\/\" \/>\n<meta property=\"og:site_name\" content=\"Vinilo Zona\" \/>\n<meta property=\"article:modified_time\" content=\"2025-12-01T07:02:58+00:00\" \/>\n<meta property=\"og:image\" content=\"https:\/\/vinilozona.lt\/wp-content\/uploads\/2025\/10\/R-3294217-1324373731.jpg\" \/>\n\t<meta property=\"og:image:width\" content=\"550\" \/>\n\t<meta property=\"og:image:height\" content=\"490\" \/>\n\t<meta property=\"og:image:type\" content=\"image\/jpeg\" \/>\n<meta name=\"twitter:card\" content=\"summary_large_image\" \/>\n<meta name=\"twitter:label1\" content=\"Estimated reading time\" \/>\n\t<meta name=\"twitter:data1\" content=\"1 minute\" \/>\n<script type=\"application\/ld+json\" class=\"yoast-schema-graph\">{\"@context\":\"https:\/\/schema.org\",\"@graph\":[{\"@type\":\"WebPage\",\"@id\":\"https:\/\/vinilozona.lt\/parduotuve\/lietuviska\/arina-veto-bank-how-are-you-a-m-e-r-i-k-a\/\",\"url\":\"https:\/\/vinilozona.lt\/parduotuve\/lietuviska\/arina-veto-bank-how-are-you-a-m-e-r-i-k-a\/\",\"name\":\"Arina & Veto Bank \u2013 How Are You A.M.E.R.I.K.A. Vinilin\u0117 Plok\u0161tel\u0117 | Vinilozona.lt\",\"isPartOf\":{\"@id\":\"https:\/\/vinilozona.lt\/#website\"},\"primaryImageOfPage\":{\"@id\":\"https:\/\/vinilozona.lt\/parduotuve\/lietuviska\/arina-veto-bank-how-are-you-a-m-e-r-i-k-a\/#primaryimage\"},\"image\":{\"@id\":\"https:\/\/vinilozona.lt\/parduotuve\/lietuviska\/arina-veto-bank-how-are-you-a-m-e-r-i-k-a\/#primaryimage\"},\"thumbnailUrl\":\"https:\/\/vinilozona.lt\/wp-content\/uploads\/2025\/10\/R-3294217-1324373731.jpg\",\"datePublished\":\"2025-10-27T15:17:06+00:00\",\"dateModified\":\"2025-12-01T07:02:58+00:00\",\"breadcrumb\":{\"@id\":\"https:\/\/vinilozona.lt\/parduotuve\/lietuviska\/arina-veto-bank-how-are-you-a-m-e-r-i-k-a\/#breadcrumb\"},\"inLanguage\":\"en-GB\",\"potentialAction\":[{\"@type\":\"ReadAction\",\"target\":[\"https:\/\/vinilozona.lt\/parduotuve\/lietuviska\/arina-veto-bank-how-are-you-a-m-e-r-i-k-a\/\"]}]},{\"@type\":\"ImageObject\",\"inLanguage\":\"en-GB\",\"@id\":\"https:\/\/vinilozona.lt\/parduotuve\/lietuviska\/arina-veto-bank-how-are-you-a-m-e-r-i-k-a\/#primaryimage\",\"url\":\"https:\/\/vinilozona.lt\/wp-content\/uploads\/2025\/10\/R-3294217-1324373731.jpg\",\"contentUrl\":\"https:\/\/vinilozona.lt\/wp-content\/uploads\/2025\/10\/R-3294217-1324373731.jpg\",\"width\":550,\"height\":490},{\"@type\":\"BreadcrumbList\",\"@id\":\"https:\/\/vinilozona.lt\/parduotuve\/lietuviska\/arina-veto-bank-how-are-you-a-m-e-r-i-k-a\/#breadcrumb\",\"itemListElement\":[{\"@type\":\"ListItem\",\"position\":1,\"name\":\"Home\",\"item\":\"https:\/\/vinilozona.lt\/\"},{\"@type\":\"ListItem\",\"position\":2,\"name\":\"Parduotuv\u0117\",\"item\":\"https:\/\/vinilozona.lt\/parduotuve\/\"},{\"@type\":\"ListItem\",\"position\":3,\"name\":\"Arina &#038; Veto Bank \u2013 How Are You A.M.E.R.I.K.A.\"}]},{\"@type\":\"WebSite\",\"@id\":\"https:\/\/vinilozona.lt\/#website\",\"url\":\"https:\/\/vinilozona.lt\/\",\"name\":\"Vinilo Zona\",\"description\":\"Nup\u016bsk dulkes ir klausyk LP\",\"potentialAction\":[{\"@type\":\"SearchAction\",\"target\":{\"@type\":\"EntryPoint\",\"urlTemplate\":\"https:\/\/vinilozona.lt\/?s={search_term_string}\"},\"query-input\":{\"@type\":\"PropertyValueSpecification\",\"valueRequired\":true,\"valueName\":\"search_term_string\"}}],\"inLanguage\":\"en-GB\"}]}<\/script>\n<!-- \/ Yoast SEO plugin. -->","yoast_head_json":{"title":"Arina & Veto Bank \u2013 How Are You A.M.E.R.I.K.A. Vinilin\u0117 Plok\u0161tel\u0117 | Vinilozona.lt","robots":{"index":"index","follow":"follow","max-snippet":"max-snippet:-1","max-image-preview":"max-image-preview:large","max-video-preview":"max-video-preview:-1"},"canonical":"https:\/\/vinilozona.lt\/en\/parduotuve\/lietuviska\/arina-veto-bank-how-are-you-a-m-e-r-i-k-a\/","og_locale":"en_GB","og_type":"article","og_title":"Arina & Veto Bank \u2013 How Are You A.M.E.R.I.K.A. Vinilin\u0117 Plok\u0161tel\u0117 | Vinilozona.lt","og_description":"Green Repress \u2013 GRE A001 Series: Muzika Am\u017eiams Format: Vinyl, LP, Album, Reissue Country: Lithuania Released: 2025","og_url":"https:\/\/vinilozona.lt\/en\/parduotuve\/lietuviska\/arina-veto-bank-how-are-you-a-m-e-r-i-k-a\/","og_site_name":"Vinilo Zona","article_modified_time":"2025-12-01T07:02:58+00:00","og_image":[{"width":550,"height":490,"url":"https:\/\/vinilozona.lt\/wp-content\/uploads\/2025\/10\/R-3294217-1324373731.jpg","type":"image\/jpeg"}],"twitter_card":"summary_large_image","twitter_misc":{"Estimated reading time":"1 minute"},"schema":{"@context":"https:\/\/schema.org","@graph":[{"@type":"WebPage","@id":"https:\/\/vinilozona.lt\/parduotuve\/lietuviska\/arina-veto-bank-how-are-you-a-m-e-r-i-k-a\/","url":"https:\/\/vinilozona.lt\/parduotuve\/lietuviska\/arina-veto-bank-how-are-you-a-m-e-r-i-k-a\/","name":"Arina & Veto Bank \u2013 How Are You A.M.E.R.I.K.A. Vinilin\u0117 Plok\u0161tel\u0117 | Vinilozona.lt","isPartOf":{"@id":"https:\/\/vinilozona.lt\/#website"},"primaryImageOfPage":{"@id":"https:\/\/vinilozona.lt\/parduotuve\/lietuviska\/arina-veto-bank-how-are-you-a-m-e-r-i-k-a\/#primaryimage"},"image":{"@id":"https:\/\/vinilozona.lt\/parduotuve\/lietuviska\/arina-veto-bank-how-are-you-a-m-e-r-i-k-a\/#primaryimage"},"thumbnailUrl":"https:\/\/vinilozona.lt\/wp-content\/uploads\/2025\/10\/R-3294217-1324373731.jpg","datePublished":"2025-10-27T15:17:06+00:00","dateModified":"2025-12-01T07:02:58+00:00","breadcrumb":{"@id":"https:\/\/vinilozona.lt\/parduotuve\/lietuviska\/arina-veto-bank-how-are-you-a-m-e-r-i-k-a\/#breadcrumb"},"inLanguage":"en-GB","potentialAction":[{"@type":"ReadAction","target":["https:\/\/vinilozona.lt\/parduotuve\/lietuviska\/arina-veto-bank-how-are-you-a-m-e-r-i-k-a\/"]}]},{"@type":"ImageObject","inLanguage":"en-GB","@id":"https:\/\/vinilozona.lt\/parduotuve\/lietuviska\/arina-veto-bank-how-are-you-a-m-e-r-i-k-a\/#primaryimage","url":"https:\/\/vinilozona.lt\/wp-content\/uploads\/2025\/10\/R-3294217-1324373731.jpg","contentUrl":"https:\/\/vinilozona.lt\/wp-content\/uploads\/2025\/10\/R-3294217-1324373731.jpg","width":550,"height":490},{"@type":"BreadcrumbList","@id":"https:\/\/vinilozona.lt\/parduotuve\/lietuviska\/arina-veto-bank-how-are-you-a-m-e-r-i-k-a\/#breadcrumb","itemListElement":[{"@type":"ListItem","position":1,"name":"Home","item":"https:\/\/vinilozona.lt\/"},{"@type":"ListItem","position":2,"name":"Parduotuv\u0117","item":"https:\/\/vinilozona.lt\/parduotuve\/"},{"@type":"ListItem","position":3,"name":"Arina &#038; Veto Bank \u2013 How Are You A.M.E.R.I.K.A."}]},{"@type":"WebSite","@id":"https:\/\/vinilozona.lt\/#website","url":"https:\/\/vinilozona.lt\/","name":"Vinilo Zona","description":"Nup\u016bsk dulkes ir klausyk LP","potentialAction":[{"@type":"SearchAction","target":{"@type":"EntryPoint","urlTemplate":"https:\/\/vinilozona.lt\/?s={search_term_string}"},"query-input":{"@type":"PropertyValueSpecification","valueRequired":true,"valueName":"search_term_string"}}],"inLanguage":"en-GB"}]}},"_links":{"self":[{"href":"https:\/\/vinilozona.lt\/en\/wp-json\/wp\/v2\/product\/29456"}],"collection":[{"href":"https:\/\/vinilozona.lt\/en\/wp-json\/wp\/v2\/product"}],"about":[{"href":"https:\/\/vinilozona.lt\/en\/wp-json\/wp\/v2\/types\/product"}],"wp:featuredmedia":[{"embeddable":true,"href":"https:\/\/vinilozona.lt\/en\/wp-json\/wp\/v2\/media\/29457"}],"wp:attachment":[{"href":"https:\/\/vinilozona.lt\/en\/wp-json\/wp\/v2\/media?parent=29456"}],"wp:term":[{"taxonomy":"product_cat","embeddable":true,"href":"https:\/\/vinilozona.lt\/en\/wp-json\/wp\/v2\/product_cat?post=29456"},{"taxonomy":"product_tag","embeddable":true,"href":"https:\/\/vinilozona.lt\/en\/wp-json\/wp\/v2\/product_tag?post=29456"}],"curies":[{"name":"wp","href":"https:\/\/api.w.org\/{rel}","templated":true}]}}