{"id":29449,"date":"2025-10-27T08:30:35","date_gmt":"2025-10-27T06:30:35","guid":{"rendered":"https:\/\/vinilozona.lt\/?post_type=product&#038;p=29449"},"modified":"2026-01-27T11:39:02","modified_gmt":"2026-01-27T09:39:02","slug":"nerius-peciura-varveklis-atsuktuvas-wc-uz-tevyne","status":"publish","type":"product","link":"https:\/\/vinilozona.lt\/en\/parduotuve\/lietuviska\/nerius-peciura-varveklis-atsuktuvas-wc-uz-tevyne\/","title":{"rendered":"N\u0117rius Pe\u010di\u016bra \u2013 Varveklis \/ Atsuktuvas \/ WC \/ U\u017e T\u0117vyn\u0119"},"content":{"rendered":"<p>A1\t\tA\u0161 Nuplikau Nuo Peroksido (WC)<br \/>\nLyrics By \u2013 Varveklis<br \/>\nMusic By, Lyrics By \u2013 Atsuktuvas<br \/>\n1:43<br \/>\nA2\t\tMano Gyvenimas V\u0117l Juodas (WC)<br \/>\nMusic By, Lyrics By \u2013 Atsuktuvas<br \/>\n1:28<br \/>\nA3\t\tAlus, Anarchija Ir Knied\u0117s (WC)<br \/>\nMusic By, Lyrics By \u2013 Atsuktuvas<br \/>\n2:09<br \/>\nA4\t\tPilnas Miestas Narkoman\u0173 (WC)<br \/>\nLyrics By \u2013 Varveklis<br \/>\nMusic By, Lyrics By \u2013 Atsuktuvas<br \/>\n1:34<br \/>\nA5\t\tDaug Raket\u0173 (WC)<br \/>\nMusic By, Lyrics By \u2013 Atsuktuvas<br \/>\n0:48<br \/>\nA6\t\t\u017dudikas (Varveklis \/ Genocidas Raudonajam Interventui)<br \/>\nMusic By, Lyrics By \u2013 Varveklis<br \/>\n1:49<br \/>\nA7\t\tAustralijos Laukiniai \u017dinojo Pitagor\u0105 (Varveklis)<br \/>\nMusic By, Lyrics By \u2013 Atsuktuvas<br \/>\n1:39<br \/>\nB1\t\t\u0116jau R\u016bkydama (U\u017e T\u0117vyn\u0119)<br \/>\nLyrics By \u2013 Ne\u017einomas Autorius*<br \/>\nMusic By \u2013 Atsuktuvas<br \/>\n3:25<br \/>\nB2\t\tLietuva \u2013 Tai J\u0117ga (U\u017e T\u0117vyn\u0119)<br \/>\nMusic By, Lyrics By \u2013 Atsuktuvas<br \/>\n1:57<br \/>\nB3\t\t\u0160iandien Glasnost (U\u017e T\u0117vyn\u0119)<br \/>\nMusic By, Lyrics By \u2013 Atsuktuvas<br \/>\n2:31<br \/>\nB4\t\tSkurdas, Badas, Kvailyst\u0117 (U\u017e T\u0117vyn\u0119)<br \/>\nMusic By, Lyrics By \u2013 Atsuktuvas<br \/>\n2:07<br \/>\nB5\t\tSpj\u016bvis I kair\u0119, Spj\u016bvis I De\u0161in\u0119 (U\u017e T\u0117vyn\u0119)<br \/>\nMusic By, Lyrics By \u2013 Atsuktuvas<br \/>\n1:45<br \/>\nB6\t\tMums Reikia Naujo Vado (U\u017e T\u0117vyn\u0119)<br \/>\nMusic By, Lyrics By \u2013 Atsuktuvas<br \/>\n0:58<\/p>","protected":false},"excerpt":{"rendered":"<p>Green Repress \u2013 GRE M003<br \/>\nSeries:<br \/>\nMuzika Mas\u0117ms<br \/>\nFormat:<br \/>\nVinyl, LP, Compilation<br \/>\nCountry:<br \/>\nLithuania<br \/>\nReleased:<br \/>\n2025<\/p>","protected":false},"featured_media":29450,"template":"","meta":[],"product_cat":[19,23],"product_tag":[1270],"yoast_head":"<!-- This site is optimized with the Yoast SEO plugin v23.5 - https:\/\/yoast.com\/wordpress\/plugins\/seo\/ -->\n<title>N\u0117rius Pe\u010di\u016bra \u2013 Varveklis \/ Atsuktuvas \/ WC \/ U\u017e T\u0117vyn\u0119 Vinilin\u0117 Plok\u0161tel\u0117 | Vinilozona.lt<\/title>\n<meta name=\"robots\" content=\"index, follow, max-snippet:-1, max-image-preview:large, max-video-preview:-1\" \/>\n<link rel=\"canonical\" href=\"https:\/\/vinilozona.lt\/en\/parduotuve\/lietuviska\/nerius-peciura-varveklis-atsuktuvas-wc-uz-tevyne\/\" \/>\n<meta property=\"og:locale\" content=\"en_GB\" \/>\n<meta property=\"og:type\" content=\"article\" \/>\n<meta property=\"og:title\" content=\"N\u0117rius Pe\u010di\u016bra \u2013 Varveklis \/ Atsuktuvas \/ WC \/ U\u017e T\u0117vyn\u0119 Vinilin\u0117 Plok\u0161tel\u0117 | Vinilozona.lt\" \/>\n<meta property=\"og:description\" content=\"Green Repress \u2013 GRE M003 Series: Muzika Mas\u0117ms Format: Vinyl, LP, Compilation Country: Lithuania Released: 2025\" \/>\n<meta property=\"og:url\" content=\"https:\/\/vinilozona.lt\/en\/parduotuve\/lietuviska\/nerius-peciura-varveklis-atsuktuvas-wc-uz-tevyne\/\" \/>\n<meta property=\"og:site_name\" content=\"Vinilo Zona\" \/>\n<meta property=\"article:modified_time\" content=\"2026-01-27T09:39:02+00:00\" \/>\n<meta property=\"og:image\" content=\"https:\/\/vinilozona.lt\/wp-content\/uploads\/2025\/10\/R-33637746-1744125775-5460.jpg\" \/>\n\t<meta property=\"og:image:width\" content=\"598\" \/>\n\t<meta property=\"og:image:height\" content=\"599\" \/>\n\t<meta property=\"og:image:type\" content=\"image\/jpeg\" \/>\n<meta name=\"twitter:card\" content=\"summary_large_image\" \/>\n<meta name=\"twitter:label1\" content=\"Estimated reading time\" \/>\n\t<meta name=\"twitter:data1\" content=\"1 minute\" \/>\n<script type=\"application\/ld+json\" class=\"yoast-schema-graph\">{\"@context\":\"https:\/\/schema.org\",\"@graph\":[{\"@type\":\"WebPage\",\"@id\":\"https:\/\/vinilozona.lt\/parduotuve\/lietuviska\/nerius-peciura-varveklis-atsuktuvas-wc-uz-tevyne\/\",\"url\":\"https:\/\/vinilozona.lt\/parduotuve\/lietuviska\/nerius-peciura-varveklis-atsuktuvas-wc-uz-tevyne\/\",\"name\":\"N\u0117rius Pe\u010di\u016bra \u2013 Varveklis \/ Atsuktuvas \/ WC \/ U\u017e T\u0117vyn\u0119 Vinilin\u0117 Plok\u0161tel\u0117 | Vinilozona.lt\",\"isPartOf\":{\"@id\":\"https:\/\/vinilozona.lt\/#website\"},\"primaryImageOfPage\":{\"@id\":\"https:\/\/vinilozona.lt\/parduotuve\/lietuviska\/nerius-peciura-varveklis-atsuktuvas-wc-uz-tevyne\/#primaryimage\"},\"image\":{\"@id\":\"https:\/\/vinilozona.lt\/parduotuve\/lietuviska\/nerius-peciura-varveklis-atsuktuvas-wc-uz-tevyne\/#primaryimage\"},\"thumbnailUrl\":\"https:\/\/vinilozona.lt\/wp-content\/uploads\/2025\/10\/R-33637746-1744125775-5460.jpg\",\"datePublished\":\"2025-10-27T06:30:35+00:00\",\"dateModified\":\"2026-01-27T09:39:02+00:00\",\"breadcrumb\":{\"@id\":\"https:\/\/vinilozona.lt\/parduotuve\/lietuviska\/nerius-peciura-varveklis-atsuktuvas-wc-uz-tevyne\/#breadcrumb\"},\"inLanguage\":\"en-GB\",\"potentialAction\":[{\"@type\":\"ReadAction\",\"target\":[\"https:\/\/vinilozona.lt\/parduotuve\/lietuviska\/nerius-peciura-varveklis-atsuktuvas-wc-uz-tevyne\/\"]}]},{\"@type\":\"ImageObject\",\"inLanguage\":\"en-GB\",\"@id\":\"https:\/\/vinilozona.lt\/parduotuve\/lietuviska\/nerius-peciura-varveklis-atsuktuvas-wc-uz-tevyne\/#primaryimage\",\"url\":\"https:\/\/vinilozona.lt\/wp-content\/uploads\/2025\/10\/R-33637746-1744125775-5460.jpg\",\"contentUrl\":\"https:\/\/vinilozona.lt\/wp-content\/uploads\/2025\/10\/R-33637746-1744125775-5460.jpg\",\"width\":598,\"height\":599},{\"@type\":\"BreadcrumbList\",\"@id\":\"https:\/\/vinilozona.lt\/parduotuve\/lietuviska\/nerius-peciura-varveklis-atsuktuvas-wc-uz-tevyne\/#breadcrumb\",\"itemListElement\":[{\"@type\":\"ListItem\",\"position\":1,\"name\":\"Home\",\"item\":\"https:\/\/vinilozona.lt\/\"},{\"@type\":\"ListItem\",\"position\":2,\"name\":\"Parduotuv\u0117\",\"item\":\"https:\/\/vinilozona.lt\/parduotuve\/\"},{\"@type\":\"ListItem\",\"position\":3,\"name\":\"N\u0117rius Pe\u010di\u016bra \u2013 Varveklis \/ Atsuktuvas \/ WC \/ U\u017e T\u0117vyn\u0119\"}]},{\"@type\":\"WebSite\",\"@id\":\"https:\/\/vinilozona.lt\/#website\",\"url\":\"https:\/\/vinilozona.lt\/\",\"name\":\"Vinilo Zona\",\"description\":\"Nup\u016bsk dulkes ir klausyk LP\",\"potentialAction\":[{\"@type\":\"SearchAction\",\"target\":{\"@type\":\"EntryPoint\",\"urlTemplate\":\"https:\/\/vinilozona.lt\/?s={search_term_string}\"},\"query-input\":{\"@type\":\"PropertyValueSpecification\",\"valueRequired\":true,\"valueName\":\"search_term_string\"}}],\"inLanguage\":\"en-GB\"}]}<\/script>\n<!-- \/ Yoast SEO plugin. -->","yoast_head_json":{"title":"N\u0117rius Pe\u010di\u016bra \u2013 Varveklis \/ Atsuktuvas \/ WC \/ U\u017e T\u0117vyn\u0119 Vinilin\u0117 Plok\u0161tel\u0117 | Vinilozona.lt","robots":{"index":"index","follow":"follow","max-snippet":"max-snippet:-1","max-image-preview":"max-image-preview:large","max-video-preview":"max-video-preview:-1"},"canonical":"https:\/\/vinilozona.lt\/en\/parduotuve\/lietuviska\/nerius-peciura-varveklis-atsuktuvas-wc-uz-tevyne\/","og_locale":"en_GB","og_type":"article","og_title":"N\u0117rius Pe\u010di\u016bra \u2013 Varveklis \/ Atsuktuvas \/ WC \/ U\u017e T\u0117vyn\u0119 Vinilin\u0117 Plok\u0161tel\u0117 | Vinilozona.lt","og_description":"Green Repress \u2013 GRE M003 Series: Muzika Mas\u0117ms Format: Vinyl, LP, Compilation Country: Lithuania Released: 2025","og_url":"https:\/\/vinilozona.lt\/en\/parduotuve\/lietuviska\/nerius-peciura-varveklis-atsuktuvas-wc-uz-tevyne\/","og_site_name":"Vinilo Zona","article_modified_time":"2026-01-27T09:39:02+00:00","og_image":[{"width":598,"height":599,"url":"https:\/\/vinilozona.lt\/wp-content\/uploads\/2025\/10\/R-33637746-1744125775-5460.jpg","type":"image\/jpeg"}],"twitter_card":"summary_large_image","twitter_misc":{"Estimated reading time":"1 minute"},"schema":{"@context":"https:\/\/schema.org","@graph":[{"@type":"WebPage","@id":"https:\/\/vinilozona.lt\/parduotuve\/lietuviska\/nerius-peciura-varveklis-atsuktuvas-wc-uz-tevyne\/","url":"https:\/\/vinilozona.lt\/parduotuve\/lietuviska\/nerius-peciura-varveklis-atsuktuvas-wc-uz-tevyne\/","name":"N\u0117rius Pe\u010di\u016bra \u2013 Varveklis \/ Atsuktuvas \/ WC \/ U\u017e T\u0117vyn\u0119 Vinilin\u0117 Plok\u0161tel\u0117 | Vinilozona.lt","isPartOf":{"@id":"https:\/\/vinilozona.lt\/#website"},"primaryImageOfPage":{"@id":"https:\/\/vinilozona.lt\/parduotuve\/lietuviska\/nerius-peciura-varveklis-atsuktuvas-wc-uz-tevyne\/#primaryimage"},"image":{"@id":"https:\/\/vinilozona.lt\/parduotuve\/lietuviska\/nerius-peciura-varveklis-atsuktuvas-wc-uz-tevyne\/#primaryimage"},"thumbnailUrl":"https:\/\/vinilozona.lt\/wp-content\/uploads\/2025\/10\/R-33637746-1744125775-5460.jpg","datePublished":"2025-10-27T06:30:35+00:00","dateModified":"2026-01-27T09:39:02+00:00","breadcrumb":{"@id":"https:\/\/vinilozona.lt\/parduotuve\/lietuviska\/nerius-peciura-varveklis-atsuktuvas-wc-uz-tevyne\/#breadcrumb"},"inLanguage":"en-GB","potentialAction":[{"@type":"ReadAction","target":["https:\/\/vinilozona.lt\/parduotuve\/lietuviska\/nerius-peciura-varveklis-atsuktuvas-wc-uz-tevyne\/"]}]},{"@type":"ImageObject","inLanguage":"en-GB","@id":"https:\/\/vinilozona.lt\/parduotuve\/lietuviska\/nerius-peciura-varveklis-atsuktuvas-wc-uz-tevyne\/#primaryimage","url":"https:\/\/vinilozona.lt\/wp-content\/uploads\/2025\/10\/R-33637746-1744125775-5460.jpg","contentUrl":"https:\/\/vinilozona.lt\/wp-content\/uploads\/2025\/10\/R-33637746-1744125775-5460.jpg","width":598,"height":599},{"@type":"BreadcrumbList","@id":"https:\/\/vinilozona.lt\/parduotuve\/lietuviska\/nerius-peciura-varveklis-atsuktuvas-wc-uz-tevyne\/#breadcrumb","itemListElement":[{"@type":"ListItem","position":1,"name":"Home","item":"https:\/\/vinilozona.lt\/"},{"@type":"ListItem","position":2,"name":"Parduotuv\u0117","item":"https:\/\/vinilozona.lt\/parduotuve\/"},{"@type":"ListItem","position":3,"name":"N\u0117rius Pe\u010di\u016bra \u2013 Varveklis \/ Atsuktuvas \/ WC \/ U\u017e T\u0117vyn\u0119"}]},{"@type":"WebSite","@id":"https:\/\/vinilozona.lt\/#website","url":"https:\/\/vinilozona.lt\/","name":"Vinilo Zona","description":"Nup\u016bsk dulkes ir klausyk LP","potentialAction":[{"@type":"SearchAction","target":{"@type":"EntryPoint","urlTemplate":"https:\/\/vinilozona.lt\/?s={search_term_string}"},"query-input":{"@type":"PropertyValueSpecification","valueRequired":true,"valueName":"search_term_string"}}],"inLanguage":"en-GB"}]}},"_links":{"self":[{"href":"https:\/\/vinilozona.lt\/en\/wp-json\/wp\/v2\/product\/29449"}],"collection":[{"href":"https:\/\/vinilozona.lt\/en\/wp-json\/wp\/v2\/product"}],"about":[{"href":"https:\/\/vinilozona.lt\/en\/wp-json\/wp\/v2\/types\/product"}],"wp:featuredmedia":[{"embeddable":true,"href":"https:\/\/vinilozona.lt\/en\/wp-json\/wp\/v2\/media\/29450"}],"wp:attachment":[{"href":"https:\/\/vinilozona.lt\/en\/wp-json\/wp\/v2\/media?parent=29449"}],"wp:term":[{"taxonomy":"product_cat","embeddable":true,"href":"https:\/\/vinilozona.lt\/en\/wp-json\/wp\/v2\/product_cat?post=29449"},{"taxonomy":"product_tag","embeddable":true,"href":"https:\/\/vinilozona.lt\/en\/wp-json\/wp\/v2\/product_tag?post=29449"}],"curies":[{"name":"wp","href":"https:\/\/api.w.org\/{rel}","templated":true}]}}