{"id":29433,"date":"2025-02-27T05:20:20","date_gmt":"2025-02-27T03:20:20","guid":{"rendered":"https:\/\/vinilozona.lt\/?post_type=product&#038;p=29433"},"modified":"2025-10-27T15:23:03","modified_gmt":"2025-10-27T13:23:03","slug":"taika-nabadango","status":"publish","type":"product","link":"https:\/\/vinilozona.lt\/en\/parduotuve\/lietuviska\/taika-nabadango\/","title":{"rendered":"Tai+K\u0105?* \u2013 Nabadango"},"content":{"rendered":"<p>A1\t\tNabadango\t2:11<br \/>\nA2\t\tPar\u0161elis\t2:08<br \/>\nA3\t\tKalyt\u0117\t1:16<br \/>\nA4\t\tArb\u016bzai\t2:11<br \/>\nA5\t\tM\u0117nesienoj\t2:35<br \/>\nA6\t\tM\u016bs\u0173 Kabake Tvarka\t2:30<br \/>\nA7\t\tSalom\u0117ja\t2:52<br \/>\nA8\t\tDaina Apie Gili\u0105 Socialin\u0119 Kriz\u0119 Lietuvos Kaime\t3:15<br \/>\nB1\t\tTrakai\t2:33<br \/>\nB2\t\tGintaro Butrimo Kelion\u0117 Su Balionais\t2:45<br \/>\nB3\t\t\u0160uo Ir Arbata\t1:47<br \/>\nB4\t\tHansas\t2:52<br \/>\nB5\t\tNabadango (Cze\u015b\u0107 Mix)\t2:11<br \/>\nB6\t\tGodzila\t3:03<br \/>\nB7\t\tKing Kongas\t2:04<\/p>","protected":false},"excerpt":{"rendered":"<p>Green Repress \u2013 GRE S002<br \/>\nSeries:<br \/>\nMuzika Sielai<br \/>\nFormat:<br \/>\nVinyl, LP, Album, Record Store Day, Limited Edition, Numbered, Reissue, Grey Transparent W\/ Splatters<br \/>\nCountry:<br \/>\nLithuania<br \/>\nReleased:<br \/>\n2025<\/p>","protected":false},"featured_media":29434,"template":"","meta":[],"product_cat":[19,23],"product_tag":[1270],"yoast_head":"<!-- This site is optimized with the Yoast SEO plugin v23.5 - https:\/\/yoast.com\/wordpress\/plugins\/seo\/ -->\n<title>Tai+K\u0105?* \u2013 Nabadango Vinilin\u0117 Plok\u0161tel\u0117 | Vinilozona.lt<\/title>\n<meta name=\"robots\" content=\"index, follow, max-snippet:-1, max-image-preview:large, max-video-preview:-1\" \/>\n<link rel=\"canonical\" href=\"https:\/\/vinilozona.lt\/en\/parduotuve\/lietuviska\/taika-nabadango\/\" \/>\n<meta property=\"og:locale\" content=\"en_GB\" \/>\n<meta property=\"og:type\" content=\"article\" \/>\n<meta property=\"og:title\" content=\"Tai+K\u0105?* \u2013 Nabadango Vinilin\u0117 Plok\u0161tel\u0117 | Vinilozona.lt\" \/>\n<meta property=\"og:description\" content=\"Green Repress \u2013 GRE S002 Series: Muzika Sielai Format: Vinyl, LP, Album, Record Store Day, Limited Edition, Numbered, Reissue, Grey Transparent W\/ Splatters Country: Lithuania Released: 2025\" \/>\n<meta property=\"og:url\" content=\"https:\/\/vinilozona.lt\/en\/parduotuve\/lietuviska\/taika-nabadango\/\" \/>\n<meta property=\"og:site_name\" content=\"Vinilo Zona\" \/>\n<meta property=\"article:modified_time\" content=\"2025-10-27T13:23:03+00:00\" \/>\n<meta property=\"og:image\" content=\"https:\/\/vinilozona.lt\/wp-content\/uploads\/2025\/10\/R-33890307-1746440743-7842.jpg\" \/>\n\t<meta property=\"og:image:width\" content=\"599\" \/>\n\t<meta property=\"og:image:height\" content=\"597\" \/>\n\t<meta property=\"og:image:type\" content=\"image\/jpeg\" \/>\n<meta name=\"twitter:card\" content=\"summary_large_image\" \/>\n<meta name=\"twitter:label1\" content=\"Estimated reading time\" \/>\n\t<meta name=\"twitter:data1\" content=\"1 minute\" \/>\n<script type=\"application\/ld+json\" class=\"yoast-schema-graph\">{\"@context\":\"https:\/\/schema.org\",\"@graph\":[{\"@type\":\"WebPage\",\"@id\":\"https:\/\/vinilozona.lt\/parduotuve\/lietuviska\/taika-nabadango\/\",\"url\":\"https:\/\/vinilozona.lt\/parduotuve\/lietuviska\/taika-nabadango\/\",\"name\":\"Tai+K\u0105?* \u2013 Nabadango Vinilin\u0117 Plok\u0161tel\u0117 | Vinilozona.lt\",\"isPartOf\":{\"@id\":\"https:\/\/vinilozona.lt\/#website\"},\"primaryImageOfPage\":{\"@id\":\"https:\/\/vinilozona.lt\/parduotuve\/lietuviska\/taika-nabadango\/#primaryimage\"},\"image\":{\"@id\":\"https:\/\/vinilozona.lt\/parduotuve\/lietuviska\/taika-nabadango\/#primaryimage\"},\"thumbnailUrl\":\"https:\/\/vinilozona.lt\/wp-content\/uploads\/2025\/10\/R-33890307-1746440743-7842.jpg\",\"datePublished\":\"2025-02-27T03:20:20+00:00\",\"dateModified\":\"2025-10-27T13:23:03+00:00\",\"breadcrumb\":{\"@id\":\"https:\/\/vinilozona.lt\/parduotuve\/lietuviska\/taika-nabadango\/#breadcrumb\"},\"inLanguage\":\"en-GB\",\"potentialAction\":[{\"@type\":\"ReadAction\",\"target\":[\"https:\/\/vinilozona.lt\/parduotuve\/lietuviska\/taika-nabadango\/\"]}]},{\"@type\":\"ImageObject\",\"inLanguage\":\"en-GB\",\"@id\":\"https:\/\/vinilozona.lt\/parduotuve\/lietuviska\/taika-nabadango\/#primaryimage\",\"url\":\"https:\/\/vinilozona.lt\/wp-content\/uploads\/2025\/10\/R-33890307-1746440743-7842.jpg\",\"contentUrl\":\"https:\/\/vinilozona.lt\/wp-content\/uploads\/2025\/10\/R-33890307-1746440743-7842.jpg\",\"width\":599,\"height\":597},{\"@type\":\"BreadcrumbList\",\"@id\":\"https:\/\/vinilozona.lt\/parduotuve\/lietuviska\/taika-nabadango\/#breadcrumb\",\"itemListElement\":[{\"@type\":\"ListItem\",\"position\":1,\"name\":\"Home\",\"item\":\"https:\/\/vinilozona.lt\/\"},{\"@type\":\"ListItem\",\"position\":2,\"name\":\"Parduotuv\u0117\",\"item\":\"https:\/\/vinilozona.lt\/parduotuve\/\"},{\"@type\":\"ListItem\",\"position\":3,\"name\":\"Tai+K\u0105?* \u2013 Nabadango\"}]},{\"@type\":\"WebSite\",\"@id\":\"https:\/\/vinilozona.lt\/#website\",\"url\":\"https:\/\/vinilozona.lt\/\",\"name\":\"Vinilo Zona\",\"description\":\"Nup\u016bsk dulkes ir klausyk LP\",\"potentialAction\":[{\"@type\":\"SearchAction\",\"target\":{\"@type\":\"EntryPoint\",\"urlTemplate\":\"https:\/\/vinilozona.lt\/?s={search_term_string}\"},\"query-input\":{\"@type\":\"PropertyValueSpecification\",\"valueRequired\":true,\"valueName\":\"search_term_string\"}}],\"inLanguage\":\"en-GB\"}]}<\/script>\n<!-- \/ Yoast SEO plugin. -->","yoast_head_json":{"title":"Tai+K\u0105?* \u2013 Nabadango Vinilin\u0117 Plok\u0161tel\u0117 | Vinilozona.lt","robots":{"index":"index","follow":"follow","max-snippet":"max-snippet:-1","max-image-preview":"max-image-preview:large","max-video-preview":"max-video-preview:-1"},"canonical":"https:\/\/vinilozona.lt\/en\/parduotuve\/lietuviska\/taika-nabadango\/","og_locale":"en_GB","og_type":"article","og_title":"Tai+K\u0105?* \u2013 Nabadango Vinilin\u0117 Plok\u0161tel\u0117 | Vinilozona.lt","og_description":"Green Repress \u2013 GRE S002 Series: Muzika Sielai Format: Vinyl, LP, Album, Record Store Day, Limited Edition, Numbered, Reissue, Grey Transparent W\/ Splatters Country: Lithuania Released: 2025","og_url":"https:\/\/vinilozona.lt\/en\/parduotuve\/lietuviska\/taika-nabadango\/","og_site_name":"Vinilo Zona","article_modified_time":"2025-10-27T13:23:03+00:00","og_image":[{"width":599,"height":597,"url":"https:\/\/vinilozona.lt\/wp-content\/uploads\/2025\/10\/R-33890307-1746440743-7842.jpg","type":"image\/jpeg"}],"twitter_card":"summary_large_image","twitter_misc":{"Estimated reading time":"1 minute"},"schema":{"@context":"https:\/\/schema.org","@graph":[{"@type":"WebPage","@id":"https:\/\/vinilozona.lt\/parduotuve\/lietuviska\/taika-nabadango\/","url":"https:\/\/vinilozona.lt\/parduotuve\/lietuviska\/taika-nabadango\/","name":"Tai+K\u0105?* \u2013 Nabadango Vinilin\u0117 Plok\u0161tel\u0117 | Vinilozona.lt","isPartOf":{"@id":"https:\/\/vinilozona.lt\/#website"},"primaryImageOfPage":{"@id":"https:\/\/vinilozona.lt\/parduotuve\/lietuviska\/taika-nabadango\/#primaryimage"},"image":{"@id":"https:\/\/vinilozona.lt\/parduotuve\/lietuviska\/taika-nabadango\/#primaryimage"},"thumbnailUrl":"https:\/\/vinilozona.lt\/wp-content\/uploads\/2025\/10\/R-33890307-1746440743-7842.jpg","datePublished":"2025-02-27T03:20:20+00:00","dateModified":"2025-10-27T13:23:03+00:00","breadcrumb":{"@id":"https:\/\/vinilozona.lt\/parduotuve\/lietuviska\/taika-nabadango\/#breadcrumb"},"inLanguage":"en-GB","potentialAction":[{"@type":"ReadAction","target":["https:\/\/vinilozona.lt\/parduotuve\/lietuviska\/taika-nabadango\/"]}]},{"@type":"ImageObject","inLanguage":"en-GB","@id":"https:\/\/vinilozona.lt\/parduotuve\/lietuviska\/taika-nabadango\/#primaryimage","url":"https:\/\/vinilozona.lt\/wp-content\/uploads\/2025\/10\/R-33890307-1746440743-7842.jpg","contentUrl":"https:\/\/vinilozona.lt\/wp-content\/uploads\/2025\/10\/R-33890307-1746440743-7842.jpg","width":599,"height":597},{"@type":"BreadcrumbList","@id":"https:\/\/vinilozona.lt\/parduotuve\/lietuviska\/taika-nabadango\/#breadcrumb","itemListElement":[{"@type":"ListItem","position":1,"name":"Home","item":"https:\/\/vinilozona.lt\/"},{"@type":"ListItem","position":2,"name":"Parduotuv\u0117","item":"https:\/\/vinilozona.lt\/parduotuve\/"},{"@type":"ListItem","position":3,"name":"Tai+K\u0105?* \u2013 Nabadango"}]},{"@type":"WebSite","@id":"https:\/\/vinilozona.lt\/#website","url":"https:\/\/vinilozona.lt\/","name":"Vinilo Zona","description":"Nup\u016bsk dulkes ir klausyk LP","potentialAction":[{"@type":"SearchAction","target":{"@type":"EntryPoint","urlTemplate":"https:\/\/vinilozona.lt\/?s={search_term_string}"},"query-input":{"@type":"PropertyValueSpecification","valueRequired":true,"valueName":"search_term_string"}}],"inLanguage":"en-GB"}]}},"_links":{"self":[{"href":"https:\/\/vinilozona.lt\/en\/wp-json\/wp\/v2\/product\/29433"}],"collection":[{"href":"https:\/\/vinilozona.lt\/en\/wp-json\/wp\/v2\/product"}],"about":[{"href":"https:\/\/vinilozona.lt\/en\/wp-json\/wp\/v2\/types\/product"}],"wp:featuredmedia":[{"embeddable":true,"href":"https:\/\/vinilozona.lt\/en\/wp-json\/wp\/v2\/media\/29434"}],"wp:attachment":[{"href":"https:\/\/vinilozona.lt\/en\/wp-json\/wp\/v2\/media?parent=29433"}],"wp:term":[{"taxonomy":"product_cat","embeddable":true,"href":"https:\/\/vinilozona.lt\/en\/wp-json\/wp\/v2\/product_cat?post=29433"},{"taxonomy":"product_tag","embeddable":true,"href":"https:\/\/vinilozona.lt\/en\/wp-json\/wp\/v2\/product_tag?post=29433"}],"curies":[{"name":"wp","href":"https:\/\/api.w.org\/{rel}","templated":true}]}}