{"id":29421,"date":"2025-01-05T05:00:14","date_gmt":"2025-01-05T03:00:14","guid":{"rendered":"https:\/\/vinilozona.lt\/?post_type=product&#038;p=29421"},"modified":"2025-10-27T08:46:54","modified_gmt":"2025-10-27T06:46:54","slug":"justinas-marcinkevicius-voro-vestuves","status":"publish","type":"product","link":"https:\/\/vinilozona.lt\/en\/parduotuve\/lietuviska\/justinas-marcinkevicius-voro-vestuves\/","title":{"rendered":"Justinas Marcinkevi\u010dius \u2013 Voro Vestuv\u0117s"},"content":{"rendered":"<p>A\t\tVoro Vestuv\u0117s<br \/>\nRead By \u2013 Valentinas Masalskis<br \/>\nMuzikin\u0117 Ki\u0161en\u0117<br \/>\nB1\t\tKelkis, Vore-Vabal\u0173 Bajore! (Vabal\u0173 Hardrokas)<br \/>\nB2\t\tSaule, Neik U\u017e Voro (Pauk\u0161\u010diuk\u0173 Arija)<br \/>\nB3\t\tTai Bus Balius! (Vabal\u0173 Polka)<br \/>\nB4\t\tTrauk Saul\u0119 I\u0161 Dangaus! (Vabal\u0173 Pankrokas)<br \/>\nB5\t\tVorlig\u0117 (Balad\u0117)<br \/>\nB6\t\tK\u0105 Tu, Vore, Sumanei? (Pauk\u0161\u010diuk\u0173 Basanova)<br \/>\nB7\t\tVoras Buvo Atkaklus (Repas)<br \/>\nB8\t\tSaulut\u0117 \u0160vie\u010dia Visiems! (Pabaigos Dainel\u0117)<\/p>","protected":false},"excerpt":{"rendered":"<p>Klaip\u0117dos Jaunimo Teatras \u2013 KJT 03<br \/>\nFormat: Vinyl, LP, Album<br \/>\nCountry:<br \/>\nLithuania<br \/>\nReleased:<br \/>\n2024<br \/>\nGenre:<br \/>\nChildren&#8217;s, Stage &#038; Screen<br \/>\nStyle:<br \/>\nSoundtrack<\/p>","protected":false},"featured_media":29422,"template":"","meta":[],"product_cat":[19,23],"product_tag":[1270],"yoast_head":"<!-- This site is optimized with the Yoast SEO plugin v23.5 - https:\/\/yoast.com\/wordpress\/plugins\/seo\/ -->\n<title>Justinas Marcinkevi\u010dius \u2013 Voro Vestuv\u0117s Vinilin\u0117 Plok\u0161tel\u0117 | Vinilozona.lt<\/title>\n<meta name=\"robots\" content=\"index, follow, max-snippet:-1, max-image-preview:large, max-video-preview:-1\" \/>\n<link rel=\"canonical\" href=\"https:\/\/vinilozona.lt\/en\/parduotuve\/lietuviska\/justinas-marcinkevicius-voro-vestuves\/\" \/>\n<meta property=\"og:locale\" content=\"en_GB\" \/>\n<meta property=\"og:type\" content=\"article\" \/>\n<meta property=\"og:title\" content=\"Justinas Marcinkevi\u010dius \u2013 Voro Vestuv\u0117s Vinilin\u0117 Plok\u0161tel\u0117 | Vinilozona.lt\" \/>\n<meta property=\"og:description\" content=\"Klaip\u0117dos Jaunimo Teatras \u2013 KJT 03 Format: Vinyl, LP, Album Country: Lithuania Released: 2024 Genre: Children&#039;s, Stage &amp; Screen Style: Soundtrack\" \/>\n<meta property=\"og:url\" content=\"https:\/\/vinilozona.lt\/en\/parduotuve\/lietuviska\/justinas-marcinkevicius-voro-vestuves\/\" \/>\n<meta property=\"og:site_name\" content=\"Vinilo Zona\" \/>\n<meta property=\"article:modified_time\" content=\"2025-10-27T06:46:54+00:00\" \/>\n<meta property=\"og:image\" content=\"https:\/\/vinilozona.lt\/wp-content\/uploads\/2025\/10\/R-32139552-1730220110-4733.jpg\" \/>\n\t<meta property=\"og:image:width\" content=\"595\" \/>\n\t<meta property=\"og:image:height\" content=\"599\" \/>\n\t<meta property=\"og:image:type\" content=\"image\/jpeg\" \/>\n<meta name=\"twitter:card\" content=\"summary_large_image\" \/>\n<meta name=\"twitter:label1\" content=\"Estimated reading time\" \/>\n\t<meta name=\"twitter:data1\" content=\"2 minutes\" \/>\n<script type=\"application\/ld+json\" class=\"yoast-schema-graph\">{\"@context\":\"https:\/\/schema.org\",\"@graph\":[{\"@type\":\"WebPage\",\"@id\":\"https:\/\/vinilozona.lt\/parduotuve\/lietuviska\/justinas-marcinkevicius-voro-vestuves\/\",\"url\":\"https:\/\/vinilozona.lt\/parduotuve\/lietuviska\/justinas-marcinkevicius-voro-vestuves\/\",\"name\":\"Justinas Marcinkevi\u010dius \u2013 Voro Vestuv\u0117s Vinilin\u0117 Plok\u0161tel\u0117 | Vinilozona.lt\",\"isPartOf\":{\"@id\":\"https:\/\/vinilozona.lt\/#website\"},\"primaryImageOfPage\":{\"@id\":\"https:\/\/vinilozona.lt\/parduotuve\/lietuviska\/justinas-marcinkevicius-voro-vestuves\/#primaryimage\"},\"image\":{\"@id\":\"https:\/\/vinilozona.lt\/parduotuve\/lietuviska\/justinas-marcinkevicius-voro-vestuves\/#primaryimage\"},\"thumbnailUrl\":\"https:\/\/vinilozona.lt\/wp-content\/uploads\/2025\/10\/R-32139552-1730220110-4733.jpg\",\"datePublished\":\"2025-01-05T03:00:14+00:00\",\"dateModified\":\"2025-10-27T06:46:54+00:00\",\"breadcrumb\":{\"@id\":\"https:\/\/vinilozona.lt\/parduotuve\/lietuviska\/justinas-marcinkevicius-voro-vestuves\/#breadcrumb\"},\"inLanguage\":\"en-GB\",\"potentialAction\":[{\"@type\":\"ReadAction\",\"target\":[\"https:\/\/vinilozona.lt\/parduotuve\/lietuviska\/justinas-marcinkevicius-voro-vestuves\/\"]}]},{\"@type\":\"ImageObject\",\"inLanguage\":\"en-GB\",\"@id\":\"https:\/\/vinilozona.lt\/parduotuve\/lietuviska\/justinas-marcinkevicius-voro-vestuves\/#primaryimage\",\"url\":\"https:\/\/vinilozona.lt\/wp-content\/uploads\/2025\/10\/R-32139552-1730220110-4733.jpg\",\"contentUrl\":\"https:\/\/vinilozona.lt\/wp-content\/uploads\/2025\/10\/R-32139552-1730220110-4733.jpg\",\"width\":595,\"height\":599},{\"@type\":\"BreadcrumbList\",\"@id\":\"https:\/\/vinilozona.lt\/parduotuve\/lietuviska\/justinas-marcinkevicius-voro-vestuves\/#breadcrumb\",\"itemListElement\":[{\"@type\":\"ListItem\",\"position\":1,\"name\":\"Home\",\"item\":\"https:\/\/vinilozona.lt\/\"},{\"@type\":\"ListItem\",\"position\":2,\"name\":\"Parduotuv\u0117\",\"item\":\"https:\/\/vinilozona.lt\/parduotuve\/\"},{\"@type\":\"ListItem\",\"position\":3,\"name\":\"Justinas Marcinkevi\u010dius \u2013 Voro Vestuv\u0117s\"}]},{\"@type\":\"WebSite\",\"@id\":\"https:\/\/vinilozona.lt\/#website\",\"url\":\"https:\/\/vinilozona.lt\/\",\"name\":\"Vinilo Zona\",\"description\":\"Nup\u016bsk dulkes ir klausyk LP\",\"potentialAction\":[{\"@type\":\"SearchAction\",\"target\":{\"@type\":\"EntryPoint\",\"urlTemplate\":\"https:\/\/vinilozona.lt\/?s={search_term_string}\"},\"query-input\":{\"@type\":\"PropertyValueSpecification\",\"valueRequired\":true,\"valueName\":\"search_term_string\"}}],\"inLanguage\":\"en-GB\"}]}<\/script>\n<!-- \/ Yoast SEO plugin. -->","yoast_head_json":{"title":"Justinas Marcinkevi\u010dius \u2013 Voro Vestuv\u0117s Vinilin\u0117 Plok\u0161tel\u0117 | Vinilozona.lt","robots":{"index":"index","follow":"follow","max-snippet":"max-snippet:-1","max-image-preview":"max-image-preview:large","max-video-preview":"max-video-preview:-1"},"canonical":"https:\/\/vinilozona.lt\/en\/parduotuve\/lietuviska\/justinas-marcinkevicius-voro-vestuves\/","og_locale":"en_GB","og_type":"article","og_title":"Justinas Marcinkevi\u010dius \u2013 Voro Vestuv\u0117s Vinilin\u0117 Plok\u0161tel\u0117 | Vinilozona.lt","og_description":"Klaip\u0117dos Jaunimo Teatras \u2013 KJT 03 Format: Vinyl, LP, Album Country: Lithuania Released: 2024 Genre: Children's, Stage & Screen Style: Soundtrack","og_url":"https:\/\/vinilozona.lt\/en\/parduotuve\/lietuviska\/justinas-marcinkevicius-voro-vestuves\/","og_site_name":"Vinilo Zona","article_modified_time":"2025-10-27T06:46:54+00:00","og_image":[{"width":595,"height":599,"url":"https:\/\/vinilozona.lt\/wp-content\/uploads\/2025\/10\/R-32139552-1730220110-4733.jpg","type":"image\/jpeg"}],"twitter_card":"summary_large_image","twitter_misc":{"Estimated reading time":"2 minutes"},"schema":{"@context":"https:\/\/schema.org","@graph":[{"@type":"WebPage","@id":"https:\/\/vinilozona.lt\/parduotuve\/lietuviska\/justinas-marcinkevicius-voro-vestuves\/","url":"https:\/\/vinilozona.lt\/parduotuve\/lietuviska\/justinas-marcinkevicius-voro-vestuves\/","name":"Justinas Marcinkevi\u010dius \u2013 Voro Vestuv\u0117s Vinilin\u0117 Plok\u0161tel\u0117 | Vinilozona.lt","isPartOf":{"@id":"https:\/\/vinilozona.lt\/#website"},"primaryImageOfPage":{"@id":"https:\/\/vinilozona.lt\/parduotuve\/lietuviska\/justinas-marcinkevicius-voro-vestuves\/#primaryimage"},"image":{"@id":"https:\/\/vinilozona.lt\/parduotuve\/lietuviska\/justinas-marcinkevicius-voro-vestuves\/#primaryimage"},"thumbnailUrl":"https:\/\/vinilozona.lt\/wp-content\/uploads\/2025\/10\/R-32139552-1730220110-4733.jpg","datePublished":"2025-01-05T03:00:14+00:00","dateModified":"2025-10-27T06:46:54+00:00","breadcrumb":{"@id":"https:\/\/vinilozona.lt\/parduotuve\/lietuviska\/justinas-marcinkevicius-voro-vestuves\/#breadcrumb"},"inLanguage":"en-GB","potentialAction":[{"@type":"ReadAction","target":["https:\/\/vinilozona.lt\/parduotuve\/lietuviska\/justinas-marcinkevicius-voro-vestuves\/"]}]},{"@type":"ImageObject","inLanguage":"en-GB","@id":"https:\/\/vinilozona.lt\/parduotuve\/lietuviska\/justinas-marcinkevicius-voro-vestuves\/#primaryimage","url":"https:\/\/vinilozona.lt\/wp-content\/uploads\/2025\/10\/R-32139552-1730220110-4733.jpg","contentUrl":"https:\/\/vinilozona.lt\/wp-content\/uploads\/2025\/10\/R-32139552-1730220110-4733.jpg","width":595,"height":599},{"@type":"BreadcrumbList","@id":"https:\/\/vinilozona.lt\/parduotuve\/lietuviska\/justinas-marcinkevicius-voro-vestuves\/#breadcrumb","itemListElement":[{"@type":"ListItem","position":1,"name":"Home","item":"https:\/\/vinilozona.lt\/"},{"@type":"ListItem","position":2,"name":"Parduotuv\u0117","item":"https:\/\/vinilozona.lt\/parduotuve\/"},{"@type":"ListItem","position":3,"name":"Justinas Marcinkevi\u010dius \u2013 Voro Vestuv\u0117s"}]},{"@type":"WebSite","@id":"https:\/\/vinilozona.lt\/#website","url":"https:\/\/vinilozona.lt\/","name":"Vinilo Zona","description":"Nup\u016bsk dulkes ir klausyk LP","potentialAction":[{"@type":"SearchAction","target":{"@type":"EntryPoint","urlTemplate":"https:\/\/vinilozona.lt\/?s={search_term_string}"},"query-input":{"@type":"PropertyValueSpecification","valueRequired":true,"valueName":"search_term_string"}}],"inLanguage":"en-GB"}]}},"_links":{"self":[{"href":"https:\/\/vinilozona.lt\/en\/wp-json\/wp\/v2\/product\/29421"}],"collection":[{"href":"https:\/\/vinilozona.lt\/en\/wp-json\/wp\/v2\/product"}],"about":[{"href":"https:\/\/vinilozona.lt\/en\/wp-json\/wp\/v2\/types\/product"}],"wp:featuredmedia":[{"embeddable":true,"href":"https:\/\/vinilozona.lt\/en\/wp-json\/wp\/v2\/media\/29422"}],"wp:attachment":[{"href":"https:\/\/vinilozona.lt\/en\/wp-json\/wp\/v2\/media?parent=29421"}],"wp:term":[{"taxonomy":"product_cat","embeddable":true,"href":"https:\/\/vinilozona.lt\/en\/wp-json\/wp\/v2\/product_cat?post=29421"},{"taxonomy":"product_tag","embeddable":true,"href":"https:\/\/vinilozona.lt\/en\/wp-json\/wp\/v2\/product_tag?post=29421"}],"curies":[{"name":"wp","href":"https:\/\/api.w.org\/{rel}","templated":true}]}}