{"id":29401,"date":"2025-10-26T05:06:46","date_gmt":"2025-10-26T03:06:46","guid":{"rendered":"https:\/\/vinilozona.lt\/?post_type=product&#038;p=29401"},"modified":"2025-11-02T14:48:29","modified_gmt":"2025-11-02T12:48:29","slug":"siaures-kryptis-ledynai","status":"publish","type":"product","link":"https:\/\/vinilozona.lt\/en\/parduotuve\/lietuviska\/siaures-kryptis-ledynai\/","title":{"rendered":"\u0160iaur\u0117s Kryptis \u2013 Ledynai"},"content":{"rendered":"<p>A1\t\tTroleibusai<br \/>\nA2\t\tBe Tav\u0119s<br \/>\nA3\t\tSala<br \/>\nA4\t\tPavasaris<br \/>\nA5\t\tLedynai<br \/>\nB1\t\tSenekos Diena<br \/>\nB2\t\tDepresija<br \/>\nB3\t\tLik Sveika<br \/>\nB4\t\tSniego \u0160alis<\/p>","protected":false},"excerpt":{"rendered":"<p>Creative Industries  \u2013 none<br \/>\nFormat:<br \/>\nVinyl, LP, Album, Limited Edition<br \/>\nCountry:<br \/>\nLithuania<br \/>\nReleased:<br \/>\nOct 18, 2017<\/p>","protected":false},"featured_media":29402,"template":"","meta":[],"product_cat":[19,23],"product_tag":[1270],"yoast_head":"<!-- This site is optimized with the Yoast SEO plugin v23.5 - https:\/\/yoast.com\/wordpress\/plugins\/seo\/ -->\n<title>\u0160iaur\u0117s Kryptis \u2013 Ledynai Vinilin\u0117 Plok\u0161tel\u0117 | Vinilozona.lt<\/title>\n<meta name=\"robots\" content=\"index, follow, max-snippet:-1, max-image-preview:large, max-video-preview:-1\" \/>\n<link rel=\"canonical\" href=\"https:\/\/vinilozona.lt\/en\/parduotuve\/lietuviska\/siaures-kryptis-ledynai\/\" \/>\n<meta property=\"og:locale\" content=\"en_GB\" \/>\n<meta property=\"og:type\" content=\"article\" \/>\n<meta property=\"og:title\" content=\"\u0160iaur\u0117s Kryptis \u2013 Ledynai Vinilin\u0117 Plok\u0161tel\u0117 | Vinilozona.lt\" \/>\n<meta property=\"og:description\" content=\"Creative Industries \u2013 none Format: Vinyl, LP, Album, Limited Edition Country: Lithuania Released: Oct 18, 2017\" \/>\n<meta property=\"og:url\" content=\"https:\/\/vinilozona.lt\/en\/parduotuve\/lietuviska\/siaures-kryptis-ledynai\/\" \/>\n<meta property=\"og:site_name\" content=\"Vinilo Zona\" \/>\n<meta property=\"article:modified_time\" content=\"2025-11-02T12:48:29+00:00\" \/>\n<meta property=\"og:image\" content=\"https:\/\/vinilozona.lt\/wp-content\/uploads\/2025\/10\/R-14659481-1579094595-9214.jpg\" \/>\n\t<meta property=\"og:image:width\" content=\"594\" \/>\n\t<meta property=\"og:image:height\" content=\"600\" \/>\n\t<meta property=\"og:image:type\" content=\"image\/jpeg\" \/>\n<meta name=\"twitter:card\" content=\"summary_large_image\" \/>\n<meta name=\"twitter:label1\" content=\"Estimated reading time\" \/>\n\t<meta name=\"twitter:data1\" content=\"1 minute\" \/>\n<script type=\"application\/ld+json\" class=\"yoast-schema-graph\">{\"@context\":\"https:\/\/schema.org\",\"@graph\":[{\"@type\":\"WebPage\",\"@id\":\"https:\/\/vinilozona.lt\/parduotuve\/lietuviska\/siaures-kryptis-ledynai\/\",\"url\":\"https:\/\/vinilozona.lt\/parduotuve\/lietuviska\/siaures-kryptis-ledynai\/\",\"name\":\"\u0160iaur\u0117s Kryptis \u2013 Ledynai Vinilin\u0117 Plok\u0161tel\u0117 | Vinilozona.lt\",\"isPartOf\":{\"@id\":\"https:\/\/vinilozona.lt\/#website\"},\"primaryImageOfPage\":{\"@id\":\"https:\/\/vinilozona.lt\/parduotuve\/lietuviska\/siaures-kryptis-ledynai\/#primaryimage\"},\"image\":{\"@id\":\"https:\/\/vinilozona.lt\/parduotuve\/lietuviska\/siaures-kryptis-ledynai\/#primaryimage\"},\"thumbnailUrl\":\"https:\/\/vinilozona.lt\/wp-content\/uploads\/2025\/10\/R-14659481-1579094595-9214.jpg\",\"datePublished\":\"2025-10-26T03:06:46+00:00\",\"dateModified\":\"2025-11-02T12:48:29+00:00\",\"breadcrumb\":{\"@id\":\"https:\/\/vinilozona.lt\/parduotuve\/lietuviska\/siaures-kryptis-ledynai\/#breadcrumb\"},\"inLanguage\":\"en-GB\",\"potentialAction\":[{\"@type\":\"ReadAction\",\"target\":[\"https:\/\/vinilozona.lt\/parduotuve\/lietuviska\/siaures-kryptis-ledynai\/\"]}]},{\"@type\":\"ImageObject\",\"inLanguage\":\"en-GB\",\"@id\":\"https:\/\/vinilozona.lt\/parduotuve\/lietuviska\/siaures-kryptis-ledynai\/#primaryimage\",\"url\":\"https:\/\/vinilozona.lt\/wp-content\/uploads\/2025\/10\/R-14659481-1579094595-9214.jpg\",\"contentUrl\":\"https:\/\/vinilozona.lt\/wp-content\/uploads\/2025\/10\/R-14659481-1579094595-9214.jpg\",\"width\":594,\"height\":600},{\"@type\":\"BreadcrumbList\",\"@id\":\"https:\/\/vinilozona.lt\/parduotuve\/lietuviska\/siaures-kryptis-ledynai\/#breadcrumb\",\"itemListElement\":[{\"@type\":\"ListItem\",\"position\":1,\"name\":\"Home\",\"item\":\"https:\/\/vinilozona.lt\/\"},{\"@type\":\"ListItem\",\"position\":2,\"name\":\"Parduotuv\u0117\",\"item\":\"https:\/\/vinilozona.lt\/parduotuve\/\"},{\"@type\":\"ListItem\",\"position\":3,\"name\":\"\u0160iaur\u0117s Kryptis \u2013 Ledynai\"}]},{\"@type\":\"WebSite\",\"@id\":\"https:\/\/vinilozona.lt\/#website\",\"url\":\"https:\/\/vinilozona.lt\/\",\"name\":\"Vinilo Zona\",\"description\":\"Nup\u016bsk dulkes ir klausyk LP\",\"potentialAction\":[{\"@type\":\"SearchAction\",\"target\":{\"@type\":\"EntryPoint\",\"urlTemplate\":\"https:\/\/vinilozona.lt\/?s={search_term_string}\"},\"query-input\":{\"@type\":\"PropertyValueSpecification\",\"valueRequired\":true,\"valueName\":\"search_term_string\"}}],\"inLanguage\":\"en-GB\"}]}<\/script>\n<!-- \/ Yoast SEO plugin. -->","yoast_head_json":{"title":"\u0160iaur\u0117s Kryptis \u2013 Ledynai Vinilin\u0117 Plok\u0161tel\u0117 | Vinilozona.lt","robots":{"index":"index","follow":"follow","max-snippet":"max-snippet:-1","max-image-preview":"max-image-preview:large","max-video-preview":"max-video-preview:-1"},"canonical":"https:\/\/vinilozona.lt\/en\/parduotuve\/lietuviska\/siaures-kryptis-ledynai\/","og_locale":"en_GB","og_type":"article","og_title":"\u0160iaur\u0117s Kryptis \u2013 Ledynai Vinilin\u0117 Plok\u0161tel\u0117 | Vinilozona.lt","og_description":"Creative Industries \u2013 none Format: Vinyl, LP, Album, Limited Edition Country: Lithuania Released: Oct 18, 2017","og_url":"https:\/\/vinilozona.lt\/en\/parduotuve\/lietuviska\/siaures-kryptis-ledynai\/","og_site_name":"Vinilo Zona","article_modified_time":"2025-11-02T12:48:29+00:00","og_image":[{"width":594,"height":600,"url":"https:\/\/vinilozona.lt\/wp-content\/uploads\/2025\/10\/R-14659481-1579094595-9214.jpg","type":"image\/jpeg"}],"twitter_card":"summary_large_image","twitter_misc":{"Estimated reading time":"1 minute"},"schema":{"@context":"https:\/\/schema.org","@graph":[{"@type":"WebPage","@id":"https:\/\/vinilozona.lt\/parduotuve\/lietuviska\/siaures-kryptis-ledynai\/","url":"https:\/\/vinilozona.lt\/parduotuve\/lietuviska\/siaures-kryptis-ledynai\/","name":"\u0160iaur\u0117s Kryptis \u2013 Ledynai Vinilin\u0117 Plok\u0161tel\u0117 | Vinilozona.lt","isPartOf":{"@id":"https:\/\/vinilozona.lt\/#website"},"primaryImageOfPage":{"@id":"https:\/\/vinilozona.lt\/parduotuve\/lietuviska\/siaures-kryptis-ledynai\/#primaryimage"},"image":{"@id":"https:\/\/vinilozona.lt\/parduotuve\/lietuviska\/siaures-kryptis-ledynai\/#primaryimage"},"thumbnailUrl":"https:\/\/vinilozona.lt\/wp-content\/uploads\/2025\/10\/R-14659481-1579094595-9214.jpg","datePublished":"2025-10-26T03:06:46+00:00","dateModified":"2025-11-02T12:48:29+00:00","breadcrumb":{"@id":"https:\/\/vinilozona.lt\/parduotuve\/lietuviska\/siaures-kryptis-ledynai\/#breadcrumb"},"inLanguage":"en-GB","potentialAction":[{"@type":"ReadAction","target":["https:\/\/vinilozona.lt\/parduotuve\/lietuviska\/siaures-kryptis-ledynai\/"]}]},{"@type":"ImageObject","inLanguage":"en-GB","@id":"https:\/\/vinilozona.lt\/parduotuve\/lietuviska\/siaures-kryptis-ledynai\/#primaryimage","url":"https:\/\/vinilozona.lt\/wp-content\/uploads\/2025\/10\/R-14659481-1579094595-9214.jpg","contentUrl":"https:\/\/vinilozona.lt\/wp-content\/uploads\/2025\/10\/R-14659481-1579094595-9214.jpg","width":594,"height":600},{"@type":"BreadcrumbList","@id":"https:\/\/vinilozona.lt\/parduotuve\/lietuviska\/siaures-kryptis-ledynai\/#breadcrumb","itemListElement":[{"@type":"ListItem","position":1,"name":"Home","item":"https:\/\/vinilozona.lt\/"},{"@type":"ListItem","position":2,"name":"Parduotuv\u0117","item":"https:\/\/vinilozona.lt\/parduotuve\/"},{"@type":"ListItem","position":3,"name":"\u0160iaur\u0117s Kryptis \u2013 Ledynai"}]},{"@type":"WebSite","@id":"https:\/\/vinilozona.lt\/#website","url":"https:\/\/vinilozona.lt\/","name":"Vinilo Zona","description":"Nup\u016bsk dulkes ir klausyk LP","potentialAction":[{"@type":"SearchAction","target":{"@type":"EntryPoint","urlTemplate":"https:\/\/vinilozona.lt\/?s={search_term_string}"},"query-input":{"@type":"PropertyValueSpecification","valueRequired":true,"valueName":"search_term_string"}}],"inLanguage":"en-GB"}]}},"_links":{"self":[{"href":"https:\/\/vinilozona.lt\/en\/wp-json\/wp\/v2\/product\/29401"}],"collection":[{"href":"https:\/\/vinilozona.lt\/en\/wp-json\/wp\/v2\/product"}],"about":[{"href":"https:\/\/vinilozona.lt\/en\/wp-json\/wp\/v2\/types\/product"}],"wp:featuredmedia":[{"embeddable":true,"href":"https:\/\/vinilozona.lt\/en\/wp-json\/wp\/v2\/media\/29402"}],"wp:attachment":[{"href":"https:\/\/vinilozona.lt\/en\/wp-json\/wp\/v2\/media?parent=29401"}],"wp:term":[{"taxonomy":"product_cat","embeddable":true,"href":"https:\/\/vinilozona.lt\/en\/wp-json\/wp\/v2\/product_cat?post=29401"},{"taxonomy":"product_tag","embeddable":true,"href":"https:\/\/vinilozona.lt\/en\/wp-json\/wp\/v2\/product_tag?post=29401"}],"curies":[{"name":"wp","href":"https:\/\/api.w.org\/{rel}","templated":true}]}}