{"id":29351,"date":"2025-10-18T05:02:04","date_gmt":"2025-10-18T02:02:04","guid":{"rendered":"https:\/\/vinilozona.lt\/?post_type=product&#038;p=29351"},"modified":"2025-10-18T08:55:43","modified_gmt":"2025-10-18T05:55:43","slug":"roxette-pearls-of-passion","status":"publish","type":"product","link":"https:\/\/vinilozona.lt\/en\/parduotuve\/rock-pop\/roxette-pearls-of-passion\/","title":{"rendered":"Roxette \u2013 Pearls Of Passion"},"content":{"rendered":"<p>A1\t\tSoul Deep\t3:38<br \/>\nA2\t\tSecrets That She Keeps\t3:44<br \/>\nA3\t\tGoodbye To You\t4:00<br \/>\nA4\t\tI Call Your Name\t3:36<br \/>\nA5\t\tSurrender\t4:20<br \/>\nA6\t\tVoices\t4:41<br \/>\nB1\t\tNeverending Love\t3:29<br \/>\nB2\t\tCall Of The Wild\t4:30<br \/>\nB3\t\tJoy Of A Toy\t3:07<br \/>\nB4\t\tFrom One Heart To Another\t4:08<br \/>\nB5\t\tLike Lovers Do\t3:22<br \/>\nB6\t\tSo Far Away\t5:13<\/p>","protected":false},"excerpt":{"rendered":"<p>EMI \u2013 1362451<br \/>\nFormat:<br \/>\nVinyl, LP, Album<br \/>\nCountry:<br \/>\nScandinavia<br \/>\nReleased:<br \/>\nOct 31, 1986<\/p>","protected":false},"featured_media":29352,"template":"","meta":[],"product_cat":[15],"product_tag":[44],"yoast_head":"<!-- This site is optimized with the Yoast SEO plugin v23.5 - https:\/\/yoast.com\/wordpress\/plugins\/seo\/ -->\n<title>Roxette \u2013 Pearls Of Passion Vinilin\u0117 Plok\u0161tel\u0117 | Vinilozona.lt<\/title>\n<meta name=\"robots\" content=\"index, follow, max-snippet:-1, max-image-preview:large, max-video-preview:-1\" \/>\n<link rel=\"canonical\" href=\"https:\/\/vinilozona.lt\/en\/parduotuve\/rock-pop\/roxette-pearls-of-passion\/\" \/>\n<meta property=\"og:locale\" content=\"en_GB\" \/>\n<meta property=\"og:type\" content=\"article\" \/>\n<meta property=\"og:title\" content=\"Roxette \u2013 Pearls Of Passion Vinilin\u0117 Plok\u0161tel\u0117 | Vinilozona.lt\" \/>\n<meta property=\"og:description\" content=\"EMI \u2013 1362451 Format: Vinyl, LP, Album Country: Scandinavia Released: Oct 31, 1986\" \/>\n<meta property=\"og:url\" content=\"https:\/\/vinilozona.lt\/en\/parduotuve\/rock-pop\/roxette-pearls-of-passion\/\" \/>\n<meta property=\"og:site_name\" content=\"Vinilo Zona\" \/>\n<meta property=\"article:modified_time\" content=\"2025-10-18T05:55:43+00:00\" \/>\n<meta property=\"og:image\" content=\"https:\/\/vinilozona.lt\/wp-content\/uploads\/2025\/10\/R-6189193-1530487810-2363.jpg\" \/>\n\t<meta property=\"og:image:width\" content=\"600\" \/>\n\t<meta property=\"og:image:height\" content=\"600\" \/>\n\t<meta property=\"og:image:type\" content=\"image\/jpeg\" \/>\n<meta name=\"twitter:card\" content=\"summary_large_image\" \/>\n<meta name=\"twitter:label1\" content=\"Estimated reading time\" \/>\n\t<meta name=\"twitter:data1\" content=\"1 minute\" \/>\n<script type=\"application\/ld+json\" class=\"yoast-schema-graph\">{\"@context\":\"https:\/\/schema.org\",\"@graph\":[{\"@type\":\"WebPage\",\"@id\":\"https:\/\/vinilozona.lt\/parduotuve\/rock-pop\/roxette-pearls-of-passion\/\",\"url\":\"https:\/\/vinilozona.lt\/parduotuve\/rock-pop\/roxette-pearls-of-passion\/\",\"name\":\"Roxette \u2013 Pearls Of Passion Vinilin\u0117 Plok\u0161tel\u0117 | Vinilozona.lt\",\"isPartOf\":{\"@id\":\"https:\/\/vinilozona.lt\/#website\"},\"primaryImageOfPage\":{\"@id\":\"https:\/\/vinilozona.lt\/parduotuve\/rock-pop\/roxette-pearls-of-passion\/#primaryimage\"},\"image\":{\"@id\":\"https:\/\/vinilozona.lt\/parduotuve\/rock-pop\/roxette-pearls-of-passion\/#primaryimage\"},\"thumbnailUrl\":\"https:\/\/vinilozona.lt\/wp-content\/uploads\/2025\/10\/R-6189193-1530487810-2363.jpg\",\"datePublished\":\"2025-10-18T02:02:04+00:00\",\"dateModified\":\"2025-10-18T05:55:43+00:00\",\"breadcrumb\":{\"@id\":\"https:\/\/vinilozona.lt\/parduotuve\/rock-pop\/roxette-pearls-of-passion\/#breadcrumb\"},\"inLanguage\":\"en-GB\",\"potentialAction\":[{\"@type\":\"ReadAction\",\"target\":[\"https:\/\/vinilozona.lt\/parduotuve\/rock-pop\/roxette-pearls-of-passion\/\"]}]},{\"@type\":\"ImageObject\",\"inLanguage\":\"en-GB\",\"@id\":\"https:\/\/vinilozona.lt\/parduotuve\/rock-pop\/roxette-pearls-of-passion\/#primaryimage\",\"url\":\"https:\/\/vinilozona.lt\/wp-content\/uploads\/2025\/10\/R-6189193-1530487810-2363.jpg\",\"contentUrl\":\"https:\/\/vinilozona.lt\/wp-content\/uploads\/2025\/10\/R-6189193-1530487810-2363.jpg\",\"width\":600,\"height\":600},{\"@type\":\"BreadcrumbList\",\"@id\":\"https:\/\/vinilozona.lt\/parduotuve\/rock-pop\/roxette-pearls-of-passion\/#breadcrumb\",\"itemListElement\":[{\"@type\":\"ListItem\",\"position\":1,\"name\":\"Home\",\"item\":\"https:\/\/vinilozona.lt\/\"},{\"@type\":\"ListItem\",\"position\":2,\"name\":\"Parduotuv\u0117\",\"item\":\"https:\/\/vinilozona.lt\/parduotuve\/\"},{\"@type\":\"ListItem\",\"position\":3,\"name\":\"Roxette \u2013 Pearls Of Passion\"}]},{\"@type\":\"WebSite\",\"@id\":\"https:\/\/vinilozona.lt\/#website\",\"url\":\"https:\/\/vinilozona.lt\/\",\"name\":\"Vinilo Zona\",\"description\":\"Nup\u016bsk dulkes ir klausyk LP\",\"potentialAction\":[{\"@type\":\"SearchAction\",\"target\":{\"@type\":\"EntryPoint\",\"urlTemplate\":\"https:\/\/vinilozona.lt\/?s={search_term_string}\"},\"query-input\":{\"@type\":\"PropertyValueSpecification\",\"valueRequired\":true,\"valueName\":\"search_term_string\"}}],\"inLanguage\":\"en-GB\"}]}<\/script>\n<!-- \/ Yoast SEO plugin. -->","yoast_head_json":{"title":"Roxette \u2013 Pearls Of Passion Vinilin\u0117 Plok\u0161tel\u0117 | Vinilozona.lt","robots":{"index":"index","follow":"follow","max-snippet":"max-snippet:-1","max-image-preview":"max-image-preview:large","max-video-preview":"max-video-preview:-1"},"canonical":"https:\/\/vinilozona.lt\/en\/parduotuve\/rock-pop\/roxette-pearls-of-passion\/","og_locale":"en_GB","og_type":"article","og_title":"Roxette \u2013 Pearls Of Passion Vinilin\u0117 Plok\u0161tel\u0117 | Vinilozona.lt","og_description":"EMI \u2013 1362451 Format: Vinyl, LP, Album Country: Scandinavia Released: Oct 31, 1986","og_url":"https:\/\/vinilozona.lt\/en\/parduotuve\/rock-pop\/roxette-pearls-of-passion\/","og_site_name":"Vinilo Zona","article_modified_time":"2025-10-18T05:55:43+00:00","og_image":[{"width":600,"height":600,"url":"https:\/\/vinilozona.lt\/wp-content\/uploads\/2025\/10\/R-6189193-1530487810-2363.jpg","type":"image\/jpeg"}],"twitter_card":"summary_large_image","twitter_misc":{"Estimated reading time":"1 minute"},"schema":{"@context":"https:\/\/schema.org","@graph":[{"@type":"WebPage","@id":"https:\/\/vinilozona.lt\/parduotuve\/rock-pop\/roxette-pearls-of-passion\/","url":"https:\/\/vinilozona.lt\/parduotuve\/rock-pop\/roxette-pearls-of-passion\/","name":"Roxette \u2013 Pearls Of Passion Vinilin\u0117 Plok\u0161tel\u0117 | Vinilozona.lt","isPartOf":{"@id":"https:\/\/vinilozona.lt\/#website"},"primaryImageOfPage":{"@id":"https:\/\/vinilozona.lt\/parduotuve\/rock-pop\/roxette-pearls-of-passion\/#primaryimage"},"image":{"@id":"https:\/\/vinilozona.lt\/parduotuve\/rock-pop\/roxette-pearls-of-passion\/#primaryimage"},"thumbnailUrl":"https:\/\/vinilozona.lt\/wp-content\/uploads\/2025\/10\/R-6189193-1530487810-2363.jpg","datePublished":"2025-10-18T02:02:04+00:00","dateModified":"2025-10-18T05:55:43+00:00","breadcrumb":{"@id":"https:\/\/vinilozona.lt\/parduotuve\/rock-pop\/roxette-pearls-of-passion\/#breadcrumb"},"inLanguage":"en-GB","potentialAction":[{"@type":"ReadAction","target":["https:\/\/vinilozona.lt\/parduotuve\/rock-pop\/roxette-pearls-of-passion\/"]}]},{"@type":"ImageObject","inLanguage":"en-GB","@id":"https:\/\/vinilozona.lt\/parduotuve\/rock-pop\/roxette-pearls-of-passion\/#primaryimage","url":"https:\/\/vinilozona.lt\/wp-content\/uploads\/2025\/10\/R-6189193-1530487810-2363.jpg","contentUrl":"https:\/\/vinilozona.lt\/wp-content\/uploads\/2025\/10\/R-6189193-1530487810-2363.jpg","width":600,"height":600},{"@type":"BreadcrumbList","@id":"https:\/\/vinilozona.lt\/parduotuve\/rock-pop\/roxette-pearls-of-passion\/#breadcrumb","itemListElement":[{"@type":"ListItem","position":1,"name":"Home","item":"https:\/\/vinilozona.lt\/"},{"@type":"ListItem","position":2,"name":"Parduotuv\u0117","item":"https:\/\/vinilozona.lt\/parduotuve\/"},{"@type":"ListItem","position":3,"name":"Roxette \u2013 Pearls Of Passion"}]},{"@type":"WebSite","@id":"https:\/\/vinilozona.lt\/#website","url":"https:\/\/vinilozona.lt\/","name":"Vinilo Zona","description":"Nup\u016bsk dulkes ir klausyk LP","potentialAction":[{"@type":"SearchAction","target":{"@type":"EntryPoint","urlTemplate":"https:\/\/vinilozona.lt\/?s={search_term_string}"},"query-input":{"@type":"PropertyValueSpecification","valueRequired":true,"valueName":"search_term_string"}}],"inLanguage":"en-GB"}]}},"_links":{"self":[{"href":"https:\/\/vinilozona.lt\/en\/wp-json\/wp\/v2\/product\/29351"}],"collection":[{"href":"https:\/\/vinilozona.lt\/en\/wp-json\/wp\/v2\/product"}],"about":[{"href":"https:\/\/vinilozona.lt\/en\/wp-json\/wp\/v2\/types\/product"}],"wp:featuredmedia":[{"embeddable":true,"href":"https:\/\/vinilozona.lt\/en\/wp-json\/wp\/v2\/media\/29352"}],"wp:attachment":[{"href":"https:\/\/vinilozona.lt\/en\/wp-json\/wp\/v2\/media?parent=29351"}],"wp:term":[{"taxonomy":"product_cat","embeddable":true,"href":"https:\/\/vinilozona.lt\/en\/wp-json\/wp\/v2\/product_cat?post=29351"},{"taxonomy":"product_tag","embeddable":true,"href":"https:\/\/vinilozona.lt\/en\/wp-json\/wp\/v2\/product_tag?post=29351"}],"curies":[{"name":"wp","href":"https:\/\/api.w.org\/{rel}","templated":true}]}}