{"id":29327,"date":"2025-10-15T05:10:26","date_gmt":"2025-10-15T02:10:26","guid":{"rendered":"https:\/\/vinilozona.lt\/?post_type=product&#038;p=29327"},"modified":"2026-04-08T21:14:25","modified_gmt":"2026-04-08T18:14:25","slug":"fleetwood-mac-the-very-best-of-fleetwood-mac-2cd","status":"publish","type":"product","link":"https:\/\/vinilozona.lt\/en\/parduotuve\/cd\/naudoti-cd\/fleetwood-mac-the-very-best-of-fleetwood-mac-2cd\/","title":{"rendered":"Fleetwood Mac \u2013 The Very Best Of Fleetwood Mac  2CD"},"content":{"rendered":"<p>1-1\t\tMonday Morning\t2:45<br \/>\n1-2\t\tDreams\t4:15<br \/>\n1-3\t\tYou Make Loving Fun\t3:33<br \/>\n1-4\t\tGo Your Own Way\t3:40<br \/>\n1-5\t\tRhiannon\t3:46<br \/>\n1-6\t\tSay You Love Me\t4:03<br \/>\n1-7\t\tI&#8217;m So Afraid (Live, 1997)\t6:01<br \/>\n1-8\t\tSilver Springs\t4:30<br \/>\n1-9\t\tOver My Head\t3:08<br \/>\n1-10\t\tNever Going Back Again\t2:14<br \/>\n1-11\t\tSara\t6:26<br \/>\n1-12\t\tLove In Store\t3:10<br \/>\n1-13\t\tTusk\t3:34<br \/>\n1-14\t\tLandslide\t3:17<br \/>\n1-15\t\tSongbird\t3:20<br \/>\n1-16\t\tBig Love (Live, 1997)\t2:48<br \/>\n1-17\t\tStorms\t5:28<br \/>\n1-Data\t\tMultimedia Content<br \/>\n2-1\t\tThe Chain\t4:29<br \/>\n2-2\t\tDon&#8217;t Stop\t3:12<br \/>\n2-3\t\tWhat Makes You Think You&#8217;re The One\t3:30<br \/>\n2-4\t\tGypsy\t4:22<br \/>\n2-5\t\tSecond Hand News\t2:52<br \/>\n2-6\t\tLittle Lies\t3:39<br \/>\n2-7\t\tThink About Me\t2:42<br \/>\n2-8\t\tGo Insane (Live, 1997)\t4:20<br \/>\n2-9\t\tGold Dust Woman\t4:59<br \/>\n2-10\t\tHold Me\t3:44<br \/>\n2-11\t\tSeven Wonders\t3:38<br \/>\n2-12\t\tWorld Turning\t4:24<br \/>\n2-13\t\tEverywhere\t3:41<br \/>\n2-14\t\tSisters Of The Moon\t4:41<br \/>\n2-15\t\tFamily Man\t4:01<br \/>\n2-16\t\tAs Long As You Follow\t4:18<br \/>\n2-17\t\tNo Questions Asked\t4:42<br \/>\n2-18\t\tSkies The Limit\t3:46<br \/>\n2-19\t\tPaper Doll\t3:58<\/p>","protected":false},"excerpt":{"rendered":"<p>Reprise Records \u2013 8122 73635 2, Warner Strategic Marketing \u2013 8122 73635 2<br \/>\nFormat:<br \/>\nCD, Compilation, Remastered<br \/>\nCountry:<br \/>\nEurope<br \/>\nReleased: 2009<\/p>","protected":false},"featured_media":29328,"template":"","meta":[],"product_cat":[24,946],"product_tag":[44],"yoast_head":"<!-- This site is optimized with the Yoast SEO plugin v23.5 - https:\/\/yoast.com\/wordpress\/plugins\/seo\/ -->\n<title>Fleetwood Mac \u2013 The Very Best Of Fleetwood Mac 2CD Vinilin\u0117 Plok\u0161tel\u0117 | Vinilozona.lt<\/title>\n<meta name=\"robots\" content=\"index, follow, max-snippet:-1, max-image-preview:large, max-video-preview:-1\" \/>\n<link rel=\"canonical\" href=\"https:\/\/vinilozona.lt\/en\/parduotuve\/cd\/naudoti-cd\/fleetwood-mac-the-very-best-of-fleetwood-mac-2cd\/\" \/>\n<meta property=\"og:locale\" content=\"en_GB\" \/>\n<meta property=\"og:type\" content=\"article\" \/>\n<meta property=\"og:title\" content=\"Fleetwood Mac \u2013 The Very Best Of Fleetwood Mac 2CD Vinilin\u0117 Plok\u0161tel\u0117 | Vinilozona.lt\" \/>\n<meta property=\"og:description\" content=\"Reprise Records \u2013 8122 73635 2, Warner Strategic Marketing \u2013 8122 73635 2 Format: CD, Compilation, Remastered Country: Europe Released: 2009\" \/>\n<meta property=\"og:url\" content=\"https:\/\/vinilozona.lt\/en\/parduotuve\/cd\/naudoti-cd\/fleetwood-mac-the-very-best-of-fleetwood-mac-2cd\/\" \/>\n<meta property=\"og:site_name\" content=\"Vinilo Zona\" \/>\n<meta property=\"article:modified_time\" content=\"2026-04-08T18:14:25+00:00\" \/>\n<meta property=\"og:image\" content=\"https:\/\/vinilozona.lt\/wp-content\/uploads\/2025\/10\/R-3697199-1340757391-2923.jpg\" \/>\n\t<meta property=\"og:image:width\" content=\"594\" \/>\n\t<meta property=\"og:image:height\" content=\"600\" \/>\n\t<meta property=\"og:image:type\" content=\"image\/jpeg\" \/>\n<meta name=\"twitter:card\" content=\"summary_large_image\" \/>\n<meta name=\"twitter:label1\" content=\"Estimated reading time\" \/>\n\t<meta name=\"twitter:data1\" content=\"1 minute\" \/>\n<script type=\"application\/ld+json\" class=\"yoast-schema-graph\">{\"@context\":\"https:\/\/schema.org\",\"@graph\":[{\"@type\":\"WebPage\",\"@id\":\"https:\/\/vinilozona.lt\/parduotuve\/cd\/naudoti-cd\/fleetwood-mac-the-very-best-of-fleetwood-mac-2cd\/\",\"url\":\"https:\/\/vinilozona.lt\/parduotuve\/cd\/naudoti-cd\/fleetwood-mac-the-very-best-of-fleetwood-mac-2cd\/\",\"name\":\"Fleetwood Mac \u2013 The Very Best Of Fleetwood Mac 2CD Vinilin\u0117 Plok\u0161tel\u0117 | Vinilozona.lt\",\"isPartOf\":{\"@id\":\"https:\/\/vinilozona.lt\/#website\"},\"primaryImageOfPage\":{\"@id\":\"https:\/\/vinilozona.lt\/parduotuve\/cd\/naudoti-cd\/fleetwood-mac-the-very-best-of-fleetwood-mac-2cd\/#primaryimage\"},\"image\":{\"@id\":\"https:\/\/vinilozona.lt\/parduotuve\/cd\/naudoti-cd\/fleetwood-mac-the-very-best-of-fleetwood-mac-2cd\/#primaryimage\"},\"thumbnailUrl\":\"https:\/\/vinilozona.lt\/wp-content\/uploads\/2025\/10\/R-3697199-1340757391-2923.jpg\",\"datePublished\":\"2025-10-15T02:10:26+00:00\",\"dateModified\":\"2026-04-08T18:14:25+00:00\",\"breadcrumb\":{\"@id\":\"https:\/\/vinilozona.lt\/parduotuve\/cd\/naudoti-cd\/fleetwood-mac-the-very-best-of-fleetwood-mac-2cd\/#breadcrumb\"},\"inLanguage\":\"en-GB\",\"potentialAction\":[{\"@type\":\"ReadAction\",\"target\":[\"https:\/\/vinilozona.lt\/parduotuve\/cd\/naudoti-cd\/fleetwood-mac-the-very-best-of-fleetwood-mac-2cd\/\"]}]},{\"@type\":\"ImageObject\",\"inLanguage\":\"en-GB\",\"@id\":\"https:\/\/vinilozona.lt\/parduotuve\/cd\/naudoti-cd\/fleetwood-mac-the-very-best-of-fleetwood-mac-2cd\/#primaryimage\",\"url\":\"https:\/\/vinilozona.lt\/wp-content\/uploads\/2025\/10\/R-3697199-1340757391-2923.jpg\",\"contentUrl\":\"https:\/\/vinilozona.lt\/wp-content\/uploads\/2025\/10\/R-3697199-1340757391-2923.jpg\",\"width\":594,\"height\":600},{\"@type\":\"BreadcrumbList\",\"@id\":\"https:\/\/vinilozona.lt\/parduotuve\/cd\/naudoti-cd\/fleetwood-mac-the-very-best-of-fleetwood-mac-2cd\/#breadcrumb\",\"itemListElement\":[{\"@type\":\"ListItem\",\"position\":1,\"name\":\"Home\",\"item\":\"https:\/\/vinilozona.lt\/\"},{\"@type\":\"ListItem\",\"position\":2,\"name\":\"Parduotuv\u0117\",\"item\":\"https:\/\/vinilozona.lt\/parduotuve\/\"},{\"@type\":\"ListItem\",\"position\":3,\"name\":\"Fleetwood Mac \u2013 The Very Best Of Fleetwood Mac 2CD\"}]},{\"@type\":\"WebSite\",\"@id\":\"https:\/\/vinilozona.lt\/#website\",\"url\":\"https:\/\/vinilozona.lt\/\",\"name\":\"Vinilo Zona\",\"description\":\"Nup\u016bsk dulkes ir klausyk LP\",\"potentialAction\":[{\"@type\":\"SearchAction\",\"target\":{\"@type\":\"EntryPoint\",\"urlTemplate\":\"https:\/\/vinilozona.lt\/?s={search_term_string}\"},\"query-input\":{\"@type\":\"PropertyValueSpecification\",\"valueRequired\":true,\"valueName\":\"search_term_string\"}}],\"inLanguage\":\"en-GB\"}]}<\/script>\n<!-- \/ Yoast SEO plugin. -->","yoast_head_json":{"title":"Fleetwood Mac \u2013 The Very Best Of Fleetwood Mac 2CD Vinilin\u0117 Plok\u0161tel\u0117 | Vinilozona.lt","robots":{"index":"index","follow":"follow","max-snippet":"max-snippet:-1","max-image-preview":"max-image-preview:large","max-video-preview":"max-video-preview:-1"},"canonical":"https:\/\/vinilozona.lt\/en\/parduotuve\/cd\/naudoti-cd\/fleetwood-mac-the-very-best-of-fleetwood-mac-2cd\/","og_locale":"en_GB","og_type":"article","og_title":"Fleetwood Mac \u2013 The Very Best Of Fleetwood Mac 2CD Vinilin\u0117 Plok\u0161tel\u0117 | Vinilozona.lt","og_description":"Reprise Records \u2013 8122 73635 2, Warner Strategic Marketing \u2013 8122 73635 2 Format: CD, Compilation, Remastered Country: Europe Released: 2009","og_url":"https:\/\/vinilozona.lt\/en\/parduotuve\/cd\/naudoti-cd\/fleetwood-mac-the-very-best-of-fleetwood-mac-2cd\/","og_site_name":"Vinilo Zona","article_modified_time":"2026-04-08T18:14:25+00:00","og_image":[{"width":594,"height":600,"url":"https:\/\/vinilozona.lt\/wp-content\/uploads\/2025\/10\/R-3697199-1340757391-2923.jpg","type":"image\/jpeg"}],"twitter_card":"summary_large_image","twitter_misc":{"Estimated reading time":"1 minute"},"schema":{"@context":"https:\/\/schema.org","@graph":[{"@type":"WebPage","@id":"https:\/\/vinilozona.lt\/parduotuve\/cd\/naudoti-cd\/fleetwood-mac-the-very-best-of-fleetwood-mac-2cd\/","url":"https:\/\/vinilozona.lt\/parduotuve\/cd\/naudoti-cd\/fleetwood-mac-the-very-best-of-fleetwood-mac-2cd\/","name":"Fleetwood Mac \u2013 The Very Best Of Fleetwood Mac 2CD Vinilin\u0117 Plok\u0161tel\u0117 | Vinilozona.lt","isPartOf":{"@id":"https:\/\/vinilozona.lt\/#website"},"primaryImageOfPage":{"@id":"https:\/\/vinilozona.lt\/parduotuve\/cd\/naudoti-cd\/fleetwood-mac-the-very-best-of-fleetwood-mac-2cd\/#primaryimage"},"image":{"@id":"https:\/\/vinilozona.lt\/parduotuve\/cd\/naudoti-cd\/fleetwood-mac-the-very-best-of-fleetwood-mac-2cd\/#primaryimage"},"thumbnailUrl":"https:\/\/vinilozona.lt\/wp-content\/uploads\/2025\/10\/R-3697199-1340757391-2923.jpg","datePublished":"2025-10-15T02:10:26+00:00","dateModified":"2026-04-08T18:14:25+00:00","breadcrumb":{"@id":"https:\/\/vinilozona.lt\/parduotuve\/cd\/naudoti-cd\/fleetwood-mac-the-very-best-of-fleetwood-mac-2cd\/#breadcrumb"},"inLanguage":"en-GB","potentialAction":[{"@type":"ReadAction","target":["https:\/\/vinilozona.lt\/parduotuve\/cd\/naudoti-cd\/fleetwood-mac-the-very-best-of-fleetwood-mac-2cd\/"]}]},{"@type":"ImageObject","inLanguage":"en-GB","@id":"https:\/\/vinilozona.lt\/parduotuve\/cd\/naudoti-cd\/fleetwood-mac-the-very-best-of-fleetwood-mac-2cd\/#primaryimage","url":"https:\/\/vinilozona.lt\/wp-content\/uploads\/2025\/10\/R-3697199-1340757391-2923.jpg","contentUrl":"https:\/\/vinilozona.lt\/wp-content\/uploads\/2025\/10\/R-3697199-1340757391-2923.jpg","width":594,"height":600},{"@type":"BreadcrumbList","@id":"https:\/\/vinilozona.lt\/parduotuve\/cd\/naudoti-cd\/fleetwood-mac-the-very-best-of-fleetwood-mac-2cd\/#breadcrumb","itemListElement":[{"@type":"ListItem","position":1,"name":"Home","item":"https:\/\/vinilozona.lt\/"},{"@type":"ListItem","position":2,"name":"Parduotuv\u0117","item":"https:\/\/vinilozona.lt\/parduotuve\/"},{"@type":"ListItem","position":3,"name":"Fleetwood Mac \u2013 The Very Best Of Fleetwood Mac 2CD"}]},{"@type":"WebSite","@id":"https:\/\/vinilozona.lt\/#website","url":"https:\/\/vinilozona.lt\/","name":"Vinilo Zona","description":"Nup\u016bsk dulkes ir klausyk LP","potentialAction":[{"@type":"SearchAction","target":{"@type":"EntryPoint","urlTemplate":"https:\/\/vinilozona.lt\/?s={search_term_string}"},"query-input":{"@type":"PropertyValueSpecification","valueRequired":true,"valueName":"search_term_string"}}],"inLanguage":"en-GB"}]}},"_links":{"self":[{"href":"https:\/\/vinilozona.lt\/en\/wp-json\/wp\/v2\/product\/29327"}],"collection":[{"href":"https:\/\/vinilozona.lt\/en\/wp-json\/wp\/v2\/product"}],"about":[{"href":"https:\/\/vinilozona.lt\/en\/wp-json\/wp\/v2\/types\/product"}],"wp:featuredmedia":[{"embeddable":true,"href":"https:\/\/vinilozona.lt\/en\/wp-json\/wp\/v2\/media\/29328"}],"wp:attachment":[{"href":"https:\/\/vinilozona.lt\/en\/wp-json\/wp\/v2\/media?parent=29327"}],"wp:term":[{"taxonomy":"product_cat","embeddable":true,"href":"https:\/\/vinilozona.lt\/en\/wp-json\/wp\/v2\/product_cat?post=29327"},{"taxonomy":"product_tag","embeddable":true,"href":"https:\/\/vinilozona.lt\/en\/wp-json\/wp\/v2\/product_tag?post=29327"}],"curies":[{"name":"wp","href":"https:\/\/api.w.org\/{rel}","templated":true}]}}