{"id":29319,"date":"2025-10-14T05:30:36","date_gmt":"2025-10-14T02:30:36","guid":{"rendered":"https:\/\/vinilozona.lt\/?post_type=product&#038;p=29319"},"modified":"2025-10-14T19:39:42","modified_gmt":"2025-10-14T16:39:42","slug":"suzi-quatro-what-goes-around-greatest-latest-cd","status":"publish","type":"product","link":"https:\/\/vinilozona.lt\/en\/parduotuve\/cd\/naudoti-cd\/suzi-quatro-what-goes-around-greatest-latest-cd\/","title":{"rendered":"Suzi Quatro \u2013 What Goes Around &#8211; Greatest &#038; Latest  CD"},"content":{"rendered":"<p>1\t\tDevil Gate Drive\t4:02<br \/>\n2\t\tThe Wild One\t3:04<br \/>\n3\t\tThe Race Is On\t4:10<br \/>\n4\t\tWhat Goes Around\t4:32<br \/>\n5\t\tCan The Can\t3:46<br \/>\n6\t\tShe&#8217;s In Love With You\t3:55<br \/>\n7\t\tStumblin&#8217; In\t3:44<br \/>\n8\t\tI May Be Too Young\t3:47<br \/>\n9\t\tEmpty Rooms\t3:46<br \/>\n10\t\t48 Crash\t4:27<br \/>\n11\t\tMake Love To Me\t4:35<br \/>\n12\t\tBorn To Run\t5:00<br \/>\n13\t\tFour Letter Words\t3:59<br \/>\n14\t\tTear Me Apart\t3:10<br \/>\n15\t\tYour Mama Won&#8217;t Like Me\t3:58<br \/>\n16\t\tRock Hard\t3:13<br \/>\n17\t\tMama&#8217;s Boy\t4:14<br \/>\n18\t\tIf You Can&#8217;t Give Me Love\t5:07<\/p>","protected":false},"excerpt":{"rendered":"<p>CMC Records \u2013 24223-2<br \/>\nFormat:<br \/>\nCD<br \/>\nCountry:<br \/>\nDenmark<br \/>\nReleased:<br \/>\n1995<\/p>","protected":false},"featured_media":29320,"template":"","meta":[],"product_cat":[24,946],"product_tag":[44],"yoast_head":"<!-- This site is optimized with the Yoast SEO plugin v23.5 - https:\/\/yoast.com\/wordpress\/plugins\/seo\/ -->\n<title>Suzi Quatro \u2013 What Goes Around - Greatest &amp; Latest CD Vinilin\u0117 Plok\u0161tel\u0117 | Vinilozona.lt<\/title>\n<meta name=\"robots\" content=\"index, follow, max-snippet:-1, max-image-preview:large, max-video-preview:-1\" \/>\n<link rel=\"canonical\" href=\"https:\/\/vinilozona.lt\/en\/parduotuve\/cd\/naudoti-cd\/suzi-quatro-what-goes-around-greatest-latest-cd\/\" \/>\n<meta property=\"og:locale\" content=\"en_GB\" \/>\n<meta property=\"og:type\" content=\"article\" \/>\n<meta property=\"og:title\" content=\"Suzi Quatro \u2013 What Goes Around - Greatest &amp; Latest CD Vinilin\u0117 Plok\u0161tel\u0117 | Vinilozona.lt\" \/>\n<meta property=\"og:description\" content=\"CMC Records \u2013 24223-2 Format: CD Country: Denmark Released: 1995\" \/>\n<meta property=\"og:url\" content=\"https:\/\/vinilozona.lt\/en\/parduotuve\/cd\/naudoti-cd\/suzi-quatro-what-goes-around-greatest-latest-cd\/\" \/>\n<meta property=\"og:site_name\" content=\"Vinilo Zona\" \/>\n<meta property=\"article:modified_time\" content=\"2025-10-14T16:39:42+00:00\" \/>\n<meta property=\"og:image\" content=\"https:\/\/vinilozona.lt\/wp-content\/uploads\/2025\/10\/R-6729327-1620545462-7434.jpg\" \/>\n\t<meta property=\"og:image:width\" content=\"600\" \/>\n\t<meta property=\"og:image:height\" content=\"598\" \/>\n\t<meta property=\"og:image:type\" content=\"image\/jpeg\" \/>\n<meta name=\"twitter:card\" content=\"summary_large_image\" \/>\n<meta name=\"twitter:label1\" content=\"Estimated reading time\" \/>\n\t<meta name=\"twitter:data1\" content=\"1 minute\" \/>\n<script type=\"application\/ld+json\" class=\"yoast-schema-graph\">{\"@context\":\"https:\/\/schema.org\",\"@graph\":[{\"@type\":\"WebPage\",\"@id\":\"https:\/\/vinilozona.lt\/parduotuve\/cd\/naudoti-cd\/suzi-quatro-what-goes-around-greatest-latest-cd\/\",\"url\":\"https:\/\/vinilozona.lt\/parduotuve\/cd\/naudoti-cd\/suzi-quatro-what-goes-around-greatest-latest-cd\/\",\"name\":\"Suzi Quatro \u2013 What Goes Around - Greatest & Latest CD Vinilin\u0117 Plok\u0161tel\u0117 | Vinilozona.lt\",\"isPartOf\":{\"@id\":\"https:\/\/vinilozona.lt\/#website\"},\"primaryImageOfPage\":{\"@id\":\"https:\/\/vinilozona.lt\/parduotuve\/cd\/naudoti-cd\/suzi-quatro-what-goes-around-greatest-latest-cd\/#primaryimage\"},\"image\":{\"@id\":\"https:\/\/vinilozona.lt\/parduotuve\/cd\/naudoti-cd\/suzi-quatro-what-goes-around-greatest-latest-cd\/#primaryimage\"},\"thumbnailUrl\":\"https:\/\/vinilozona.lt\/wp-content\/uploads\/2025\/10\/R-6729327-1620545462-7434.jpg\",\"datePublished\":\"2025-10-14T02:30:36+00:00\",\"dateModified\":\"2025-10-14T16:39:42+00:00\",\"breadcrumb\":{\"@id\":\"https:\/\/vinilozona.lt\/parduotuve\/cd\/naudoti-cd\/suzi-quatro-what-goes-around-greatest-latest-cd\/#breadcrumb\"},\"inLanguage\":\"en-GB\",\"potentialAction\":[{\"@type\":\"ReadAction\",\"target\":[\"https:\/\/vinilozona.lt\/parduotuve\/cd\/naudoti-cd\/suzi-quatro-what-goes-around-greatest-latest-cd\/\"]}]},{\"@type\":\"ImageObject\",\"inLanguage\":\"en-GB\",\"@id\":\"https:\/\/vinilozona.lt\/parduotuve\/cd\/naudoti-cd\/suzi-quatro-what-goes-around-greatest-latest-cd\/#primaryimage\",\"url\":\"https:\/\/vinilozona.lt\/wp-content\/uploads\/2025\/10\/R-6729327-1620545462-7434.jpg\",\"contentUrl\":\"https:\/\/vinilozona.lt\/wp-content\/uploads\/2025\/10\/R-6729327-1620545462-7434.jpg\",\"width\":600,\"height\":598},{\"@type\":\"BreadcrumbList\",\"@id\":\"https:\/\/vinilozona.lt\/parduotuve\/cd\/naudoti-cd\/suzi-quatro-what-goes-around-greatest-latest-cd\/#breadcrumb\",\"itemListElement\":[{\"@type\":\"ListItem\",\"position\":1,\"name\":\"Home\",\"item\":\"https:\/\/vinilozona.lt\/\"},{\"@type\":\"ListItem\",\"position\":2,\"name\":\"Parduotuv\u0117\",\"item\":\"https:\/\/vinilozona.lt\/parduotuve\/\"},{\"@type\":\"ListItem\",\"position\":3,\"name\":\"Suzi Quatro \u2013 What Goes Around &#8211; Greatest &#038; Latest CD\"}]},{\"@type\":\"WebSite\",\"@id\":\"https:\/\/vinilozona.lt\/#website\",\"url\":\"https:\/\/vinilozona.lt\/\",\"name\":\"Vinilo Zona\",\"description\":\"Nup\u016bsk dulkes ir klausyk LP\",\"potentialAction\":[{\"@type\":\"SearchAction\",\"target\":{\"@type\":\"EntryPoint\",\"urlTemplate\":\"https:\/\/vinilozona.lt\/?s={search_term_string}\"},\"query-input\":{\"@type\":\"PropertyValueSpecification\",\"valueRequired\":true,\"valueName\":\"search_term_string\"}}],\"inLanguage\":\"en-GB\"}]}<\/script>\n<!-- \/ Yoast SEO plugin. -->","yoast_head_json":{"title":"Suzi Quatro \u2013 What Goes Around - Greatest & Latest CD Vinilin\u0117 Plok\u0161tel\u0117 | Vinilozona.lt","robots":{"index":"index","follow":"follow","max-snippet":"max-snippet:-1","max-image-preview":"max-image-preview:large","max-video-preview":"max-video-preview:-1"},"canonical":"https:\/\/vinilozona.lt\/en\/parduotuve\/cd\/naudoti-cd\/suzi-quatro-what-goes-around-greatest-latest-cd\/","og_locale":"en_GB","og_type":"article","og_title":"Suzi Quatro \u2013 What Goes Around - Greatest & Latest CD Vinilin\u0117 Plok\u0161tel\u0117 | Vinilozona.lt","og_description":"CMC Records \u2013 24223-2 Format: CD Country: Denmark Released: 1995","og_url":"https:\/\/vinilozona.lt\/en\/parduotuve\/cd\/naudoti-cd\/suzi-quatro-what-goes-around-greatest-latest-cd\/","og_site_name":"Vinilo Zona","article_modified_time":"2025-10-14T16:39:42+00:00","og_image":[{"width":600,"height":598,"url":"https:\/\/vinilozona.lt\/wp-content\/uploads\/2025\/10\/R-6729327-1620545462-7434.jpg","type":"image\/jpeg"}],"twitter_card":"summary_large_image","twitter_misc":{"Estimated reading time":"1 minute"},"schema":{"@context":"https:\/\/schema.org","@graph":[{"@type":"WebPage","@id":"https:\/\/vinilozona.lt\/parduotuve\/cd\/naudoti-cd\/suzi-quatro-what-goes-around-greatest-latest-cd\/","url":"https:\/\/vinilozona.lt\/parduotuve\/cd\/naudoti-cd\/suzi-quatro-what-goes-around-greatest-latest-cd\/","name":"Suzi Quatro \u2013 What Goes Around - Greatest & Latest CD Vinilin\u0117 Plok\u0161tel\u0117 | Vinilozona.lt","isPartOf":{"@id":"https:\/\/vinilozona.lt\/#website"},"primaryImageOfPage":{"@id":"https:\/\/vinilozona.lt\/parduotuve\/cd\/naudoti-cd\/suzi-quatro-what-goes-around-greatest-latest-cd\/#primaryimage"},"image":{"@id":"https:\/\/vinilozona.lt\/parduotuve\/cd\/naudoti-cd\/suzi-quatro-what-goes-around-greatest-latest-cd\/#primaryimage"},"thumbnailUrl":"https:\/\/vinilozona.lt\/wp-content\/uploads\/2025\/10\/R-6729327-1620545462-7434.jpg","datePublished":"2025-10-14T02:30:36+00:00","dateModified":"2025-10-14T16:39:42+00:00","breadcrumb":{"@id":"https:\/\/vinilozona.lt\/parduotuve\/cd\/naudoti-cd\/suzi-quatro-what-goes-around-greatest-latest-cd\/#breadcrumb"},"inLanguage":"en-GB","potentialAction":[{"@type":"ReadAction","target":["https:\/\/vinilozona.lt\/parduotuve\/cd\/naudoti-cd\/suzi-quatro-what-goes-around-greatest-latest-cd\/"]}]},{"@type":"ImageObject","inLanguage":"en-GB","@id":"https:\/\/vinilozona.lt\/parduotuve\/cd\/naudoti-cd\/suzi-quatro-what-goes-around-greatest-latest-cd\/#primaryimage","url":"https:\/\/vinilozona.lt\/wp-content\/uploads\/2025\/10\/R-6729327-1620545462-7434.jpg","contentUrl":"https:\/\/vinilozona.lt\/wp-content\/uploads\/2025\/10\/R-6729327-1620545462-7434.jpg","width":600,"height":598},{"@type":"BreadcrumbList","@id":"https:\/\/vinilozona.lt\/parduotuve\/cd\/naudoti-cd\/suzi-quatro-what-goes-around-greatest-latest-cd\/#breadcrumb","itemListElement":[{"@type":"ListItem","position":1,"name":"Home","item":"https:\/\/vinilozona.lt\/"},{"@type":"ListItem","position":2,"name":"Parduotuv\u0117","item":"https:\/\/vinilozona.lt\/parduotuve\/"},{"@type":"ListItem","position":3,"name":"Suzi Quatro \u2013 What Goes Around &#8211; Greatest &#038; Latest CD"}]},{"@type":"WebSite","@id":"https:\/\/vinilozona.lt\/#website","url":"https:\/\/vinilozona.lt\/","name":"Vinilo Zona","description":"Nup\u016bsk dulkes ir klausyk LP","potentialAction":[{"@type":"SearchAction","target":{"@type":"EntryPoint","urlTemplate":"https:\/\/vinilozona.lt\/?s={search_term_string}"},"query-input":{"@type":"PropertyValueSpecification","valueRequired":true,"valueName":"search_term_string"}}],"inLanguage":"en-GB"}]}},"_links":{"self":[{"href":"https:\/\/vinilozona.lt\/en\/wp-json\/wp\/v2\/product\/29319"}],"collection":[{"href":"https:\/\/vinilozona.lt\/en\/wp-json\/wp\/v2\/product"}],"about":[{"href":"https:\/\/vinilozona.lt\/en\/wp-json\/wp\/v2\/types\/product"}],"wp:featuredmedia":[{"embeddable":true,"href":"https:\/\/vinilozona.lt\/en\/wp-json\/wp\/v2\/media\/29320"}],"wp:attachment":[{"href":"https:\/\/vinilozona.lt\/en\/wp-json\/wp\/v2\/media?parent=29319"}],"wp:term":[{"taxonomy":"product_cat","embeddable":true,"href":"https:\/\/vinilozona.lt\/en\/wp-json\/wp\/v2\/product_cat?post=29319"},{"taxonomy":"product_tag","embeddable":true,"href":"https:\/\/vinilozona.lt\/en\/wp-json\/wp\/v2\/product_tag?post=29319"}],"curies":[{"name":"wp","href":"https:\/\/api.w.org\/{rel}","templated":true}]}}