{"id":29258,"date":"2025-10-10T05:04:19","date_gmt":"2025-10-10T02:04:19","guid":{"rendered":"https:\/\/vinilozona.lt\/?post_type=product&#038;p=29258"},"modified":"2025-10-10T22:25:20","modified_gmt":"2025-10-10T19:25:20","slug":"udo-dirkschneider-the-old-gang-babylon","status":"publish","type":"product","link":"https:\/\/vinilozona.lt\/en\/parduotuve\/naujos-lp\/udo-dirkschneider-the-old-gang-babylon\/","title":{"rendered":"UDO Dirkschneider &#038; The Old Gang \u2013 Babylon"},"content":{"rendered":"<p>A1\t\tIt Takes Two To Tango\t4:40<br \/>\nA2\t\tBabylon\t6:09<br \/>\nA3\t\tHellbreaker\t5:06<br \/>\nB4\t\tTime To Listen\t3:42<br \/>\nB5\t\tStrangers In Paradise\t4:45<br \/>\nB6\t\tDead Man\u2019s Hand\t4:05<br \/>\nC7\t\tThe Law Of A Madman\t4:20<br \/>\nC8\t\tMetal Sons\t4:49<br \/>\nC9\t\tPropaganda\t4:48<br \/>\nD10\t\tBlindfold\t5:27<br \/>\nD11\t\tBatter The Power\t5:21<br \/>\nD12\t\tBeyond The End Of Time\t7:51<\/p>","protected":false},"excerpt":{"rendered":"<p>Reigning Phoenix Music \u2013 1.0222, Reigning Phoenix Music \u2013 1.0222.101.01<br \/>\nFormat:<br \/>\n2 x Vinyl, LP, Album, Gold Opaque<br \/>\nCountry:<br \/>\nGermany<br \/>\nReleased:<br \/>\nOct 3, 2025<\/p>","protected":false},"featured_media":29259,"template":"","meta":[],"product_cat":[23],"product_tag":[74],"yoast_head":"<!-- This site is optimized with the Yoast SEO plugin v23.5 - https:\/\/yoast.com\/wordpress\/plugins\/seo\/ -->\n<title>UDO Dirkschneider &amp; The Old Gang \u2013 Babylon Vinilin\u0117 Plok\u0161tel\u0117 | Vinilozona.lt<\/title>\n<meta name=\"robots\" content=\"index, follow, max-snippet:-1, max-image-preview:large, max-video-preview:-1\" \/>\n<link rel=\"canonical\" href=\"https:\/\/vinilozona.lt\/en\/parduotuve\/naujos-lp\/udo-dirkschneider-the-old-gang-babylon\/\" \/>\n<meta property=\"og:locale\" content=\"en_GB\" \/>\n<meta property=\"og:type\" content=\"article\" \/>\n<meta property=\"og:title\" content=\"UDO Dirkschneider &amp; The Old Gang \u2013 Babylon Vinilin\u0117 Plok\u0161tel\u0117 | Vinilozona.lt\" \/>\n<meta property=\"og:description\" content=\"Reigning Phoenix Music \u2013 1.0222, Reigning Phoenix Music \u2013 1.0222.101.01 Format: 2 x Vinyl, LP, Album, Gold Opaque Country: Germany Released: Oct 3, 2025\" \/>\n<meta property=\"og:url\" content=\"https:\/\/vinilozona.lt\/en\/parduotuve\/naujos-lp\/udo-dirkschneider-the-old-gang-babylon\/\" \/>\n<meta property=\"og:site_name\" content=\"Vinilo Zona\" \/>\n<meta property=\"article:modified_time\" content=\"2025-10-10T19:25:20+00:00\" \/>\n<meta property=\"og:image\" content=\"https:\/\/vinilozona.lt\/wp-content\/uploads\/2025\/10\/R-35284171-1759602180-9972.jpg\" \/>\n\t<meta property=\"og:image:width\" content=\"600\" \/>\n\t<meta property=\"og:image:height\" content=\"586\" \/>\n\t<meta property=\"og:image:type\" content=\"image\/jpeg\" \/>\n<meta name=\"twitter:card\" content=\"summary_large_image\" \/>\n<meta name=\"twitter:label1\" content=\"Estimated reading time\" \/>\n\t<meta name=\"twitter:data1\" content=\"1 minute\" \/>\n<script type=\"application\/ld+json\" class=\"yoast-schema-graph\">{\"@context\":\"https:\/\/schema.org\",\"@graph\":[{\"@type\":\"WebPage\",\"@id\":\"https:\/\/vinilozona.lt\/parduotuve\/naujos-lp\/udo-dirkschneider-the-old-gang-babylon\/\",\"url\":\"https:\/\/vinilozona.lt\/parduotuve\/naujos-lp\/udo-dirkschneider-the-old-gang-babylon\/\",\"name\":\"UDO Dirkschneider & The Old Gang \u2013 Babylon Vinilin\u0117 Plok\u0161tel\u0117 | Vinilozona.lt\",\"isPartOf\":{\"@id\":\"https:\/\/vinilozona.lt\/#website\"},\"primaryImageOfPage\":{\"@id\":\"https:\/\/vinilozona.lt\/parduotuve\/naujos-lp\/udo-dirkschneider-the-old-gang-babylon\/#primaryimage\"},\"image\":{\"@id\":\"https:\/\/vinilozona.lt\/parduotuve\/naujos-lp\/udo-dirkschneider-the-old-gang-babylon\/#primaryimage\"},\"thumbnailUrl\":\"https:\/\/vinilozona.lt\/wp-content\/uploads\/2025\/10\/R-35284171-1759602180-9972.jpg\",\"datePublished\":\"2025-10-10T02:04:19+00:00\",\"dateModified\":\"2025-10-10T19:25:20+00:00\",\"breadcrumb\":{\"@id\":\"https:\/\/vinilozona.lt\/parduotuve\/naujos-lp\/udo-dirkschneider-the-old-gang-babylon\/#breadcrumb\"},\"inLanguage\":\"en-GB\",\"potentialAction\":[{\"@type\":\"ReadAction\",\"target\":[\"https:\/\/vinilozona.lt\/parduotuve\/naujos-lp\/udo-dirkschneider-the-old-gang-babylon\/\"]}]},{\"@type\":\"ImageObject\",\"inLanguage\":\"en-GB\",\"@id\":\"https:\/\/vinilozona.lt\/parduotuve\/naujos-lp\/udo-dirkschneider-the-old-gang-babylon\/#primaryimage\",\"url\":\"https:\/\/vinilozona.lt\/wp-content\/uploads\/2025\/10\/R-35284171-1759602180-9972.jpg\",\"contentUrl\":\"https:\/\/vinilozona.lt\/wp-content\/uploads\/2025\/10\/R-35284171-1759602180-9972.jpg\",\"width\":600,\"height\":586},{\"@type\":\"BreadcrumbList\",\"@id\":\"https:\/\/vinilozona.lt\/parduotuve\/naujos-lp\/udo-dirkschneider-the-old-gang-babylon\/#breadcrumb\",\"itemListElement\":[{\"@type\":\"ListItem\",\"position\":1,\"name\":\"Home\",\"item\":\"https:\/\/vinilozona.lt\/\"},{\"@type\":\"ListItem\",\"position\":2,\"name\":\"Parduotuv\u0117\",\"item\":\"https:\/\/vinilozona.lt\/parduotuve\/\"},{\"@type\":\"ListItem\",\"position\":3,\"name\":\"UDO Dirkschneider &#038; The Old Gang \u2013 Babylon\"}]},{\"@type\":\"WebSite\",\"@id\":\"https:\/\/vinilozona.lt\/#website\",\"url\":\"https:\/\/vinilozona.lt\/\",\"name\":\"Vinilo Zona\",\"description\":\"Nup\u016bsk dulkes ir klausyk LP\",\"potentialAction\":[{\"@type\":\"SearchAction\",\"target\":{\"@type\":\"EntryPoint\",\"urlTemplate\":\"https:\/\/vinilozona.lt\/?s={search_term_string}\"},\"query-input\":{\"@type\":\"PropertyValueSpecification\",\"valueRequired\":true,\"valueName\":\"search_term_string\"}}],\"inLanguage\":\"en-GB\"}]}<\/script>\n<!-- \/ Yoast SEO plugin. -->","yoast_head_json":{"title":"UDO Dirkschneider & The Old Gang \u2013 Babylon Vinilin\u0117 Plok\u0161tel\u0117 | Vinilozona.lt","robots":{"index":"index","follow":"follow","max-snippet":"max-snippet:-1","max-image-preview":"max-image-preview:large","max-video-preview":"max-video-preview:-1"},"canonical":"https:\/\/vinilozona.lt\/en\/parduotuve\/naujos-lp\/udo-dirkschneider-the-old-gang-babylon\/","og_locale":"en_GB","og_type":"article","og_title":"UDO Dirkschneider & The Old Gang \u2013 Babylon Vinilin\u0117 Plok\u0161tel\u0117 | Vinilozona.lt","og_description":"Reigning Phoenix Music \u2013 1.0222, Reigning Phoenix Music \u2013 1.0222.101.01 Format: 2 x Vinyl, LP, Album, Gold Opaque Country: Germany Released: Oct 3, 2025","og_url":"https:\/\/vinilozona.lt\/en\/parduotuve\/naujos-lp\/udo-dirkschneider-the-old-gang-babylon\/","og_site_name":"Vinilo Zona","article_modified_time":"2025-10-10T19:25:20+00:00","og_image":[{"width":600,"height":586,"url":"https:\/\/vinilozona.lt\/wp-content\/uploads\/2025\/10\/R-35284171-1759602180-9972.jpg","type":"image\/jpeg"}],"twitter_card":"summary_large_image","twitter_misc":{"Estimated reading time":"1 minute"},"schema":{"@context":"https:\/\/schema.org","@graph":[{"@type":"WebPage","@id":"https:\/\/vinilozona.lt\/parduotuve\/naujos-lp\/udo-dirkschneider-the-old-gang-babylon\/","url":"https:\/\/vinilozona.lt\/parduotuve\/naujos-lp\/udo-dirkschneider-the-old-gang-babylon\/","name":"UDO Dirkschneider & The Old Gang \u2013 Babylon Vinilin\u0117 Plok\u0161tel\u0117 | Vinilozona.lt","isPartOf":{"@id":"https:\/\/vinilozona.lt\/#website"},"primaryImageOfPage":{"@id":"https:\/\/vinilozona.lt\/parduotuve\/naujos-lp\/udo-dirkschneider-the-old-gang-babylon\/#primaryimage"},"image":{"@id":"https:\/\/vinilozona.lt\/parduotuve\/naujos-lp\/udo-dirkschneider-the-old-gang-babylon\/#primaryimage"},"thumbnailUrl":"https:\/\/vinilozona.lt\/wp-content\/uploads\/2025\/10\/R-35284171-1759602180-9972.jpg","datePublished":"2025-10-10T02:04:19+00:00","dateModified":"2025-10-10T19:25:20+00:00","breadcrumb":{"@id":"https:\/\/vinilozona.lt\/parduotuve\/naujos-lp\/udo-dirkschneider-the-old-gang-babylon\/#breadcrumb"},"inLanguage":"en-GB","potentialAction":[{"@type":"ReadAction","target":["https:\/\/vinilozona.lt\/parduotuve\/naujos-lp\/udo-dirkschneider-the-old-gang-babylon\/"]}]},{"@type":"ImageObject","inLanguage":"en-GB","@id":"https:\/\/vinilozona.lt\/parduotuve\/naujos-lp\/udo-dirkschneider-the-old-gang-babylon\/#primaryimage","url":"https:\/\/vinilozona.lt\/wp-content\/uploads\/2025\/10\/R-35284171-1759602180-9972.jpg","contentUrl":"https:\/\/vinilozona.lt\/wp-content\/uploads\/2025\/10\/R-35284171-1759602180-9972.jpg","width":600,"height":586},{"@type":"BreadcrumbList","@id":"https:\/\/vinilozona.lt\/parduotuve\/naujos-lp\/udo-dirkschneider-the-old-gang-babylon\/#breadcrumb","itemListElement":[{"@type":"ListItem","position":1,"name":"Home","item":"https:\/\/vinilozona.lt\/"},{"@type":"ListItem","position":2,"name":"Parduotuv\u0117","item":"https:\/\/vinilozona.lt\/parduotuve\/"},{"@type":"ListItem","position":3,"name":"UDO Dirkschneider &#038; The Old Gang \u2013 Babylon"}]},{"@type":"WebSite","@id":"https:\/\/vinilozona.lt\/#website","url":"https:\/\/vinilozona.lt\/","name":"Vinilo Zona","description":"Nup\u016bsk dulkes ir klausyk LP","potentialAction":[{"@type":"SearchAction","target":{"@type":"EntryPoint","urlTemplate":"https:\/\/vinilozona.lt\/?s={search_term_string}"},"query-input":{"@type":"PropertyValueSpecification","valueRequired":true,"valueName":"search_term_string"}}],"inLanguage":"en-GB"}]}},"_links":{"self":[{"href":"https:\/\/vinilozona.lt\/en\/wp-json\/wp\/v2\/product\/29258"}],"collection":[{"href":"https:\/\/vinilozona.lt\/en\/wp-json\/wp\/v2\/product"}],"about":[{"href":"https:\/\/vinilozona.lt\/en\/wp-json\/wp\/v2\/types\/product"}],"wp:featuredmedia":[{"embeddable":true,"href":"https:\/\/vinilozona.lt\/en\/wp-json\/wp\/v2\/media\/29259"}],"wp:attachment":[{"href":"https:\/\/vinilozona.lt\/en\/wp-json\/wp\/v2\/media?parent=29258"}],"wp:term":[{"taxonomy":"product_cat","embeddable":true,"href":"https:\/\/vinilozona.lt\/en\/wp-json\/wp\/v2\/product_cat?post=29258"},{"taxonomy":"product_tag","embeddable":true,"href":"https:\/\/vinilozona.lt\/en\/wp-json\/wp\/v2\/product_tag?post=29258"}],"curies":[{"name":"wp","href":"https:\/\/api.w.org\/{rel}","templated":true}]}}