{"id":29256,"date":"2026-01-26T05:09:43","date_gmt":"2026-01-26T03:09:43","guid":{"rendered":"https:\/\/vinilozona.lt\/?post_type=product&#038;p=29256"},"modified":"2026-01-26T06:45:47","modified_gmt":"2026-01-26T04:45:47","slug":"sparks-the-girl-is-crying-in-her-latte","status":"publish","type":"product","link":"https:\/\/vinilozona.lt\/en\/parduotuve\/naujos-lp\/sparks-the-girl-is-crying-in-her-latte\/","title":{"rendered":"Sparks \u2013 The Girl Is Crying In Her Latte"},"content":{"rendered":"<p>A1\t\tThe Girl Is Crying In Her Latte<br \/>\nA2\t\tVeronica Lake<br \/>\nA3\t\tNothing Is As Good As They Say It Is<br \/>\nA4\t\tEscalator<br \/>\nA5\t\tThe Mona Lisa&#8217;s Packing, Leaving Late Tonight<br \/>\nA6\t\tYou Were Meant For Me<br \/>\nA7\t\tNot That Well-Defined<br \/>\nB1\t\tWe Go Dancing<br \/>\nB2\t\tWhen You Leave<br \/>\nB3\t\tTake Me For A Ride<br \/>\nB4\t\tIt&#8217;s Sunny Today<br \/>\nB5\t\tA Love Story<br \/>\nB6\t\tIt Doesn&#8217;t Have To Be That Way<br \/>\nB7\t\tGee, That Was Fun<\/p>","protected":false},"excerpt":{"rendered":"<p>Island Records \u2013 5504004<br \/>\nFormat:<br \/>\nVinyl, LP, Album, Deluxe Edition, Clear, 180g<br \/>\nCountry:<br \/>\nEurope<br \/>\nReleased:<br \/>\nMay 26, 2023<\/p>","protected":false},"featured_media":29257,"template":"","meta":[],"product_cat":[23],"product_tag":[74],"yoast_head":"<!-- This site is optimized with the Yoast SEO plugin v23.5 - https:\/\/yoast.com\/wordpress\/plugins\/seo\/ -->\n<title>Sparks \u2013 The Girl Is Crying In Her Latte Vinilin\u0117 Plok\u0161tel\u0117 | Vinilozona.lt<\/title>\n<meta name=\"robots\" content=\"index, follow, max-snippet:-1, max-image-preview:large, max-video-preview:-1\" \/>\n<link rel=\"canonical\" href=\"https:\/\/vinilozona.lt\/en\/parduotuve\/naujos-lp\/sparks-the-girl-is-crying-in-her-latte\/\" \/>\n<meta property=\"og:locale\" content=\"en_GB\" \/>\n<meta property=\"og:type\" content=\"article\" \/>\n<meta property=\"og:title\" content=\"Sparks \u2013 The Girl Is Crying In Her Latte Vinilin\u0117 Plok\u0161tel\u0117 | Vinilozona.lt\" \/>\n<meta property=\"og:description\" content=\"Island Records \u2013 5504004 Format: Vinyl, LP, Album, Deluxe Edition, Clear, 180g Country: Europe Released: May 26, 2023\" \/>\n<meta property=\"og:url\" content=\"https:\/\/vinilozona.lt\/en\/parduotuve\/naujos-lp\/sparks-the-girl-is-crying-in-her-latte\/\" \/>\n<meta property=\"og:site_name\" content=\"Vinilo Zona\" \/>\n<meta property=\"article:modified_time\" content=\"2026-01-26T04:45:47+00:00\" \/>\n<meta property=\"og:image\" content=\"https:\/\/vinilozona.lt\/wp-content\/uploads\/2025\/10\/R-26985191-1685665474-1101.jpg\" \/>\n\t<meta property=\"og:image:width\" content=\"598\" \/>\n\t<meta property=\"og:image:height\" content=\"599\" \/>\n\t<meta property=\"og:image:type\" content=\"image\/jpeg\" \/>\n<meta name=\"twitter:card\" content=\"summary_large_image\" \/>\n<meta name=\"twitter:label1\" content=\"Estimated reading time\" \/>\n\t<meta name=\"twitter:data1\" content=\"1 minute\" \/>\n<script type=\"application\/ld+json\" class=\"yoast-schema-graph\">{\"@context\":\"https:\/\/schema.org\",\"@graph\":[{\"@type\":\"WebPage\",\"@id\":\"https:\/\/vinilozona.lt\/parduotuve\/naujos-lp\/sparks-the-girl-is-crying-in-her-latte\/\",\"url\":\"https:\/\/vinilozona.lt\/parduotuve\/naujos-lp\/sparks-the-girl-is-crying-in-her-latte\/\",\"name\":\"Sparks \u2013 The Girl Is Crying In Her Latte Vinilin\u0117 Plok\u0161tel\u0117 | Vinilozona.lt\",\"isPartOf\":{\"@id\":\"https:\/\/vinilozona.lt\/#website\"},\"primaryImageOfPage\":{\"@id\":\"https:\/\/vinilozona.lt\/parduotuve\/naujos-lp\/sparks-the-girl-is-crying-in-her-latte\/#primaryimage\"},\"image\":{\"@id\":\"https:\/\/vinilozona.lt\/parduotuve\/naujos-lp\/sparks-the-girl-is-crying-in-her-latte\/#primaryimage\"},\"thumbnailUrl\":\"https:\/\/vinilozona.lt\/wp-content\/uploads\/2025\/10\/R-26985191-1685665474-1101.jpg\",\"datePublished\":\"2026-01-26T03:09:43+00:00\",\"dateModified\":\"2026-01-26T04:45:47+00:00\",\"breadcrumb\":{\"@id\":\"https:\/\/vinilozona.lt\/parduotuve\/naujos-lp\/sparks-the-girl-is-crying-in-her-latte\/#breadcrumb\"},\"inLanguage\":\"en-GB\",\"potentialAction\":[{\"@type\":\"ReadAction\",\"target\":[\"https:\/\/vinilozona.lt\/parduotuve\/naujos-lp\/sparks-the-girl-is-crying-in-her-latte\/\"]}]},{\"@type\":\"ImageObject\",\"inLanguage\":\"en-GB\",\"@id\":\"https:\/\/vinilozona.lt\/parduotuve\/naujos-lp\/sparks-the-girl-is-crying-in-her-latte\/#primaryimage\",\"url\":\"https:\/\/vinilozona.lt\/wp-content\/uploads\/2025\/10\/R-26985191-1685665474-1101.jpg\",\"contentUrl\":\"https:\/\/vinilozona.lt\/wp-content\/uploads\/2025\/10\/R-26985191-1685665474-1101.jpg\",\"width\":598,\"height\":599},{\"@type\":\"BreadcrumbList\",\"@id\":\"https:\/\/vinilozona.lt\/parduotuve\/naujos-lp\/sparks-the-girl-is-crying-in-her-latte\/#breadcrumb\",\"itemListElement\":[{\"@type\":\"ListItem\",\"position\":1,\"name\":\"Home\",\"item\":\"https:\/\/vinilozona.lt\/\"},{\"@type\":\"ListItem\",\"position\":2,\"name\":\"Parduotuv\u0117\",\"item\":\"https:\/\/vinilozona.lt\/parduotuve\/\"},{\"@type\":\"ListItem\",\"position\":3,\"name\":\"Sparks \u2013 The Girl Is Crying In Her Latte\"}]},{\"@type\":\"WebSite\",\"@id\":\"https:\/\/vinilozona.lt\/#website\",\"url\":\"https:\/\/vinilozona.lt\/\",\"name\":\"Vinilo Zona\",\"description\":\"Nup\u016bsk dulkes ir klausyk LP\",\"potentialAction\":[{\"@type\":\"SearchAction\",\"target\":{\"@type\":\"EntryPoint\",\"urlTemplate\":\"https:\/\/vinilozona.lt\/?s={search_term_string}\"},\"query-input\":{\"@type\":\"PropertyValueSpecification\",\"valueRequired\":true,\"valueName\":\"search_term_string\"}}],\"inLanguage\":\"en-GB\"}]}<\/script>\n<!-- \/ Yoast SEO plugin. -->","yoast_head_json":{"title":"Sparks \u2013 The Girl Is Crying In Her Latte Vinilin\u0117 Plok\u0161tel\u0117 | Vinilozona.lt","robots":{"index":"index","follow":"follow","max-snippet":"max-snippet:-1","max-image-preview":"max-image-preview:large","max-video-preview":"max-video-preview:-1"},"canonical":"https:\/\/vinilozona.lt\/en\/parduotuve\/naujos-lp\/sparks-the-girl-is-crying-in-her-latte\/","og_locale":"en_GB","og_type":"article","og_title":"Sparks \u2013 The Girl Is Crying In Her Latte Vinilin\u0117 Plok\u0161tel\u0117 | Vinilozona.lt","og_description":"Island Records \u2013 5504004 Format: Vinyl, LP, Album, Deluxe Edition, Clear, 180g Country: Europe Released: May 26, 2023","og_url":"https:\/\/vinilozona.lt\/en\/parduotuve\/naujos-lp\/sparks-the-girl-is-crying-in-her-latte\/","og_site_name":"Vinilo Zona","article_modified_time":"2026-01-26T04:45:47+00:00","og_image":[{"width":598,"height":599,"url":"https:\/\/vinilozona.lt\/wp-content\/uploads\/2025\/10\/R-26985191-1685665474-1101.jpg","type":"image\/jpeg"}],"twitter_card":"summary_large_image","twitter_misc":{"Estimated reading time":"1 minute"},"schema":{"@context":"https:\/\/schema.org","@graph":[{"@type":"WebPage","@id":"https:\/\/vinilozona.lt\/parduotuve\/naujos-lp\/sparks-the-girl-is-crying-in-her-latte\/","url":"https:\/\/vinilozona.lt\/parduotuve\/naujos-lp\/sparks-the-girl-is-crying-in-her-latte\/","name":"Sparks \u2013 The Girl Is Crying In Her Latte Vinilin\u0117 Plok\u0161tel\u0117 | Vinilozona.lt","isPartOf":{"@id":"https:\/\/vinilozona.lt\/#website"},"primaryImageOfPage":{"@id":"https:\/\/vinilozona.lt\/parduotuve\/naujos-lp\/sparks-the-girl-is-crying-in-her-latte\/#primaryimage"},"image":{"@id":"https:\/\/vinilozona.lt\/parduotuve\/naujos-lp\/sparks-the-girl-is-crying-in-her-latte\/#primaryimage"},"thumbnailUrl":"https:\/\/vinilozona.lt\/wp-content\/uploads\/2025\/10\/R-26985191-1685665474-1101.jpg","datePublished":"2026-01-26T03:09:43+00:00","dateModified":"2026-01-26T04:45:47+00:00","breadcrumb":{"@id":"https:\/\/vinilozona.lt\/parduotuve\/naujos-lp\/sparks-the-girl-is-crying-in-her-latte\/#breadcrumb"},"inLanguage":"en-GB","potentialAction":[{"@type":"ReadAction","target":["https:\/\/vinilozona.lt\/parduotuve\/naujos-lp\/sparks-the-girl-is-crying-in-her-latte\/"]}]},{"@type":"ImageObject","inLanguage":"en-GB","@id":"https:\/\/vinilozona.lt\/parduotuve\/naujos-lp\/sparks-the-girl-is-crying-in-her-latte\/#primaryimage","url":"https:\/\/vinilozona.lt\/wp-content\/uploads\/2025\/10\/R-26985191-1685665474-1101.jpg","contentUrl":"https:\/\/vinilozona.lt\/wp-content\/uploads\/2025\/10\/R-26985191-1685665474-1101.jpg","width":598,"height":599},{"@type":"BreadcrumbList","@id":"https:\/\/vinilozona.lt\/parduotuve\/naujos-lp\/sparks-the-girl-is-crying-in-her-latte\/#breadcrumb","itemListElement":[{"@type":"ListItem","position":1,"name":"Home","item":"https:\/\/vinilozona.lt\/"},{"@type":"ListItem","position":2,"name":"Parduotuv\u0117","item":"https:\/\/vinilozona.lt\/parduotuve\/"},{"@type":"ListItem","position":3,"name":"Sparks \u2013 The Girl Is Crying In Her Latte"}]},{"@type":"WebSite","@id":"https:\/\/vinilozona.lt\/#website","url":"https:\/\/vinilozona.lt\/","name":"Vinilo Zona","description":"Nup\u016bsk dulkes ir klausyk LP","potentialAction":[{"@type":"SearchAction","target":{"@type":"EntryPoint","urlTemplate":"https:\/\/vinilozona.lt\/?s={search_term_string}"},"query-input":{"@type":"PropertyValueSpecification","valueRequired":true,"valueName":"search_term_string"}}],"inLanguage":"en-GB"}]}},"_links":{"self":[{"href":"https:\/\/vinilozona.lt\/en\/wp-json\/wp\/v2\/product\/29256"}],"collection":[{"href":"https:\/\/vinilozona.lt\/en\/wp-json\/wp\/v2\/product"}],"about":[{"href":"https:\/\/vinilozona.lt\/en\/wp-json\/wp\/v2\/types\/product"}],"wp:featuredmedia":[{"embeddable":true,"href":"https:\/\/vinilozona.lt\/en\/wp-json\/wp\/v2\/media\/29257"}],"wp:attachment":[{"href":"https:\/\/vinilozona.lt\/en\/wp-json\/wp\/v2\/media?parent=29256"}],"wp:term":[{"taxonomy":"product_cat","embeddable":true,"href":"https:\/\/vinilozona.lt\/en\/wp-json\/wp\/v2\/product_cat?post=29256"},{"taxonomy":"product_tag","embeddable":true,"href":"https:\/\/vinilozona.lt\/en\/wp-json\/wp\/v2\/product_tag?post=29256"}],"curies":[{"name":"wp","href":"https:\/\/api.w.org\/{rel}","templated":true}]}}