{"id":29206,"date":"2025-10-03T05:01:22","date_gmt":"2025-10-03T02:01:22","guid":{"rendered":"https:\/\/vinilozona.lt\/?post_type=product&#038;p=29206"},"modified":"2025-11-21T22:53:20","modified_gmt":"2025-11-21T20:53:20","slug":"various-christmas-1-hits-the-ultimate-collection","status":"publish","type":"product","link":"https:\/\/vinilozona.lt\/en\/parduotuve\/various-rinkiniai\/various-christmas-1-hits-the-ultimate-collection\/","title":{"rendered":"Various \u2013 Christmas #1 Hits (The Ultimate Collection)"},"content":{"rendered":"<p>A1\tBianca Ryan\u2013\tWhy Couldn&#8217;t It Be Christmas Everyday<br \/>\nA2\tMariah Carey\u2013\tSanta Claus Is Comin&#8217; To Town<br \/>\nA3\tDana (9)\u2013\tIt&#8217;s Gonna Be A Cold Cold Christmas<br \/>\nA4\tBackstreet Boys\u2013\tChristmas Time<br \/>\nA5\tFifth Harmony\u2013\tAll I Want For Christmas Is You<br \/>\nA6\tBoney M.\u2013\tMary&#8217;s Boy Child\/Oh My Lord<br \/>\nA7\tChristina Aguilera\u2013\tThe Christmas Song<br \/>\nB1\tNatasha Bedingfield\u2013\tShake Up Christmas (2011)<br \/>\nB2\tJohn Legend\u2013\tWhat A Wonderful World<br \/>\nB3\tWhitney Houston\u2013\tDo You Hear What I Hear?<br \/>\nB4\tLeona Lewis\u2013\tI Wish It Could Be Christmas Everyday<br \/>\nB5\tGavin DeGraw\u2013\tSilver Bells<br \/>\nB6\tKelly Clarkson\u2013\tUnderneath The Tree<br \/>\nB7\tBritney Spears\u2013\tMy Only Wish (This Year)<br \/>\nB8\tHuman Nature\u2013\tLast Christmas (Acapella)<\/p>","protected":false},"excerpt":{"rendered":"<p>Sony Music \u2013 19439952971<br \/>\nSeries:<br \/>\nThe Ultimate Collection (11)<br \/>\nFormat:<br \/>\nVinyl, LP, Compilation<br \/>\nCountry: Europe<br \/>\nReleased:<br \/>\nNov 19, 2021<br \/>\nGenre:<br \/>\nJazz, Funk \/ Soul, Pop<br \/>\nStyle:<br \/>\nEasy Listening, Contemporary R&#038;B, Ballad, Vocal<\/p>","protected":false},"featured_media":29207,"template":"","meta":[],"product_cat":[906],"product_tag":[74],"yoast_head":"<!-- This site is optimized with the Yoast SEO plugin v23.5 - https:\/\/yoast.com\/wordpress\/plugins\/seo\/ -->\n<title>Various \u2013 Christmas #1 Hits (The Ultimate Collection) Vinilin\u0117 Plok\u0161tel\u0117 | Vinilozona.lt<\/title>\n<meta name=\"robots\" content=\"index, follow, max-snippet:-1, max-image-preview:large, max-video-preview:-1\" \/>\n<link rel=\"canonical\" href=\"https:\/\/vinilozona.lt\/en\/parduotuve\/various-rinkiniai\/various-christmas-1-hits-the-ultimate-collection\/\" \/>\n<meta property=\"og:locale\" content=\"en_GB\" \/>\n<meta property=\"og:type\" content=\"article\" \/>\n<meta property=\"og:title\" content=\"Various \u2013 Christmas #1 Hits (The Ultimate Collection) Vinilin\u0117 Plok\u0161tel\u0117 | Vinilozona.lt\" \/>\n<meta property=\"og:description\" content=\"Sony Music \u2013 19439952971 Series: The Ultimate Collection (11) Format: Vinyl, LP, Compilation Country: Europe Released: Nov 19, 2021 Genre: Jazz, Funk \/ Soul, Pop Style: Easy Listening, Contemporary R&amp;B, Ballad, Vocal\" \/>\n<meta property=\"og:url\" content=\"https:\/\/vinilozona.lt\/en\/parduotuve\/various-rinkiniai\/various-christmas-1-hits-the-ultimate-collection\/\" \/>\n<meta property=\"og:site_name\" content=\"Vinilo Zona\" \/>\n<meta property=\"article:modified_time\" content=\"2025-11-21T20:53:20+00:00\" \/>\n<meta property=\"og:image\" content=\"https:\/\/vinilozona.lt\/wp-content\/uploads\/2025\/10\/R-21594391-1670419710-1322.jpg\" \/>\n\t<meta property=\"og:image:width\" content=\"599\" \/>\n\t<meta property=\"og:image:height\" content=\"594\" \/>\n\t<meta property=\"og:image:type\" content=\"image\/jpeg\" \/>\n<meta name=\"twitter:card\" content=\"summary_large_image\" \/>\n<meta name=\"twitter:label1\" content=\"Estimated reading time\" \/>\n\t<meta name=\"twitter:data1\" content=\"2 minutes\" \/>\n<script type=\"application\/ld+json\" class=\"yoast-schema-graph\">{\"@context\":\"https:\/\/schema.org\",\"@graph\":[{\"@type\":\"WebPage\",\"@id\":\"https:\/\/vinilozona.lt\/parduotuve\/various-rinkiniai\/various-christmas-1-hits-the-ultimate-collection\/\",\"url\":\"https:\/\/vinilozona.lt\/parduotuve\/various-rinkiniai\/various-christmas-1-hits-the-ultimate-collection\/\",\"name\":\"Various \u2013 Christmas #1 Hits (The Ultimate Collection) Vinilin\u0117 Plok\u0161tel\u0117 | Vinilozona.lt\",\"isPartOf\":{\"@id\":\"https:\/\/vinilozona.lt\/#website\"},\"primaryImageOfPage\":{\"@id\":\"https:\/\/vinilozona.lt\/parduotuve\/various-rinkiniai\/various-christmas-1-hits-the-ultimate-collection\/#primaryimage\"},\"image\":{\"@id\":\"https:\/\/vinilozona.lt\/parduotuve\/various-rinkiniai\/various-christmas-1-hits-the-ultimate-collection\/#primaryimage\"},\"thumbnailUrl\":\"https:\/\/vinilozona.lt\/wp-content\/uploads\/2025\/10\/R-21594391-1670419710-1322.jpg\",\"datePublished\":\"2025-10-03T02:01:22+00:00\",\"dateModified\":\"2025-11-21T20:53:20+00:00\",\"breadcrumb\":{\"@id\":\"https:\/\/vinilozona.lt\/parduotuve\/various-rinkiniai\/various-christmas-1-hits-the-ultimate-collection\/#breadcrumb\"},\"inLanguage\":\"en-GB\",\"potentialAction\":[{\"@type\":\"ReadAction\",\"target\":[\"https:\/\/vinilozona.lt\/parduotuve\/various-rinkiniai\/various-christmas-1-hits-the-ultimate-collection\/\"]}]},{\"@type\":\"ImageObject\",\"inLanguage\":\"en-GB\",\"@id\":\"https:\/\/vinilozona.lt\/parduotuve\/various-rinkiniai\/various-christmas-1-hits-the-ultimate-collection\/#primaryimage\",\"url\":\"https:\/\/vinilozona.lt\/wp-content\/uploads\/2025\/10\/R-21594391-1670419710-1322.jpg\",\"contentUrl\":\"https:\/\/vinilozona.lt\/wp-content\/uploads\/2025\/10\/R-21594391-1670419710-1322.jpg\",\"width\":599,\"height\":594},{\"@type\":\"BreadcrumbList\",\"@id\":\"https:\/\/vinilozona.lt\/parduotuve\/various-rinkiniai\/various-christmas-1-hits-the-ultimate-collection\/#breadcrumb\",\"itemListElement\":[{\"@type\":\"ListItem\",\"position\":1,\"name\":\"Home\",\"item\":\"https:\/\/vinilozona.lt\/\"},{\"@type\":\"ListItem\",\"position\":2,\"name\":\"Parduotuv\u0117\",\"item\":\"https:\/\/vinilozona.lt\/parduotuve\/\"},{\"@type\":\"ListItem\",\"position\":3,\"name\":\"Various \u2013 Christmas #1 Hits (The Ultimate Collection)\"}]},{\"@type\":\"WebSite\",\"@id\":\"https:\/\/vinilozona.lt\/#website\",\"url\":\"https:\/\/vinilozona.lt\/\",\"name\":\"Vinilo Zona\",\"description\":\"Nup\u016bsk dulkes ir klausyk LP\",\"potentialAction\":[{\"@type\":\"SearchAction\",\"target\":{\"@type\":\"EntryPoint\",\"urlTemplate\":\"https:\/\/vinilozona.lt\/?s={search_term_string}\"},\"query-input\":{\"@type\":\"PropertyValueSpecification\",\"valueRequired\":true,\"valueName\":\"search_term_string\"}}],\"inLanguage\":\"en-GB\"}]}<\/script>\n<!-- \/ Yoast SEO plugin. -->","yoast_head_json":{"title":"Various \u2013 Christmas #1 Hits (The Ultimate Collection) Vinilin\u0117 Plok\u0161tel\u0117 | Vinilozona.lt","robots":{"index":"index","follow":"follow","max-snippet":"max-snippet:-1","max-image-preview":"max-image-preview:large","max-video-preview":"max-video-preview:-1"},"canonical":"https:\/\/vinilozona.lt\/en\/parduotuve\/various-rinkiniai\/various-christmas-1-hits-the-ultimate-collection\/","og_locale":"en_GB","og_type":"article","og_title":"Various \u2013 Christmas #1 Hits (The Ultimate Collection) Vinilin\u0117 Plok\u0161tel\u0117 | Vinilozona.lt","og_description":"Sony Music \u2013 19439952971 Series: The Ultimate Collection (11) Format: Vinyl, LP, Compilation Country: Europe Released: Nov 19, 2021 Genre: Jazz, Funk \/ Soul, Pop Style: Easy Listening, Contemporary R&B, Ballad, Vocal","og_url":"https:\/\/vinilozona.lt\/en\/parduotuve\/various-rinkiniai\/various-christmas-1-hits-the-ultimate-collection\/","og_site_name":"Vinilo Zona","article_modified_time":"2025-11-21T20:53:20+00:00","og_image":[{"width":599,"height":594,"url":"https:\/\/vinilozona.lt\/wp-content\/uploads\/2025\/10\/R-21594391-1670419710-1322.jpg","type":"image\/jpeg"}],"twitter_card":"summary_large_image","twitter_misc":{"Estimated reading time":"2 minutes"},"schema":{"@context":"https:\/\/schema.org","@graph":[{"@type":"WebPage","@id":"https:\/\/vinilozona.lt\/parduotuve\/various-rinkiniai\/various-christmas-1-hits-the-ultimate-collection\/","url":"https:\/\/vinilozona.lt\/parduotuve\/various-rinkiniai\/various-christmas-1-hits-the-ultimate-collection\/","name":"Various \u2013 Christmas #1 Hits (The Ultimate Collection) Vinilin\u0117 Plok\u0161tel\u0117 | Vinilozona.lt","isPartOf":{"@id":"https:\/\/vinilozona.lt\/#website"},"primaryImageOfPage":{"@id":"https:\/\/vinilozona.lt\/parduotuve\/various-rinkiniai\/various-christmas-1-hits-the-ultimate-collection\/#primaryimage"},"image":{"@id":"https:\/\/vinilozona.lt\/parduotuve\/various-rinkiniai\/various-christmas-1-hits-the-ultimate-collection\/#primaryimage"},"thumbnailUrl":"https:\/\/vinilozona.lt\/wp-content\/uploads\/2025\/10\/R-21594391-1670419710-1322.jpg","datePublished":"2025-10-03T02:01:22+00:00","dateModified":"2025-11-21T20:53:20+00:00","breadcrumb":{"@id":"https:\/\/vinilozona.lt\/parduotuve\/various-rinkiniai\/various-christmas-1-hits-the-ultimate-collection\/#breadcrumb"},"inLanguage":"en-GB","potentialAction":[{"@type":"ReadAction","target":["https:\/\/vinilozona.lt\/parduotuve\/various-rinkiniai\/various-christmas-1-hits-the-ultimate-collection\/"]}]},{"@type":"ImageObject","inLanguage":"en-GB","@id":"https:\/\/vinilozona.lt\/parduotuve\/various-rinkiniai\/various-christmas-1-hits-the-ultimate-collection\/#primaryimage","url":"https:\/\/vinilozona.lt\/wp-content\/uploads\/2025\/10\/R-21594391-1670419710-1322.jpg","contentUrl":"https:\/\/vinilozona.lt\/wp-content\/uploads\/2025\/10\/R-21594391-1670419710-1322.jpg","width":599,"height":594},{"@type":"BreadcrumbList","@id":"https:\/\/vinilozona.lt\/parduotuve\/various-rinkiniai\/various-christmas-1-hits-the-ultimate-collection\/#breadcrumb","itemListElement":[{"@type":"ListItem","position":1,"name":"Home","item":"https:\/\/vinilozona.lt\/"},{"@type":"ListItem","position":2,"name":"Parduotuv\u0117","item":"https:\/\/vinilozona.lt\/parduotuve\/"},{"@type":"ListItem","position":3,"name":"Various \u2013 Christmas #1 Hits (The Ultimate Collection)"}]},{"@type":"WebSite","@id":"https:\/\/vinilozona.lt\/#website","url":"https:\/\/vinilozona.lt\/","name":"Vinilo Zona","description":"Nup\u016bsk dulkes ir klausyk LP","potentialAction":[{"@type":"SearchAction","target":{"@type":"EntryPoint","urlTemplate":"https:\/\/vinilozona.lt\/?s={search_term_string}"},"query-input":{"@type":"PropertyValueSpecification","valueRequired":true,"valueName":"search_term_string"}}],"inLanguage":"en-GB"}]}},"_links":{"self":[{"href":"https:\/\/vinilozona.lt\/en\/wp-json\/wp\/v2\/product\/29206"}],"collection":[{"href":"https:\/\/vinilozona.lt\/en\/wp-json\/wp\/v2\/product"}],"about":[{"href":"https:\/\/vinilozona.lt\/en\/wp-json\/wp\/v2\/types\/product"}],"wp:featuredmedia":[{"embeddable":true,"href":"https:\/\/vinilozona.lt\/en\/wp-json\/wp\/v2\/media\/29207"}],"wp:attachment":[{"href":"https:\/\/vinilozona.lt\/en\/wp-json\/wp\/v2\/media?parent=29206"}],"wp:term":[{"taxonomy":"product_cat","embeddable":true,"href":"https:\/\/vinilozona.lt\/en\/wp-json\/wp\/v2\/product_cat?post=29206"},{"taxonomy":"product_tag","embeddable":true,"href":"https:\/\/vinilozona.lt\/en\/wp-json\/wp\/v2\/product_tag?post=29206"}],"curies":[{"name":"wp","href":"https:\/\/api.w.org\/{rel}","templated":true}]}}