{"id":29202,"date":"2025-10-03T05:00:08","date_gmt":"2025-10-03T02:00:08","guid":{"rendered":"https:\/\/vinilozona.lt\/?post_type=product&#038;p=29202"},"modified":"2025-12-06T00:29:07","modified_gmt":"2025-12-05T22:29:07","slug":"various-afrobeats","status":"publish","type":"product","link":"https:\/\/vinilozona.lt\/en\/parduotuve\/naujos-lp\/various-afrobeats\/","title":{"rendered":"Various \u2013 Afrobeats"},"content":{"rendered":"<p>A1\tSpace Afro\u2013\tBlessed<br \/>\nA2\tDualbox &#038; Aracy Carvalho\u2013\tFeel (Afrobeats Mix)<br \/>\nA3\tBellestar &#038; Trippynova\u2013\tA Different Path<br \/>\nA4\tNikko Mad &#038; Space Afro\u2013\tOn My Mind (Mona Lisa Mix)<br \/>\nA5\tFuture Soundscapes &#038; Fran\u00e7oise Sanders\u2013\tHonestly<br \/>\nA6\tDualbox &#038; Space Afro\u2013\tUsed To Be<br \/>\nA7\tMotor City Squad\u2013\tOne Truth<br \/>\nB1\tSpace Afro &#038; Monsoon\u2013\tReady<br \/>\nB2\tGeneral Soundbwoy &#038; Nikko Mad\u2013\tYou Trap Me<br \/>\nB3\tGolden Smirk\u2013\tMissing You (Afrobeats Mix)<br \/>\nB4\tDual Sessions\u2013\tUs Together<br \/>\nB5\tUrban Love\u2013\tI Want You, Girl<br \/>\nB6\tSpace Gang (3) &#038; Frederik Young\u2013\tCan&#8217;t Go On<br \/>\nB7\tMax Dubster &#038; General Soundbwoy\u2013\tKenya (General Soundbwoy Mix)<br \/>\nC1\tFuture Soundscapes\u2013\tBody<br \/>\nC2\tMonsoon\u2013\tPretty Nature (Nikko Mad Mix)<br \/>\nC3\tSpace Afro &#038; Nikko Mad\u2013\tLights<br \/>\nC4\tDon &#038; Gene\u2013\tFor My Love (Afrobeats Mix)<br \/>\nC5\tDual Sessions\u2013\tBikini<br \/>\nC6\tMonsoon\u2013\tI Think About You Every Day<br \/>\nC7\tHypnomusic\u2013\tCan&#8217;t Stop<br \/>\nD1\tSpace Afro\u2013\tLiquor (Afrobeats Mix)<br \/>\nD2\tSpace Afro\u2013\tSweet Gal<br \/>\nD3\tMonsoon\u2013\tScars (Afrobeat Mix)<br \/>\nD4\tRhythmic Control\u2013\tBurghalle<br \/>\nD5\tD G\u2013\tSenegal Dreams<br \/>\nD6\tGilbert Mota\u2013\tNumber One<br \/>\nD7\tRhythmic Contro\u2013\tOne, Two, Three<\/p>","protected":false},"excerpt":{"rendered":"<p>Afro Sounds \u2013 FF0054<br \/>\nFormat:<br \/>\n2 x Vinyl, LP, Compilation, Limited Edition, Red Splatter<br \/>\nCountry: Europe<br \/>\nReleased: 2025<br \/>\nGenre:<br \/>\nElectronic, Funk \/ Soul, Folk, World, &#038; Country<br \/>\nStyle:<br \/>\nAfrican, Amapiano, Afrobeat<\/p>","protected":false},"featured_media":29203,"template":"","meta":[],"product_cat":[906,23],"product_tag":[74],"yoast_head":"<!-- This site is optimized with the Yoast SEO plugin v23.5 - https:\/\/yoast.com\/wordpress\/plugins\/seo\/ -->\n<title>Various \u2013 Afrobeats Vinilin\u0117 Plok\u0161tel\u0117 | Vinilozona.lt<\/title>\n<meta name=\"robots\" content=\"index, follow, max-snippet:-1, max-image-preview:large, max-video-preview:-1\" \/>\n<link rel=\"canonical\" href=\"https:\/\/vinilozona.lt\/en\/parduotuve\/naujos-lp\/various-afrobeats\/\" \/>\n<meta property=\"og:locale\" content=\"en_GB\" \/>\n<meta property=\"og:type\" content=\"article\" \/>\n<meta property=\"og:title\" content=\"Various \u2013 Afrobeats Vinilin\u0117 Plok\u0161tel\u0117 | Vinilozona.lt\" \/>\n<meta property=\"og:description\" content=\"Afro Sounds \u2013 FF0054 Format: 2 x Vinyl, LP, Compilation, Limited Edition, Red Splatter Country: Europe Released: 2025 Genre: Electronic, Funk \/ Soul, Folk, World, &amp; Country Style: African, Amapiano, Afrobeat\" \/>\n<meta property=\"og:url\" content=\"https:\/\/vinilozona.lt\/en\/parduotuve\/naujos-lp\/various-afrobeats\/\" \/>\n<meta property=\"og:site_name\" content=\"Vinilo Zona\" \/>\n<meta property=\"article:modified_time\" content=\"2025-12-05T22:29:07+00:00\" \/>\n<meta property=\"og:image\" content=\"https:\/\/vinilozona.lt\/wp-content\/uploads\/2025\/10\/R-34049932-1748002774-6661.jpg\" \/>\n\t<meta property=\"og:image:width\" content=\"589\" \/>\n\t<meta property=\"og:image:height\" content=\"600\" \/>\n\t<meta property=\"og:image:type\" content=\"image\/jpeg\" \/>\n<meta name=\"twitter:card\" content=\"summary_large_image\" \/>\n<meta name=\"twitter:label1\" content=\"Estimated reading time\" \/>\n\t<meta name=\"twitter:data1\" content=\"1 minute\" \/>\n<script type=\"application\/ld+json\" class=\"yoast-schema-graph\">{\"@context\":\"https:\/\/schema.org\",\"@graph\":[{\"@type\":\"WebPage\",\"@id\":\"https:\/\/vinilozona.lt\/parduotuve\/naujos-lp\/various-afrobeats\/\",\"url\":\"https:\/\/vinilozona.lt\/parduotuve\/naujos-lp\/various-afrobeats\/\",\"name\":\"Various \u2013 Afrobeats Vinilin\u0117 Plok\u0161tel\u0117 | Vinilozona.lt\",\"isPartOf\":{\"@id\":\"https:\/\/vinilozona.lt\/#website\"},\"primaryImageOfPage\":{\"@id\":\"https:\/\/vinilozona.lt\/parduotuve\/naujos-lp\/various-afrobeats\/#primaryimage\"},\"image\":{\"@id\":\"https:\/\/vinilozona.lt\/parduotuve\/naujos-lp\/various-afrobeats\/#primaryimage\"},\"thumbnailUrl\":\"https:\/\/vinilozona.lt\/wp-content\/uploads\/2025\/10\/R-34049932-1748002774-6661.jpg\",\"datePublished\":\"2025-10-03T02:00:08+00:00\",\"dateModified\":\"2025-12-05T22:29:07+00:00\",\"breadcrumb\":{\"@id\":\"https:\/\/vinilozona.lt\/parduotuve\/naujos-lp\/various-afrobeats\/#breadcrumb\"},\"inLanguage\":\"en-GB\",\"potentialAction\":[{\"@type\":\"ReadAction\",\"target\":[\"https:\/\/vinilozona.lt\/parduotuve\/naujos-lp\/various-afrobeats\/\"]}]},{\"@type\":\"ImageObject\",\"inLanguage\":\"en-GB\",\"@id\":\"https:\/\/vinilozona.lt\/parduotuve\/naujos-lp\/various-afrobeats\/#primaryimage\",\"url\":\"https:\/\/vinilozona.lt\/wp-content\/uploads\/2025\/10\/R-34049932-1748002774-6661.jpg\",\"contentUrl\":\"https:\/\/vinilozona.lt\/wp-content\/uploads\/2025\/10\/R-34049932-1748002774-6661.jpg\",\"width\":589,\"height\":600},{\"@type\":\"BreadcrumbList\",\"@id\":\"https:\/\/vinilozona.lt\/parduotuve\/naujos-lp\/various-afrobeats\/#breadcrumb\",\"itemListElement\":[{\"@type\":\"ListItem\",\"position\":1,\"name\":\"Home\",\"item\":\"https:\/\/vinilozona.lt\/\"},{\"@type\":\"ListItem\",\"position\":2,\"name\":\"Parduotuv\u0117\",\"item\":\"https:\/\/vinilozona.lt\/parduotuve\/\"},{\"@type\":\"ListItem\",\"position\":3,\"name\":\"Various \u2013 Afrobeats\"}]},{\"@type\":\"WebSite\",\"@id\":\"https:\/\/vinilozona.lt\/#website\",\"url\":\"https:\/\/vinilozona.lt\/\",\"name\":\"Vinilo Zona\",\"description\":\"Nup\u016bsk dulkes ir klausyk LP\",\"potentialAction\":[{\"@type\":\"SearchAction\",\"target\":{\"@type\":\"EntryPoint\",\"urlTemplate\":\"https:\/\/vinilozona.lt\/?s={search_term_string}\"},\"query-input\":{\"@type\":\"PropertyValueSpecification\",\"valueRequired\":true,\"valueName\":\"search_term_string\"}}],\"inLanguage\":\"en-GB\"}]}<\/script>\n<!-- \/ Yoast SEO plugin. -->","yoast_head_json":{"title":"Various \u2013 Afrobeats Vinilin\u0117 Plok\u0161tel\u0117 | Vinilozona.lt","robots":{"index":"index","follow":"follow","max-snippet":"max-snippet:-1","max-image-preview":"max-image-preview:large","max-video-preview":"max-video-preview:-1"},"canonical":"https:\/\/vinilozona.lt\/en\/parduotuve\/naujos-lp\/various-afrobeats\/","og_locale":"en_GB","og_type":"article","og_title":"Various \u2013 Afrobeats Vinilin\u0117 Plok\u0161tel\u0117 | Vinilozona.lt","og_description":"Afro Sounds \u2013 FF0054 Format: 2 x Vinyl, LP, Compilation, Limited Edition, Red Splatter Country: Europe Released: 2025 Genre: Electronic, Funk \/ Soul, Folk, World, & Country Style: African, Amapiano, Afrobeat","og_url":"https:\/\/vinilozona.lt\/en\/parduotuve\/naujos-lp\/various-afrobeats\/","og_site_name":"Vinilo Zona","article_modified_time":"2025-12-05T22:29:07+00:00","og_image":[{"width":589,"height":600,"url":"https:\/\/vinilozona.lt\/wp-content\/uploads\/2025\/10\/R-34049932-1748002774-6661.jpg","type":"image\/jpeg"}],"twitter_card":"summary_large_image","twitter_misc":{"Estimated reading time":"1 minute"},"schema":{"@context":"https:\/\/schema.org","@graph":[{"@type":"WebPage","@id":"https:\/\/vinilozona.lt\/parduotuve\/naujos-lp\/various-afrobeats\/","url":"https:\/\/vinilozona.lt\/parduotuve\/naujos-lp\/various-afrobeats\/","name":"Various \u2013 Afrobeats Vinilin\u0117 Plok\u0161tel\u0117 | Vinilozona.lt","isPartOf":{"@id":"https:\/\/vinilozona.lt\/#website"},"primaryImageOfPage":{"@id":"https:\/\/vinilozona.lt\/parduotuve\/naujos-lp\/various-afrobeats\/#primaryimage"},"image":{"@id":"https:\/\/vinilozona.lt\/parduotuve\/naujos-lp\/various-afrobeats\/#primaryimage"},"thumbnailUrl":"https:\/\/vinilozona.lt\/wp-content\/uploads\/2025\/10\/R-34049932-1748002774-6661.jpg","datePublished":"2025-10-03T02:00:08+00:00","dateModified":"2025-12-05T22:29:07+00:00","breadcrumb":{"@id":"https:\/\/vinilozona.lt\/parduotuve\/naujos-lp\/various-afrobeats\/#breadcrumb"},"inLanguage":"en-GB","potentialAction":[{"@type":"ReadAction","target":["https:\/\/vinilozona.lt\/parduotuve\/naujos-lp\/various-afrobeats\/"]}]},{"@type":"ImageObject","inLanguage":"en-GB","@id":"https:\/\/vinilozona.lt\/parduotuve\/naujos-lp\/various-afrobeats\/#primaryimage","url":"https:\/\/vinilozona.lt\/wp-content\/uploads\/2025\/10\/R-34049932-1748002774-6661.jpg","contentUrl":"https:\/\/vinilozona.lt\/wp-content\/uploads\/2025\/10\/R-34049932-1748002774-6661.jpg","width":589,"height":600},{"@type":"BreadcrumbList","@id":"https:\/\/vinilozona.lt\/parduotuve\/naujos-lp\/various-afrobeats\/#breadcrumb","itemListElement":[{"@type":"ListItem","position":1,"name":"Home","item":"https:\/\/vinilozona.lt\/"},{"@type":"ListItem","position":2,"name":"Parduotuv\u0117","item":"https:\/\/vinilozona.lt\/parduotuve\/"},{"@type":"ListItem","position":3,"name":"Various \u2013 Afrobeats"}]},{"@type":"WebSite","@id":"https:\/\/vinilozona.lt\/#website","url":"https:\/\/vinilozona.lt\/","name":"Vinilo Zona","description":"Nup\u016bsk dulkes ir klausyk LP","potentialAction":[{"@type":"SearchAction","target":{"@type":"EntryPoint","urlTemplate":"https:\/\/vinilozona.lt\/?s={search_term_string}"},"query-input":{"@type":"PropertyValueSpecification","valueRequired":true,"valueName":"search_term_string"}}],"inLanguage":"en-GB"}]}},"_links":{"self":[{"href":"https:\/\/vinilozona.lt\/en\/wp-json\/wp\/v2\/product\/29202"}],"collection":[{"href":"https:\/\/vinilozona.lt\/en\/wp-json\/wp\/v2\/product"}],"about":[{"href":"https:\/\/vinilozona.lt\/en\/wp-json\/wp\/v2\/types\/product"}],"wp:featuredmedia":[{"embeddable":true,"href":"https:\/\/vinilozona.lt\/en\/wp-json\/wp\/v2\/media\/29203"}],"wp:attachment":[{"href":"https:\/\/vinilozona.lt\/en\/wp-json\/wp\/v2\/media?parent=29202"}],"wp:term":[{"taxonomy":"product_cat","embeddable":true,"href":"https:\/\/vinilozona.lt\/en\/wp-json\/wp\/v2\/product_cat?post=29202"},{"taxonomy":"product_tag","embeddable":true,"href":"https:\/\/vinilozona.lt\/en\/wp-json\/wp\/v2\/product_tag?post=29202"}],"curies":[{"name":"wp","href":"https:\/\/api.w.org\/{rel}","templated":true}]}}