{"id":29079,"date":"2025-09-11T05:07:17","date_gmt":"2025-09-11T02:07:17","guid":{"rendered":"https:\/\/vinilozona.lt\/?post_type=product&#038;p=29079"},"modified":"2025-09-11T15:44:59","modified_gmt":"2025-09-11T12:44:59","slug":"jefferson-airplane-flight-log-2lp","status":"publish","type":"product","link":"https:\/\/vinilozona.lt\/en\/parduotuve\/rock-pop\/jefferson-airplane-flight-log-2lp\/","title":{"rendered":"Jefferson Airplane \u2013 Flight Log   2LP"},"content":{"rendered":"<p>Jefferson Airplane\u2013\tCome Up The Years\t2:30<br \/>\nJefferson Airplane\u2013\tWhite Rabbit\t2:27<br \/>\nJefferson Airplane\u2013\tComin&#8217; Back To Me\t5:15<br \/>\nJefferson Airplane\u2013\tWon&#8217;t You Try Saturday Afternoon\t5:02<br \/>\nJefferson Airplane\u2013\tGreasy Heart\t3:25<br \/>\nJefferson Airplane\u2013\tIf You Feel\t3:30<br \/>\nJefferson Airplane\u2013\tSomebody To Love (Live)\t3:46<br \/>\nJefferson Airplane\u2013\tWooden Ships\t6:00<br \/>\nJefferson Airplane\u2013\tVolunteers\t2:03<br \/>\nHot Tuna\u2013\tHesitation Blues (Traditional)\t5:05<br \/>\nPaul Kantner | Jefferson Starship\u2013\tHave You Seen The Stars Tonite\t3:42<br \/>\nGrace Slick &#038; Paul Kantner\u2013\tSilver Spoon\t5:40<br \/>\nJefferson Airplane\u2013\tFeel So Good\t4:35<br \/>\nJefferson Airplane\u2013\tPretty As You Feel\t3:07<br \/>\nJefferson Airplane\u2013\tMilk Train\t3:26<br \/>\nHot Tuna\u2013\tJa Da (Keep On Truckin&#8217;)\t3:40<br \/>\nGrace Slick\u2013\t\u00bfCome Again? Toucan\t3:13<br \/>\nPaul Kantner, Grace Slick, David Freiberg\u2013\tSketches Of China\t5:13<br \/>\nJorma Kaukonen With Tom Hobson\u2013\tGenesis\t4:19<br \/>\nJefferson Starship\u2013\tRide The Tiger\t5:06<br \/>\nJefferson Starship\u2013\tPlease Come Back (Live)\t4:02<\/p>","protected":false},"excerpt":{"rendered":"<p>Grunt  \u2013 CYL2-1255<br \/>\nFormat:<br \/>\n2 x Vinyl, LP, Compilation, Stereo, Gatefold.<br \/>\nCountry:<br \/>\nUS<br \/>\nReleased:<br \/>\n1977<\/p>","protected":false},"featured_media":29082,"template":"","meta":[],"product_cat":[15],"product_tag":[44],"yoast_head":"<!-- This site is optimized with the Yoast SEO plugin v23.5 - https:\/\/yoast.com\/wordpress\/plugins\/seo\/ -->\n<title>Jefferson Airplane \u2013 Flight Log  2LP Vinilin\u0117 Plok\u0161tel\u0117 | Vinilozona.lt<\/title>\n<meta name=\"robots\" content=\"index, follow, max-snippet:-1, max-image-preview:large, max-video-preview:-1\" \/>\n<link rel=\"canonical\" href=\"https:\/\/vinilozona.lt\/en\/parduotuve\/rock-pop\/jefferson-airplane-flight-log-2lp\/\" \/>\n<meta property=\"og:locale\" content=\"en_GB\" \/>\n<meta property=\"og:type\" content=\"article\" \/>\n<meta property=\"og:title\" content=\"Jefferson Airplane \u2013 Flight Log  2LP Vinilin\u0117 Plok\u0161tel\u0117 | Vinilozona.lt\" \/>\n<meta property=\"og:description\" content=\"Grunt \u2013 CYL2-1255 Format: 2 x Vinyl, LP, Compilation, Stereo, Gatefold. Country: US Released: 1977\" \/>\n<meta property=\"og:url\" content=\"https:\/\/vinilozona.lt\/en\/parduotuve\/rock-pop\/jefferson-airplane-flight-log-2lp\/\" \/>\n<meta property=\"og:site_name\" content=\"Vinilo Zona\" \/>\n<meta property=\"article:modified_time\" content=\"2025-09-11T12:44:59+00:00\" \/>\n<meta property=\"og:image\" content=\"https:\/\/vinilozona.lt\/wp-content\/uploads\/2025\/09\/R-1326605-1232079490.jpg\" \/>\n\t<meta property=\"og:image:width\" content=\"450\" \/>\n\t<meta property=\"og:image:height\" content=\"450\" \/>\n\t<meta property=\"og:image:type\" content=\"image\/jpeg\" \/>\n<meta name=\"twitter:card\" content=\"summary_large_image\" \/>\n<meta name=\"twitter:label1\" content=\"Estimated reading time\" \/>\n\t<meta name=\"twitter:data1\" content=\"1 minute\" \/>\n<script type=\"application\/ld+json\" class=\"yoast-schema-graph\">{\"@context\":\"https:\/\/schema.org\",\"@graph\":[{\"@type\":\"WebPage\",\"@id\":\"https:\/\/vinilozona.lt\/parduotuve\/rock-pop\/jefferson-airplane-flight-log-2lp\/\",\"url\":\"https:\/\/vinilozona.lt\/parduotuve\/rock-pop\/jefferson-airplane-flight-log-2lp\/\",\"name\":\"Jefferson Airplane \u2013 Flight Log 2LP Vinilin\u0117 Plok\u0161tel\u0117 | Vinilozona.lt\",\"isPartOf\":{\"@id\":\"https:\/\/vinilozona.lt\/#website\"},\"primaryImageOfPage\":{\"@id\":\"https:\/\/vinilozona.lt\/parduotuve\/rock-pop\/jefferson-airplane-flight-log-2lp\/#primaryimage\"},\"image\":{\"@id\":\"https:\/\/vinilozona.lt\/parduotuve\/rock-pop\/jefferson-airplane-flight-log-2lp\/#primaryimage\"},\"thumbnailUrl\":\"https:\/\/vinilozona.lt\/wp-content\/uploads\/2025\/09\/R-1326605-1232079490.jpg\",\"datePublished\":\"2025-09-11T02:07:17+00:00\",\"dateModified\":\"2025-09-11T12:44:59+00:00\",\"breadcrumb\":{\"@id\":\"https:\/\/vinilozona.lt\/parduotuve\/rock-pop\/jefferson-airplane-flight-log-2lp\/#breadcrumb\"},\"inLanguage\":\"en-GB\",\"potentialAction\":[{\"@type\":\"ReadAction\",\"target\":[\"https:\/\/vinilozona.lt\/parduotuve\/rock-pop\/jefferson-airplane-flight-log-2lp\/\"]}]},{\"@type\":\"ImageObject\",\"inLanguage\":\"en-GB\",\"@id\":\"https:\/\/vinilozona.lt\/parduotuve\/rock-pop\/jefferson-airplane-flight-log-2lp\/#primaryimage\",\"url\":\"https:\/\/vinilozona.lt\/wp-content\/uploads\/2025\/09\/R-1326605-1232079490.jpg\",\"contentUrl\":\"https:\/\/vinilozona.lt\/wp-content\/uploads\/2025\/09\/R-1326605-1232079490.jpg\",\"width\":450,\"height\":450},{\"@type\":\"BreadcrumbList\",\"@id\":\"https:\/\/vinilozona.lt\/parduotuve\/rock-pop\/jefferson-airplane-flight-log-2lp\/#breadcrumb\",\"itemListElement\":[{\"@type\":\"ListItem\",\"position\":1,\"name\":\"Home\",\"item\":\"https:\/\/vinilozona.lt\/\"},{\"@type\":\"ListItem\",\"position\":2,\"name\":\"Parduotuv\u0117\",\"item\":\"https:\/\/vinilozona.lt\/parduotuve\/\"},{\"@type\":\"ListItem\",\"position\":3,\"name\":\"Jefferson Airplane \u2013 Flight Log 2LP\"}]},{\"@type\":\"WebSite\",\"@id\":\"https:\/\/vinilozona.lt\/#website\",\"url\":\"https:\/\/vinilozona.lt\/\",\"name\":\"Vinilo Zona\",\"description\":\"Nup\u016bsk dulkes ir klausyk LP\",\"potentialAction\":[{\"@type\":\"SearchAction\",\"target\":{\"@type\":\"EntryPoint\",\"urlTemplate\":\"https:\/\/vinilozona.lt\/?s={search_term_string}\"},\"query-input\":{\"@type\":\"PropertyValueSpecification\",\"valueRequired\":true,\"valueName\":\"search_term_string\"}}],\"inLanguage\":\"en-GB\"}]}<\/script>\n<!-- \/ Yoast SEO plugin. -->","yoast_head_json":{"title":"Jefferson Airplane \u2013 Flight Log  2LP Vinilin\u0117 Plok\u0161tel\u0117 | Vinilozona.lt","robots":{"index":"index","follow":"follow","max-snippet":"max-snippet:-1","max-image-preview":"max-image-preview:large","max-video-preview":"max-video-preview:-1"},"canonical":"https:\/\/vinilozona.lt\/en\/parduotuve\/rock-pop\/jefferson-airplane-flight-log-2lp\/","og_locale":"en_GB","og_type":"article","og_title":"Jefferson Airplane \u2013 Flight Log  2LP Vinilin\u0117 Plok\u0161tel\u0117 | Vinilozona.lt","og_description":"Grunt \u2013 CYL2-1255 Format: 2 x Vinyl, LP, Compilation, Stereo, Gatefold. Country: US Released: 1977","og_url":"https:\/\/vinilozona.lt\/en\/parduotuve\/rock-pop\/jefferson-airplane-flight-log-2lp\/","og_site_name":"Vinilo Zona","article_modified_time":"2025-09-11T12:44:59+00:00","og_image":[{"width":450,"height":450,"url":"https:\/\/vinilozona.lt\/wp-content\/uploads\/2025\/09\/R-1326605-1232079490.jpg","type":"image\/jpeg"}],"twitter_card":"summary_large_image","twitter_misc":{"Estimated reading time":"1 minute"},"schema":{"@context":"https:\/\/schema.org","@graph":[{"@type":"WebPage","@id":"https:\/\/vinilozona.lt\/parduotuve\/rock-pop\/jefferson-airplane-flight-log-2lp\/","url":"https:\/\/vinilozona.lt\/parduotuve\/rock-pop\/jefferson-airplane-flight-log-2lp\/","name":"Jefferson Airplane \u2013 Flight Log 2LP Vinilin\u0117 Plok\u0161tel\u0117 | Vinilozona.lt","isPartOf":{"@id":"https:\/\/vinilozona.lt\/#website"},"primaryImageOfPage":{"@id":"https:\/\/vinilozona.lt\/parduotuve\/rock-pop\/jefferson-airplane-flight-log-2lp\/#primaryimage"},"image":{"@id":"https:\/\/vinilozona.lt\/parduotuve\/rock-pop\/jefferson-airplane-flight-log-2lp\/#primaryimage"},"thumbnailUrl":"https:\/\/vinilozona.lt\/wp-content\/uploads\/2025\/09\/R-1326605-1232079490.jpg","datePublished":"2025-09-11T02:07:17+00:00","dateModified":"2025-09-11T12:44:59+00:00","breadcrumb":{"@id":"https:\/\/vinilozona.lt\/parduotuve\/rock-pop\/jefferson-airplane-flight-log-2lp\/#breadcrumb"},"inLanguage":"en-GB","potentialAction":[{"@type":"ReadAction","target":["https:\/\/vinilozona.lt\/parduotuve\/rock-pop\/jefferson-airplane-flight-log-2lp\/"]}]},{"@type":"ImageObject","inLanguage":"en-GB","@id":"https:\/\/vinilozona.lt\/parduotuve\/rock-pop\/jefferson-airplane-flight-log-2lp\/#primaryimage","url":"https:\/\/vinilozona.lt\/wp-content\/uploads\/2025\/09\/R-1326605-1232079490.jpg","contentUrl":"https:\/\/vinilozona.lt\/wp-content\/uploads\/2025\/09\/R-1326605-1232079490.jpg","width":450,"height":450},{"@type":"BreadcrumbList","@id":"https:\/\/vinilozona.lt\/parduotuve\/rock-pop\/jefferson-airplane-flight-log-2lp\/#breadcrumb","itemListElement":[{"@type":"ListItem","position":1,"name":"Home","item":"https:\/\/vinilozona.lt\/"},{"@type":"ListItem","position":2,"name":"Parduotuv\u0117","item":"https:\/\/vinilozona.lt\/parduotuve\/"},{"@type":"ListItem","position":3,"name":"Jefferson Airplane \u2013 Flight Log 2LP"}]},{"@type":"WebSite","@id":"https:\/\/vinilozona.lt\/#website","url":"https:\/\/vinilozona.lt\/","name":"Vinilo Zona","description":"Nup\u016bsk dulkes ir klausyk LP","potentialAction":[{"@type":"SearchAction","target":{"@type":"EntryPoint","urlTemplate":"https:\/\/vinilozona.lt\/?s={search_term_string}"},"query-input":{"@type":"PropertyValueSpecification","valueRequired":true,"valueName":"search_term_string"}}],"inLanguage":"en-GB"}]}},"_links":{"self":[{"href":"https:\/\/vinilozona.lt\/en\/wp-json\/wp\/v2\/product\/29079"}],"collection":[{"href":"https:\/\/vinilozona.lt\/en\/wp-json\/wp\/v2\/product"}],"about":[{"href":"https:\/\/vinilozona.lt\/en\/wp-json\/wp\/v2\/types\/product"}],"wp:featuredmedia":[{"embeddable":true,"href":"https:\/\/vinilozona.lt\/en\/wp-json\/wp\/v2\/media\/29082"}],"wp:attachment":[{"href":"https:\/\/vinilozona.lt\/en\/wp-json\/wp\/v2\/media?parent=29079"}],"wp:term":[{"taxonomy":"product_cat","embeddable":true,"href":"https:\/\/vinilozona.lt\/en\/wp-json\/wp\/v2\/product_cat?post=29079"},{"taxonomy":"product_tag","embeddable":true,"href":"https:\/\/vinilozona.lt\/en\/wp-json\/wp\/v2\/product_tag?post=29079"}],"curies":[{"name":"wp","href":"https:\/\/api.w.org\/{rel}","templated":true}]}}