{"id":29072,"date":"2025-07-25T05:13:13","date_gmt":"2025-07-25T02:13:13","guid":{"rendered":"https:\/\/vinilozona.lt\/?post_type=product&#038;p=29072"},"modified":"2025-12-25T16:16:33","modified_gmt":"2025-12-25T14:16:33","slug":"doctor-hook-and-the-medicine-show-doctor-hook","status":"publish","type":"product","link":"https:\/\/vinilozona.lt\/en\/parduotuve\/rock-pop\/doctor-hook-and-the-medicine-show-doctor-hook\/","title":{"rendered":"Doctor Hook And The Medicine Show \u2013 Doctor Hook"},"content":{"rendered":"<p>Sylvia&#8217;s Mother\t3:55<br \/>\nMarie Lavaux\t4:45<br \/>\nSing Me A Rainbow\t2:31<br \/>\nHey, Lady Godiva\t2:17<br \/>\nFour Years Older Than Me\t2:26<br \/>\nKiss It Away\t4:02<br \/>\nMakin&#8217; It Natural\t2:50<br \/>\nI Call That True Love\t2:59<br \/>\nWhen She Cries\t3:00<br \/>\nJudy\t3:45<br \/>\nMama, I&#8217;ll Sing One Song For You\t2:32<\/p>","protected":false},"excerpt":{"rendered":"<p>Embassy \u2013 EMB 31201<br \/>\nFormat:<br \/>\nVinyl, LP, Album, Reissue, Stereo<br \/>\nCountry:<br \/>\nEurope<\/p>","protected":false},"featured_media":29073,"template":"","meta":[],"product_cat":[15],"product_tag":[44],"yoast_head":"<!-- This site is optimized with the Yoast SEO plugin v23.5 - https:\/\/yoast.com\/wordpress\/plugins\/seo\/ -->\n<title>Doctor Hook And The Medicine Show \u2013 Doctor Hook Vinilin\u0117 Plok\u0161tel\u0117 | Vinilozona.lt<\/title>\n<meta name=\"robots\" content=\"index, follow, max-snippet:-1, max-image-preview:large, max-video-preview:-1\" \/>\n<link rel=\"canonical\" href=\"https:\/\/vinilozona.lt\/en\/parduotuve\/rock-pop\/doctor-hook-and-the-medicine-show-doctor-hook\/\" \/>\n<meta property=\"og:locale\" content=\"en_GB\" \/>\n<meta property=\"og:type\" content=\"article\" \/>\n<meta property=\"og:title\" content=\"Doctor Hook And The Medicine Show \u2013 Doctor Hook Vinilin\u0117 Plok\u0161tel\u0117 | Vinilozona.lt\" \/>\n<meta property=\"og:description\" content=\"Embassy \u2013 EMB 31201 Format: Vinyl, LP, Album, Reissue, Stereo Country: Europe\" \/>\n<meta property=\"og:url\" content=\"https:\/\/vinilozona.lt\/en\/parduotuve\/rock-pop\/doctor-hook-and-the-medicine-show-doctor-hook\/\" \/>\n<meta property=\"og:site_name\" content=\"Vinilo Zona\" \/>\n<meta property=\"article:modified_time\" content=\"2025-12-25T14:16:33+00:00\" \/>\n<meta property=\"og:image\" content=\"https:\/\/vinilozona.lt\/wp-content\/uploads\/2025\/09\/R-33337649-1741353466-9349.jpg\" \/>\n\t<meta property=\"og:image:width\" content=\"599\" \/>\n\t<meta property=\"og:image:height\" content=\"595\" \/>\n\t<meta property=\"og:image:type\" content=\"image\/jpeg\" \/>\n<meta name=\"twitter:card\" content=\"summary_large_image\" \/>\n<meta name=\"twitter:label1\" content=\"Estimated reading time\" \/>\n\t<meta name=\"twitter:data1\" content=\"1 minute\" \/>\n<script type=\"application\/ld+json\" class=\"yoast-schema-graph\">{\"@context\":\"https:\/\/schema.org\",\"@graph\":[{\"@type\":\"WebPage\",\"@id\":\"https:\/\/vinilozona.lt\/parduotuve\/rock-pop\/doctor-hook-and-the-medicine-show-doctor-hook\/\",\"url\":\"https:\/\/vinilozona.lt\/parduotuve\/rock-pop\/doctor-hook-and-the-medicine-show-doctor-hook\/\",\"name\":\"Doctor Hook And The Medicine Show \u2013 Doctor Hook Vinilin\u0117 Plok\u0161tel\u0117 | Vinilozona.lt\",\"isPartOf\":{\"@id\":\"https:\/\/vinilozona.lt\/#website\"},\"primaryImageOfPage\":{\"@id\":\"https:\/\/vinilozona.lt\/parduotuve\/rock-pop\/doctor-hook-and-the-medicine-show-doctor-hook\/#primaryimage\"},\"image\":{\"@id\":\"https:\/\/vinilozona.lt\/parduotuve\/rock-pop\/doctor-hook-and-the-medicine-show-doctor-hook\/#primaryimage\"},\"thumbnailUrl\":\"https:\/\/vinilozona.lt\/wp-content\/uploads\/2025\/09\/R-33337649-1741353466-9349.jpg\",\"datePublished\":\"2025-07-25T02:13:13+00:00\",\"dateModified\":\"2025-12-25T14:16:33+00:00\",\"breadcrumb\":{\"@id\":\"https:\/\/vinilozona.lt\/parduotuve\/rock-pop\/doctor-hook-and-the-medicine-show-doctor-hook\/#breadcrumb\"},\"inLanguage\":\"en-GB\",\"potentialAction\":[{\"@type\":\"ReadAction\",\"target\":[\"https:\/\/vinilozona.lt\/parduotuve\/rock-pop\/doctor-hook-and-the-medicine-show-doctor-hook\/\"]}]},{\"@type\":\"ImageObject\",\"inLanguage\":\"en-GB\",\"@id\":\"https:\/\/vinilozona.lt\/parduotuve\/rock-pop\/doctor-hook-and-the-medicine-show-doctor-hook\/#primaryimage\",\"url\":\"https:\/\/vinilozona.lt\/wp-content\/uploads\/2025\/09\/R-33337649-1741353466-9349.jpg\",\"contentUrl\":\"https:\/\/vinilozona.lt\/wp-content\/uploads\/2025\/09\/R-33337649-1741353466-9349.jpg\",\"width\":599,\"height\":595},{\"@type\":\"BreadcrumbList\",\"@id\":\"https:\/\/vinilozona.lt\/parduotuve\/rock-pop\/doctor-hook-and-the-medicine-show-doctor-hook\/#breadcrumb\",\"itemListElement\":[{\"@type\":\"ListItem\",\"position\":1,\"name\":\"Home\",\"item\":\"https:\/\/vinilozona.lt\/\"},{\"@type\":\"ListItem\",\"position\":2,\"name\":\"Parduotuv\u0117\",\"item\":\"https:\/\/vinilozona.lt\/parduotuve\/\"},{\"@type\":\"ListItem\",\"position\":3,\"name\":\"Doctor Hook And The Medicine Show \u2013 Doctor Hook\"}]},{\"@type\":\"WebSite\",\"@id\":\"https:\/\/vinilozona.lt\/#website\",\"url\":\"https:\/\/vinilozona.lt\/\",\"name\":\"Vinilo Zona\",\"description\":\"Nup\u016bsk dulkes ir klausyk LP\",\"potentialAction\":[{\"@type\":\"SearchAction\",\"target\":{\"@type\":\"EntryPoint\",\"urlTemplate\":\"https:\/\/vinilozona.lt\/?s={search_term_string}\"},\"query-input\":{\"@type\":\"PropertyValueSpecification\",\"valueRequired\":true,\"valueName\":\"search_term_string\"}}],\"inLanguage\":\"en-GB\"}]}<\/script>\n<!-- \/ Yoast SEO plugin. -->","yoast_head_json":{"title":"Doctor Hook And The Medicine Show \u2013 Doctor Hook Vinilin\u0117 Plok\u0161tel\u0117 | Vinilozona.lt","robots":{"index":"index","follow":"follow","max-snippet":"max-snippet:-1","max-image-preview":"max-image-preview:large","max-video-preview":"max-video-preview:-1"},"canonical":"https:\/\/vinilozona.lt\/en\/parduotuve\/rock-pop\/doctor-hook-and-the-medicine-show-doctor-hook\/","og_locale":"en_GB","og_type":"article","og_title":"Doctor Hook And The Medicine Show \u2013 Doctor Hook Vinilin\u0117 Plok\u0161tel\u0117 | Vinilozona.lt","og_description":"Embassy \u2013 EMB 31201 Format: Vinyl, LP, Album, Reissue, Stereo Country: Europe","og_url":"https:\/\/vinilozona.lt\/en\/parduotuve\/rock-pop\/doctor-hook-and-the-medicine-show-doctor-hook\/","og_site_name":"Vinilo Zona","article_modified_time":"2025-12-25T14:16:33+00:00","og_image":[{"width":599,"height":595,"url":"https:\/\/vinilozona.lt\/wp-content\/uploads\/2025\/09\/R-33337649-1741353466-9349.jpg","type":"image\/jpeg"}],"twitter_card":"summary_large_image","twitter_misc":{"Estimated reading time":"1 minute"},"schema":{"@context":"https:\/\/schema.org","@graph":[{"@type":"WebPage","@id":"https:\/\/vinilozona.lt\/parduotuve\/rock-pop\/doctor-hook-and-the-medicine-show-doctor-hook\/","url":"https:\/\/vinilozona.lt\/parduotuve\/rock-pop\/doctor-hook-and-the-medicine-show-doctor-hook\/","name":"Doctor Hook And The Medicine Show \u2013 Doctor Hook Vinilin\u0117 Plok\u0161tel\u0117 | Vinilozona.lt","isPartOf":{"@id":"https:\/\/vinilozona.lt\/#website"},"primaryImageOfPage":{"@id":"https:\/\/vinilozona.lt\/parduotuve\/rock-pop\/doctor-hook-and-the-medicine-show-doctor-hook\/#primaryimage"},"image":{"@id":"https:\/\/vinilozona.lt\/parduotuve\/rock-pop\/doctor-hook-and-the-medicine-show-doctor-hook\/#primaryimage"},"thumbnailUrl":"https:\/\/vinilozona.lt\/wp-content\/uploads\/2025\/09\/R-33337649-1741353466-9349.jpg","datePublished":"2025-07-25T02:13:13+00:00","dateModified":"2025-12-25T14:16:33+00:00","breadcrumb":{"@id":"https:\/\/vinilozona.lt\/parduotuve\/rock-pop\/doctor-hook-and-the-medicine-show-doctor-hook\/#breadcrumb"},"inLanguage":"en-GB","potentialAction":[{"@type":"ReadAction","target":["https:\/\/vinilozona.lt\/parduotuve\/rock-pop\/doctor-hook-and-the-medicine-show-doctor-hook\/"]}]},{"@type":"ImageObject","inLanguage":"en-GB","@id":"https:\/\/vinilozona.lt\/parduotuve\/rock-pop\/doctor-hook-and-the-medicine-show-doctor-hook\/#primaryimage","url":"https:\/\/vinilozona.lt\/wp-content\/uploads\/2025\/09\/R-33337649-1741353466-9349.jpg","contentUrl":"https:\/\/vinilozona.lt\/wp-content\/uploads\/2025\/09\/R-33337649-1741353466-9349.jpg","width":599,"height":595},{"@type":"BreadcrumbList","@id":"https:\/\/vinilozona.lt\/parduotuve\/rock-pop\/doctor-hook-and-the-medicine-show-doctor-hook\/#breadcrumb","itemListElement":[{"@type":"ListItem","position":1,"name":"Home","item":"https:\/\/vinilozona.lt\/"},{"@type":"ListItem","position":2,"name":"Parduotuv\u0117","item":"https:\/\/vinilozona.lt\/parduotuve\/"},{"@type":"ListItem","position":3,"name":"Doctor Hook And The Medicine Show \u2013 Doctor Hook"}]},{"@type":"WebSite","@id":"https:\/\/vinilozona.lt\/#website","url":"https:\/\/vinilozona.lt\/","name":"Vinilo Zona","description":"Nup\u016bsk dulkes ir klausyk LP","potentialAction":[{"@type":"SearchAction","target":{"@type":"EntryPoint","urlTemplate":"https:\/\/vinilozona.lt\/?s={search_term_string}"},"query-input":{"@type":"PropertyValueSpecification","valueRequired":true,"valueName":"search_term_string"}}],"inLanguage":"en-GB"}]}},"_links":{"self":[{"href":"https:\/\/vinilozona.lt\/en\/wp-json\/wp\/v2\/product\/29072"}],"collection":[{"href":"https:\/\/vinilozona.lt\/en\/wp-json\/wp\/v2\/product"}],"about":[{"href":"https:\/\/vinilozona.lt\/en\/wp-json\/wp\/v2\/types\/product"}],"wp:featuredmedia":[{"embeddable":true,"href":"https:\/\/vinilozona.lt\/en\/wp-json\/wp\/v2\/media\/29073"}],"wp:attachment":[{"href":"https:\/\/vinilozona.lt\/en\/wp-json\/wp\/v2\/media?parent=29072"}],"wp:term":[{"taxonomy":"product_cat","embeddable":true,"href":"https:\/\/vinilozona.lt\/en\/wp-json\/wp\/v2\/product_cat?post=29072"},{"taxonomy":"product_tag","embeddable":true,"href":"https:\/\/vinilozona.lt\/en\/wp-json\/wp\/v2\/product_tag?post=29072"}],"curies":[{"name":"wp","href":"https:\/\/api.w.org\/{rel}","templated":true}]}}