{"id":2902,"date":"2024-01-22T05:01:59","date_gmt":"2024-01-22T03:01:59","guid":{"rendered":"https:\/\/vinylhome.lt\/?post_type=product&#038;p=2902"},"modified":"2024-01-21T07:04:13","modified_gmt":"2024-01-21T05:04:13","slug":"j-j-johnson-%e2%80%8e-proof-positive","status":"publish","type":"product","link":"https:\/\/vinilozona.lt\/en\/parduotuve\/jazz\/j-j-johnson-%e2%80%8e-proof-positive\/","title":{"rendered":"Lou Donaldson \u2013 Ha&#8217; Mercy"},"content":{"rendered":"<p>A1\t\tHello Dolly  4:53<br \/>\nA2\t\tWig Blues  3:53<br \/>\nA3\t\tCole Slaw  3:01<br \/>\nA4\t\tMan With A Horn  5:02<br \/>\nA5\t\tL. D. Blues  3:10<br \/>\nB1\t\tFried Buzzard  8:23<br \/>\nB2\t\tTime After Time  2:30<br \/>\nB3\t\tSi Si Safronia  5:30<br \/>\nB4\t\tTippin In  4:50<br \/>\nC1\t\tPossum Head  3:14<br \/>\nC2\t\tWho Can I Turn To  4:21<br \/>\nC3\t\tWe  2:52<br \/>\nC4\t\tHa&#8217; Mercy  5:22<br \/>\nD1\t\tSkylark  3:55<br \/>\nD2\t\tHerman&#8217;s Mambo 4:47<br \/>\nD3\t\tSecret Love  5:40<br \/>\nD4\t\tSignifyin&#8217;  7:03<\/p>","protected":false},"excerpt":{"rendered":"<p>Cadet \u2013 2CA 1 60007<br \/>\nFormat:<br \/>\n2 x Vinyl, LP, Compilation<br \/>\nCountry:\tUS<br \/>\nReleased:\t1971<\/p>","protected":false},"featured_media":24017,"template":"","meta":[],"product_cat":[20],"product_tag":[44],"yoast_head":"<!-- This site is optimized with the Yoast SEO plugin v23.5 - https:\/\/yoast.com\/wordpress\/plugins\/seo\/ -->\n<title>Lou Donaldson \u2013 Ha&#039; Mercy Vinilin\u0117 Plok\u0161tel\u0117 | Vinilozona.lt<\/title>\n<meta name=\"robots\" content=\"index, follow, max-snippet:-1, max-image-preview:large, max-video-preview:-1\" \/>\n<link rel=\"canonical\" href=\"https:\/\/vinilozona.lt\/en\/parduotuve\/jazz\/j-j-johnson-\u200e-proof-positive\/\" \/>\n<meta property=\"og:locale\" content=\"en_GB\" \/>\n<meta property=\"og:type\" content=\"article\" \/>\n<meta property=\"og:title\" content=\"Lou Donaldson \u2013 Ha&#039; Mercy Vinilin\u0117 Plok\u0161tel\u0117 | Vinilozona.lt\" \/>\n<meta property=\"og:description\" content=\"Cadet \u2013 2CA 1 60007 Format:  2 x Vinyl, LP, Compilation Country: US Released: 1971\" \/>\n<meta property=\"og:url\" content=\"https:\/\/vinilozona.lt\/en\/parduotuve\/jazz\/j-j-johnson-\u200e-proof-positive\/\" \/>\n<meta property=\"og:site_name\" content=\"Vinilo Zona\" \/>\n<meta property=\"article:modified_time\" content=\"2024-01-21T05:04:13+00:00\" \/>\n<meta property=\"og:image\" content=\"https:\/\/vinilozona.lt\/wp-content\/uploads\/2020\/01\/R-2742731-1321016797.jpg\" \/>\n\t<meta property=\"og:image:width\" content=\"288\" \/>\n\t<meta property=\"og:image:height\" content=\"288\" \/>\n\t<meta property=\"og:image:type\" content=\"image\/jpeg\" \/>\n<meta name=\"twitter:card\" content=\"summary_large_image\" \/>\n<script type=\"application\/ld+json\" class=\"yoast-schema-graph\">{\"@context\":\"https:\/\/schema.org\",\"@graph\":[{\"@type\":\"WebPage\",\"@id\":\"https:\/\/vinilozona.lt\/en\/parduotuve\/jazz\/j-j-johnson-%e2%80%8e-proof-positive\/\",\"url\":\"https:\/\/vinilozona.lt\/en\/parduotuve\/jazz\/j-j-johnson-%e2%80%8e-proof-positive\/\",\"name\":\"Lou Donaldson \u2013 Ha' Mercy Vinilin\u0117 Plok\u0161tel\u0117 | Vinilozona.lt\",\"isPartOf\":{\"@id\":\"https:\/\/vinilozona.lt\/#website\"},\"primaryImageOfPage\":{\"@id\":\"https:\/\/vinilozona.lt\/en\/parduotuve\/jazz\/j-j-johnson-%e2%80%8e-proof-positive\/#primaryimage\"},\"image\":{\"@id\":\"https:\/\/vinilozona.lt\/en\/parduotuve\/jazz\/j-j-johnson-%e2%80%8e-proof-positive\/#primaryimage\"},\"thumbnailUrl\":\"https:\/\/vinilozona.lt\/wp-content\/uploads\/2020\/01\/R-2742731-1321016797.jpg\",\"datePublished\":\"2024-01-22T03:01:59+00:00\",\"dateModified\":\"2024-01-21T05:04:13+00:00\",\"breadcrumb\":{\"@id\":\"https:\/\/vinilozona.lt\/en\/parduotuve\/jazz\/j-j-johnson-%e2%80%8e-proof-positive\/#breadcrumb\"},\"inLanguage\":\"en-GB\",\"potentialAction\":[{\"@type\":\"ReadAction\",\"target\":[\"https:\/\/vinilozona.lt\/en\/parduotuve\/jazz\/j-j-johnson-%e2%80%8e-proof-positive\/\"]}]},{\"@type\":\"ImageObject\",\"inLanguage\":\"en-GB\",\"@id\":\"https:\/\/vinilozona.lt\/en\/parduotuve\/jazz\/j-j-johnson-%e2%80%8e-proof-positive\/#primaryimage\",\"url\":\"https:\/\/vinilozona.lt\/wp-content\/uploads\/2020\/01\/R-2742731-1321016797.jpg\",\"contentUrl\":\"https:\/\/vinilozona.lt\/wp-content\/uploads\/2020\/01\/R-2742731-1321016797.jpg\",\"width\":288,\"height\":288},{\"@type\":\"BreadcrumbList\",\"@id\":\"https:\/\/vinilozona.lt\/en\/parduotuve\/jazz\/j-j-johnson-%e2%80%8e-proof-positive\/#breadcrumb\",\"itemListElement\":[{\"@type\":\"ListItem\",\"position\":1,\"name\":\"Home\",\"item\":\"https:\/\/vinilozona.lt\/\"},{\"@type\":\"ListItem\",\"position\":2,\"name\":\"Parduotuv\u0117\",\"item\":\"https:\/\/vinilozona.lt\/parduotuve\/\"},{\"@type\":\"ListItem\",\"position\":3,\"name\":\"Lou Donaldson \u2013 Ha&#8217; Mercy\"}]},{\"@type\":\"WebSite\",\"@id\":\"https:\/\/vinilozona.lt\/#website\",\"url\":\"https:\/\/vinilozona.lt\/\",\"name\":\"Vinilo Zona\",\"description\":\"Nup\u016bsk dulkes ir klausyk LP\",\"potentialAction\":[{\"@type\":\"SearchAction\",\"target\":{\"@type\":\"EntryPoint\",\"urlTemplate\":\"https:\/\/vinilozona.lt\/?s={search_term_string}\"},\"query-input\":{\"@type\":\"PropertyValueSpecification\",\"valueRequired\":true,\"valueName\":\"search_term_string\"}}],\"inLanguage\":\"en-GB\"}]}<\/script>\n<!-- \/ Yoast SEO plugin. -->","yoast_head_json":{"title":"Lou Donaldson \u2013 Ha' Mercy Vinilin\u0117 Plok\u0161tel\u0117 | Vinilozona.lt","robots":{"index":"index","follow":"follow","max-snippet":"max-snippet:-1","max-image-preview":"max-image-preview:large","max-video-preview":"max-video-preview:-1"},"canonical":"https:\/\/vinilozona.lt\/en\/parduotuve\/jazz\/j-j-johnson-\u200e-proof-positive\/","og_locale":"en_GB","og_type":"article","og_title":"Lou Donaldson \u2013 Ha' Mercy Vinilin\u0117 Plok\u0161tel\u0117 | Vinilozona.lt","og_description":"Cadet \u2013 2CA 1 60007 Format:  2 x Vinyl, LP, Compilation Country: US Released: 1971","og_url":"https:\/\/vinilozona.lt\/en\/parduotuve\/jazz\/j-j-johnson-\u200e-proof-positive\/","og_site_name":"Vinilo Zona","article_modified_time":"2024-01-21T05:04:13+00:00","og_image":[{"width":288,"height":288,"url":"https:\/\/vinilozona.lt\/wp-content\/uploads\/2020\/01\/R-2742731-1321016797.jpg","type":"image\/jpeg"}],"twitter_card":"summary_large_image","schema":{"@context":"https:\/\/schema.org","@graph":[{"@type":"WebPage","@id":"https:\/\/vinilozona.lt\/en\/parduotuve\/jazz\/j-j-johnson-%e2%80%8e-proof-positive\/","url":"https:\/\/vinilozona.lt\/en\/parduotuve\/jazz\/j-j-johnson-%e2%80%8e-proof-positive\/","name":"Lou Donaldson \u2013 Ha' Mercy Vinilin\u0117 Plok\u0161tel\u0117 | Vinilozona.lt","isPartOf":{"@id":"https:\/\/vinilozona.lt\/#website"},"primaryImageOfPage":{"@id":"https:\/\/vinilozona.lt\/en\/parduotuve\/jazz\/j-j-johnson-%e2%80%8e-proof-positive\/#primaryimage"},"image":{"@id":"https:\/\/vinilozona.lt\/en\/parduotuve\/jazz\/j-j-johnson-%e2%80%8e-proof-positive\/#primaryimage"},"thumbnailUrl":"https:\/\/vinilozona.lt\/wp-content\/uploads\/2020\/01\/R-2742731-1321016797.jpg","datePublished":"2024-01-22T03:01:59+00:00","dateModified":"2024-01-21T05:04:13+00:00","breadcrumb":{"@id":"https:\/\/vinilozona.lt\/en\/parduotuve\/jazz\/j-j-johnson-%e2%80%8e-proof-positive\/#breadcrumb"},"inLanguage":"en-GB","potentialAction":[{"@type":"ReadAction","target":["https:\/\/vinilozona.lt\/en\/parduotuve\/jazz\/j-j-johnson-%e2%80%8e-proof-positive\/"]}]},{"@type":"ImageObject","inLanguage":"en-GB","@id":"https:\/\/vinilozona.lt\/en\/parduotuve\/jazz\/j-j-johnson-%e2%80%8e-proof-positive\/#primaryimage","url":"https:\/\/vinilozona.lt\/wp-content\/uploads\/2020\/01\/R-2742731-1321016797.jpg","contentUrl":"https:\/\/vinilozona.lt\/wp-content\/uploads\/2020\/01\/R-2742731-1321016797.jpg","width":288,"height":288},{"@type":"BreadcrumbList","@id":"https:\/\/vinilozona.lt\/en\/parduotuve\/jazz\/j-j-johnson-%e2%80%8e-proof-positive\/#breadcrumb","itemListElement":[{"@type":"ListItem","position":1,"name":"Home","item":"https:\/\/vinilozona.lt\/"},{"@type":"ListItem","position":2,"name":"Parduotuv\u0117","item":"https:\/\/vinilozona.lt\/parduotuve\/"},{"@type":"ListItem","position":3,"name":"Lou Donaldson \u2013 Ha&#8217; Mercy"}]},{"@type":"WebSite","@id":"https:\/\/vinilozona.lt\/#website","url":"https:\/\/vinilozona.lt\/","name":"Vinilo Zona","description":"Nup\u016bsk dulkes ir klausyk LP","potentialAction":[{"@type":"SearchAction","target":{"@type":"EntryPoint","urlTemplate":"https:\/\/vinilozona.lt\/?s={search_term_string}"},"query-input":{"@type":"PropertyValueSpecification","valueRequired":true,"valueName":"search_term_string"}}],"inLanguage":"en-GB"}]}},"_links":{"self":[{"href":"https:\/\/vinilozona.lt\/en\/wp-json\/wp\/v2\/product\/2902"}],"collection":[{"href":"https:\/\/vinilozona.lt\/en\/wp-json\/wp\/v2\/product"}],"about":[{"href":"https:\/\/vinilozona.lt\/en\/wp-json\/wp\/v2\/types\/product"}],"wp:featuredmedia":[{"embeddable":true,"href":"https:\/\/vinilozona.lt\/en\/wp-json\/wp\/v2\/media\/24017"}],"wp:attachment":[{"href":"https:\/\/vinilozona.lt\/en\/wp-json\/wp\/v2\/media?parent=2902"}],"wp:term":[{"taxonomy":"product_cat","embeddable":true,"href":"https:\/\/vinilozona.lt\/en\/wp-json\/wp\/v2\/product_cat?post=2902"},{"taxonomy":"product_tag","embeddable":true,"href":"https:\/\/vinilozona.lt\/en\/wp-json\/wp\/v2\/product_tag?post=2902"}],"curies":[{"name":"wp","href":"https:\/\/api.w.org\/{rel}","templated":true}]}}