{"id":29017,"date":"2025-09-01T05:09:29","date_gmt":"2025-09-01T02:09:29","guid":{"rendered":"https:\/\/vinilozona.lt\/?post_type=product&#038;p=29017"},"modified":"2025-09-01T08:09:54","modified_gmt":"2025-09-01T05:09:54","slug":"various-the-summit-elo-dire-straits-supertramp-led-zeppelin","status":"publish","type":"product","link":"https:\/\/vinilozona.lt\/en\/parduotuve\/various-rinkiniai\/various-the-summit-elo-dire-straits-supertramp-led-zeppelin\/","title":{"rendered":"Various \u2013 The Summit  (ELO, Dire Straits, Supertramp, Led Zeppelin&#8230; )"},"content":{"rendered":"<p>Electric Light Orchestra\u2013\tShine A Little Love\t4:07<br \/>\nWings (2)\u2013\tJet\t4:03<br \/>\nGerry Rafferty\u2013\tBaker Street\t3:57<br \/>\nDire Straits\u2013\tSultans Of Swing\t5:45<br \/>\nEric Clapton\u2013\tLet It Grow\t4:21<br \/>\nElton John\u2013\tSorry Seems To Be The Hardest Word\t3:41<br \/>\nCliff Richard\u2013\tDevil Woman\t3:32<br \/>\nSupertramp\u2013\tGive A Little Bit\t3:20<br \/>\nThin Lizzy\u2013\tBoys Are Back In Town\t4:24<br \/>\nYes\u2013\tDon&#8217;t Kill The Whale\t3:53<br \/>\nPink Floyd\u2013\tWelcome To The Machine\t6:20<br \/>\nBad Company (3)\u2013\tRock &#038; Roll Fantasy\t3:16<br \/>\nLed Zeppelin\u2013\tCandy Store Rock\t4:05<\/p>","protected":false},"excerpt":{"rendered":"<p>K-Tel \u2013 NE 1067<br \/>\nFormat:<br \/>\nVinyl, LP, Album, Compilation, Stereo, Orlake Pressing<br \/>\nCountry:<br \/>\nUK<br \/>\nReleased:<br \/>\n1980<\/p>","protected":false},"featured_media":29018,"template":"","meta":[],"product_cat":[906],"product_tag":[44],"yoast_head":"<!-- This site is optimized with the Yoast SEO plugin v23.5 - https:\/\/yoast.com\/wordpress\/plugins\/seo\/ -->\n<title>Various \u2013 The Summit (ELO, Dire Straits, Supertramp, Led Zeppelin... ) Vinilin\u0117 Plok\u0161tel\u0117 | Vinilozona.lt<\/title>\n<meta name=\"robots\" content=\"index, follow, max-snippet:-1, max-image-preview:large, max-video-preview:-1\" \/>\n<link rel=\"canonical\" href=\"https:\/\/vinilozona.lt\/en\/parduotuve\/various-rinkiniai\/various-the-summit-elo-dire-straits-supertramp-led-zeppelin\/\" \/>\n<meta property=\"og:locale\" content=\"en_GB\" \/>\n<meta property=\"og:type\" content=\"article\" \/>\n<meta property=\"og:title\" content=\"Various \u2013 The Summit (ELO, Dire Straits, Supertramp, Led Zeppelin... ) Vinilin\u0117 Plok\u0161tel\u0117 | Vinilozona.lt\" \/>\n<meta property=\"og:description\" content=\"K-Tel \u2013 NE 1067 Format: Vinyl, LP, Album, Compilation, Stereo, Orlake Pressing Country: UK Released: 1980\" \/>\n<meta property=\"og:url\" content=\"https:\/\/vinilozona.lt\/en\/parduotuve\/various-rinkiniai\/various-the-summit-elo-dire-straits-supertramp-led-zeppelin\/\" \/>\n<meta property=\"og:site_name\" content=\"Vinilo Zona\" \/>\n<meta property=\"article:modified_time\" content=\"2025-09-01T05:09:54+00:00\" \/>\n<meta property=\"og:image\" content=\"https:\/\/vinilozona.lt\/wp-content\/uploads\/2025\/09\/R-12954632-1545250580-7021.jpg\" \/>\n\t<meta property=\"og:image:width\" content=\"600\" \/>\n\t<meta property=\"og:image:height\" content=\"598\" \/>\n\t<meta property=\"og:image:type\" content=\"image\/jpeg\" \/>\n<meta name=\"twitter:card\" content=\"summary_large_image\" \/>\n<meta name=\"twitter:label1\" content=\"Estimated reading time\" \/>\n\t<meta name=\"twitter:data1\" content=\"1 minute\" \/>\n<script type=\"application\/ld+json\" class=\"yoast-schema-graph\">{\"@context\":\"https:\/\/schema.org\",\"@graph\":[{\"@type\":\"WebPage\",\"@id\":\"https:\/\/vinilozona.lt\/parduotuve\/various-rinkiniai\/various-the-summit-elo-dire-straits-supertramp-led-zeppelin\/\",\"url\":\"https:\/\/vinilozona.lt\/parduotuve\/various-rinkiniai\/various-the-summit-elo-dire-straits-supertramp-led-zeppelin\/\",\"name\":\"Various \u2013 The Summit (ELO, Dire Straits, Supertramp, Led Zeppelin... ) Vinilin\u0117 Plok\u0161tel\u0117 | Vinilozona.lt\",\"isPartOf\":{\"@id\":\"https:\/\/vinilozona.lt\/#website\"},\"primaryImageOfPage\":{\"@id\":\"https:\/\/vinilozona.lt\/parduotuve\/various-rinkiniai\/various-the-summit-elo-dire-straits-supertramp-led-zeppelin\/#primaryimage\"},\"image\":{\"@id\":\"https:\/\/vinilozona.lt\/parduotuve\/various-rinkiniai\/various-the-summit-elo-dire-straits-supertramp-led-zeppelin\/#primaryimage\"},\"thumbnailUrl\":\"https:\/\/vinilozona.lt\/wp-content\/uploads\/2025\/09\/R-12954632-1545250580-7021.jpg\",\"datePublished\":\"2025-09-01T02:09:29+00:00\",\"dateModified\":\"2025-09-01T05:09:54+00:00\",\"breadcrumb\":{\"@id\":\"https:\/\/vinilozona.lt\/parduotuve\/various-rinkiniai\/various-the-summit-elo-dire-straits-supertramp-led-zeppelin\/#breadcrumb\"},\"inLanguage\":\"en-GB\",\"potentialAction\":[{\"@type\":\"ReadAction\",\"target\":[\"https:\/\/vinilozona.lt\/parduotuve\/various-rinkiniai\/various-the-summit-elo-dire-straits-supertramp-led-zeppelin\/\"]}]},{\"@type\":\"ImageObject\",\"inLanguage\":\"en-GB\",\"@id\":\"https:\/\/vinilozona.lt\/parduotuve\/various-rinkiniai\/various-the-summit-elo-dire-straits-supertramp-led-zeppelin\/#primaryimage\",\"url\":\"https:\/\/vinilozona.lt\/wp-content\/uploads\/2025\/09\/R-12954632-1545250580-7021.jpg\",\"contentUrl\":\"https:\/\/vinilozona.lt\/wp-content\/uploads\/2025\/09\/R-12954632-1545250580-7021.jpg\",\"width\":600,\"height\":598},{\"@type\":\"BreadcrumbList\",\"@id\":\"https:\/\/vinilozona.lt\/parduotuve\/various-rinkiniai\/various-the-summit-elo-dire-straits-supertramp-led-zeppelin\/#breadcrumb\",\"itemListElement\":[{\"@type\":\"ListItem\",\"position\":1,\"name\":\"Home\",\"item\":\"https:\/\/vinilozona.lt\/\"},{\"@type\":\"ListItem\",\"position\":2,\"name\":\"Parduotuv\u0117\",\"item\":\"https:\/\/vinilozona.lt\/parduotuve\/\"},{\"@type\":\"ListItem\",\"position\":3,\"name\":\"Various \u2013 The Summit (ELO, Dire Straits, Supertramp, Led Zeppelin&#8230; )\"}]},{\"@type\":\"WebSite\",\"@id\":\"https:\/\/vinilozona.lt\/#website\",\"url\":\"https:\/\/vinilozona.lt\/\",\"name\":\"Vinilo Zona\",\"description\":\"Nup\u016bsk dulkes ir klausyk LP\",\"potentialAction\":[{\"@type\":\"SearchAction\",\"target\":{\"@type\":\"EntryPoint\",\"urlTemplate\":\"https:\/\/vinilozona.lt\/?s={search_term_string}\"},\"query-input\":{\"@type\":\"PropertyValueSpecification\",\"valueRequired\":true,\"valueName\":\"search_term_string\"}}],\"inLanguage\":\"en-GB\"}]}<\/script>\n<!-- \/ Yoast SEO plugin. -->","yoast_head_json":{"title":"Various \u2013 The Summit (ELO, Dire Straits, Supertramp, Led Zeppelin... ) Vinilin\u0117 Plok\u0161tel\u0117 | Vinilozona.lt","robots":{"index":"index","follow":"follow","max-snippet":"max-snippet:-1","max-image-preview":"max-image-preview:large","max-video-preview":"max-video-preview:-1"},"canonical":"https:\/\/vinilozona.lt\/en\/parduotuve\/various-rinkiniai\/various-the-summit-elo-dire-straits-supertramp-led-zeppelin\/","og_locale":"en_GB","og_type":"article","og_title":"Various \u2013 The Summit (ELO, Dire Straits, Supertramp, Led Zeppelin... ) Vinilin\u0117 Plok\u0161tel\u0117 | Vinilozona.lt","og_description":"K-Tel \u2013 NE 1067 Format: Vinyl, LP, Album, Compilation, Stereo, Orlake Pressing Country: UK Released: 1980","og_url":"https:\/\/vinilozona.lt\/en\/parduotuve\/various-rinkiniai\/various-the-summit-elo-dire-straits-supertramp-led-zeppelin\/","og_site_name":"Vinilo Zona","article_modified_time":"2025-09-01T05:09:54+00:00","og_image":[{"width":600,"height":598,"url":"https:\/\/vinilozona.lt\/wp-content\/uploads\/2025\/09\/R-12954632-1545250580-7021.jpg","type":"image\/jpeg"}],"twitter_card":"summary_large_image","twitter_misc":{"Estimated reading time":"1 minute"},"schema":{"@context":"https:\/\/schema.org","@graph":[{"@type":"WebPage","@id":"https:\/\/vinilozona.lt\/parduotuve\/various-rinkiniai\/various-the-summit-elo-dire-straits-supertramp-led-zeppelin\/","url":"https:\/\/vinilozona.lt\/parduotuve\/various-rinkiniai\/various-the-summit-elo-dire-straits-supertramp-led-zeppelin\/","name":"Various \u2013 The Summit (ELO, Dire Straits, Supertramp, Led Zeppelin... ) Vinilin\u0117 Plok\u0161tel\u0117 | Vinilozona.lt","isPartOf":{"@id":"https:\/\/vinilozona.lt\/#website"},"primaryImageOfPage":{"@id":"https:\/\/vinilozona.lt\/parduotuve\/various-rinkiniai\/various-the-summit-elo-dire-straits-supertramp-led-zeppelin\/#primaryimage"},"image":{"@id":"https:\/\/vinilozona.lt\/parduotuve\/various-rinkiniai\/various-the-summit-elo-dire-straits-supertramp-led-zeppelin\/#primaryimage"},"thumbnailUrl":"https:\/\/vinilozona.lt\/wp-content\/uploads\/2025\/09\/R-12954632-1545250580-7021.jpg","datePublished":"2025-09-01T02:09:29+00:00","dateModified":"2025-09-01T05:09:54+00:00","breadcrumb":{"@id":"https:\/\/vinilozona.lt\/parduotuve\/various-rinkiniai\/various-the-summit-elo-dire-straits-supertramp-led-zeppelin\/#breadcrumb"},"inLanguage":"en-GB","potentialAction":[{"@type":"ReadAction","target":["https:\/\/vinilozona.lt\/parduotuve\/various-rinkiniai\/various-the-summit-elo-dire-straits-supertramp-led-zeppelin\/"]}]},{"@type":"ImageObject","inLanguage":"en-GB","@id":"https:\/\/vinilozona.lt\/parduotuve\/various-rinkiniai\/various-the-summit-elo-dire-straits-supertramp-led-zeppelin\/#primaryimage","url":"https:\/\/vinilozona.lt\/wp-content\/uploads\/2025\/09\/R-12954632-1545250580-7021.jpg","contentUrl":"https:\/\/vinilozona.lt\/wp-content\/uploads\/2025\/09\/R-12954632-1545250580-7021.jpg","width":600,"height":598},{"@type":"BreadcrumbList","@id":"https:\/\/vinilozona.lt\/parduotuve\/various-rinkiniai\/various-the-summit-elo-dire-straits-supertramp-led-zeppelin\/#breadcrumb","itemListElement":[{"@type":"ListItem","position":1,"name":"Home","item":"https:\/\/vinilozona.lt\/"},{"@type":"ListItem","position":2,"name":"Parduotuv\u0117","item":"https:\/\/vinilozona.lt\/parduotuve\/"},{"@type":"ListItem","position":3,"name":"Various \u2013 The Summit (ELO, Dire Straits, Supertramp, Led Zeppelin&#8230; )"}]},{"@type":"WebSite","@id":"https:\/\/vinilozona.lt\/#website","url":"https:\/\/vinilozona.lt\/","name":"Vinilo Zona","description":"Nup\u016bsk dulkes ir klausyk LP","potentialAction":[{"@type":"SearchAction","target":{"@type":"EntryPoint","urlTemplate":"https:\/\/vinilozona.lt\/?s={search_term_string}"},"query-input":{"@type":"PropertyValueSpecification","valueRequired":true,"valueName":"search_term_string"}}],"inLanguage":"en-GB"}]}},"_links":{"self":[{"href":"https:\/\/vinilozona.lt\/en\/wp-json\/wp\/v2\/product\/29017"}],"collection":[{"href":"https:\/\/vinilozona.lt\/en\/wp-json\/wp\/v2\/product"}],"about":[{"href":"https:\/\/vinilozona.lt\/en\/wp-json\/wp\/v2\/types\/product"}],"wp:featuredmedia":[{"embeddable":true,"href":"https:\/\/vinilozona.lt\/en\/wp-json\/wp\/v2\/media\/29018"}],"wp:attachment":[{"href":"https:\/\/vinilozona.lt\/en\/wp-json\/wp\/v2\/media?parent=29017"}],"wp:term":[{"taxonomy":"product_cat","embeddable":true,"href":"https:\/\/vinilozona.lt\/en\/wp-json\/wp\/v2\/product_cat?post=29017"},{"taxonomy":"product_tag","embeddable":true,"href":"https:\/\/vinilozona.lt\/en\/wp-json\/wp\/v2\/product_tag?post=29017"}],"curies":[{"name":"wp","href":"https:\/\/api.w.org\/{rel}","templated":true}]}}