{"id":29014,"date":"2025-09-01T05:08:30","date_gmt":"2025-09-01T02:08:30","guid":{"rendered":"https:\/\/vinilozona.lt\/?post_type=product&#038;p=29014"},"modified":"2025-09-01T07:56:08","modified_gmt":"2025-09-01T04:56:08","slug":"eddie-cochran-20-rock-n-roll-hits","status":"publish","type":"product","link":"https:\/\/vinilozona.lt\/en\/parduotuve\/rock-pop\/eddie-cochran-20-rock-n-roll-hits\/","title":{"rendered":"Eddie Cochran \u2013 20 Rock &#8216;N&#8217; Roll Hits"},"content":{"rendered":"<p>Summertime Blues\t1:57<br \/>\nSittin&#8217; In The Balcony\t1:58<br \/>\nTwenty Flight Rock\t1:43<br \/>\nLong Tall Sally\t1:44<br \/>\nJeannie Jeannie Jeannie\t2:20<br \/>\nThree Steps To Heaven\t2:21<br \/>\nNervous Breakdown\t2:20<br \/>\nDrive In Show\t2:03<br \/>\nTeenage Heaven\t2:05<br \/>\nHallelujah, I Love Her So\t2:15<br \/>\nC&#8217;Mon Everybody\t1:53<br \/>\nLovin&#8217; Time\t2:04<br \/>\nCut Across Shorty\t1:50<br \/>\nMilk Cow Blues\t2:40<br \/>\nBlue Suede Shoes\t1:52<br \/>\nLove Again\t2:15<br \/>\nSomethin&#8217; Else\t2:07<br \/>\nSweetie Pie\t2:00<br \/>\nLonely\t1:56<br \/>\nCherished Memories\t1:55<\/p>","protected":false},"excerpt":{"rendered":"<p>United Artists Records \u2013 1C 064-82 748, EMI Electrola \u2013 1C 064-82 748<br \/>\nSeries:<br \/>\n20 Rock &#8216;N&#8217; Roll Hits \u2013 1C 064-82 748<br \/>\nFormat:<br \/>\nVinyl, LP, Compilation<br \/>\nCountry:<br \/>\nGermany<br \/>\nReleased:<br \/>\n1979<\/p>","protected":false},"featured_media":29015,"template":"","meta":[],"product_cat":[15],"product_tag":[44],"yoast_head":"<!-- This site is optimized with the Yoast SEO plugin v23.5 - https:\/\/yoast.com\/wordpress\/plugins\/seo\/ -->\n<title>Eddie Cochran \u2013 20 Rock &#039;N&#039; Roll Hits Vinilin\u0117 Plok\u0161tel\u0117 | Vinilozona.lt<\/title>\n<meta name=\"robots\" content=\"index, follow, max-snippet:-1, max-image-preview:large, max-video-preview:-1\" \/>\n<link rel=\"canonical\" href=\"https:\/\/vinilozona.lt\/en\/parduotuve\/rock-pop\/eddie-cochran-20-rock-n-roll-hits\/\" \/>\n<meta property=\"og:locale\" content=\"en_GB\" \/>\n<meta property=\"og:type\" content=\"article\" \/>\n<meta property=\"og:title\" content=\"Eddie Cochran \u2013 20 Rock &#039;N&#039; Roll Hits Vinilin\u0117 Plok\u0161tel\u0117 | Vinilozona.lt\" \/>\n<meta property=\"og:description\" content=\"United Artists Records \u2013 1C 064-82 748, EMI Electrola \u2013 1C 064-82 748 Series: 20 Rock &#039;N&#039; Roll Hits \u2013 1C 064-82 748 Format: Vinyl, LP, Compilation Country: Germany Released: 1979\" \/>\n<meta property=\"og:url\" content=\"https:\/\/vinilozona.lt\/en\/parduotuve\/rock-pop\/eddie-cochran-20-rock-n-roll-hits\/\" \/>\n<meta property=\"og:site_name\" content=\"Vinilo Zona\" \/>\n<meta property=\"article:modified_time\" content=\"2025-09-01T04:56:08+00:00\" \/>\n<meta property=\"og:image\" content=\"https:\/\/vinilozona.lt\/wp-content\/uploads\/2025\/09\/R-2268980-1294267157.jpg\" \/>\n\t<meta property=\"og:image:width\" content=\"600\" \/>\n\t<meta property=\"og:image:height\" content=\"600\" \/>\n\t<meta property=\"og:image:type\" content=\"image\/jpeg\" \/>\n<meta name=\"twitter:card\" content=\"summary_large_image\" \/>\n<meta name=\"twitter:label1\" content=\"Estimated reading time\" \/>\n\t<meta name=\"twitter:data1\" content=\"1 minute\" \/>\n<script type=\"application\/ld+json\" class=\"yoast-schema-graph\">{\"@context\":\"https:\/\/schema.org\",\"@graph\":[{\"@type\":\"WebPage\",\"@id\":\"https:\/\/vinilozona.lt\/parduotuve\/rock-pop\/eddie-cochran-20-rock-n-roll-hits\/\",\"url\":\"https:\/\/vinilozona.lt\/parduotuve\/rock-pop\/eddie-cochran-20-rock-n-roll-hits\/\",\"name\":\"Eddie Cochran \u2013 20 Rock 'N' Roll Hits Vinilin\u0117 Plok\u0161tel\u0117 | Vinilozona.lt\",\"isPartOf\":{\"@id\":\"https:\/\/vinilozona.lt\/#website\"},\"primaryImageOfPage\":{\"@id\":\"https:\/\/vinilozona.lt\/parduotuve\/rock-pop\/eddie-cochran-20-rock-n-roll-hits\/#primaryimage\"},\"image\":{\"@id\":\"https:\/\/vinilozona.lt\/parduotuve\/rock-pop\/eddie-cochran-20-rock-n-roll-hits\/#primaryimage\"},\"thumbnailUrl\":\"https:\/\/vinilozona.lt\/wp-content\/uploads\/2025\/09\/R-2268980-1294267157.jpg\",\"datePublished\":\"2025-09-01T02:08:30+00:00\",\"dateModified\":\"2025-09-01T04:56:08+00:00\",\"breadcrumb\":{\"@id\":\"https:\/\/vinilozona.lt\/parduotuve\/rock-pop\/eddie-cochran-20-rock-n-roll-hits\/#breadcrumb\"},\"inLanguage\":\"en-GB\",\"potentialAction\":[{\"@type\":\"ReadAction\",\"target\":[\"https:\/\/vinilozona.lt\/parduotuve\/rock-pop\/eddie-cochran-20-rock-n-roll-hits\/\"]}]},{\"@type\":\"ImageObject\",\"inLanguage\":\"en-GB\",\"@id\":\"https:\/\/vinilozona.lt\/parduotuve\/rock-pop\/eddie-cochran-20-rock-n-roll-hits\/#primaryimage\",\"url\":\"https:\/\/vinilozona.lt\/wp-content\/uploads\/2025\/09\/R-2268980-1294267157.jpg\",\"contentUrl\":\"https:\/\/vinilozona.lt\/wp-content\/uploads\/2025\/09\/R-2268980-1294267157.jpg\",\"width\":600,\"height\":600},{\"@type\":\"BreadcrumbList\",\"@id\":\"https:\/\/vinilozona.lt\/parduotuve\/rock-pop\/eddie-cochran-20-rock-n-roll-hits\/#breadcrumb\",\"itemListElement\":[{\"@type\":\"ListItem\",\"position\":1,\"name\":\"Home\",\"item\":\"https:\/\/vinilozona.lt\/\"},{\"@type\":\"ListItem\",\"position\":2,\"name\":\"Parduotuv\u0117\",\"item\":\"https:\/\/vinilozona.lt\/parduotuve\/\"},{\"@type\":\"ListItem\",\"position\":3,\"name\":\"Eddie Cochran \u2013 20 Rock &#8216;N&#8217; Roll Hits\"}]},{\"@type\":\"WebSite\",\"@id\":\"https:\/\/vinilozona.lt\/#website\",\"url\":\"https:\/\/vinilozona.lt\/\",\"name\":\"Vinilo Zona\",\"description\":\"Nup\u016bsk dulkes ir klausyk LP\",\"potentialAction\":[{\"@type\":\"SearchAction\",\"target\":{\"@type\":\"EntryPoint\",\"urlTemplate\":\"https:\/\/vinilozona.lt\/?s={search_term_string}\"},\"query-input\":{\"@type\":\"PropertyValueSpecification\",\"valueRequired\":true,\"valueName\":\"search_term_string\"}}],\"inLanguage\":\"en-GB\"}]}<\/script>\n<!-- \/ Yoast SEO plugin. -->","yoast_head_json":{"title":"Eddie Cochran \u2013 20 Rock 'N' Roll Hits Vinilin\u0117 Plok\u0161tel\u0117 | Vinilozona.lt","robots":{"index":"index","follow":"follow","max-snippet":"max-snippet:-1","max-image-preview":"max-image-preview:large","max-video-preview":"max-video-preview:-1"},"canonical":"https:\/\/vinilozona.lt\/en\/parduotuve\/rock-pop\/eddie-cochran-20-rock-n-roll-hits\/","og_locale":"en_GB","og_type":"article","og_title":"Eddie Cochran \u2013 20 Rock 'N' Roll Hits Vinilin\u0117 Plok\u0161tel\u0117 | Vinilozona.lt","og_description":"United Artists Records \u2013 1C 064-82 748, EMI Electrola \u2013 1C 064-82 748 Series: 20 Rock 'N' Roll Hits \u2013 1C 064-82 748 Format: Vinyl, LP, Compilation Country: Germany Released: 1979","og_url":"https:\/\/vinilozona.lt\/en\/parduotuve\/rock-pop\/eddie-cochran-20-rock-n-roll-hits\/","og_site_name":"Vinilo Zona","article_modified_time":"2025-09-01T04:56:08+00:00","og_image":[{"width":600,"height":600,"url":"https:\/\/vinilozona.lt\/wp-content\/uploads\/2025\/09\/R-2268980-1294267157.jpg","type":"image\/jpeg"}],"twitter_card":"summary_large_image","twitter_misc":{"Estimated reading time":"1 minute"},"schema":{"@context":"https:\/\/schema.org","@graph":[{"@type":"WebPage","@id":"https:\/\/vinilozona.lt\/parduotuve\/rock-pop\/eddie-cochran-20-rock-n-roll-hits\/","url":"https:\/\/vinilozona.lt\/parduotuve\/rock-pop\/eddie-cochran-20-rock-n-roll-hits\/","name":"Eddie Cochran \u2013 20 Rock 'N' Roll Hits Vinilin\u0117 Plok\u0161tel\u0117 | Vinilozona.lt","isPartOf":{"@id":"https:\/\/vinilozona.lt\/#website"},"primaryImageOfPage":{"@id":"https:\/\/vinilozona.lt\/parduotuve\/rock-pop\/eddie-cochran-20-rock-n-roll-hits\/#primaryimage"},"image":{"@id":"https:\/\/vinilozona.lt\/parduotuve\/rock-pop\/eddie-cochran-20-rock-n-roll-hits\/#primaryimage"},"thumbnailUrl":"https:\/\/vinilozona.lt\/wp-content\/uploads\/2025\/09\/R-2268980-1294267157.jpg","datePublished":"2025-09-01T02:08:30+00:00","dateModified":"2025-09-01T04:56:08+00:00","breadcrumb":{"@id":"https:\/\/vinilozona.lt\/parduotuve\/rock-pop\/eddie-cochran-20-rock-n-roll-hits\/#breadcrumb"},"inLanguage":"en-GB","potentialAction":[{"@type":"ReadAction","target":["https:\/\/vinilozona.lt\/parduotuve\/rock-pop\/eddie-cochran-20-rock-n-roll-hits\/"]}]},{"@type":"ImageObject","inLanguage":"en-GB","@id":"https:\/\/vinilozona.lt\/parduotuve\/rock-pop\/eddie-cochran-20-rock-n-roll-hits\/#primaryimage","url":"https:\/\/vinilozona.lt\/wp-content\/uploads\/2025\/09\/R-2268980-1294267157.jpg","contentUrl":"https:\/\/vinilozona.lt\/wp-content\/uploads\/2025\/09\/R-2268980-1294267157.jpg","width":600,"height":600},{"@type":"BreadcrumbList","@id":"https:\/\/vinilozona.lt\/parduotuve\/rock-pop\/eddie-cochran-20-rock-n-roll-hits\/#breadcrumb","itemListElement":[{"@type":"ListItem","position":1,"name":"Home","item":"https:\/\/vinilozona.lt\/"},{"@type":"ListItem","position":2,"name":"Parduotuv\u0117","item":"https:\/\/vinilozona.lt\/parduotuve\/"},{"@type":"ListItem","position":3,"name":"Eddie Cochran \u2013 20 Rock &#8216;N&#8217; Roll Hits"}]},{"@type":"WebSite","@id":"https:\/\/vinilozona.lt\/#website","url":"https:\/\/vinilozona.lt\/","name":"Vinilo Zona","description":"Nup\u016bsk dulkes ir klausyk LP","potentialAction":[{"@type":"SearchAction","target":{"@type":"EntryPoint","urlTemplate":"https:\/\/vinilozona.lt\/?s={search_term_string}"},"query-input":{"@type":"PropertyValueSpecification","valueRequired":true,"valueName":"search_term_string"}}],"inLanguage":"en-GB"}]}},"_links":{"self":[{"href":"https:\/\/vinilozona.lt\/en\/wp-json\/wp\/v2\/product\/29014"}],"collection":[{"href":"https:\/\/vinilozona.lt\/en\/wp-json\/wp\/v2\/product"}],"about":[{"href":"https:\/\/vinilozona.lt\/en\/wp-json\/wp\/v2\/types\/product"}],"wp:featuredmedia":[{"embeddable":true,"href":"https:\/\/vinilozona.lt\/en\/wp-json\/wp\/v2\/media\/29015"}],"wp:attachment":[{"href":"https:\/\/vinilozona.lt\/en\/wp-json\/wp\/v2\/media?parent=29014"}],"wp:term":[{"taxonomy":"product_cat","embeddable":true,"href":"https:\/\/vinilozona.lt\/en\/wp-json\/wp\/v2\/product_cat?post=29014"},{"taxonomy":"product_tag","embeddable":true,"href":"https:\/\/vinilozona.lt\/en\/wp-json\/wp\/v2\/product_tag?post=29014"}],"curies":[{"name":"wp","href":"https:\/\/api.w.org\/{rel}","templated":true}]}}