{"id":29012,"date":"2025-09-01T05:07:07","date_gmt":"2025-09-01T02:07:07","guid":{"rendered":"https:\/\/vinilozona.lt\/?post_type=product&#038;p=29012"},"modified":"2025-09-01T07:51:21","modified_gmt":"2025-09-01T04:51:21","slug":"chuck-berry-back-in-the-usa-2lp","status":"publish","type":"product","link":"https:\/\/vinilozona.lt\/en\/parduotuve\/rock-pop\/chuck-berry-back-in-the-usa-2lp\/","title":{"rendered":"Chuck Berry \u2013 Back In The USA   2LP"},"content":{"rendered":"<p>Genre:<br \/>\nRock<br \/>\nStyle:<br \/>\nRock &#038; Roll<br \/>\nYear:<br \/>\nBack In The USA\t2:27<br \/>\nGood Lovin&#8217; Woman\t2:18<br \/>\nSweet Little Rock And Roller\t2:12<br \/>\nI Do Really Love You\t2:28<br \/>\nOh Baby Doll\t2:13<br \/>\nThirty Days\t2:12<br \/>\nGoodnight It&#8217;s Time To Go\t2:20<br \/>\nBack To Memphis\t2:38<br \/>\nMy Heart Will Always Belong To You\t2:38<br \/>\nReelin&#8217; And Rockin&#8217;\t4:11<br \/>\nMaybellene\t2:18<br \/>\nRoll Over Beethoven\t2:30<br \/>\nToo Much Monkey Business\t2:50<br \/>\nYou Can&#8217;t Catch Me\t2:42<br \/>\nSchool Day\t2:40<br \/>\nRock And Roll Music\t2:30<br \/>\nSweet Little Sixteen\t2:59<br \/>\nJohnny B. Good\t2:30<br \/>\nAround And Around\t2:20<br \/>\nBeautiful Delilah\t2:18<br \/>\nCarol\t2:21<br \/>\nRun Rudolph Run\t2:18<\/p>","protected":false},"excerpt":{"rendered":"<p>Top Classic Historia \u2013 DLP 2-773, Top Classic Historia \u2013 HISTORIA 2-773, World Music \u2013 WM 31113, World Music \u2013 PL 31013<br \/>\nFormat:<br \/>\n2 x Vinyl, LP, Album, Compilation<br \/>\nCountry:<br \/>\nEurope<\/p>","protected":false},"featured_media":29013,"template":"","meta":[],"product_cat":[15],"product_tag":[44],"yoast_head":"<!-- This site is optimized with the Yoast SEO plugin v23.5 - https:\/\/yoast.com\/wordpress\/plugins\/seo\/ -->\n<title>Chuck Berry \u2013 Back In The USA  2LP Vinilin\u0117 Plok\u0161tel\u0117 | Vinilozona.lt<\/title>\n<meta name=\"robots\" content=\"index, follow, max-snippet:-1, max-image-preview:large, max-video-preview:-1\" \/>\n<link rel=\"canonical\" href=\"https:\/\/vinilozona.lt\/en\/parduotuve\/rock-pop\/chuck-berry-back-in-the-usa-2lp\/\" \/>\n<meta property=\"og:locale\" content=\"en_GB\" \/>\n<meta property=\"og:type\" content=\"article\" \/>\n<meta property=\"og:title\" content=\"Chuck Berry \u2013 Back In The USA  2LP Vinilin\u0117 Plok\u0161tel\u0117 | Vinilozona.lt\" \/>\n<meta property=\"og:description\" content=\"Top Classic Historia \u2013 DLP 2-773, Top Classic Historia \u2013 HISTORIA 2-773, World Music \u2013 WM 31113, World Music \u2013 PL 31013 Format: 2 x Vinyl, LP, Album, Compilation Country: Europe\" \/>\n<meta property=\"og:url\" content=\"https:\/\/vinilozona.lt\/en\/parduotuve\/rock-pop\/chuck-berry-back-in-the-usa-2lp\/\" \/>\n<meta property=\"og:site_name\" content=\"Vinilo Zona\" \/>\n<meta property=\"article:modified_time\" content=\"2025-09-01T04:51:21+00:00\" \/>\n<meta property=\"og:image\" content=\"https:\/\/vinilozona.lt\/wp-content\/uploads\/2025\/09\/R-4756037-1374571706-4260.jpg\" \/>\n\t<meta property=\"og:image:width\" content=\"600\" \/>\n\t<meta property=\"og:image:height\" content=\"595\" \/>\n\t<meta property=\"og:image:type\" content=\"image\/jpeg\" \/>\n<meta name=\"twitter:card\" content=\"summary_large_image\" \/>\n<meta name=\"twitter:label1\" content=\"Estimated reading time\" \/>\n\t<meta name=\"twitter:data1\" content=\"1 minute\" \/>\n<script type=\"application\/ld+json\" class=\"yoast-schema-graph\">{\"@context\":\"https:\/\/schema.org\",\"@graph\":[{\"@type\":\"WebPage\",\"@id\":\"https:\/\/vinilozona.lt\/parduotuve\/rock-pop\/chuck-berry-back-in-the-usa-2lp\/\",\"url\":\"https:\/\/vinilozona.lt\/parduotuve\/rock-pop\/chuck-berry-back-in-the-usa-2lp\/\",\"name\":\"Chuck Berry \u2013 Back In The USA 2LP Vinilin\u0117 Plok\u0161tel\u0117 | Vinilozona.lt\",\"isPartOf\":{\"@id\":\"https:\/\/vinilozona.lt\/#website\"},\"primaryImageOfPage\":{\"@id\":\"https:\/\/vinilozona.lt\/parduotuve\/rock-pop\/chuck-berry-back-in-the-usa-2lp\/#primaryimage\"},\"image\":{\"@id\":\"https:\/\/vinilozona.lt\/parduotuve\/rock-pop\/chuck-berry-back-in-the-usa-2lp\/#primaryimage\"},\"thumbnailUrl\":\"https:\/\/vinilozona.lt\/wp-content\/uploads\/2025\/09\/R-4756037-1374571706-4260.jpg\",\"datePublished\":\"2025-09-01T02:07:07+00:00\",\"dateModified\":\"2025-09-01T04:51:21+00:00\",\"breadcrumb\":{\"@id\":\"https:\/\/vinilozona.lt\/parduotuve\/rock-pop\/chuck-berry-back-in-the-usa-2lp\/#breadcrumb\"},\"inLanguage\":\"en-GB\",\"potentialAction\":[{\"@type\":\"ReadAction\",\"target\":[\"https:\/\/vinilozona.lt\/parduotuve\/rock-pop\/chuck-berry-back-in-the-usa-2lp\/\"]}]},{\"@type\":\"ImageObject\",\"inLanguage\":\"en-GB\",\"@id\":\"https:\/\/vinilozona.lt\/parduotuve\/rock-pop\/chuck-berry-back-in-the-usa-2lp\/#primaryimage\",\"url\":\"https:\/\/vinilozona.lt\/wp-content\/uploads\/2025\/09\/R-4756037-1374571706-4260.jpg\",\"contentUrl\":\"https:\/\/vinilozona.lt\/wp-content\/uploads\/2025\/09\/R-4756037-1374571706-4260.jpg\",\"width\":600,\"height\":595},{\"@type\":\"BreadcrumbList\",\"@id\":\"https:\/\/vinilozona.lt\/parduotuve\/rock-pop\/chuck-berry-back-in-the-usa-2lp\/#breadcrumb\",\"itemListElement\":[{\"@type\":\"ListItem\",\"position\":1,\"name\":\"Home\",\"item\":\"https:\/\/vinilozona.lt\/\"},{\"@type\":\"ListItem\",\"position\":2,\"name\":\"Parduotuv\u0117\",\"item\":\"https:\/\/vinilozona.lt\/parduotuve\/\"},{\"@type\":\"ListItem\",\"position\":3,\"name\":\"Chuck Berry \u2013 Back In The USA 2LP\"}]},{\"@type\":\"WebSite\",\"@id\":\"https:\/\/vinilozona.lt\/#website\",\"url\":\"https:\/\/vinilozona.lt\/\",\"name\":\"Vinilo Zona\",\"description\":\"Nup\u016bsk dulkes ir klausyk LP\",\"potentialAction\":[{\"@type\":\"SearchAction\",\"target\":{\"@type\":\"EntryPoint\",\"urlTemplate\":\"https:\/\/vinilozona.lt\/?s={search_term_string}\"},\"query-input\":{\"@type\":\"PropertyValueSpecification\",\"valueRequired\":true,\"valueName\":\"search_term_string\"}}],\"inLanguage\":\"en-GB\"}]}<\/script>\n<!-- \/ Yoast SEO plugin. -->","yoast_head_json":{"title":"Chuck Berry \u2013 Back In The USA  2LP Vinilin\u0117 Plok\u0161tel\u0117 | Vinilozona.lt","robots":{"index":"index","follow":"follow","max-snippet":"max-snippet:-1","max-image-preview":"max-image-preview:large","max-video-preview":"max-video-preview:-1"},"canonical":"https:\/\/vinilozona.lt\/en\/parduotuve\/rock-pop\/chuck-berry-back-in-the-usa-2lp\/","og_locale":"en_GB","og_type":"article","og_title":"Chuck Berry \u2013 Back In The USA  2LP Vinilin\u0117 Plok\u0161tel\u0117 | Vinilozona.lt","og_description":"Top Classic Historia \u2013 DLP 2-773, Top Classic Historia \u2013 HISTORIA 2-773, World Music \u2013 WM 31113, World Music \u2013 PL 31013 Format: 2 x Vinyl, LP, Album, Compilation Country: Europe","og_url":"https:\/\/vinilozona.lt\/en\/parduotuve\/rock-pop\/chuck-berry-back-in-the-usa-2lp\/","og_site_name":"Vinilo Zona","article_modified_time":"2025-09-01T04:51:21+00:00","og_image":[{"width":600,"height":595,"url":"https:\/\/vinilozona.lt\/wp-content\/uploads\/2025\/09\/R-4756037-1374571706-4260.jpg","type":"image\/jpeg"}],"twitter_card":"summary_large_image","twitter_misc":{"Estimated reading time":"1 minute"},"schema":{"@context":"https:\/\/schema.org","@graph":[{"@type":"WebPage","@id":"https:\/\/vinilozona.lt\/parduotuve\/rock-pop\/chuck-berry-back-in-the-usa-2lp\/","url":"https:\/\/vinilozona.lt\/parduotuve\/rock-pop\/chuck-berry-back-in-the-usa-2lp\/","name":"Chuck Berry \u2013 Back In The USA 2LP Vinilin\u0117 Plok\u0161tel\u0117 | Vinilozona.lt","isPartOf":{"@id":"https:\/\/vinilozona.lt\/#website"},"primaryImageOfPage":{"@id":"https:\/\/vinilozona.lt\/parduotuve\/rock-pop\/chuck-berry-back-in-the-usa-2lp\/#primaryimage"},"image":{"@id":"https:\/\/vinilozona.lt\/parduotuve\/rock-pop\/chuck-berry-back-in-the-usa-2lp\/#primaryimage"},"thumbnailUrl":"https:\/\/vinilozona.lt\/wp-content\/uploads\/2025\/09\/R-4756037-1374571706-4260.jpg","datePublished":"2025-09-01T02:07:07+00:00","dateModified":"2025-09-01T04:51:21+00:00","breadcrumb":{"@id":"https:\/\/vinilozona.lt\/parduotuve\/rock-pop\/chuck-berry-back-in-the-usa-2lp\/#breadcrumb"},"inLanguage":"en-GB","potentialAction":[{"@type":"ReadAction","target":["https:\/\/vinilozona.lt\/parduotuve\/rock-pop\/chuck-berry-back-in-the-usa-2lp\/"]}]},{"@type":"ImageObject","inLanguage":"en-GB","@id":"https:\/\/vinilozona.lt\/parduotuve\/rock-pop\/chuck-berry-back-in-the-usa-2lp\/#primaryimage","url":"https:\/\/vinilozona.lt\/wp-content\/uploads\/2025\/09\/R-4756037-1374571706-4260.jpg","contentUrl":"https:\/\/vinilozona.lt\/wp-content\/uploads\/2025\/09\/R-4756037-1374571706-4260.jpg","width":600,"height":595},{"@type":"BreadcrumbList","@id":"https:\/\/vinilozona.lt\/parduotuve\/rock-pop\/chuck-berry-back-in-the-usa-2lp\/#breadcrumb","itemListElement":[{"@type":"ListItem","position":1,"name":"Home","item":"https:\/\/vinilozona.lt\/"},{"@type":"ListItem","position":2,"name":"Parduotuv\u0117","item":"https:\/\/vinilozona.lt\/parduotuve\/"},{"@type":"ListItem","position":3,"name":"Chuck Berry \u2013 Back In The USA 2LP"}]},{"@type":"WebSite","@id":"https:\/\/vinilozona.lt\/#website","url":"https:\/\/vinilozona.lt\/","name":"Vinilo Zona","description":"Nup\u016bsk dulkes ir klausyk LP","potentialAction":[{"@type":"SearchAction","target":{"@type":"EntryPoint","urlTemplate":"https:\/\/vinilozona.lt\/?s={search_term_string}"},"query-input":{"@type":"PropertyValueSpecification","valueRequired":true,"valueName":"search_term_string"}}],"inLanguage":"en-GB"}]}},"_links":{"self":[{"href":"https:\/\/vinilozona.lt\/en\/wp-json\/wp\/v2\/product\/29012"}],"collection":[{"href":"https:\/\/vinilozona.lt\/en\/wp-json\/wp\/v2\/product"}],"about":[{"href":"https:\/\/vinilozona.lt\/en\/wp-json\/wp\/v2\/types\/product"}],"wp:featuredmedia":[{"embeddable":true,"href":"https:\/\/vinilozona.lt\/en\/wp-json\/wp\/v2\/media\/29013"}],"wp:attachment":[{"href":"https:\/\/vinilozona.lt\/en\/wp-json\/wp\/v2\/media?parent=29012"}],"wp:term":[{"taxonomy":"product_cat","embeddable":true,"href":"https:\/\/vinilozona.lt\/en\/wp-json\/wp\/v2\/product_cat?post=29012"},{"taxonomy":"product_tag","embeddable":true,"href":"https:\/\/vinilozona.lt\/en\/wp-json\/wp\/v2\/product_tag?post=29012"}],"curies":[{"name":"wp","href":"https:\/\/api.w.org\/{rel}","templated":true}]}}