{"id":2900,"date":"2025-01-06T22:12:31","date_gmt":"2025-01-06T20:12:31","guid":{"rendered":"https:\/\/vinylhome.lt\/?post_type=product&#038;p=2900"},"modified":"2025-12-24T14:48:52","modified_gmt":"2025-12-24T12:48:52","slug":"ibrahim-maalouf-%e2%80%8e-kalthoum-2lp","status":"publish","type":"product","link":"https:\/\/vinilozona.lt\/en\/parduotuve\/jazz\/ibrahim-maalouf-%e2%80%8e-kalthoum-2lp\/","title":{"rendered":"Ibrahim Maalouf \u200e\u2013 Kalthoum 2LP"},"content":{"rendered":"<p>A1\tIntroduction\t3:54<br \/>\nA2\tOverture I\t4:46<br \/>\nA3\tOverture II\t3:34<br \/>\nB1\tMovement I\t6:15<br \/>\nB2\tMovement II\t7:26<br \/>\nC1\tMovement III\t15:20<br \/>\nD1\tMovement IV\t10:15<\/p>","protected":false},"excerpt":{"rendered":"<p>Mi&#8217;ster Productions \u2013 IBM 12<br \/>\nFormat:<br \/>\n2 x Vinyl, LP, Album<br \/>\nCountry:<br \/>\nFrance<br \/>\nReleased:<br \/>\n2016<br \/>\nGenre:<br \/>\nJazz, Folk, World, &#038; Country<\/p>","protected":false},"featured_media":2901,"template":"","meta":[],"product_cat":[20,23],"product_tag":[55],"yoast_head":"<!-- This site is optimized with the Yoast SEO plugin v23.5 - https:\/\/yoast.com\/wordpress\/plugins\/seo\/ -->\n<title>Ibrahim Maalouf \u200e\u2013 Kalthoum 2LP Vinilin\u0117 Plok\u0161tel\u0117 | Vinilozona.lt<\/title>\n<meta name=\"robots\" content=\"index, follow, max-snippet:-1, max-image-preview:large, max-video-preview:-1\" \/>\n<link rel=\"canonical\" href=\"https:\/\/vinilozona.lt\/en\/parduotuve\/jazz\/ibrahim-maalouf-\u200e-kalthoum-2lp\/\" \/>\n<meta property=\"og:locale\" content=\"en_GB\" \/>\n<meta property=\"og:type\" content=\"article\" \/>\n<meta property=\"og:title\" content=\"Ibrahim Maalouf \u200e\u2013 Kalthoum 2LP Vinilin\u0117 Plok\u0161tel\u0117 | Vinilozona.lt\" \/>\n<meta property=\"og:description\" content=\"Mi&#039;ster Productions \u2013 IBM 12 Format: 2 x Vinyl, LP, Album Country: France Released: 2016 Genre: Jazz, Folk, World, &amp; Country\" \/>\n<meta property=\"og:url\" content=\"https:\/\/vinilozona.lt\/en\/parduotuve\/jazz\/ibrahim-maalouf-\u200e-kalthoum-2lp\/\" \/>\n<meta property=\"og:site_name\" content=\"Vinilo Zona\" \/>\n<meta property=\"article:modified_time\" content=\"2025-12-24T12:48:52+00:00\" \/>\n<meta property=\"og:image\" content=\"https:\/\/vinilozona.lt\/wp-content\/uploads\/2020\/01\/ibrahim-maalouf-kalthoum-1.jpg\" \/>\n\t<meta property=\"og:image:width\" content=\"801\" \/>\n\t<meta property=\"og:image:height\" content=\"601\" \/>\n\t<meta property=\"og:image:type\" content=\"image\/jpeg\" \/>\n<meta name=\"twitter:card\" content=\"summary_large_image\" \/>\n<meta name=\"twitter:label1\" content=\"Estimated reading time\" \/>\n\t<meta name=\"twitter:data1\" content=\"1 minute\" \/>\n<script type=\"application\/ld+json\" class=\"yoast-schema-graph\">{\"@context\":\"https:\/\/schema.org\",\"@graph\":[{\"@type\":\"WebPage\",\"@id\":\"https:\/\/vinilozona.lt\/parduotuve\/jazz\/ibrahim-maalouf-%e2%80%8e-kalthoum-2lp\/\",\"url\":\"https:\/\/vinilozona.lt\/parduotuve\/jazz\/ibrahim-maalouf-%e2%80%8e-kalthoum-2lp\/\",\"name\":\"Ibrahim Maalouf \u200e\u2013 Kalthoum 2LP Vinilin\u0117 Plok\u0161tel\u0117 | Vinilozona.lt\",\"isPartOf\":{\"@id\":\"https:\/\/vinilozona.lt\/#website\"},\"primaryImageOfPage\":{\"@id\":\"https:\/\/vinilozona.lt\/parduotuve\/jazz\/ibrahim-maalouf-%e2%80%8e-kalthoum-2lp\/#primaryimage\"},\"image\":{\"@id\":\"https:\/\/vinilozona.lt\/parduotuve\/jazz\/ibrahim-maalouf-%e2%80%8e-kalthoum-2lp\/#primaryimage\"},\"thumbnailUrl\":\"https:\/\/vinilozona.lt\/wp-content\/uploads\/2020\/01\/ibrahim-maalouf-kalthoum-1.jpg\",\"datePublished\":\"2025-01-06T20:12:31+00:00\",\"dateModified\":\"2025-12-24T12:48:52+00:00\",\"breadcrumb\":{\"@id\":\"https:\/\/vinilozona.lt\/parduotuve\/jazz\/ibrahim-maalouf-%e2%80%8e-kalthoum-2lp\/#breadcrumb\"},\"inLanguage\":\"en-GB\",\"potentialAction\":[{\"@type\":\"ReadAction\",\"target\":[\"https:\/\/vinilozona.lt\/parduotuve\/jazz\/ibrahim-maalouf-%e2%80%8e-kalthoum-2lp\/\"]}]},{\"@type\":\"ImageObject\",\"inLanguage\":\"en-GB\",\"@id\":\"https:\/\/vinilozona.lt\/parduotuve\/jazz\/ibrahim-maalouf-%e2%80%8e-kalthoum-2lp\/#primaryimage\",\"url\":\"https:\/\/vinilozona.lt\/wp-content\/uploads\/2020\/01\/ibrahim-maalouf-kalthoum-1.jpg\",\"contentUrl\":\"https:\/\/vinilozona.lt\/wp-content\/uploads\/2020\/01\/ibrahim-maalouf-kalthoum-1.jpg\",\"width\":801,\"height\":601},{\"@type\":\"BreadcrumbList\",\"@id\":\"https:\/\/vinilozona.lt\/parduotuve\/jazz\/ibrahim-maalouf-%e2%80%8e-kalthoum-2lp\/#breadcrumb\",\"itemListElement\":[{\"@type\":\"ListItem\",\"position\":1,\"name\":\"Home\",\"item\":\"https:\/\/vinilozona.lt\/\"},{\"@type\":\"ListItem\",\"position\":2,\"name\":\"Parduotuv\u0117\",\"item\":\"https:\/\/vinilozona.lt\/parduotuve\/\"},{\"@type\":\"ListItem\",\"position\":3,\"name\":\"Ibrahim Maalouf \u200e\u2013 Kalthoum 2LP\"}]},{\"@type\":\"WebSite\",\"@id\":\"https:\/\/vinilozona.lt\/#website\",\"url\":\"https:\/\/vinilozona.lt\/\",\"name\":\"Vinilo Zona\",\"description\":\"Nup\u016bsk dulkes ir klausyk LP\",\"potentialAction\":[{\"@type\":\"SearchAction\",\"target\":{\"@type\":\"EntryPoint\",\"urlTemplate\":\"https:\/\/vinilozona.lt\/?s={search_term_string}\"},\"query-input\":{\"@type\":\"PropertyValueSpecification\",\"valueRequired\":true,\"valueName\":\"search_term_string\"}}],\"inLanguage\":\"en-GB\"}]}<\/script>\n<!-- \/ Yoast SEO plugin. -->","yoast_head_json":{"title":"Ibrahim Maalouf \u200e\u2013 Kalthoum 2LP Vinilin\u0117 Plok\u0161tel\u0117 | Vinilozona.lt","robots":{"index":"index","follow":"follow","max-snippet":"max-snippet:-1","max-image-preview":"max-image-preview:large","max-video-preview":"max-video-preview:-1"},"canonical":"https:\/\/vinilozona.lt\/en\/parduotuve\/jazz\/ibrahim-maalouf-\u200e-kalthoum-2lp\/","og_locale":"en_GB","og_type":"article","og_title":"Ibrahim Maalouf \u200e\u2013 Kalthoum 2LP Vinilin\u0117 Plok\u0161tel\u0117 | Vinilozona.lt","og_description":"Mi'ster Productions \u2013 IBM 12 Format: 2 x Vinyl, LP, Album Country: France Released: 2016 Genre: Jazz, Folk, World, & Country","og_url":"https:\/\/vinilozona.lt\/en\/parduotuve\/jazz\/ibrahim-maalouf-\u200e-kalthoum-2lp\/","og_site_name":"Vinilo Zona","article_modified_time":"2025-12-24T12:48:52+00:00","og_image":[{"width":801,"height":601,"url":"https:\/\/vinilozona.lt\/wp-content\/uploads\/2020\/01\/ibrahim-maalouf-kalthoum-1.jpg","type":"image\/jpeg"}],"twitter_card":"summary_large_image","twitter_misc":{"Estimated reading time":"1 minute"},"schema":{"@context":"https:\/\/schema.org","@graph":[{"@type":"WebPage","@id":"https:\/\/vinilozona.lt\/parduotuve\/jazz\/ibrahim-maalouf-%e2%80%8e-kalthoum-2lp\/","url":"https:\/\/vinilozona.lt\/parduotuve\/jazz\/ibrahim-maalouf-%e2%80%8e-kalthoum-2lp\/","name":"Ibrahim Maalouf \u200e\u2013 Kalthoum 2LP Vinilin\u0117 Plok\u0161tel\u0117 | Vinilozona.lt","isPartOf":{"@id":"https:\/\/vinilozona.lt\/#website"},"primaryImageOfPage":{"@id":"https:\/\/vinilozona.lt\/parduotuve\/jazz\/ibrahim-maalouf-%e2%80%8e-kalthoum-2lp\/#primaryimage"},"image":{"@id":"https:\/\/vinilozona.lt\/parduotuve\/jazz\/ibrahim-maalouf-%e2%80%8e-kalthoum-2lp\/#primaryimage"},"thumbnailUrl":"https:\/\/vinilozona.lt\/wp-content\/uploads\/2020\/01\/ibrahim-maalouf-kalthoum-1.jpg","datePublished":"2025-01-06T20:12:31+00:00","dateModified":"2025-12-24T12:48:52+00:00","breadcrumb":{"@id":"https:\/\/vinilozona.lt\/parduotuve\/jazz\/ibrahim-maalouf-%e2%80%8e-kalthoum-2lp\/#breadcrumb"},"inLanguage":"en-GB","potentialAction":[{"@type":"ReadAction","target":["https:\/\/vinilozona.lt\/parduotuve\/jazz\/ibrahim-maalouf-%e2%80%8e-kalthoum-2lp\/"]}]},{"@type":"ImageObject","inLanguage":"en-GB","@id":"https:\/\/vinilozona.lt\/parduotuve\/jazz\/ibrahim-maalouf-%e2%80%8e-kalthoum-2lp\/#primaryimage","url":"https:\/\/vinilozona.lt\/wp-content\/uploads\/2020\/01\/ibrahim-maalouf-kalthoum-1.jpg","contentUrl":"https:\/\/vinilozona.lt\/wp-content\/uploads\/2020\/01\/ibrahim-maalouf-kalthoum-1.jpg","width":801,"height":601},{"@type":"BreadcrumbList","@id":"https:\/\/vinilozona.lt\/parduotuve\/jazz\/ibrahim-maalouf-%e2%80%8e-kalthoum-2lp\/#breadcrumb","itemListElement":[{"@type":"ListItem","position":1,"name":"Home","item":"https:\/\/vinilozona.lt\/"},{"@type":"ListItem","position":2,"name":"Parduotuv\u0117","item":"https:\/\/vinilozona.lt\/parduotuve\/"},{"@type":"ListItem","position":3,"name":"Ibrahim Maalouf \u200e\u2013 Kalthoum 2LP"}]},{"@type":"WebSite","@id":"https:\/\/vinilozona.lt\/#website","url":"https:\/\/vinilozona.lt\/","name":"Vinilo Zona","description":"Nup\u016bsk dulkes ir klausyk LP","potentialAction":[{"@type":"SearchAction","target":{"@type":"EntryPoint","urlTemplate":"https:\/\/vinilozona.lt\/?s={search_term_string}"},"query-input":{"@type":"PropertyValueSpecification","valueRequired":true,"valueName":"search_term_string"}}],"inLanguage":"en-GB"}]}},"_links":{"self":[{"href":"https:\/\/vinilozona.lt\/en\/wp-json\/wp\/v2\/product\/2900"}],"collection":[{"href":"https:\/\/vinilozona.lt\/en\/wp-json\/wp\/v2\/product"}],"about":[{"href":"https:\/\/vinilozona.lt\/en\/wp-json\/wp\/v2\/types\/product"}],"wp:featuredmedia":[{"embeddable":true,"href":"https:\/\/vinilozona.lt\/en\/wp-json\/wp\/v2\/media\/2901"}],"wp:attachment":[{"href":"https:\/\/vinilozona.lt\/en\/wp-json\/wp\/v2\/media?parent=2900"}],"wp:term":[{"taxonomy":"product_cat","embeddable":true,"href":"https:\/\/vinilozona.lt\/en\/wp-json\/wp\/v2\/product_cat?post=2900"},{"taxonomy":"product_tag","embeddable":true,"href":"https:\/\/vinilozona.lt\/en\/wp-json\/wp\/v2\/product_tag?post=2900"}],"curies":[{"name":"wp","href":"https:\/\/api.w.org\/{rel}","templated":true}]}}