{"id":28966,"date":"2026-02-24T05:00:53","date_gmt":"2026-02-24T03:00:53","guid":{"rendered":"https:\/\/vinilozona.lt\/?post_type=product&#038;p=28966"},"modified":"2026-02-24T06:52:19","modified_gmt":"2026-02-24T04:52:19","slug":"toto-cutugno-%d1%82%d0%be%d1%82%d0%be-%d0%ba%d1%83%d1%82%d1%83%d0%bd%d1%8c%d0%be-%d1%82%d0%be%d1%82%d0%be-%d0%ba%d1%83%d1%82%d1%83%d0%bd%d1%8c%d0%be","status":"publish","type":"product","link":"https:\/\/vinilozona.lt\/en\/parduotuve\/kita\/toto-cutugno-%d1%82%d0%be%d1%82%d0%be-%d0%ba%d1%83%d1%82%d1%83%d0%bd%d1%8c%d0%be-%d1%82%d0%be%d1%82%d0%be-%d0%ba%d1%83%d1%82%d1%83%d0%bd%d1%8c%d0%be\/","title":{"rendered":"\u0410\u0440\u0435\u0442\u0430 \u0424\u0440\u044d\u043d\u043a\u043b\u0438\u043d \u2013 Aretha"},"content":{"rendered":"<p>A1\t\u0410\u0440\u0435\u0442\u0430 \u0424\u0440\u044d\u043d\u043a\u043b\u0438\u043d*\u2013\t\u0414\u0436\u0438\u043c\u043c\u0438 \u041b\u0438 (Jimmy Lee)  5:47<br \/>\nA2\t\u0410\u0440\u0435\u0442\u0430 \u0424\u0440\u044d\u043d\u043a\u043b\u0438\u043d* \u0412 \u0414\u0443\u044d\u0442\u0435 \u0421 \u0414\u0436\u043e\u0440\u0434\u0436 \u041c\u0430\u0439\u043a\u043b*\u2013\t\u042f \u0417\u043d\u0430\u043b\u0430, \u0427\u0442\u043e \u0422\u044b \u0416\u0434\u0435\u0448\u044c (I Knew You Were Waiting (For Me))  4:01<br \/>\nA3\t\u0410\u0440\u0435\u0442\u0430 \u0424\u0440\u044d\u043d\u043a\u043b\u0438\u043d*\u2013\t\u0410 \u0422\u044b \u041f\u043e\u043c\u043d\u0438\u0448\u044c \u041b\u0438! (Do You Still Remember)  5:02<br \/>\nA4\t\u0410\u0440\u0435\u0442\u0430 \u0424\u0440\u044d\u043d\u043a\u043b\u0438\u043d*\u2013\t\u0412\u0441\u043f\u044b\u0448\u043a\u0430 \u041e\u0433\u043d\u0435\u0439 (Jumpin&#8217; Jack Flash)  5:02<br \/>\nB1\t\u0410\u0440\u0435\u0442\u0430 \u0424\u0440\u044d\u043d\u043a\u043b\u0438\u043d*\u2013\t\u041f\u043e\u0442\u0430\u043d\u0446\u0443\u0435\u043c (Rock-A-Lott)  6:21<br \/>\nB2\t\u0410\u0440\u0435\u0442\u0430 \u0424\u0440\u044d\u043d\u043a\u043b\u0438\u043d*\u2013\t\u0410\u043d\u0433\u0435\u043b \u041f\u043b\u0430\u0447\u0435\u0442 (An Angel Cries)  4:59<br \/>\nB3\t\u0410\u0440\u0435\u0442\u0430 \u0424\u0440\u044d\u043d\u043a\u043b\u0438\u043d*\u2013\t\u041e\u043d \u041f\u0440\u0438\u0434\u0435\u0442 (He&#8217;ll Come Along)  4:11<br \/>\nB4\t\u0410\u0440\u0435\u0442\u0430 \u0424\u0440\u044d\u043d\u043a\u043b\u0438\u043d* \u0412 \u0414\u0443\u044d\u0442\u0435 \u0421 \u041b\u044d\u0440\u0440\u0438 \u0413\u0440\u044d\u043c*\u2013\t\u0415\u0441\u043b\u0438 \u0422\u0435\u0431\u0435 \u041d\u0443\u0436\u043d\u0430 \u041c\u043e\u044f \u041b\u044e\u0431\u043e\u0432\u044c (If You Need My Love Tonight)  4:30<br \/>\nB5\t\u0410\u0440\u0435\u0442\u0430 \u0424\u0440\u044d\u043d\u043a\u043b\u0438\u043d*\u2013\t\u0412\u0437\u0433\u043b\u044f\u043d\u0438 \u041d\u0430 \u0420\u0430\u0434\u0443\u0433\u0443 (Look To The Rainbow) 5:14<\/p>","protected":false},"excerpt":{"rendered":"<p>\u041c\u0435\u043b\u043e\u0434\u0438\u044f \u2013 \u042160 27525 007<br \/>\nFormat:<br \/>\nVinyl, LP, Album<br \/>\nCountry:<br \/>\nUSSR<br \/>\nReleased:<br \/>\n1988<\/p>","protected":false},"featured_media":30516,"template":"","meta":[],"product_cat":[21],"product_tag":[44],"yoast_head":"<!-- This site is optimized with the Yoast SEO plugin v23.5 - https:\/\/yoast.com\/wordpress\/plugins\/seo\/ -->\n<title>\u0410\u0440\u0435\u0442\u0430 \u0424\u0440\u044d\u043d\u043a\u043b\u0438\u043d \u2013 Aretha Vinilin\u0117 Plok\u0161tel\u0117 | Vinilozona.lt<\/title>\n<meta name=\"robots\" content=\"index, follow, max-snippet:-1, max-image-preview:large, max-video-preview:-1\" \/>\n<link rel=\"canonical\" href=\"https:\/\/vinilozona.lt\/en\/parduotuve\/kita\/toto-cutugno-\u0442\u043e\u0442\u043e-\u043a\u0443\u0442\u0443\u043d\u044c\u043e-\u0442\u043e\u0442\u043e-\u043a\u0443\u0442\u0443\u043d\u044c\u043e\/\" \/>\n<meta property=\"og:locale\" content=\"en_GB\" \/>\n<meta property=\"og:type\" content=\"article\" \/>\n<meta property=\"og:title\" content=\"\u0410\u0440\u0435\u0442\u0430 \u0424\u0440\u044d\u043d\u043a\u043b\u0438\u043d \u2013 Aretha Vinilin\u0117 Plok\u0161tel\u0117 | Vinilozona.lt\" \/>\n<meta property=\"og:description\" content=\"\u041c\u0435\u043b\u043e\u0434\u0438\u044f \u2013 \u042160 27525 007 Format: Vinyl, LP, Album Country: USSR Released: 1988\" \/>\n<meta property=\"og:url\" content=\"https:\/\/vinilozona.lt\/en\/parduotuve\/kita\/toto-cutugno-\u0442\u043e\u0442\u043e-\u043a\u0443\u0442\u0443\u043d\u044c\u043e-\u0442\u043e\u0442\u043e-\u043a\u0443\u0442\u0443\u043d\u044c\u043e\/\" \/>\n<meta property=\"og:site_name\" content=\"Vinilo Zona\" \/>\n<meta property=\"article:modified_time\" content=\"2026-02-24T04:52:19+00:00\" \/>\n<meta property=\"og:image\" content=\"https:\/\/vinilozona.lt\/wp-content\/uploads\/2025\/08\/R-3805034-1345107918-7050.jpg\" \/>\n\t<meta property=\"og:image:width\" content=\"516\" \/>\n\t<meta property=\"og:image:height\" content=\"514\" \/>\n\t<meta property=\"og:image:type\" content=\"image\/jpeg\" \/>\n<meta name=\"twitter:card\" content=\"summary_large_image\" \/>\n<meta name=\"twitter:label1\" content=\"Estimated reading time\" \/>\n\t<meta name=\"twitter:data1\" content=\"1 minute\" \/>\n<script type=\"application\/ld+json\" class=\"yoast-schema-graph\">{\"@context\":\"https:\/\/schema.org\",\"@graph\":[{\"@type\":\"WebPage\",\"@id\":\"https:\/\/vinilozona.lt\/parduotuve\/kita\/toto-cutugno-%d1%82%d0%be%d1%82%d0%be-%d0%ba%d1%83%d1%82%d1%83%d0%bd%d1%8c%d0%be-%d1%82%d0%be%d1%82%d0%be-%d0%ba%d1%83%d1%82%d1%83%d0%bd%d1%8c%d0%be\/\",\"url\":\"https:\/\/vinilozona.lt\/parduotuve\/kita\/toto-cutugno-%d1%82%d0%be%d1%82%d0%be-%d0%ba%d1%83%d1%82%d1%83%d0%bd%d1%8c%d0%be-%d1%82%d0%be%d1%82%d0%be-%d0%ba%d1%83%d1%82%d1%83%d0%bd%d1%8c%d0%be\/\",\"name\":\"\u0410\u0440\u0435\u0442\u0430 \u0424\u0440\u044d\u043d\u043a\u043b\u0438\u043d \u2013 Aretha Vinilin\u0117 Plok\u0161tel\u0117 | Vinilozona.lt\",\"isPartOf\":{\"@id\":\"https:\/\/vinilozona.lt\/#website\"},\"primaryImageOfPage\":{\"@id\":\"https:\/\/vinilozona.lt\/parduotuve\/kita\/toto-cutugno-%d1%82%d0%be%d1%82%d0%be-%d0%ba%d1%83%d1%82%d1%83%d0%bd%d1%8c%d0%be-%d1%82%d0%be%d1%82%d0%be-%d0%ba%d1%83%d1%82%d1%83%d0%bd%d1%8c%d0%be\/#primaryimage\"},\"image\":{\"@id\":\"https:\/\/vinilozona.lt\/parduotuve\/kita\/toto-cutugno-%d1%82%d0%be%d1%82%d0%be-%d0%ba%d1%83%d1%82%d1%83%d0%bd%d1%8c%d0%be-%d1%82%d0%be%d1%82%d0%be-%d0%ba%d1%83%d1%82%d1%83%d0%bd%d1%8c%d0%be\/#primaryimage\"},\"thumbnailUrl\":\"https:\/\/vinilozona.lt\/wp-content\/uploads\/2025\/08\/R-3805034-1345107918-7050.jpg\",\"datePublished\":\"2026-02-24T03:00:53+00:00\",\"dateModified\":\"2026-02-24T04:52:19+00:00\",\"breadcrumb\":{\"@id\":\"https:\/\/vinilozona.lt\/parduotuve\/kita\/toto-cutugno-%d1%82%d0%be%d1%82%d0%be-%d0%ba%d1%83%d1%82%d1%83%d0%bd%d1%8c%d0%be-%d1%82%d0%be%d1%82%d0%be-%d0%ba%d1%83%d1%82%d1%83%d0%bd%d1%8c%d0%be\/#breadcrumb\"},\"inLanguage\":\"en-GB\",\"potentialAction\":[{\"@type\":\"ReadAction\",\"target\":[\"https:\/\/vinilozona.lt\/parduotuve\/kita\/toto-cutugno-%d1%82%d0%be%d1%82%d0%be-%d0%ba%d1%83%d1%82%d1%83%d0%bd%d1%8c%d0%be-%d1%82%d0%be%d1%82%d0%be-%d0%ba%d1%83%d1%82%d1%83%d0%bd%d1%8c%d0%be\/\"]}]},{\"@type\":\"ImageObject\",\"inLanguage\":\"en-GB\",\"@id\":\"https:\/\/vinilozona.lt\/parduotuve\/kita\/toto-cutugno-%d1%82%d0%be%d1%82%d0%be-%d0%ba%d1%83%d1%82%d1%83%d0%bd%d1%8c%d0%be-%d1%82%d0%be%d1%82%d0%be-%d0%ba%d1%83%d1%82%d1%83%d0%bd%d1%8c%d0%be\/#primaryimage\",\"url\":\"https:\/\/vinilozona.lt\/wp-content\/uploads\/2025\/08\/R-3805034-1345107918-7050.jpg\",\"contentUrl\":\"https:\/\/vinilozona.lt\/wp-content\/uploads\/2025\/08\/R-3805034-1345107918-7050.jpg\",\"width\":516,\"height\":514},{\"@type\":\"BreadcrumbList\",\"@id\":\"https:\/\/vinilozona.lt\/parduotuve\/kita\/toto-cutugno-%d1%82%d0%be%d1%82%d0%be-%d0%ba%d1%83%d1%82%d1%83%d0%bd%d1%8c%d0%be-%d1%82%d0%be%d1%82%d0%be-%d0%ba%d1%83%d1%82%d1%83%d0%bd%d1%8c%d0%be\/#breadcrumb\",\"itemListElement\":[{\"@type\":\"ListItem\",\"position\":1,\"name\":\"Home\",\"item\":\"https:\/\/vinilozona.lt\/\"},{\"@type\":\"ListItem\",\"position\":2,\"name\":\"Parduotuv\u0117\",\"item\":\"https:\/\/vinilozona.lt\/parduotuve\/\"},{\"@type\":\"ListItem\",\"position\":3,\"name\":\"\u0410\u0440\u0435\u0442\u0430 \u0424\u0440\u044d\u043d\u043a\u043b\u0438\u043d \u2013 Aretha\"}]},{\"@type\":\"WebSite\",\"@id\":\"https:\/\/vinilozona.lt\/#website\",\"url\":\"https:\/\/vinilozona.lt\/\",\"name\":\"Vinilo Zona\",\"description\":\"Nup\u016bsk dulkes ir klausyk LP\",\"potentialAction\":[{\"@type\":\"SearchAction\",\"target\":{\"@type\":\"EntryPoint\",\"urlTemplate\":\"https:\/\/vinilozona.lt\/?s={search_term_string}\"},\"query-input\":{\"@type\":\"PropertyValueSpecification\",\"valueRequired\":true,\"valueName\":\"search_term_string\"}}],\"inLanguage\":\"en-GB\"}]}<\/script>\n<!-- \/ Yoast SEO plugin. -->","yoast_head_json":{"title":"\u0410\u0440\u0435\u0442\u0430 \u0424\u0440\u044d\u043d\u043a\u043b\u0438\u043d \u2013 Aretha Vinilin\u0117 Plok\u0161tel\u0117 | Vinilozona.lt","robots":{"index":"index","follow":"follow","max-snippet":"max-snippet:-1","max-image-preview":"max-image-preview:large","max-video-preview":"max-video-preview:-1"},"canonical":"https:\/\/vinilozona.lt\/en\/parduotuve\/kita\/toto-cutugno-\u0442\u043e\u0442\u043e-\u043a\u0443\u0442\u0443\u043d\u044c\u043e-\u0442\u043e\u0442\u043e-\u043a\u0443\u0442\u0443\u043d\u044c\u043e\/","og_locale":"en_GB","og_type":"article","og_title":"\u0410\u0440\u0435\u0442\u0430 \u0424\u0440\u044d\u043d\u043a\u043b\u0438\u043d \u2013 Aretha Vinilin\u0117 Plok\u0161tel\u0117 | Vinilozona.lt","og_description":"\u041c\u0435\u043b\u043e\u0434\u0438\u044f \u2013 \u042160 27525 007 Format: Vinyl, LP, Album Country: USSR Released: 1988","og_url":"https:\/\/vinilozona.lt\/en\/parduotuve\/kita\/toto-cutugno-\u0442\u043e\u0442\u043e-\u043a\u0443\u0442\u0443\u043d\u044c\u043e-\u0442\u043e\u0442\u043e-\u043a\u0443\u0442\u0443\u043d\u044c\u043e\/","og_site_name":"Vinilo Zona","article_modified_time":"2026-02-24T04:52:19+00:00","og_image":[{"width":516,"height":514,"url":"https:\/\/vinilozona.lt\/wp-content\/uploads\/2025\/08\/R-3805034-1345107918-7050.jpg","type":"image\/jpeg"}],"twitter_card":"summary_large_image","twitter_misc":{"Estimated reading time":"1 minute"},"schema":{"@context":"https:\/\/schema.org","@graph":[{"@type":"WebPage","@id":"https:\/\/vinilozona.lt\/parduotuve\/kita\/toto-cutugno-%d1%82%d0%be%d1%82%d0%be-%d0%ba%d1%83%d1%82%d1%83%d0%bd%d1%8c%d0%be-%d1%82%d0%be%d1%82%d0%be-%d0%ba%d1%83%d1%82%d1%83%d0%bd%d1%8c%d0%be\/","url":"https:\/\/vinilozona.lt\/parduotuve\/kita\/toto-cutugno-%d1%82%d0%be%d1%82%d0%be-%d0%ba%d1%83%d1%82%d1%83%d0%bd%d1%8c%d0%be-%d1%82%d0%be%d1%82%d0%be-%d0%ba%d1%83%d1%82%d1%83%d0%bd%d1%8c%d0%be\/","name":"\u0410\u0440\u0435\u0442\u0430 \u0424\u0440\u044d\u043d\u043a\u043b\u0438\u043d \u2013 Aretha Vinilin\u0117 Plok\u0161tel\u0117 | Vinilozona.lt","isPartOf":{"@id":"https:\/\/vinilozona.lt\/#website"},"primaryImageOfPage":{"@id":"https:\/\/vinilozona.lt\/parduotuve\/kita\/toto-cutugno-%d1%82%d0%be%d1%82%d0%be-%d0%ba%d1%83%d1%82%d1%83%d0%bd%d1%8c%d0%be-%d1%82%d0%be%d1%82%d0%be-%d0%ba%d1%83%d1%82%d1%83%d0%bd%d1%8c%d0%be\/#primaryimage"},"image":{"@id":"https:\/\/vinilozona.lt\/parduotuve\/kita\/toto-cutugno-%d1%82%d0%be%d1%82%d0%be-%d0%ba%d1%83%d1%82%d1%83%d0%bd%d1%8c%d0%be-%d1%82%d0%be%d1%82%d0%be-%d0%ba%d1%83%d1%82%d1%83%d0%bd%d1%8c%d0%be\/#primaryimage"},"thumbnailUrl":"https:\/\/vinilozona.lt\/wp-content\/uploads\/2025\/08\/R-3805034-1345107918-7050.jpg","datePublished":"2026-02-24T03:00:53+00:00","dateModified":"2026-02-24T04:52:19+00:00","breadcrumb":{"@id":"https:\/\/vinilozona.lt\/parduotuve\/kita\/toto-cutugno-%d1%82%d0%be%d1%82%d0%be-%d0%ba%d1%83%d1%82%d1%83%d0%bd%d1%8c%d0%be-%d1%82%d0%be%d1%82%d0%be-%d0%ba%d1%83%d1%82%d1%83%d0%bd%d1%8c%d0%be\/#breadcrumb"},"inLanguage":"en-GB","potentialAction":[{"@type":"ReadAction","target":["https:\/\/vinilozona.lt\/parduotuve\/kita\/toto-cutugno-%d1%82%d0%be%d1%82%d0%be-%d0%ba%d1%83%d1%82%d1%83%d0%bd%d1%8c%d0%be-%d1%82%d0%be%d1%82%d0%be-%d0%ba%d1%83%d1%82%d1%83%d0%bd%d1%8c%d0%be\/"]}]},{"@type":"ImageObject","inLanguage":"en-GB","@id":"https:\/\/vinilozona.lt\/parduotuve\/kita\/toto-cutugno-%d1%82%d0%be%d1%82%d0%be-%d0%ba%d1%83%d1%82%d1%83%d0%bd%d1%8c%d0%be-%d1%82%d0%be%d1%82%d0%be-%d0%ba%d1%83%d1%82%d1%83%d0%bd%d1%8c%d0%be\/#primaryimage","url":"https:\/\/vinilozona.lt\/wp-content\/uploads\/2025\/08\/R-3805034-1345107918-7050.jpg","contentUrl":"https:\/\/vinilozona.lt\/wp-content\/uploads\/2025\/08\/R-3805034-1345107918-7050.jpg","width":516,"height":514},{"@type":"BreadcrumbList","@id":"https:\/\/vinilozona.lt\/parduotuve\/kita\/toto-cutugno-%d1%82%d0%be%d1%82%d0%be-%d0%ba%d1%83%d1%82%d1%83%d0%bd%d1%8c%d0%be-%d1%82%d0%be%d1%82%d0%be-%d0%ba%d1%83%d1%82%d1%83%d0%bd%d1%8c%d0%be\/#breadcrumb","itemListElement":[{"@type":"ListItem","position":1,"name":"Home","item":"https:\/\/vinilozona.lt\/"},{"@type":"ListItem","position":2,"name":"Parduotuv\u0117","item":"https:\/\/vinilozona.lt\/parduotuve\/"},{"@type":"ListItem","position":3,"name":"\u0410\u0440\u0435\u0442\u0430 \u0424\u0440\u044d\u043d\u043a\u043b\u0438\u043d \u2013 Aretha"}]},{"@type":"WebSite","@id":"https:\/\/vinilozona.lt\/#website","url":"https:\/\/vinilozona.lt\/","name":"Vinilo Zona","description":"Nup\u016bsk dulkes ir klausyk LP","potentialAction":[{"@type":"SearchAction","target":{"@type":"EntryPoint","urlTemplate":"https:\/\/vinilozona.lt\/?s={search_term_string}"},"query-input":{"@type":"PropertyValueSpecification","valueRequired":true,"valueName":"search_term_string"}}],"inLanguage":"en-GB"}]}},"_links":{"self":[{"href":"https:\/\/vinilozona.lt\/en\/wp-json\/wp\/v2\/product\/28966"}],"collection":[{"href":"https:\/\/vinilozona.lt\/en\/wp-json\/wp\/v2\/product"}],"about":[{"href":"https:\/\/vinilozona.lt\/en\/wp-json\/wp\/v2\/types\/product"}],"wp:featuredmedia":[{"embeddable":true,"href":"https:\/\/vinilozona.lt\/en\/wp-json\/wp\/v2\/media\/30516"}],"wp:attachment":[{"href":"https:\/\/vinilozona.lt\/en\/wp-json\/wp\/v2\/media?parent=28966"}],"wp:term":[{"taxonomy":"product_cat","embeddable":true,"href":"https:\/\/vinilozona.lt\/en\/wp-json\/wp\/v2\/product_cat?post=28966"},{"taxonomy":"product_tag","embeddable":true,"href":"https:\/\/vinilozona.lt\/en\/wp-json\/wp\/v2\/product_tag?post=28966"}],"curies":[{"name":"wp","href":"https:\/\/api.w.org\/{rel}","templated":true}]}}