{"id":28952,"date":"2025-08-22T18:21:57","date_gmt":"2025-08-22T15:21:57","guid":{"rendered":"https:\/\/vinilozona.lt\/?post_type=product&#038;p=28952"},"modified":"2026-01-25T13:12:00","modified_gmt":"2026-01-25T11:12:00","slug":"sandra-%d1%81%d0%b0%d0%bd%d0%b4%d1%80%d0%b0-the-long-play","status":"publish","type":"product","link":"https:\/\/vinilozona.lt\/en\/parduotuve\/kita\/sandra-%d1%81%d0%b0%d0%bd%d0%b4%d1%80%d0%b0-the-long-play\/","title":{"rendered":"Sandra\/\u0421\u0430\u043d\u0434\u0440\u0430 \u2013 The Long Play"},"content":{"rendered":"<p>A1\t\t\u0412 \u041d\u043e\u0447\u043d\u043e\u0439 \u0414\u0443\u0445\u043e\u0442\u0435 \u00b7 In The Heat Of The Night\t5:20<br \/>\nA2\t\t\u041d\u0430 \u0411\u043b\u044e\u0434\u0435\u0447\u043a\u0435&#8230; (\u0421\u0435\u043c\u044c \u041b\u0435\u0442) \u00b7 On The Tray (Seven Years)\t3:45<br \/>\nA3\t\t\u041c\u0430\u043b\u044b\u0448\u043a\u0430 \u00b7 Little Girl\t3:11<br \/>\nA4\t\t\u0422\u044b \u0418 \u042f \u00b7 You And I\t6:44<br \/>\nB1\t\t(\u042f \u041d\u0438\u043a\u043e\u0433\u0434\u0430 \u041d\u0435 \u0411\u0443\u0434\u0443) \u041c\u0430\u0440\u0438\u044f \u041c\u0430\u0433\u0434\u0430\u043b\u0435\u043d\u0430 \u00b7 (I&#8217;ll Never Be) Maria Magdalena\t5:55<br \/>\nB2\t\t\u0421\u0435\u0440\u0434\u0446\u0435\u0431\u0438\u0435\u043d\u0438\u0435 \u00b7 Heartbeat\t4:53<br \/>\nB3\t\t\u0421\u0435\u0441\u0442\u0440\u044b \u0438 \u0411\u0440\u0430\u0442\u044c\u044f \u00b7 Sisters And Brothers\t3:23<br \/>\nB4\t\t\u041f\u0435\u0440\u0435\u0434\u0443\u043c\u0430\u0439 \u00b7 Change Your Mind\t4:04<\/p>","protected":false},"excerpt":{"rendered":"<p>Label:<br \/>\n\u041c\u0435\u043b\u043e\u0434\u0438\u044f \u2013 C60 27363 007<br \/>\nFormat:<br \/>\nVinyl, LP, Album, Red Labels<br \/>\nCountry:<br \/>\nUSSR<br \/>\nReleased:<br \/>\n1989<\/p>","protected":false},"featured_media":28953,"template":"","meta":[],"product_cat":[21],"product_tag":[55],"yoast_head":"<!-- This site is optimized with the Yoast SEO plugin v23.5 - https:\/\/yoast.com\/wordpress\/plugins\/seo\/ -->\n<title>Sandra\/\u0421\u0430\u043d\u0434\u0440\u0430 \u2013 The Long Play Vinilin\u0117 Plok\u0161tel\u0117 | Vinilozona.lt<\/title>\n<meta name=\"robots\" content=\"index, follow, max-snippet:-1, max-image-preview:large, max-video-preview:-1\" \/>\n<link rel=\"canonical\" href=\"https:\/\/vinilozona.lt\/en\/parduotuve\/kita\/sandra-\u0441\u0430\u043d\u0434\u0440\u0430-the-long-play\/\" \/>\n<meta property=\"og:locale\" content=\"en_GB\" \/>\n<meta property=\"og:type\" content=\"article\" \/>\n<meta property=\"og:title\" content=\"Sandra\/\u0421\u0430\u043d\u0434\u0440\u0430 \u2013 The Long Play Vinilin\u0117 Plok\u0161tel\u0117 | Vinilozona.lt\" \/>\n<meta property=\"og:description\" content=\"Label: \u041c\u0435\u043b\u043e\u0434\u0438\u044f \u2013 C60 27363 007 Format: Vinyl, LP, Album, Red Labels Country: USSR Released: 1989\" \/>\n<meta property=\"og:url\" content=\"https:\/\/vinilozona.lt\/en\/parduotuve\/kita\/sandra-\u0441\u0430\u043d\u0434\u0440\u0430-the-long-play\/\" \/>\n<meta property=\"og:site_name\" content=\"Vinilo Zona\" \/>\n<meta property=\"article:modified_time\" content=\"2026-01-25T11:12:00+00:00\" \/>\n<meta property=\"og:image\" content=\"https:\/\/vinilozona.lt\/wp-content\/uploads\/2025\/08\/R-2520204-1288512867.jpg\" \/>\n\t<meta property=\"og:image:width\" content=\"581\" \/>\n\t<meta property=\"og:image:height\" content=\"588\" \/>\n\t<meta property=\"og:image:type\" content=\"image\/jpeg\" \/>\n<meta name=\"twitter:card\" content=\"summary_large_image\" \/>\n<meta name=\"twitter:label1\" content=\"Estimated reading time\" \/>\n\t<meta name=\"twitter:data1\" content=\"1 minute\" \/>\n<script type=\"application\/ld+json\" class=\"yoast-schema-graph\">{\"@context\":\"https:\/\/schema.org\",\"@graph\":[{\"@type\":\"WebPage\",\"@id\":\"https:\/\/vinilozona.lt\/parduotuve\/kita\/sandra-%d1%81%d0%b0%d0%bd%d0%b4%d1%80%d0%b0-the-long-play\/\",\"url\":\"https:\/\/vinilozona.lt\/parduotuve\/kita\/sandra-%d1%81%d0%b0%d0%bd%d0%b4%d1%80%d0%b0-the-long-play\/\",\"name\":\"Sandra\/\u0421\u0430\u043d\u0434\u0440\u0430 \u2013 The Long Play Vinilin\u0117 Plok\u0161tel\u0117 | Vinilozona.lt\",\"isPartOf\":{\"@id\":\"https:\/\/vinilozona.lt\/#website\"},\"primaryImageOfPage\":{\"@id\":\"https:\/\/vinilozona.lt\/parduotuve\/kita\/sandra-%d1%81%d0%b0%d0%bd%d0%b4%d1%80%d0%b0-the-long-play\/#primaryimage\"},\"image\":{\"@id\":\"https:\/\/vinilozona.lt\/parduotuve\/kita\/sandra-%d1%81%d0%b0%d0%bd%d0%b4%d1%80%d0%b0-the-long-play\/#primaryimage\"},\"thumbnailUrl\":\"https:\/\/vinilozona.lt\/wp-content\/uploads\/2025\/08\/R-2520204-1288512867.jpg\",\"datePublished\":\"2025-08-22T15:21:57+00:00\",\"dateModified\":\"2026-01-25T11:12:00+00:00\",\"breadcrumb\":{\"@id\":\"https:\/\/vinilozona.lt\/parduotuve\/kita\/sandra-%d1%81%d0%b0%d0%bd%d0%b4%d1%80%d0%b0-the-long-play\/#breadcrumb\"},\"inLanguage\":\"en-GB\",\"potentialAction\":[{\"@type\":\"ReadAction\",\"target\":[\"https:\/\/vinilozona.lt\/parduotuve\/kita\/sandra-%d1%81%d0%b0%d0%bd%d0%b4%d1%80%d0%b0-the-long-play\/\"]}]},{\"@type\":\"ImageObject\",\"inLanguage\":\"en-GB\",\"@id\":\"https:\/\/vinilozona.lt\/parduotuve\/kita\/sandra-%d1%81%d0%b0%d0%bd%d0%b4%d1%80%d0%b0-the-long-play\/#primaryimage\",\"url\":\"https:\/\/vinilozona.lt\/wp-content\/uploads\/2025\/08\/R-2520204-1288512867.jpg\",\"contentUrl\":\"https:\/\/vinilozona.lt\/wp-content\/uploads\/2025\/08\/R-2520204-1288512867.jpg\",\"width\":581,\"height\":588},{\"@type\":\"BreadcrumbList\",\"@id\":\"https:\/\/vinilozona.lt\/parduotuve\/kita\/sandra-%d1%81%d0%b0%d0%bd%d0%b4%d1%80%d0%b0-the-long-play\/#breadcrumb\",\"itemListElement\":[{\"@type\":\"ListItem\",\"position\":1,\"name\":\"Home\",\"item\":\"https:\/\/vinilozona.lt\/\"},{\"@type\":\"ListItem\",\"position\":2,\"name\":\"Parduotuv\u0117\",\"item\":\"https:\/\/vinilozona.lt\/parduotuve\/\"},{\"@type\":\"ListItem\",\"position\":3,\"name\":\"Sandra\/\u0421\u0430\u043d\u0434\u0440\u0430 \u2013 The Long Play\"}]},{\"@type\":\"WebSite\",\"@id\":\"https:\/\/vinilozona.lt\/#website\",\"url\":\"https:\/\/vinilozona.lt\/\",\"name\":\"Vinilo Zona\",\"description\":\"Nup\u016bsk dulkes ir klausyk LP\",\"potentialAction\":[{\"@type\":\"SearchAction\",\"target\":{\"@type\":\"EntryPoint\",\"urlTemplate\":\"https:\/\/vinilozona.lt\/?s={search_term_string}\"},\"query-input\":{\"@type\":\"PropertyValueSpecification\",\"valueRequired\":true,\"valueName\":\"search_term_string\"}}],\"inLanguage\":\"en-GB\"}]}<\/script>\n<!-- \/ Yoast SEO plugin. -->","yoast_head_json":{"title":"Sandra\/\u0421\u0430\u043d\u0434\u0440\u0430 \u2013 The Long Play Vinilin\u0117 Plok\u0161tel\u0117 | Vinilozona.lt","robots":{"index":"index","follow":"follow","max-snippet":"max-snippet:-1","max-image-preview":"max-image-preview:large","max-video-preview":"max-video-preview:-1"},"canonical":"https:\/\/vinilozona.lt\/en\/parduotuve\/kita\/sandra-\u0441\u0430\u043d\u0434\u0440\u0430-the-long-play\/","og_locale":"en_GB","og_type":"article","og_title":"Sandra\/\u0421\u0430\u043d\u0434\u0440\u0430 \u2013 The Long Play Vinilin\u0117 Plok\u0161tel\u0117 | Vinilozona.lt","og_description":"Label: \u041c\u0435\u043b\u043e\u0434\u0438\u044f \u2013 C60 27363 007 Format: Vinyl, LP, Album, Red Labels Country: USSR Released: 1989","og_url":"https:\/\/vinilozona.lt\/en\/parduotuve\/kita\/sandra-\u0441\u0430\u043d\u0434\u0440\u0430-the-long-play\/","og_site_name":"Vinilo Zona","article_modified_time":"2026-01-25T11:12:00+00:00","og_image":[{"width":581,"height":588,"url":"https:\/\/vinilozona.lt\/wp-content\/uploads\/2025\/08\/R-2520204-1288512867.jpg","type":"image\/jpeg"}],"twitter_card":"summary_large_image","twitter_misc":{"Estimated reading time":"1 minute"},"schema":{"@context":"https:\/\/schema.org","@graph":[{"@type":"WebPage","@id":"https:\/\/vinilozona.lt\/parduotuve\/kita\/sandra-%d1%81%d0%b0%d0%bd%d0%b4%d1%80%d0%b0-the-long-play\/","url":"https:\/\/vinilozona.lt\/parduotuve\/kita\/sandra-%d1%81%d0%b0%d0%bd%d0%b4%d1%80%d0%b0-the-long-play\/","name":"Sandra\/\u0421\u0430\u043d\u0434\u0440\u0430 \u2013 The Long Play Vinilin\u0117 Plok\u0161tel\u0117 | Vinilozona.lt","isPartOf":{"@id":"https:\/\/vinilozona.lt\/#website"},"primaryImageOfPage":{"@id":"https:\/\/vinilozona.lt\/parduotuve\/kita\/sandra-%d1%81%d0%b0%d0%bd%d0%b4%d1%80%d0%b0-the-long-play\/#primaryimage"},"image":{"@id":"https:\/\/vinilozona.lt\/parduotuve\/kita\/sandra-%d1%81%d0%b0%d0%bd%d0%b4%d1%80%d0%b0-the-long-play\/#primaryimage"},"thumbnailUrl":"https:\/\/vinilozona.lt\/wp-content\/uploads\/2025\/08\/R-2520204-1288512867.jpg","datePublished":"2025-08-22T15:21:57+00:00","dateModified":"2026-01-25T11:12:00+00:00","breadcrumb":{"@id":"https:\/\/vinilozona.lt\/parduotuve\/kita\/sandra-%d1%81%d0%b0%d0%bd%d0%b4%d1%80%d0%b0-the-long-play\/#breadcrumb"},"inLanguage":"en-GB","potentialAction":[{"@type":"ReadAction","target":["https:\/\/vinilozona.lt\/parduotuve\/kita\/sandra-%d1%81%d0%b0%d0%bd%d0%b4%d1%80%d0%b0-the-long-play\/"]}]},{"@type":"ImageObject","inLanguage":"en-GB","@id":"https:\/\/vinilozona.lt\/parduotuve\/kita\/sandra-%d1%81%d0%b0%d0%bd%d0%b4%d1%80%d0%b0-the-long-play\/#primaryimage","url":"https:\/\/vinilozona.lt\/wp-content\/uploads\/2025\/08\/R-2520204-1288512867.jpg","contentUrl":"https:\/\/vinilozona.lt\/wp-content\/uploads\/2025\/08\/R-2520204-1288512867.jpg","width":581,"height":588},{"@type":"BreadcrumbList","@id":"https:\/\/vinilozona.lt\/parduotuve\/kita\/sandra-%d1%81%d0%b0%d0%bd%d0%b4%d1%80%d0%b0-the-long-play\/#breadcrumb","itemListElement":[{"@type":"ListItem","position":1,"name":"Home","item":"https:\/\/vinilozona.lt\/"},{"@type":"ListItem","position":2,"name":"Parduotuv\u0117","item":"https:\/\/vinilozona.lt\/parduotuve\/"},{"@type":"ListItem","position":3,"name":"Sandra\/\u0421\u0430\u043d\u0434\u0440\u0430 \u2013 The Long Play"}]},{"@type":"WebSite","@id":"https:\/\/vinilozona.lt\/#website","url":"https:\/\/vinilozona.lt\/","name":"Vinilo Zona","description":"Nup\u016bsk dulkes ir klausyk LP","potentialAction":[{"@type":"SearchAction","target":{"@type":"EntryPoint","urlTemplate":"https:\/\/vinilozona.lt\/?s={search_term_string}"},"query-input":{"@type":"PropertyValueSpecification","valueRequired":true,"valueName":"search_term_string"}}],"inLanguage":"en-GB"}]}},"_links":{"self":[{"href":"https:\/\/vinilozona.lt\/en\/wp-json\/wp\/v2\/product\/28952"}],"collection":[{"href":"https:\/\/vinilozona.lt\/en\/wp-json\/wp\/v2\/product"}],"about":[{"href":"https:\/\/vinilozona.lt\/en\/wp-json\/wp\/v2\/types\/product"}],"wp:featuredmedia":[{"embeddable":true,"href":"https:\/\/vinilozona.lt\/en\/wp-json\/wp\/v2\/media\/28953"}],"wp:attachment":[{"href":"https:\/\/vinilozona.lt\/en\/wp-json\/wp\/v2\/media?parent=28952"}],"wp:term":[{"taxonomy":"product_cat","embeddable":true,"href":"https:\/\/vinilozona.lt\/en\/wp-json\/wp\/v2\/product_cat?post=28952"},{"taxonomy":"product_tag","embeddable":true,"href":"https:\/\/vinilozona.lt\/en\/wp-json\/wp\/v2\/product_tag?post=28952"}],"curies":[{"name":"wp","href":"https:\/\/api.w.org\/{rel}","templated":true}]}}