{"id":28937,"date":"2025-08-22T05:02:28","date_gmt":"2025-08-22T02:02:28","guid":{"rendered":"https:\/\/vinilozona.lt\/?post_type=product&#038;p=28937"},"modified":"2025-09-13T11:31:00","modified_gmt":"2025-09-13T08:31:00","slug":"men-without-hats-folk-of-the-80s-part-iii","status":"publish","type":"product","link":"https:\/\/vinilozona.lt\/en\/parduotuve\/rock-pop\/men-without-hats-folk-of-the-80s-part-iii\/","title":{"rendered":"Men Without Hats \u2013 Folk Of The 80&#8217;s (Part III)"},"content":{"rendered":"<p>A1\t\tNo Dancing  2:09<br \/>\nA2\t\tUnsatisfaction\t3:06<br \/>\nA3\t\tWhere Do The Boys Go?  3:55<br \/>\nA4\t\tMothers Opinion\t7:48<br \/>\nB1\t\tEurotheme (Instrumental)\t2:38<br \/>\nB2\t\tMessiahs Die Young\t4:20<br \/>\nB3\t\tI Know Their Name\t3:58<br \/>\nB4\t\tFolk Of The 80&#8217;s\t4:18<br \/>\nB5\t\tI Sing Last \/ Not For Tears\t3:15<\/p>","protected":false},"excerpt":{"rendered":"<p>Statik Records \u2013 206 260, Virgin \u2013 206 260, Statik Records \u2013 206 260-620, Virgin \u2013 206 260-620<br \/>\nFormat:<br \/>\nVinyl, LP, Album<br \/>\nCountry:<br \/>\nEurope<br \/>\nReleased:<br \/>\n1984<\/p>","protected":false},"featured_media":28940,"template":"","meta":[],"product_cat":[15],"product_tag":[44],"yoast_head":"<!-- This site is optimized with the Yoast SEO plugin v23.5 - https:\/\/yoast.com\/wordpress\/plugins\/seo\/ -->\n<title>Men Without Hats \u2013 Folk Of The 80&#039;s (Part III) Vinilin\u0117 Plok\u0161tel\u0117 | Vinilozona.lt<\/title>\n<meta name=\"robots\" content=\"index, follow, max-snippet:-1, max-image-preview:large, max-video-preview:-1\" \/>\n<link rel=\"canonical\" href=\"https:\/\/vinilozona.lt\/en\/parduotuve\/rock-pop\/men-without-hats-folk-of-the-80s-part-iii\/\" \/>\n<meta property=\"og:locale\" content=\"en_GB\" \/>\n<meta property=\"og:type\" content=\"article\" \/>\n<meta property=\"og:title\" content=\"Men Without Hats \u2013 Folk Of The 80&#039;s (Part III) Vinilin\u0117 Plok\u0161tel\u0117 | Vinilozona.lt\" \/>\n<meta property=\"og:description\" content=\"Statik Records \u2013 206 260, Virgin \u2013 206 260, Statik Records \u2013 206 260-620, Virgin \u2013 206 260-620 Format: Vinyl, LP, Album Country: Europe Released: 1984\" \/>\n<meta property=\"og:url\" content=\"https:\/\/vinilozona.lt\/en\/parduotuve\/rock-pop\/men-without-hats-folk-of-the-80s-part-iii\/\" \/>\n<meta property=\"og:site_name\" content=\"Vinilo Zona\" \/>\n<meta property=\"article:modified_time\" content=\"2025-09-13T08:31:00+00:00\" \/>\n<meta property=\"og:image\" content=\"https:\/\/vinilozona.lt\/wp-content\/uploads\/2025\/08\/R-900605-1439481044-9692.jpg\" \/>\n\t<meta property=\"og:image:width\" content=\"593\" \/>\n\t<meta property=\"og:image:height\" content=\"599\" \/>\n\t<meta property=\"og:image:type\" content=\"image\/jpeg\" \/>\n<meta name=\"twitter:card\" content=\"summary_large_image\" \/>\n<meta name=\"twitter:label1\" content=\"Estimated reading time\" \/>\n\t<meta name=\"twitter:data1\" content=\"1 minute\" \/>\n<script type=\"application\/ld+json\" class=\"yoast-schema-graph\">{\"@context\":\"https:\/\/schema.org\",\"@graph\":[{\"@type\":\"WebPage\",\"@id\":\"https:\/\/vinilozona.lt\/parduotuve\/rock-pop\/men-without-hats-folk-of-the-80s-part-iii\/\",\"url\":\"https:\/\/vinilozona.lt\/parduotuve\/rock-pop\/men-without-hats-folk-of-the-80s-part-iii\/\",\"name\":\"Men Without Hats \u2013 Folk Of The 80's (Part III) Vinilin\u0117 Plok\u0161tel\u0117 | Vinilozona.lt\",\"isPartOf\":{\"@id\":\"https:\/\/vinilozona.lt\/#website\"},\"primaryImageOfPage\":{\"@id\":\"https:\/\/vinilozona.lt\/parduotuve\/rock-pop\/men-without-hats-folk-of-the-80s-part-iii\/#primaryimage\"},\"image\":{\"@id\":\"https:\/\/vinilozona.lt\/parduotuve\/rock-pop\/men-without-hats-folk-of-the-80s-part-iii\/#primaryimage\"},\"thumbnailUrl\":\"https:\/\/vinilozona.lt\/wp-content\/uploads\/2025\/08\/R-900605-1439481044-9692.jpg\",\"datePublished\":\"2025-08-22T02:02:28+00:00\",\"dateModified\":\"2025-09-13T08:31:00+00:00\",\"breadcrumb\":{\"@id\":\"https:\/\/vinilozona.lt\/parduotuve\/rock-pop\/men-without-hats-folk-of-the-80s-part-iii\/#breadcrumb\"},\"inLanguage\":\"en-GB\",\"potentialAction\":[{\"@type\":\"ReadAction\",\"target\":[\"https:\/\/vinilozona.lt\/parduotuve\/rock-pop\/men-without-hats-folk-of-the-80s-part-iii\/\"]}]},{\"@type\":\"ImageObject\",\"inLanguage\":\"en-GB\",\"@id\":\"https:\/\/vinilozona.lt\/parduotuve\/rock-pop\/men-without-hats-folk-of-the-80s-part-iii\/#primaryimage\",\"url\":\"https:\/\/vinilozona.lt\/wp-content\/uploads\/2025\/08\/R-900605-1439481044-9692.jpg\",\"contentUrl\":\"https:\/\/vinilozona.lt\/wp-content\/uploads\/2025\/08\/R-900605-1439481044-9692.jpg\",\"width\":593,\"height\":599},{\"@type\":\"BreadcrumbList\",\"@id\":\"https:\/\/vinilozona.lt\/parduotuve\/rock-pop\/men-without-hats-folk-of-the-80s-part-iii\/#breadcrumb\",\"itemListElement\":[{\"@type\":\"ListItem\",\"position\":1,\"name\":\"Home\",\"item\":\"https:\/\/vinilozona.lt\/\"},{\"@type\":\"ListItem\",\"position\":2,\"name\":\"Parduotuv\u0117\",\"item\":\"https:\/\/vinilozona.lt\/parduotuve\/\"},{\"@type\":\"ListItem\",\"position\":3,\"name\":\"Men Without Hats \u2013 Folk Of The 80&#8217;s (Part III)\"}]},{\"@type\":\"WebSite\",\"@id\":\"https:\/\/vinilozona.lt\/#website\",\"url\":\"https:\/\/vinilozona.lt\/\",\"name\":\"Vinilo Zona\",\"description\":\"Nup\u016bsk dulkes ir klausyk LP\",\"potentialAction\":[{\"@type\":\"SearchAction\",\"target\":{\"@type\":\"EntryPoint\",\"urlTemplate\":\"https:\/\/vinilozona.lt\/?s={search_term_string}\"},\"query-input\":{\"@type\":\"PropertyValueSpecification\",\"valueRequired\":true,\"valueName\":\"search_term_string\"}}],\"inLanguage\":\"en-GB\"}]}<\/script>\n<!-- \/ Yoast SEO plugin. -->","yoast_head_json":{"title":"Men Without Hats \u2013 Folk Of The 80's (Part III) Vinilin\u0117 Plok\u0161tel\u0117 | Vinilozona.lt","robots":{"index":"index","follow":"follow","max-snippet":"max-snippet:-1","max-image-preview":"max-image-preview:large","max-video-preview":"max-video-preview:-1"},"canonical":"https:\/\/vinilozona.lt\/en\/parduotuve\/rock-pop\/men-without-hats-folk-of-the-80s-part-iii\/","og_locale":"en_GB","og_type":"article","og_title":"Men Without Hats \u2013 Folk Of The 80's (Part III) Vinilin\u0117 Plok\u0161tel\u0117 | Vinilozona.lt","og_description":"Statik Records \u2013 206 260, Virgin \u2013 206 260, Statik Records \u2013 206 260-620, Virgin \u2013 206 260-620 Format: Vinyl, LP, Album Country: Europe Released: 1984","og_url":"https:\/\/vinilozona.lt\/en\/parduotuve\/rock-pop\/men-without-hats-folk-of-the-80s-part-iii\/","og_site_name":"Vinilo Zona","article_modified_time":"2025-09-13T08:31:00+00:00","og_image":[{"width":593,"height":599,"url":"https:\/\/vinilozona.lt\/wp-content\/uploads\/2025\/08\/R-900605-1439481044-9692.jpg","type":"image\/jpeg"}],"twitter_card":"summary_large_image","twitter_misc":{"Estimated reading time":"1 minute"},"schema":{"@context":"https:\/\/schema.org","@graph":[{"@type":"WebPage","@id":"https:\/\/vinilozona.lt\/parduotuve\/rock-pop\/men-without-hats-folk-of-the-80s-part-iii\/","url":"https:\/\/vinilozona.lt\/parduotuve\/rock-pop\/men-without-hats-folk-of-the-80s-part-iii\/","name":"Men Without Hats \u2013 Folk Of The 80's (Part III) Vinilin\u0117 Plok\u0161tel\u0117 | Vinilozona.lt","isPartOf":{"@id":"https:\/\/vinilozona.lt\/#website"},"primaryImageOfPage":{"@id":"https:\/\/vinilozona.lt\/parduotuve\/rock-pop\/men-without-hats-folk-of-the-80s-part-iii\/#primaryimage"},"image":{"@id":"https:\/\/vinilozona.lt\/parduotuve\/rock-pop\/men-without-hats-folk-of-the-80s-part-iii\/#primaryimage"},"thumbnailUrl":"https:\/\/vinilozona.lt\/wp-content\/uploads\/2025\/08\/R-900605-1439481044-9692.jpg","datePublished":"2025-08-22T02:02:28+00:00","dateModified":"2025-09-13T08:31:00+00:00","breadcrumb":{"@id":"https:\/\/vinilozona.lt\/parduotuve\/rock-pop\/men-without-hats-folk-of-the-80s-part-iii\/#breadcrumb"},"inLanguage":"en-GB","potentialAction":[{"@type":"ReadAction","target":["https:\/\/vinilozona.lt\/parduotuve\/rock-pop\/men-without-hats-folk-of-the-80s-part-iii\/"]}]},{"@type":"ImageObject","inLanguage":"en-GB","@id":"https:\/\/vinilozona.lt\/parduotuve\/rock-pop\/men-without-hats-folk-of-the-80s-part-iii\/#primaryimage","url":"https:\/\/vinilozona.lt\/wp-content\/uploads\/2025\/08\/R-900605-1439481044-9692.jpg","contentUrl":"https:\/\/vinilozona.lt\/wp-content\/uploads\/2025\/08\/R-900605-1439481044-9692.jpg","width":593,"height":599},{"@type":"BreadcrumbList","@id":"https:\/\/vinilozona.lt\/parduotuve\/rock-pop\/men-without-hats-folk-of-the-80s-part-iii\/#breadcrumb","itemListElement":[{"@type":"ListItem","position":1,"name":"Home","item":"https:\/\/vinilozona.lt\/"},{"@type":"ListItem","position":2,"name":"Parduotuv\u0117","item":"https:\/\/vinilozona.lt\/parduotuve\/"},{"@type":"ListItem","position":3,"name":"Men Without Hats \u2013 Folk Of The 80&#8217;s (Part III)"}]},{"@type":"WebSite","@id":"https:\/\/vinilozona.lt\/#website","url":"https:\/\/vinilozona.lt\/","name":"Vinilo Zona","description":"Nup\u016bsk dulkes ir klausyk LP","potentialAction":[{"@type":"SearchAction","target":{"@type":"EntryPoint","urlTemplate":"https:\/\/vinilozona.lt\/?s={search_term_string}"},"query-input":{"@type":"PropertyValueSpecification","valueRequired":true,"valueName":"search_term_string"}}],"inLanguage":"en-GB"}]}},"_links":{"self":[{"href":"https:\/\/vinilozona.lt\/en\/wp-json\/wp\/v2\/product\/28937"}],"collection":[{"href":"https:\/\/vinilozona.lt\/en\/wp-json\/wp\/v2\/product"}],"about":[{"href":"https:\/\/vinilozona.lt\/en\/wp-json\/wp\/v2\/types\/product"}],"wp:featuredmedia":[{"embeddable":true,"href":"https:\/\/vinilozona.lt\/en\/wp-json\/wp\/v2\/media\/28940"}],"wp:attachment":[{"href":"https:\/\/vinilozona.lt\/en\/wp-json\/wp\/v2\/media?parent=28937"}],"wp:term":[{"taxonomy":"product_cat","embeddable":true,"href":"https:\/\/vinilozona.lt\/en\/wp-json\/wp\/v2\/product_cat?post=28937"},{"taxonomy":"product_tag","embeddable":true,"href":"https:\/\/vinilozona.lt\/en\/wp-json\/wp\/v2\/product_tag?post=28937"}],"curies":[{"name":"wp","href":"https:\/\/api.w.org\/{rel}","templated":true}]}}