{"id":28910,"date":"2025-08-19T05:08:32","date_gmt":"2025-08-19T02:08:32","guid":{"rendered":"https:\/\/vinilozona.lt\/?post_type=product&#038;p=28910"},"modified":"2025-08-19T07:14:09","modified_gmt":"2025-08-19T04:14:09","slug":"cannonball-adderley-somethin-else","status":"publish","type":"product","link":"https:\/\/vinilozona.lt\/en\/parduotuve\/jazz\/cannonball-adderley-somethin-else\/","title":{"rendered":"Cannonball Adderley \u2013 Somethin&#8217; Else"},"content":{"rendered":"<p>Autumn Leaves\t10:58<br \/>\nLove For Sale\t7:03<br \/>\nSomethin&#8217; Else\t8:12<br \/>\nOne For Daddy-O\t8:21<br \/>\nDancing In The Dark\t4:04<\/p>","protected":false},"excerpt":{"rendered":"<p>Blue Note \u2013 BST-81595, The Blue Note Label Group \u2013 7243 4 95329 1 5<br \/>\nFormat:<br \/>\nVinyl, LP, Album, Reissue, Stereo<br \/>\nCountry:<br \/>\nEurope<br \/>\nReleased:<br \/>\n2008<\/p>","protected":false},"featured_media":28916,"template":"","meta":[],"product_cat":[20],"product_tag":[44],"yoast_head":"<!-- This site is optimized with the Yoast SEO plugin v23.5 - https:\/\/yoast.com\/wordpress\/plugins\/seo\/ -->\n<title>Cannonball Adderley \u2013 Somethin&#039; Else Vinilin\u0117 Plok\u0161tel\u0117 | Vinilozona.lt<\/title>\n<meta name=\"robots\" content=\"index, follow, max-snippet:-1, max-image-preview:large, max-video-preview:-1\" \/>\n<link rel=\"canonical\" href=\"https:\/\/vinilozona.lt\/en\/parduotuve\/jazz\/cannonball-adderley-somethin-else\/\" \/>\n<meta property=\"og:locale\" content=\"en_GB\" \/>\n<meta property=\"og:type\" content=\"article\" \/>\n<meta property=\"og:title\" content=\"Cannonball Adderley \u2013 Somethin&#039; Else Vinilin\u0117 Plok\u0161tel\u0117 | Vinilozona.lt\" \/>\n<meta property=\"og:description\" content=\"Blue Note \u2013 BST-81595, The Blue Note Label Group \u2013 7243 4 95329 1 5 Format: Vinyl, LP, Album, Reissue, Stereo Country: Europe Released: 2008\" \/>\n<meta property=\"og:url\" content=\"https:\/\/vinilozona.lt\/en\/parduotuve\/jazz\/cannonball-adderley-somethin-else\/\" \/>\n<meta property=\"og:site_name\" content=\"Vinilo Zona\" \/>\n<meta property=\"article:modified_time\" content=\"2025-08-19T04:14:09+00:00\" \/>\n<meta property=\"og:image\" content=\"https:\/\/vinilozona.lt\/wp-content\/uploads\/2025\/08\/R-7717121-1478960983-8244.jpg\" \/>\n\t<meta property=\"og:image:width\" content=\"599\" \/>\n\t<meta property=\"og:image:height\" content=\"599\" \/>\n\t<meta property=\"og:image:type\" content=\"image\/jpeg\" \/>\n<meta name=\"twitter:card\" content=\"summary_large_image\" \/>\n<meta name=\"twitter:label1\" content=\"Estimated reading time\" \/>\n\t<meta name=\"twitter:data1\" content=\"1 minute\" \/>\n<script type=\"application\/ld+json\" class=\"yoast-schema-graph\">{\"@context\":\"https:\/\/schema.org\",\"@graph\":[{\"@type\":\"WebPage\",\"@id\":\"https:\/\/vinilozona.lt\/parduotuve\/jazz\/cannonball-adderley-somethin-else\/\",\"url\":\"https:\/\/vinilozona.lt\/parduotuve\/jazz\/cannonball-adderley-somethin-else\/\",\"name\":\"Cannonball Adderley \u2013 Somethin' Else Vinilin\u0117 Plok\u0161tel\u0117 | Vinilozona.lt\",\"isPartOf\":{\"@id\":\"https:\/\/vinilozona.lt\/#website\"},\"primaryImageOfPage\":{\"@id\":\"https:\/\/vinilozona.lt\/parduotuve\/jazz\/cannonball-adderley-somethin-else\/#primaryimage\"},\"image\":{\"@id\":\"https:\/\/vinilozona.lt\/parduotuve\/jazz\/cannonball-adderley-somethin-else\/#primaryimage\"},\"thumbnailUrl\":\"https:\/\/vinilozona.lt\/wp-content\/uploads\/2025\/08\/R-7717121-1478960983-8244.jpg\",\"datePublished\":\"2025-08-19T02:08:32+00:00\",\"dateModified\":\"2025-08-19T04:14:09+00:00\",\"breadcrumb\":{\"@id\":\"https:\/\/vinilozona.lt\/parduotuve\/jazz\/cannonball-adderley-somethin-else\/#breadcrumb\"},\"inLanguage\":\"en-GB\",\"potentialAction\":[{\"@type\":\"ReadAction\",\"target\":[\"https:\/\/vinilozona.lt\/parduotuve\/jazz\/cannonball-adderley-somethin-else\/\"]}]},{\"@type\":\"ImageObject\",\"inLanguage\":\"en-GB\",\"@id\":\"https:\/\/vinilozona.lt\/parduotuve\/jazz\/cannonball-adderley-somethin-else\/#primaryimage\",\"url\":\"https:\/\/vinilozona.lt\/wp-content\/uploads\/2025\/08\/R-7717121-1478960983-8244.jpg\",\"contentUrl\":\"https:\/\/vinilozona.lt\/wp-content\/uploads\/2025\/08\/R-7717121-1478960983-8244.jpg\",\"width\":599,\"height\":599},{\"@type\":\"BreadcrumbList\",\"@id\":\"https:\/\/vinilozona.lt\/parduotuve\/jazz\/cannonball-adderley-somethin-else\/#breadcrumb\",\"itemListElement\":[{\"@type\":\"ListItem\",\"position\":1,\"name\":\"Home\",\"item\":\"https:\/\/vinilozona.lt\/\"},{\"@type\":\"ListItem\",\"position\":2,\"name\":\"Parduotuv\u0117\",\"item\":\"https:\/\/vinilozona.lt\/parduotuve\/\"},{\"@type\":\"ListItem\",\"position\":3,\"name\":\"Cannonball Adderley \u2013 Somethin&#8217; Else\"}]},{\"@type\":\"WebSite\",\"@id\":\"https:\/\/vinilozona.lt\/#website\",\"url\":\"https:\/\/vinilozona.lt\/\",\"name\":\"Vinilo Zona\",\"description\":\"Nup\u016bsk dulkes ir klausyk LP\",\"potentialAction\":[{\"@type\":\"SearchAction\",\"target\":{\"@type\":\"EntryPoint\",\"urlTemplate\":\"https:\/\/vinilozona.lt\/?s={search_term_string}\"},\"query-input\":{\"@type\":\"PropertyValueSpecification\",\"valueRequired\":true,\"valueName\":\"search_term_string\"}}],\"inLanguage\":\"en-GB\"}]}<\/script>\n<!-- \/ Yoast SEO plugin. -->","yoast_head_json":{"title":"Cannonball Adderley \u2013 Somethin' Else Vinilin\u0117 Plok\u0161tel\u0117 | Vinilozona.lt","robots":{"index":"index","follow":"follow","max-snippet":"max-snippet:-1","max-image-preview":"max-image-preview:large","max-video-preview":"max-video-preview:-1"},"canonical":"https:\/\/vinilozona.lt\/en\/parduotuve\/jazz\/cannonball-adderley-somethin-else\/","og_locale":"en_GB","og_type":"article","og_title":"Cannonball Adderley \u2013 Somethin' Else Vinilin\u0117 Plok\u0161tel\u0117 | Vinilozona.lt","og_description":"Blue Note \u2013 BST-81595, The Blue Note Label Group \u2013 7243 4 95329 1 5 Format: Vinyl, LP, Album, Reissue, Stereo Country: Europe Released: 2008","og_url":"https:\/\/vinilozona.lt\/en\/parduotuve\/jazz\/cannonball-adderley-somethin-else\/","og_site_name":"Vinilo Zona","article_modified_time":"2025-08-19T04:14:09+00:00","og_image":[{"width":599,"height":599,"url":"https:\/\/vinilozona.lt\/wp-content\/uploads\/2025\/08\/R-7717121-1478960983-8244.jpg","type":"image\/jpeg"}],"twitter_card":"summary_large_image","twitter_misc":{"Estimated reading time":"1 minute"},"schema":{"@context":"https:\/\/schema.org","@graph":[{"@type":"WebPage","@id":"https:\/\/vinilozona.lt\/parduotuve\/jazz\/cannonball-adderley-somethin-else\/","url":"https:\/\/vinilozona.lt\/parduotuve\/jazz\/cannonball-adderley-somethin-else\/","name":"Cannonball Adderley \u2013 Somethin' Else Vinilin\u0117 Plok\u0161tel\u0117 | Vinilozona.lt","isPartOf":{"@id":"https:\/\/vinilozona.lt\/#website"},"primaryImageOfPage":{"@id":"https:\/\/vinilozona.lt\/parduotuve\/jazz\/cannonball-adderley-somethin-else\/#primaryimage"},"image":{"@id":"https:\/\/vinilozona.lt\/parduotuve\/jazz\/cannonball-adderley-somethin-else\/#primaryimage"},"thumbnailUrl":"https:\/\/vinilozona.lt\/wp-content\/uploads\/2025\/08\/R-7717121-1478960983-8244.jpg","datePublished":"2025-08-19T02:08:32+00:00","dateModified":"2025-08-19T04:14:09+00:00","breadcrumb":{"@id":"https:\/\/vinilozona.lt\/parduotuve\/jazz\/cannonball-adderley-somethin-else\/#breadcrumb"},"inLanguage":"en-GB","potentialAction":[{"@type":"ReadAction","target":["https:\/\/vinilozona.lt\/parduotuve\/jazz\/cannonball-adderley-somethin-else\/"]}]},{"@type":"ImageObject","inLanguage":"en-GB","@id":"https:\/\/vinilozona.lt\/parduotuve\/jazz\/cannonball-adderley-somethin-else\/#primaryimage","url":"https:\/\/vinilozona.lt\/wp-content\/uploads\/2025\/08\/R-7717121-1478960983-8244.jpg","contentUrl":"https:\/\/vinilozona.lt\/wp-content\/uploads\/2025\/08\/R-7717121-1478960983-8244.jpg","width":599,"height":599},{"@type":"BreadcrumbList","@id":"https:\/\/vinilozona.lt\/parduotuve\/jazz\/cannonball-adderley-somethin-else\/#breadcrumb","itemListElement":[{"@type":"ListItem","position":1,"name":"Home","item":"https:\/\/vinilozona.lt\/"},{"@type":"ListItem","position":2,"name":"Parduotuv\u0117","item":"https:\/\/vinilozona.lt\/parduotuve\/"},{"@type":"ListItem","position":3,"name":"Cannonball Adderley \u2013 Somethin&#8217; Else"}]},{"@type":"WebSite","@id":"https:\/\/vinilozona.lt\/#website","url":"https:\/\/vinilozona.lt\/","name":"Vinilo Zona","description":"Nup\u016bsk dulkes ir klausyk LP","potentialAction":[{"@type":"SearchAction","target":{"@type":"EntryPoint","urlTemplate":"https:\/\/vinilozona.lt\/?s={search_term_string}"},"query-input":{"@type":"PropertyValueSpecification","valueRequired":true,"valueName":"search_term_string"}}],"inLanguage":"en-GB"}]}},"_links":{"self":[{"href":"https:\/\/vinilozona.lt\/en\/wp-json\/wp\/v2\/product\/28910"}],"collection":[{"href":"https:\/\/vinilozona.lt\/en\/wp-json\/wp\/v2\/product"}],"about":[{"href":"https:\/\/vinilozona.lt\/en\/wp-json\/wp\/v2\/types\/product"}],"wp:featuredmedia":[{"embeddable":true,"href":"https:\/\/vinilozona.lt\/en\/wp-json\/wp\/v2\/media\/28916"}],"wp:attachment":[{"href":"https:\/\/vinilozona.lt\/en\/wp-json\/wp\/v2\/media?parent=28910"}],"wp:term":[{"taxonomy":"product_cat","embeddable":true,"href":"https:\/\/vinilozona.lt\/en\/wp-json\/wp\/v2\/product_cat?post=28910"},{"taxonomy":"product_tag","embeddable":true,"href":"https:\/\/vinilozona.lt\/en\/wp-json\/wp\/v2\/product_tag?post=28910"}],"curies":[{"name":"wp","href":"https:\/\/api.w.org\/{rel}","templated":true}]}}