{"id":2890,"date":"2023-09-27T05:18:45","date_gmt":"2023-09-27T02:18:45","guid":{"rendered":"https:\/\/vinylhome.lt\/?post_type=product&#038;p=2890"},"modified":"2023-12-24T13:48:33","modified_gmt":"2023-12-24T11:48:33","slug":"herbie-hancock-chick-corea-%e2%80%8e-an-evening-with-herbie-hancock-chick-corea-in-concert","status":"publish","type":"product","link":"https:\/\/vinilozona.lt\/en\/parduotuve\/jazz\/herbie-hancock-chick-corea-%e2%80%8e-an-evening-with-herbie-hancock-chick-corea-in-concert\/","title":{"rendered":"Herbie Hancock &#038; Chick Corea \u200e\u2013 An Evening With Herbie Hancock &#038; Chick Corea In Concert 2LP"},"content":{"rendered":"<p>A1\t\tSomeday My Prince Will Come\t12:36<br \/>\nA2\t\tLiza\t8:59<br \/>\nB\t\tButton Up\t17:33<br \/>\nC\t\tFebruary Moment\t15:43<br \/>\nD1\t\tMaiden Voyage\t13:26<br \/>\nD2\t\tLa Fiesta\t22:00<\/p>","protected":false},"excerpt":{"rendered":"<p>CBS \u2013 CBS 88329<br \/>\nFormat:<br \/>\n2 x Vinyl, LP, Album, Gatefold<br \/>\nCountry:\tEurope<br \/>\nReleased:\t1978<\/p>","protected":false},"featured_media":23001,"template":"","meta":[],"product_cat":[20],"product_tag":[44],"yoast_head":"<!-- This site is optimized with the Yoast SEO plugin v23.5 - https:\/\/yoast.com\/wordpress\/plugins\/seo\/ -->\n<title>Herbie Hancock &amp; Chick Corea \u200e\u2013 An Evening With Herbie Hancock &amp; Chick Corea In Concert 2LP Vinilin\u0117 Plok\u0161tel\u0117 | Vinilozona.lt<\/title>\n<meta name=\"robots\" content=\"index, follow, max-snippet:-1, max-image-preview:large, max-video-preview:-1\" \/>\n<link rel=\"canonical\" href=\"https:\/\/vinilozona.lt\/en\/parduotuve\/jazz\/herbie-hancock-chick-corea-\u200e-an-evening-with-herbie-hancock-chick-corea-in-concert\/\" \/>\n<meta property=\"og:locale\" content=\"en_GB\" \/>\n<meta property=\"og:type\" content=\"article\" \/>\n<meta property=\"og:title\" content=\"Herbie Hancock &amp; Chick Corea \u200e\u2013 An Evening With Herbie Hancock &amp; Chick Corea In Concert 2LP Vinilin\u0117 Plok\u0161tel\u0117 | Vinilozona.lt\" \/>\n<meta property=\"og:description\" content=\"CBS \u2013 CBS 88329 Format:  2 x Vinyl, LP, Album, Gatefold Country: Europe Released: 1978\" \/>\n<meta property=\"og:url\" content=\"https:\/\/vinilozona.lt\/en\/parduotuve\/jazz\/herbie-hancock-chick-corea-\u200e-an-evening-with-herbie-hancock-chick-corea-in-concert\/\" \/>\n<meta property=\"og:site_name\" content=\"Vinilo Zona\" \/>\n<meta property=\"article:modified_time\" content=\"2023-12-24T11:48:33+00:00\" \/>\n<meta property=\"og:image\" content=\"https:\/\/vinilozona.lt\/wp-content\/uploads\/2020\/01\/R-881360-1548608270-4705.jpg\" \/>\n\t<meta property=\"og:image:width\" content=\"599\" \/>\n\t<meta property=\"og:image:height\" content=\"599\" \/>\n\t<meta property=\"og:image:type\" content=\"image\/jpeg\" \/>\n<meta name=\"twitter:card\" content=\"summary_large_image\" \/>\n<script type=\"application\/ld+json\" class=\"yoast-schema-graph\">{\"@context\":\"https:\/\/schema.org\",\"@graph\":[{\"@type\":\"WebPage\",\"@id\":\"https:\/\/vinilozona.lt\/parduotuve\/jazz\/herbie-hancock-chick-corea-%e2%80%8e-an-evening-with-herbie-hancock-chick-corea-in-concert\/\",\"url\":\"https:\/\/vinilozona.lt\/parduotuve\/jazz\/herbie-hancock-chick-corea-%e2%80%8e-an-evening-with-herbie-hancock-chick-corea-in-concert\/\",\"name\":\"Herbie Hancock & Chick Corea \u200e\u2013 An Evening With Herbie Hancock & Chick Corea In Concert 2LP Vinilin\u0117 Plok\u0161tel\u0117 | Vinilozona.lt\",\"isPartOf\":{\"@id\":\"https:\/\/vinilozona.lt\/#website\"},\"primaryImageOfPage\":{\"@id\":\"https:\/\/vinilozona.lt\/parduotuve\/jazz\/herbie-hancock-chick-corea-%e2%80%8e-an-evening-with-herbie-hancock-chick-corea-in-concert\/#primaryimage\"},\"image\":{\"@id\":\"https:\/\/vinilozona.lt\/parduotuve\/jazz\/herbie-hancock-chick-corea-%e2%80%8e-an-evening-with-herbie-hancock-chick-corea-in-concert\/#primaryimage\"},\"thumbnailUrl\":\"https:\/\/vinilozona.lt\/wp-content\/uploads\/2020\/01\/R-881360-1548608270-4705.jpg\",\"datePublished\":\"2023-09-27T02:18:45+00:00\",\"dateModified\":\"2023-12-24T11:48:33+00:00\",\"breadcrumb\":{\"@id\":\"https:\/\/vinilozona.lt\/parduotuve\/jazz\/herbie-hancock-chick-corea-%e2%80%8e-an-evening-with-herbie-hancock-chick-corea-in-concert\/#breadcrumb\"},\"inLanguage\":\"en-GB\",\"potentialAction\":[{\"@type\":\"ReadAction\",\"target\":[\"https:\/\/vinilozona.lt\/parduotuve\/jazz\/herbie-hancock-chick-corea-%e2%80%8e-an-evening-with-herbie-hancock-chick-corea-in-concert\/\"]}]},{\"@type\":\"ImageObject\",\"inLanguage\":\"en-GB\",\"@id\":\"https:\/\/vinilozona.lt\/parduotuve\/jazz\/herbie-hancock-chick-corea-%e2%80%8e-an-evening-with-herbie-hancock-chick-corea-in-concert\/#primaryimage\",\"url\":\"https:\/\/vinilozona.lt\/wp-content\/uploads\/2020\/01\/R-881360-1548608270-4705.jpg\",\"contentUrl\":\"https:\/\/vinilozona.lt\/wp-content\/uploads\/2020\/01\/R-881360-1548608270-4705.jpg\",\"width\":599,\"height\":599},{\"@type\":\"BreadcrumbList\",\"@id\":\"https:\/\/vinilozona.lt\/parduotuve\/jazz\/herbie-hancock-chick-corea-%e2%80%8e-an-evening-with-herbie-hancock-chick-corea-in-concert\/#breadcrumb\",\"itemListElement\":[{\"@type\":\"ListItem\",\"position\":1,\"name\":\"Home\",\"item\":\"https:\/\/vinilozona.lt\/\"},{\"@type\":\"ListItem\",\"position\":2,\"name\":\"Parduotuv\u0117\",\"item\":\"https:\/\/vinilozona.lt\/parduotuve\/\"},{\"@type\":\"ListItem\",\"position\":3,\"name\":\"Herbie Hancock &#038; Chick Corea \u200e\u2013 An Evening With Herbie Hancock &#038; Chick Corea In Concert 2LP\"}]},{\"@type\":\"WebSite\",\"@id\":\"https:\/\/vinilozona.lt\/#website\",\"url\":\"https:\/\/vinilozona.lt\/\",\"name\":\"Vinilo Zona\",\"description\":\"Nup\u016bsk dulkes ir klausyk LP\",\"potentialAction\":[{\"@type\":\"SearchAction\",\"target\":{\"@type\":\"EntryPoint\",\"urlTemplate\":\"https:\/\/vinilozona.lt\/?s={search_term_string}\"},\"query-input\":{\"@type\":\"PropertyValueSpecification\",\"valueRequired\":true,\"valueName\":\"search_term_string\"}}],\"inLanguage\":\"en-GB\"}]}<\/script>\n<!-- \/ Yoast SEO plugin. -->","yoast_head_json":{"title":"Herbie Hancock & Chick Corea \u200e\u2013 An Evening With Herbie Hancock & Chick Corea In Concert 2LP Vinilin\u0117 Plok\u0161tel\u0117 | Vinilozona.lt","robots":{"index":"index","follow":"follow","max-snippet":"max-snippet:-1","max-image-preview":"max-image-preview:large","max-video-preview":"max-video-preview:-1"},"canonical":"https:\/\/vinilozona.lt\/en\/parduotuve\/jazz\/herbie-hancock-chick-corea-\u200e-an-evening-with-herbie-hancock-chick-corea-in-concert\/","og_locale":"en_GB","og_type":"article","og_title":"Herbie Hancock & Chick Corea \u200e\u2013 An Evening With Herbie Hancock & Chick Corea In Concert 2LP Vinilin\u0117 Plok\u0161tel\u0117 | Vinilozona.lt","og_description":"CBS \u2013 CBS 88329 Format:  2 x Vinyl, LP, Album, Gatefold Country: Europe Released: 1978","og_url":"https:\/\/vinilozona.lt\/en\/parduotuve\/jazz\/herbie-hancock-chick-corea-\u200e-an-evening-with-herbie-hancock-chick-corea-in-concert\/","og_site_name":"Vinilo Zona","article_modified_time":"2023-12-24T11:48:33+00:00","og_image":[{"width":599,"height":599,"url":"https:\/\/vinilozona.lt\/wp-content\/uploads\/2020\/01\/R-881360-1548608270-4705.jpg","type":"image\/jpeg"}],"twitter_card":"summary_large_image","schema":{"@context":"https:\/\/schema.org","@graph":[{"@type":"WebPage","@id":"https:\/\/vinilozona.lt\/parduotuve\/jazz\/herbie-hancock-chick-corea-%e2%80%8e-an-evening-with-herbie-hancock-chick-corea-in-concert\/","url":"https:\/\/vinilozona.lt\/parduotuve\/jazz\/herbie-hancock-chick-corea-%e2%80%8e-an-evening-with-herbie-hancock-chick-corea-in-concert\/","name":"Herbie Hancock & Chick Corea \u200e\u2013 An Evening With Herbie Hancock & Chick Corea In Concert 2LP Vinilin\u0117 Plok\u0161tel\u0117 | Vinilozona.lt","isPartOf":{"@id":"https:\/\/vinilozona.lt\/#website"},"primaryImageOfPage":{"@id":"https:\/\/vinilozona.lt\/parduotuve\/jazz\/herbie-hancock-chick-corea-%e2%80%8e-an-evening-with-herbie-hancock-chick-corea-in-concert\/#primaryimage"},"image":{"@id":"https:\/\/vinilozona.lt\/parduotuve\/jazz\/herbie-hancock-chick-corea-%e2%80%8e-an-evening-with-herbie-hancock-chick-corea-in-concert\/#primaryimage"},"thumbnailUrl":"https:\/\/vinilozona.lt\/wp-content\/uploads\/2020\/01\/R-881360-1548608270-4705.jpg","datePublished":"2023-09-27T02:18:45+00:00","dateModified":"2023-12-24T11:48:33+00:00","breadcrumb":{"@id":"https:\/\/vinilozona.lt\/parduotuve\/jazz\/herbie-hancock-chick-corea-%e2%80%8e-an-evening-with-herbie-hancock-chick-corea-in-concert\/#breadcrumb"},"inLanguage":"en-GB","potentialAction":[{"@type":"ReadAction","target":["https:\/\/vinilozona.lt\/parduotuve\/jazz\/herbie-hancock-chick-corea-%e2%80%8e-an-evening-with-herbie-hancock-chick-corea-in-concert\/"]}]},{"@type":"ImageObject","inLanguage":"en-GB","@id":"https:\/\/vinilozona.lt\/parduotuve\/jazz\/herbie-hancock-chick-corea-%e2%80%8e-an-evening-with-herbie-hancock-chick-corea-in-concert\/#primaryimage","url":"https:\/\/vinilozona.lt\/wp-content\/uploads\/2020\/01\/R-881360-1548608270-4705.jpg","contentUrl":"https:\/\/vinilozona.lt\/wp-content\/uploads\/2020\/01\/R-881360-1548608270-4705.jpg","width":599,"height":599},{"@type":"BreadcrumbList","@id":"https:\/\/vinilozona.lt\/parduotuve\/jazz\/herbie-hancock-chick-corea-%e2%80%8e-an-evening-with-herbie-hancock-chick-corea-in-concert\/#breadcrumb","itemListElement":[{"@type":"ListItem","position":1,"name":"Home","item":"https:\/\/vinilozona.lt\/"},{"@type":"ListItem","position":2,"name":"Parduotuv\u0117","item":"https:\/\/vinilozona.lt\/parduotuve\/"},{"@type":"ListItem","position":3,"name":"Herbie Hancock &#038; Chick Corea \u200e\u2013 An Evening With Herbie Hancock &#038; Chick Corea In Concert 2LP"}]},{"@type":"WebSite","@id":"https:\/\/vinilozona.lt\/#website","url":"https:\/\/vinilozona.lt\/","name":"Vinilo Zona","description":"Nup\u016bsk dulkes ir klausyk LP","potentialAction":[{"@type":"SearchAction","target":{"@type":"EntryPoint","urlTemplate":"https:\/\/vinilozona.lt\/?s={search_term_string}"},"query-input":{"@type":"PropertyValueSpecification","valueRequired":true,"valueName":"search_term_string"}}],"inLanguage":"en-GB"}]}},"_links":{"self":[{"href":"https:\/\/vinilozona.lt\/en\/wp-json\/wp\/v2\/product\/2890"}],"collection":[{"href":"https:\/\/vinilozona.lt\/en\/wp-json\/wp\/v2\/product"}],"about":[{"href":"https:\/\/vinilozona.lt\/en\/wp-json\/wp\/v2\/types\/product"}],"wp:featuredmedia":[{"embeddable":true,"href":"https:\/\/vinilozona.lt\/en\/wp-json\/wp\/v2\/media\/23001"}],"wp:attachment":[{"href":"https:\/\/vinilozona.lt\/en\/wp-json\/wp\/v2\/media?parent=2890"}],"wp:term":[{"taxonomy":"product_cat","embeddable":true,"href":"https:\/\/vinilozona.lt\/en\/wp-json\/wp\/v2\/product_cat?post=2890"},{"taxonomy":"product_tag","embeddable":true,"href":"https:\/\/vinilozona.lt\/en\/wp-json\/wp\/v2\/product_tag?post=2890"}],"curies":[{"name":"wp","href":"https:\/\/api.w.org\/{rel}","templated":true}]}}