{"id":28865,"date":"2025-12-22T05:01:42","date_gmt":"2025-12-22T03:01:42","guid":{"rendered":"https:\/\/vinilozona.lt\/?post_type=product&#038;p=28865"},"modified":"2026-03-01T11:47:37","modified_gmt":"2026-03-01T09:47:37","slug":"al-bano-romina-power-the-collection-2lp","status":"publish","type":"product","link":"https:\/\/vinilozona.lt\/en\/parduotuve\/naujos-lp\/al-bano-romina-power-the-collection-2lp\/","title":{"rendered":"Al Bano &#038; Romina Power \u2013 The Collection  2lp"},"content":{"rendered":"<p>A1\t\tFelicit\u00e0  3:13<br \/>\nA2\t\tIt&#8217;s Forever  2:57<br \/>\nA3\t\tTu Soltanto Tu (Mi Hai Fatto Innamorare) 3:39<br \/>\nA4\t\tIo Ti Cerco  3:38<br \/>\nA5\t\tPerch\u00e8  3:55<br \/>\nA6\t\tAngeli 3:25<br \/>\nB1\t\tArrivederci A Bahia  3:02<br \/>\nB2\t\tViaggiando  2:58<br \/>\nB3\t\tU.S America  4:10<br \/>\nB4\t\tQuando Un Amore Se Ne Va  3:22<br \/>\nB5\t\tCi Sar\u00e0  3:30<br \/>\nC1\t\tCanzone Blu  3:25<br \/>\nC2\t\tGrazie  3:30<br \/>\nC3\t\tAnche Tu  3:26<br \/>\nC4\t\tSharazan  4:45<br \/>\nC5\t\tE Se Torner\u00e0  2:55<br \/>\nD1\t\tDialogo  3:07<br \/>\nD2\t\tIl Covo Delle Aquille  4:09<br \/>\nBonus Tracks<br \/>\nD3\t\tQualce Stupido Ti Amo (Somethin&#8217; Stupid)  4:04<br \/>\nD4\t\tCi Sar\u00e0  4:04<br \/>\nD5\t\tSempre Sempre  3:56<br \/>\nD6\t\tFelicit\u00e0  3:51<\/p>","protected":false},"excerpt":{"rendered":"<p>Ariola \u2013 19802925411, Sony Music \u2013 19802925411<br \/>\nSeries: The Collection<br \/>\nFormat:<br \/>\n2 x Vinyl, LP, Compilation, Reissue<br \/>\nCountry:<br \/>\nEurope<br \/>\nReleased:<br \/>\nJul 25, 2025<\/p>","protected":false},"featured_media":28866,"template":"","meta":[],"product_cat":[23],"product_tag":[74],"yoast_head":"<!-- This site is optimized with the Yoast SEO plugin v23.5 - https:\/\/yoast.com\/wordpress\/plugins\/seo\/ -->\n<title>Al Bano &amp; Romina Power \u2013 The Collection 2lp Vinilin\u0117 Plok\u0161tel\u0117 | Vinilozona.lt<\/title>\n<meta name=\"robots\" content=\"index, follow, max-snippet:-1, max-image-preview:large, max-video-preview:-1\" \/>\n<link rel=\"canonical\" href=\"https:\/\/vinilozona.lt\/en\/parduotuve\/naujos-lp\/al-bano-romina-power-the-collection-2lp\/\" \/>\n<meta property=\"og:locale\" content=\"en_GB\" \/>\n<meta property=\"og:type\" content=\"article\" \/>\n<meta property=\"og:title\" content=\"Al Bano &amp; Romina Power \u2013 The Collection 2lp Vinilin\u0117 Plok\u0161tel\u0117 | Vinilozona.lt\" \/>\n<meta property=\"og:description\" content=\"Ariola \u2013 19802925411, Sony Music \u2013 19802925411 Series: The Collection  Format: 2 x Vinyl, LP, Compilation, Reissue Country: Europe Released: Jul 25, 2025\" \/>\n<meta property=\"og:url\" content=\"https:\/\/vinilozona.lt\/en\/parduotuve\/naujos-lp\/al-bano-romina-power-the-collection-2lp\/\" \/>\n<meta property=\"og:site_name\" content=\"Vinilo Zona\" \/>\n<meta property=\"article:modified_time\" content=\"2026-03-01T09:47:37+00:00\" \/>\n<meta property=\"og:image\" content=\"https:\/\/vinilozona.lt\/wp-content\/uploads\/2025\/08\/R-34645768-1753527102-3683.jpg\" \/>\n\t<meta property=\"og:image:width\" content=\"599\" \/>\n\t<meta property=\"og:image:height\" content=\"588\" \/>\n\t<meta property=\"og:image:type\" content=\"image\/jpeg\" \/>\n<meta name=\"twitter:card\" content=\"summary_large_image\" \/>\n<meta name=\"twitter:label1\" content=\"Estimated reading time\" \/>\n\t<meta name=\"twitter:data1\" content=\"1 minute\" \/>\n<script type=\"application\/ld+json\" class=\"yoast-schema-graph\">{\"@context\":\"https:\/\/schema.org\",\"@graph\":[{\"@type\":\"WebPage\",\"@id\":\"https:\/\/vinilozona.lt\/parduotuve\/naujos-lp\/al-bano-romina-power-the-collection-2lp\/\",\"url\":\"https:\/\/vinilozona.lt\/parduotuve\/naujos-lp\/al-bano-romina-power-the-collection-2lp\/\",\"name\":\"Al Bano & Romina Power \u2013 The Collection 2lp Vinilin\u0117 Plok\u0161tel\u0117 | Vinilozona.lt\",\"isPartOf\":{\"@id\":\"https:\/\/vinilozona.lt\/#website\"},\"primaryImageOfPage\":{\"@id\":\"https:\/\/vinilozona.lt\/parduotuve\/naujos-lp\/al-bano-romina-power-the-collection-2lp\/#primaryimage\"},\"image\":{\"@id\":\"https:\/\/vinilozona.lt\/parduotuve\/naujos-lp\/al-bano-romina-power-the-collection-2lp\/#primaryimage\"},\"thumbnailUrl\":\"https:\/\/vinilozona.lt\/wp-content\/uploads\/2025\/08\/R-34645768-1753527102-3683.jpg\",\"datePublished\":\"2025-12-22T03:01:42+00:00\",\"dateModified\":\"2026-03-01T09:47:37+00:00\",\"breadcrumb\":{\"@id\":\"https:\/\/vinilozona.lt\/parduotuve\/naujos-lp\/al-bano-romina-power-the-collection-2lp\/#breadcrumb\"},\"inLanguage\":\"en-GB\",\"potentialAction\":[{\"@type\":\"ReadAction\",\"target\":[\"https:\/\/vinilozona.lt\/parduotuve\/naujos-lp\/al-bano-romina-power-the-collection-2lp\/\"]}]},{\"@type\":\"ImageObject\",\"inLanguage\":\"en-GB\",\"@id\":\"https:\/\/vinilozona.lt\/parduotuve\/naujos-lp\/al-bano-romina-power-the-collection-2lp\/#primaryimage\",\"url\":\"https:\/\/vinilozona.lt\/wp-content\/uploads\/2025\/08\/R-34645768-1753527102-3683.jpg\",\"contentUrl\":\"https:\/\/vinilozona.lt\/wp-content\/uploads\/2025\/08\/R-34645768-1753527102-3683.jpg\",\"width\":599,\"height\":588},{\"@type\":\"BreadcrumbList\",\"@id\":\"https:\/\/vinilozona.lt\/parduotuve\/naujos-lp\/al-bano-romina-power-the-collection-2lp\/#breadcrumb\",\"itemListElement\":[{\"@type\":\"ListItem\",\"position\":1,\"name\":\"Home\",\"item\":\"https:\/\/vinilozona.lt\/\"},{\"@type\":\"ListItem\",\"position\":2,\"name\":\"Parduotuv\u0117\",\"item\":\"https:\/\/vinilozona.lt\/parduotuve\/\"},{\"@type\":\"ListItem\",\"position\":3,\"name\":\"Al Bano &#038; Romina Power \u2013 The Collection 2lp\"}]},{\"@type\":\"WebSite\",\"@id\":\"https:\/\/vinilozona.lt\/#website\",\"url\":\"https:\/\/vinilozona.lt\/\",\"name\":\"Vinilo Zona\",\"description\":\"Nup\u016bsk dulkes ir klausyk LP\",\"potentialAction\":[{\"@type\":\"SearchAction\",\"target\":{\"@type\":\"EntryPoint\",\"urlTemplate\":\"https:\/\/vinilozona.lt\/?s={search_term_string}\"},\"query-input\":{\"@type\":\"PropertyValueSpecification\",\"valueRequired\":true,\"valueName\":\"search_term_string\"}}],\"inLanguage\":\"en-GB\"}]}<\/script>\n<!-- \/ Yoast SEO plugin. -->","yoast_head_json":{"title":"Al Bano & Romina Power \u2013 The Collection 2lp Vinilin\u0117 Plok\u0161tel\u0117 | Vinilozona.lt","robots":{"index":"index","follow":"follow","max-snippet":"max-snippet:-1","max-image-preview":"max-image-preview:large","max-video-preview":"max-video-preview:-1"},"canonical":"https:\/\/vinilozona.lt\/en\/parduotuve\/naujos-lp\/al-bano-romina-power-the-collection-2lp\/","og_locale":"en_GB","og_type":"article","og_title":"Al Bano & Romina Power \u2013 The Collection 2lp Vinilin\u0117 Plok\u0161tel\u0117 | Vinilozona.lt","og_description":"Ariola \u2013 19802925411, Sony Music \u2013 19802925411 Series: The Collection  Format: 2 x Vinyl, LP, Compilation, Reissue Country: Europe Released: Jul 25, 2025","og_url":"https:\/\/vinilozona.lt\/en\/parduotuve\/naujos-lp\/al-bano-romina-power-the-collection-2lp\/","og_site_name":"Vinilo Zona","article_modified_time":"2026-03-01T09:47:37+00:00","og_image":[{"width":599,"height":588,"url":"https:\/\/vinilozona.lt\/wp-content\/uploads\/2025\/08\/R-34645768-1753527102-3683.jpg","type":"image\/jpeg"}],"twitter_card":"summary_large_image","twitter_misc":{"Estimated reading time":"1 minute"},"schema":{"@context":"https:\/\/schema.org","@graph":[{"@type":"WebPage","@id":"https:\/\/vinilozona.lt\/parduotuve\/naujos-lp\/al-bano-romina-power-the-collection-2lp\/","url":"https:\/\/vinilozona.lt\/parduotuve\/naujos-lp\/al-bano-romina-power-the-collection-2lp\/","name":"Al Bano & Romina Power \u2013 The Collection 2lp Vinilin\u0117 Plok\u0161tel\u0117 | Vinilozona.lt","isPartOf":{"@id":"https:\/\/vinilozona.lt\/#website"},"primaryImageOfPage":{"@id":"https:\/\/vinilozona.lt\/parduotuve\/naujos-lp\/al-bano-romina-power-the-collection-2lp\/#primaryimage"},"image":{"@id":"https:\/\/vinilozona.lt\/parduotuve\/naujos-lp\/al-bano-romina-power-the-collection-2lp\/#primaryimage"},"thumbnailUrl":"https:\/\/vinilozona.lt\/wp-content\/uploads\/2025\/08\/R-34645768-1753527102-3683.jpg","datePublished":"2025-12-22T03:01:42+00:00","dateModified":"2026-03-01T09:47:37+00:00","breadcrumb":{"@id":"https:\/\/vinilozona.lt\/parduotuve\/naujos-lp\/al-bano-romina-power-the-collection-2lp\/#breadcrumb"},"inLanguage":"en-GB","potentialAction":[{"@type":"ReadAction","target":["https:\/\/vinilozona.lt\/parduotuve\/naujos-lp\/al-bano-romina-power-the-collection-2lp\/"]}]},{"@type":"ImageObject","inLanguage":"en-GB","@id":"https:\/\/vinilozona.lt\/parduotuve\/naujos-lp\/al-bano-romina-power-the-collection-2lp\/#primaryimage","url":"https:\/\/vinilozona.lt\/wp-content\/uploads\/2025\/08\/R-34645768-1753527102-3683.jpg","contentUrl":"https:\/\/vinilozona.lt\/wp-content\/uploads\/2025\/08\/R-34645768-1753527102-3683.jpg","width":599,"height":588},{"@type":"BreadcrumbList","@id":"https:\/\/vinilozona.lt\/parduotuve\/naujos-lp\/al-bano-romina-power-the-collection-2lp\/#breadcrumb","itemListElement":[{"@type":"ListItem","position":1,"name":"Home","item":"https:\/\/vinilozona.lt\/"},{"@type":"ListItem","position":2,"name":"Parduotuv\u0117","item":"https:\/\/vinilozona.lt\/parduotuve\/"},{"@type":"ListItem","position":3,"name":"Al Bano &#038; Romina Power \u2013 The Collection 2lp"}]},{"@type":"WebSite","@id":"https:\/\/vinilozona.lt\/#website","url":"https:\/\/vinilozona.lt\/","name":"Vinilo Zona","description":"Nup\u016bsk dulkes ir klausyk LP","potentialAction":[{"@type":"SearchAction","target":{"@type":"EntryPoint","urlTemplate":"https:\/\/vinilozona.lt\/?s={search_term_string}"},"query-input":{"@type":"PropertyValueSpecification","valueRequired":true,"valueName":"search_term_string"}}],"inLanguage":"en-GB"}]}},"_links":{"self":[{"href":"https:\/\/vinilozona.lt\/en\/wp-json\/wp\/v2\/product\/28865"}],"collection":[{"href":"https:\/\/vinilozona.lt\/en\/wp-json\/wp\/v2\/product"}],"about":[{"href":"https:\/\/vinilozona.lt\/en\/wp-json\/wp\/v2\/types\/product"}],"wp:featuredmedia":[{"embeddable":true,"href":"https:\/\/vinilozona.lt\/en\/wp-json\/wp\/v2\/media\/28866"}],"wp:attachment":[{"href":"https:\/\/vinilozona.lt\/en\/wp-json\/wp\/v2\/media?parent=28865"}],"wp:term":[{"taxonomy":"product_cat","embeddable":true,"href":"https:\/\/vinilozona.lt\/en\/wp-json\/wp\/v2\/product_cat?post=28865"},{"taxonomy":"product_tag","embeddable":true,"href":"https:\/\/vinilozona.lt\/en\/wp-json\/wp\/v2\/product_tag?post=28865"}],"curies":[{"name":"wp","href":"https:\/\/api.w.org\/{rel}","templated":true}]}}